{"id":29185,"date":"2024-08-08T16:09:46","date_gmt":"2024-08-08T14:09:46","guid":{"rendered":"https:\/\/www.ayes.cz\/?page_id=29185"},"modified":"2024-10-02T09:13:06","modified_gmt":"2024-10-02T07:13:06","slug":"videoscope-inspectron","status":"publish","type":"page","link":"https:\/\/www.ayes.cz\/en\/products\/videoscope-inspectron\/","title":{"rendered":"Videoscope Inspectron"},"content":{"rendered":"<section class=\"l-section wpb_row us_custom_26a24a5c almost-full-width product-with-moving-background height_custom\"><div class=\"l-section-h i-cf\"><div class=\"g-cols vc_row via_flex valign_top type_default stacking_default\"><div class=\"vc_col-sm-12 wpb_column vc_column_container\"><div class=\"vc_column-inner\"><div class=\"wpb_wrapper\"><div class=\"w-separator size_medium\"><\/div><h1 class=\"w-post-elm post_title entry-title color_link_inherit\">Videoscope Inspectron<\/h1><div class=\"w-separator size_huge\"><\/div><div class=\"g-cols wpb_row us_custom_f2eec366 via_flex valign_middle type_default stacking_default\"><div class=\"vc_col-sm-12 wpb_column vc_column_container\"><div class=\"vc_column-inner\"><div class=\"wpb_wrapper\"><div class=\"w-image us_custom_925e745f product align_center\"><div class=\"w-image-h\"><img decoding=\"async\" width=\"800\" height=\"441\" src=\"https:\/\/www.ayes.cz\/wp-content\/uploads\/2024\/08\/videoskop-inspectron-products-3.png\" class=\"attachment-full size-full\" alt=\"\" loading=\"lazy\" srcset=\"https:\/\/www.ayes.cz\/wp-content\/uploads\/2024\/08\/videoskop-inspectron-products-3.png 800w, https:\/\/www.ayes.cz\/wp-content\/uploads\/2024\/08\/videoskop-inspectron-products-3-300x165.png 300w, https:\/\/www.ayes.cz\/wp-content\/uploads\/2024\/08\/videoskop-inspectron-products-3-600x331.png 600w\" sizes=\"auto, (max-width: 800px) 100vw, 800px\" \/><\/div><\/div><\/div><\/div><\/div><\/div><div class=\"w-separator size_medium\"><\/div><div class=\"w-btn-wrapper align_center\"><a class=\"w-btn us-btn-style_3 Popup-poptavka-wrapper spu-open-3429\" href=\".\/\"><span class=\"w-btn-label\">Enquire Now<\/span><\/a><\/div><\/div><\/div><\/div><\/div><\/div><\/section><section class=\"l-section wpb_row height_auto\"><div class=\"l-section-h i-cf\"><div class=\"g-cols vc_row via_flex valign_top type_default stacking_default\"><div class=\"vc_col-sm-12 wpb_column vc_column_container\"><div class=\"vc_column-inner\"><div class=\"wpb_wrapper\"><\/div><\/div><\/div><\/div><\/div><\/section><section class=\"l-section wpb_row tabs height_custom\"><div class=\"l-section-h i-cf\"><div class=\"g-cols vc_row via_flex valign_top type_default stacking_default\"><div class=\"vc_col-sm-12 wpb_column vc_column_container\"><div class=\"vc_column-inner us_custom_503f27e6\"><div class=\"wpb_wrapper\"><div class=\"w-tabs layout_hor style_default switch_click has_scrolling\" style=\"--sections-title-size:1em\"><div class=\"w-tabs-list items_1 align_none\"><div class=\"w-tabs-list-h\"><button class=\"w-tabs-item active\" aria-controls=\"content-z18b\" aria-expanded=\"false\"><span class=\"w-tabs-item-title\">Detail<\/span><\/button><\/div><\/div><div class=\"w-tabs-sections titles-align_none icon_chevron cpos_right\"><div class=\"w-tabs-section active\" id=\"z18b\"><button class=\"w-tabs-section-header active\" aria-controls=\"content-z18b\" aria-expanded=\"true\"><div class=\"w-tabs-section-title\">Detail<\/div><div class=\"w-tabs-section-control\"><\/div><\/button><div  class=\"w-tabs-section-content\" id=\"content-z18b\"><div class=\"w-tabs-section-content-h i-cf\"><div class=\"wpb_text_column\"><div class=\"wpb_wrapper\"><p>Inspectron are the market leaders and largest supplier of<strong> premium industrial videoscopes<\/strong> and imaging inspection systems across the globe, with over 1 million devices sold worldwide. They\u2019re renowned for their durability, industrial grade strength and high definition cameras, allowing their users to identify tiny details like scratches, de-colourization and fuel leaks during their inspections.<\/p>\n<\/div><\/div><div class=\"w-separator size_medium\"><\/div><div class=\"g-cols wpb_row us_custom_d55a3cca via_flex valign_top type_default stacking_default\"><div class=\"vc_col-sm-6 vc_col-md-3 wpb_column vc_column_container\"><div class=\"vc_column-inner\"><div class=\"wpb_wrapper\"><div class=\"w-image us_custom_3a10aaff has_height align_center\"><div class=\"w-image-h\"><img decoding=\"async\" width=\"311\" height=\"248\" src=\"https:\/\/www.ayes.cz\/wp-content\/uploads\/2022\/11\/palec-e1673009461408.png\" class=\"attachment-full size-full\" alt=\"\" loading=\"lazy\" \/><\/div><\/div><div class=\"w-separator size_small\"><\/div><div class=\"wpb_text_column\"><div class=\"wpb_wrapper\"><h3 style=\"text-align: center;\"><span class=\"TextRun SCXW188128257 BCX0\" lang=\"EN-GB\" xml:lang=\"EN-GB\" data-contrast=\"auto\"><span class=\"NormalTextRun SCXW188128257 BCX0\">Pairing with smart glasses<\/span><\/span><span class=\"EOP SCXW188128257 BCX0\" data-ccp-props=\"{&quot;201341983&quot;:0,&quot;335559739&quot;:0,&quot;335559740&quot;:278}\">\u00a0<\/span><\/h3>\n<p style=\"text-align: center;\"><span class=\"TextRun SCXW135227920 BCX0\" lang=\"EN-GB\" xml:lang=\"EN-GB\" data-contrast=\"auto\"><span class=\"NormalTextRun ContextualSpellingAndGrammarErrorV2Themed SCXW135227920 BCX0\">Pairing <\/span><span class=\"NormalTextRun ContextualSpellingAndGrammarErrorV2Themed SCXW135227920 BCX0\">smart<\/span><span class=\"NormalTextRun SCXW135227920 BCX0\"> glasses<\/span><span class=\"NormalTextRun SCXW135227920 BCX0\"> and <\/span><span class=\"NormalTextRun SpellingErrorV2Themed SCXW135227920 BCX0\">Inspectron<\/span><span class=\"NormalTextRun SCXW135227920 BCX0\"> devices allows your workforce to carry out tasks like diagnostic inspections and combustion chamber inspections quicker and more accurately than before.<\/span><\/span><span class=\"EOP SCXW135227920 BCX0\" data-ccp-props=\"{&quot;201341983&quot;:0,&quot;335559739&quot;:0,&quot;335559740&quot;:278}\">\u00a0<\/span><\/p>\n<\/div><\/div><\/div><\/div><\/div><div class=\"vc_col-sm-6 vc_col-md-3 wpb_column vc_column_container\"><div class=\"vc_column-inner\"><div class=\"wpb_wrapper\"><div class=\"w-image us_custom_e7b2220f has_height has_ratio align_center\"><div class=\"w-image-h\"><div style=\"padding-bottom:100%\"><\/div><img decoding=\"async\" width=\"247\" height=\"226\" src=\"https:\/\/www.ayes.cz\/wp-content\/uploads\/2022\/11\/graf.png\" class=\"attachment-full size-full\" alt=\"\" loading=\"lazy\" \/><\/div><\/div><div class=\"w-separator size_small\"><\/div><div class=\"wpb_text_column\"><div class=\"wpb_wrapper\"><h3 style=\"text-align: center;\">Integration with OneDrive and PowerApps<\/h3>\n<p style=\"text-align: center;\">Documented inspections using photos or videos can be automatically synchronized with the company&#8217;s OneDrive account for faster creation of reports or subsequent work.<\/p>\n<\/div><\/div><\/div><\/div><\/div><div class=\"vc_col-sm-6 vc_col-md-3 wpb_column vc_column_container\"><div class=\"vc_column-inner\"><div class=\"wpb_wrapper\"><div class=\"w-image us_custom_3a10aaff has_height has_ratio align_center\"><div class=\"w-image-h\"><div style=\"padding-bottom:100%\"><\/div><img decoding=\"async\" width=\"261\" height=\"213\" src=\"https:\/\/www.ayes.cz\/wp-content\/uploads\/2022\/11\/puzzle.png\" class=\"attachment-full size-full\" alt=\"\" loading=\"lazy\" \/><\/div><\/div><div class=\"w-separator size_small\"><\/div><div class=\"wpb_text_column\"><div class=\"wpb_wrapper\"><h3 style=\"text-align: center;\">Imager durability and interchangeability<\/h3>\n<p style=\"text-align: center;\">Adapt the changeable sensors to the task being performed, which withstand hot temperatures thanks to their rugged design.<\/p>\n<\/div><\/div><\/div><\/div><\/div><div class=\"vc_col-sm-6 vc_col-md-3 wpb_column vc_column_container\"><div class=\"vc_column-inner\"><div class=\"wpb_wrapper\"><div class=\"w-image us_custom_e7b2220f has_height has_ratio align_center\"><div class=\"w-image-h\"><div style=\"padding-bottom:100%\"><\/div><img decoding=\"async\" width=\"252\" height=\"224\" src=\"https:\/\/www.ayes.cz\/wp-content\/uploads\/2022\/11\/settings.png\" class=\"attachment-full size-full\" alt=\"\" loading=\"lazy\" \/><\/div><\/div><div class=\"w-separator size_small\"><\/div><div class=\"wpb_text_column\"><div class=\"wpb_wrapper\"><h3 style=\"text-align: center;\">Functionality and high image quality<\/h3>\n<p style=\"text-align: center;\">The products have a Full HD image (WiTorch) and an HD image (WiScope) from a camera with automatic focus and a range of necessary functions for obtaining a detailed view during inspections.<\/p>\n<\/div><\/div><\/div><\/div><\/div><\/div><div class=\"w-separator size_medium\"><\/div><div class=\"g-cols wpb_row via_flex valign_top type_default stacking_default\"><div class=\"vc_col-sm-12 wpb_column vc_column_container\"><div class=\"vc_column-inner\"><div class=\"wpb_wrapper\"><div class=\"w-actionbox color_primary controls_right\" id=\"Handsfree inspekce\"><div class=\"w-actionbox-text\"><h2 class=\"w-actionbox-title\">Do you want to increase the safety and efficiency of inspections?<\/h2><div class=\"w-actionbox-description\"><p>Learn how voice-controlled inspections with thermal imaging cameras and videoscopes are changing industry standards.<\/p>\n<\/div><\/div><div class=\"w-actionbox-controls\"><a class=\"w-btn us-btn-style_4\" href=\"https:\/\/www.ayes.cz\/en\/news-and-events\/hands-free-inspections-voice-controlled-inspections-with-thermal-camera-and-videoscopes\/\"><span class=\"w-btn-label\">Read the article<\/span><\/a><\/div><\/div><\/div><\/div><\/div><\/div><div class=\"w-separator size_medium\"><\/div><div class=\"g-cols wpb_row via_flex valign_top type_default stacking_default\"><div class=\"vc_col-sm-12 wpb_column vc_column_container\"><div class=\"vc_column-inner\"><div class=\"wpb_wrapper\"><h2 class=\"w-text\"><span class=\"w-text-h\"><span class=\"w-text-value\">Solutions of Videoscope Inspectron<\/span><\/span><\/h2><div class=\"w-separator size_custom\" style=\"height:1rem\"><\/div><\/div><\/div><\/div><\/div><div class=\"g-cols wpb_row via_flex valign_middle type_default stacking_default\"><div class=\"vc_col-sm-6 wpb_column vc_column_container\"><div class=\"vc_column-inner\"><div class=\"wpb_wrapper\"><div class=\"w-image hide_on_mobiles has_ratio align_none\"><div class=\"w-image-h\"><div style=\"padding-bottom:56.25%\"><\/div><img decoding=\"async\" width=\"1024\" height=\"345\" src=\"https:\/\/www.ayes.cz\/wp-content\/uploads\/2024\/08\/header-wiscope-1920x640-1-1024x345.jpg\" class=\"attachment-large size-large\" alt=\"\" loading=\"lazy\" \/><\/div><\/div><\/div><\/div><\/div><div class=\"vc_col-sm-6 wpb_column vc_column_container\"><div class=\"vc_column-inner\"><div class=\"wpb_wrapper\"><div class=\"w-vwrapper us_custom_c8a6dcc3 align_none valign_bottom\"><div class=\"wpb_text_column\"><div class=\"wpb_wrapper\"><h3><a href=\"https:\/\/www.ayes.cz\/hands-free-inspections\/\">Hands-free inspections <\/a><\/h3>\n<\/div><\/div><div class=\"w-text icon_atleft\"><span class=\"w-text-h\"><i class=\"far fa-chevron-right\"><\/i><span class=\"w-text-value\">Handsfree inspection &#8211; hands free for work<\/span><\/span><\/div><div class=\"w-text icon_atleft\"><span class=\"w-text-h\"><i class=\"far fa-chevron-right\"><\/i><span class=\"w-text-value\">Multiple product connectivity options &#8211; thermal camera, endoscope, HD flashlight<\/span><\/span><\/div><div class=\"w-text icon_atleft\"><span class=\"w-text-h\"><i class=\"far fa-chevron-right\"><\/i><span class=\"w-text-value\">Can also be used with a tablet<\/span><\/span><\/div><div class=\"w-text icon_atleft\"><span class=\"w-text-h\"><i class=\"far fa-chevron-right\"><\/i><span class=\"w-text-value\">Industrial resistant devices<\/span><\/span><\/div><div class=\"w-text icon_atleft\"><span class=\"w-text-h\"><i class=\"far fa-chevron-right\"><\/i><span class=\"w-text-value\">Suitable for various industries &#8211; manufacturing, oil and gas, automotive, healthcare, etc&#8230;<\/span><\/span><\/div><div class=\"w-text icon_atleft\"><span class=\"w-text-h\"><i class=\"far fa-chevron-right\"><\/i><span class=\"w-text-value\">Automation of inspection data process (transfer to OneDrive, database, &#8230;)<\/span><\/span><\/div><div class=\"w-text icon_atleft\"><span class=\"w-text-h\"><i class=\"far fa-chevron-right\"><\/i><span class=\"w-text-value\">Possibility of integration with other systems in the company<\/span><\/span><\/div><div class=\"w-separator size_small\"><\/div><div class=\"w-btn-wrapper align_none\"><a class=\"w-btn us-btn-style_3\" href=\"https:\/\/www.ayes.cz\/en\/hands-free-inspections\/\"><span class=\"w-btn-label\">More info<\/span><\/a><\/div><\/div><\/div><\/div><\/div><\/div><\/div><\/div><\/div><\/div><\/div><div class=\"w-separator size_medium\"><\/div><\/div><\/div><\/div><\/div><\/div><\/section>\n","protected":false},"excerpt":{"rendered":"Videoscope InspectronEnquire NowDetailDetailInspectron are the market leaders and largest supplier of premium industrial videoscopes and imaging inspection systems across the globe, with over 1 million devices sold worldwide. They\u2019re renowned for their durability, industrial grade strength and high definition cameras, allowing their users to identify tiny details like scratches, de-colourization and fuel leaks during their...","protected":false},"author":2,"featured_media":29541,"parent":3527,"menu_order":0,"comment_status":"closed","ping_status":"closed","template":"","meta":{"_acf_changed":false,"footnotes":""},"class_list":["post-29185","page","type-page","status-publish","has-post-thumbnail","hentry"],"acf":[],"yoast_head":"<!-- This site is optimized with the Yoast SEO plugin v24.9 - https:\/\/yoast.com\/wordpress\/plugins\/seo\/ -->\n<title>Videoscope Inspectron | AYES<\/title>\n<meta name=\"description\" content=\"Identifying small details such as scratches, discolouration and fuel leaks. It has many advantages and is suitable for a variety of industries.\" \/>\n<meta name=\"robots\" content=\"index, follow, max-snippet:-1, max-image-preview:large, max-video-preview:-1\" \/>\n<link rel=\"canonical\" href=\"https:\/\/www.ayes.cz\/en\/products\/videoscope-inspectron\/\" \/>\n<meta property=\"og:locale\" content=\"en_US\" \/>\n<meta property=\"og:type\" content=\"article\" \/>\n<meta property=\"og:title\" content=\"Videoscope Inspectron | AYES\" \/>\n<meta property=\"og:description\" content=\"Identifying small details such as scratches, discolouration and fuel leaks. It has many advantages and is suitable for a variety of industries.\" \/>\n<meta property=\"og:url\" content=\"https:\/\/www.ayes.cz\/en\/products\/videoscope-inspectron\/\" \/>\n<meta property=\"og:site_name\" content=\"AYES\" \/>\n<meta property=\"article:publisher\" content=\"https:\/\/www.facebook.com\/AYEStechnology\/\" \/>\n<meta property=\"article:modified_time\" content=\"2024-10-02T07:13:06+00:00\" \/>\n<meta property=\"og:image\" content=\"https:\/\/www.ayes.cz\/wp-content\/uploads\/2024\/08\/handsfree-inspekce-01.png\" \/>\n\t<meta property=\"og:image:width\" content=\"900\" \/>\n\t<meta property=\"og:image:height\" content=\"425\" \/>\n\t<meta property=\"og:image:type\" content=\"image\/png\" \/>\n<meta name=\"twitter:card\" content=\"summary_large_image\" \/>\n<meta name=\"twitter:image\" content=\"https:\/\/www.ayes.cz\/wp-content\/uploads\/2024\/08\/handsfree-inspekce-01.png\" \/>\n<meta name=\"twitter:label1\" content=\"Est. reading time\" \/>\n\t<meta name=\"twitter:data1\" content=\"3 minutes\" \/>\n<script type=\"application\/ld+json\" class=\"yoast-schema-graph\">{\"@context\":\"https:\/\/schema.org\",\"@graph\":[{\"@type\":\"WebPage\",\"@id\":\"https:\/\/www.ayes.cz\/en\/products\/videoscope-inspectron\/\",\"url\":\"https:\/\/www.ayes.cz\/en\/products\/videoscope-inspectron\/\",\"name\":\"Videoscope Inspectron | AYES\",\"isPartOf\":{\"@id\":\"https:\/\/www.ayes.cz\/en\/#website\"},\"primaryImageOfPage\":{\"@id\":\"https:\/\/www.ayes.cz\/en\/products\/videoscope-inspectron\/#primaryimage\"},\"image\":{\"@id\":\"https:\/\/www.ayes.cz\/en\/products\/videoscope-inspectron\/#primaryimage\"},\"thumbnailUrl\":\"https:\/\/www.ayes.cz\/wp-content\/uploads\/2024\/08\/videoskop-inspectron-products-4.png\",\"datePublished\":\"2024-08-08T14:09:46+00:00\",\"dateModified\":\"2024-10-02T07:13:06+00:00\",\"description\":\"Identifying small details such as scratches, discolouration and fuel leaks. It has many advantages and is suitable for a variety of industries.\",\"breadcrumb\":{\"@id\":\"https:\/\/www.ayes.cz\/en\/products\/videoscope-inspectron\/#breadcrumb\"},\"inLanguage\":\"en-US\",\"potentialAction\":[{\"@type\":\"ReadAction\",\"target\":[\"https:\/\/www.ayes.cz\/en\/products\/videoscope-inspectron\/\"]}]},{\"@type\":\"ImageObject\",\"inLanguage\":\"en-US\",\"@id\":\"https:\/\/www.ayes.cz\/en\/products\/videoscope-inspectron\/#primaryimage\",\"url\":\"https:\/\/www.ayes.cz\/wp-content\/uploads\/2024\/08\/videoskop-inspectron-products-4.png\",\"contentUrl\":\"https:\/\/www.ayes.cz\/wp-content\/uploads\/2024\/08\/videoskop-inspectron-products-4.png\",\"width\":800,\"height\":441},{\"@type\":\"BreadcrumbList\",\"@id\":\"https:\/\/www.ayes.cz\/en\/products\/videoscope-inspectron\/#breadcrumb\",\"itemListElement\":[{\"@type\":\"ListItem\",\"position\":1,\"name\":\"Home\",\"item\":\"https:\/\/www.ayes.cz\/en\/\"},{\"@type\":\"ListItem\",\"position\":2,\"name\":\"Products\",\"item\":\"https:\/\/www.ayes.cz\/en\/products\/\"},{\"@type\":\"ListItem\",\"position\":3,\"name\":\"Videoscope Inspectron\"}]},{\"@type\":\"WebSite\",\"@id\":\"https:\/\/www.ayes.cz\/en\/#website\",\"url\":\"https:\/\/www.ayes.cz\/en\/\",\"name\":\"AYES\",\"description\":\"Dal\u0161\u00ed web pou\u017e\u00edvaj\u00edc\u00ed WordPress\",\"publisher\":{\"@id\":\"https:\/\/www.ayes.cz\/en\/#organization\"},\"potentialAction\":[{\"@type\":\"SearchAction\",\"target\":{\"@type\":\"EntryPoint\",\"urlTemplate\":\"https:\/\/www.ayes.cz\/en\/?s={search_term_string}\"},\"query-input\":{\"@type\":\"PropertyValueSpecification\",\"valueRequired\":true,\"valueName\":\"search_term_string\"}}],\"inLanguage\":\"en-US\"},{\"@type\":\"Organization\",\"@id\":\"https:\/\/www.ayes.cz\/en\/#organization\",\"name\":\"AYES s.r.o.\",\"url\":\"https:\/\/www.ayes.cz\/en\/\",\"logo\":{\"@type\":\"ImageObject\",\"inLanguage\":\"en-US\",\"@id\":\"https:\/\/www.ayes.cz\/en\/#\/schema\/logo\/image\/\",\"url\":\"https:\/\/www.ayes.cz\/wp-content\/uploads\/2022\/10\/ayes_logo_bez_pozadi__1_-1.png\",\"contentUrl\":\"https:\/\/www.ayes.cz\/wp-content\/uploads\/2022\/10\/ayes_logo_bez_pozadi__1_-1.png\",\"width\":1148,\"height\":360,\"caption\":\"AYES s.r.o.\"},\"image\":{\"@id\":\"https:\/\/www.ayes.cz\/en\/#\/schema\/logo\/image\/\"},\"sameAs\":[\"https:\/\/www.facebook.com\/AYEStechnology\/\",\"https:\/\/www.linkedin.com\/company\/ayes3\/\"]}]}<\/script>\n<!-- \/ Yoast SEO plugin. -->","yoast_head_json":{"title":"Videoscope Inspectron | AYES","description":"Identifying small details such as scratches, discolouration and fuel leaks. It has many advantages and is suitable for a variety of industries.","robots":{"index":"index","follow":"follow","max-snippet":"max-snippet:-1","max-image-preview":"max-image-preview:large","max-video-preview":"max-video-preview:-1"},"canonical":"https:\/\/www.ayes.cz\/en\/products\/videoscope-inspectron\/","og_locale":"en_US","og_type":"article","og_title":"Videoscope Inspectron | AYES","og_description":"Identifying small details such as scratches, discolouration and fuel leaks. It has many advantages and is suitable for a variety of industries.","og_url":"https:\/\/www.ayes.cz\/en\/products\/videoscope-inspectron\/","og_site_name":"AYES","article_publisher":"https:\/\/www.facebook.com\/AYEStechnology\/","article_modified_time":"2024-10-02T07:13:06+00:00","og_image":[{"width":900,"height":425,"url":"https:\/\/www.ayes.cz\/wp-content\/uploads\/2024\/08\/handsfree-inspekce-01.png","type":"image\/png"}],"twitter_card":"summary_large_image","twitter_image":"https:\/\/www.ayes.cz\/wp-content\/uploads\/2024\/08\/handsfree-inspekce-01.png","twitter_misc":{"Est. reading time":"3 minutes"},"schema":{"@context":"https:\/\/schema.org","@graph":[{"@type":"WebPage","@id":"https:\/\/www.ayes.cz\/en\/products\/videoscope-inspectron\/","url":"https:\/\/www.ayes.cz\/en\/products\/videoscope-inspectron\/","name":"Videoscope Inspectron | AYES","isPartOf":{"@id":"https:\/\/www.ayes.cz\/en\/#website"},"primaryImageOfPage":{"@id":"https:\/\/www.ayes.cz\/en\/products\/videoscope-inspectron\/#primaryimage"},"image":{"@id":"https:\/\/www.ayes.cz\/en\/products\/videoscope-inspectron\/#primaryimage"},"thumbnailUrl":"https:\/\/www.ayes.cz\/wp-content\/uploads\/2024\/08\/videoskop-inspectron-products-4.png","datePublished":"2024-08-08T14:09:46+00:00","dateModified":"2024-10-02T07:13:06+00:00","description":"Identifying small details such as scratches, discolouration and fuel leaks. It has many advantages and is suitable for a variety of industries.","breadcrumb":{"@id":"https:\/\/www.ayes.cz\/en\/products\/videoscope-inspectron\/#breadcrumb"},"inLanguage":"en-US","potentialAction":[{"@type":"ReadAction","target":["https:\/\/www.ayes.cz\/en\/products\/videoscope-inspectron\/"]}]},{"@type":"ImageObject","inLanguage":"en-US","@id":"https:\/\/www.ayes.cz\/en\/products\/videoscope-inspectron\/#primaryimage","url":"https:\/\/www.ayes.cz\/wp-content\/uploads\/2024\/08\/videoskop-inspectron-products-4.png","contentUrl":"https:\/\/www.ayes.cz\/wp-content\/uploads\/2024\/08\/videoskop-inspectron-products-4.png","width":800,"height":441},{"@type":"BreadcrumbList","@id":"https:\/\/www.ayes.cz\/en\/products\/videoscope-inspectron\/#breadcrumb","itemListElement":[{"@type":"ListItem","position":1,"name":"Home","item":"https:\/\/www.ayes.cz\/en\/"},{"@type":"ListItem","position":2,"name":"Products","item":"https:\/\/www.ayes.cz\/en\/products\/"},{"@type":"ListItem","position":3,"name":"Videoscope Inspectron"}]},{"@type":"WebSite","@id":"https:\/\/www.ayes.cz\/en\/#website","url":"https:\/\/www.ayes.cz\/en\/","name":"AYES","description":"Dal\u0161\u00ed web pou\u017e\u00edvaj\u00edc\u00ed WordPress","publisher":{"@id":"https:\/\/www.ayes.cz\/en\/#organization"},"potentialAction":[{"@type":"SearchAction","target":{"@type":"EntryPoint","urlTemplate":"https:\/\/www.ayes.cz\/en\/?s={search_term_string}"},"query-input":{"@type":"PropertyValueSpecification","valueRequired":true,"valueName":"search_term_string"}}],"inLanguage":"en-US"},{"@type":"Organization","@id":"https:\/\/www.ayes.cz\/en\/#organization","name":"AYES s.r.o.","url":"https:\/\/www.ayes.cz\/en\/","logo":{"@type":"ImageObject","inLanguage":"en-US","@id":"https:\/\/www.ayes.cz\/en\/#\/schema\/logo\/image\/","url":"https:\/\/www.ayes.cz\/wp-content\/uploads\/2022\/10\/ayes_logo_bez_pozadi__1_-1.png","contentUrl":"https:\/\/www.ayes.cz\/wp-content\/uploads\/2022\/10\/ayes_logo_bez_pozadi__1_-1.png","width":1148,"height":360,"caption":"AYES s.r.o."},"image":{"@id":"https:\/\/www.ayes.cz\/en\/#\/schema\/logo\/image\/"},"sameAs":["https:\/\/www.facebook.com\/AYEStechnology\/","https:\/\/www.linkedin.com\/company\/ayes3\/"]}]}},"_links":{"self":[{"href":"https:\/\/www.ayes.cz\/en\/wp-json\/wp\/v2\/pages\/29185","targetHints":{"allow":["GET"]}}],"collection":[{"href":"https:\/\/www.ayes.cz\/en\/wp-json\/wp\/v2\/pages"}],"about":[{"href":"https:\/\/www.ayes.cz\/en\/wp-json\/wp\/v2\/types\/page"}],"author":[{"embeddable":true,"href":"https:\/\/www.ayes.cz\/en\/wp-json\/wp\/v2\/users\/2"}],"replies":[{"embeddable":true,"href":"https:\/\/www.ayes.cz\/en\/wp-json\/wp\/v2\/comments?post=29185"}],"version-history":[{"count":15,"href":"https:\/\/www.ayes.cz\/en\/wp-json\/wp\/v2\/pages\/29185\/revisions"}],"predecessor-version":[{"id":32721,"href":"https:\/\/www.ayes.cz\/en\/wp-json\/wp\/v2\/pages\/29185\/revisions\/32721"}],"up":[{"embeddable":true,"href":"https:\/\/www.ayes.cz\/en\/wp-json\/wp\/v2\/pages\/3527"}],"wp:featuredmedia":[{"embeddable":true,"href":"https:\/\/www.ayes.cz\/en\/wp-json\/wp\/v2\/media\/29541"}],"wp:attachment":[{"href":"https:\/\/www.ayes.cz\/en\/wp-json\/wp\/v2\/media?parent=29185"}],"curies":[{"name":"wp","href":"https:\/\/api.w.org\/{rel}","templated":true}]}}