{"id":3595,"date":"2023-01-04T14:09:06","date_gmt":"2023-01-04T13:09:06","guid":{"rendered":"https:\/\/www.ayes.cz\/products\/bryle-pro-virtualni-realitu\/"},"modified":"2024-10-15T10:52:51","modified_gmt":"2024-10-15T08:52:51","slug":"smart-glasses-for-virtual-reality","status":"publish","type":"page","link":"https:\/\/www.ayes.cz\/en\/products\/smart-glasses-for-virtual-reality\/","title":{"rendered":"Smart Glasses for Virtual Reality"},"content":{"rendered":"<section class=\"l-section wpb_row height_custom\"><div class=\"l-section-h i-cf\"><div class=\"g-cols vc_row via_flex valign_top type_default stacking_default\"><div class=\"vc_col-sm-12 wpb_column vc_column_container\"><div class=\"vc_column-inner\"><div class=\"wpb_wrapper\"><h1 class=\"w-text us_custom_eb849559\"><span class=\"w-text-h\"><span class=\"w-text-value\">Smart Glasses for Virtual Reality<\/span><\/span><\/h1><div class=\"wpb_text_column\"><div class=\"wpb_wrapper\"><p style=\"text-align: center;\"><span class=\"TextRun SCXW232675911 BCX0\" lang=\"EN-GB\" xml:lang=\"EN-GB\" data-contrast=\"auto\"><span class=\"NormalTextRun SCXW232675911 BCX0\">When choosing smart glasses, <\/span><span class=\"NormalTextRun SCXW232675911 BCX0\">it&#8217;s<\/span><span class=\"NormalTextRun SCXW232675911 BCX0\"> important to consider what purpose the device will serve. To make the glasses usable in industrial conditions, therefore, look at other parameters such as resistance to noise, <\/span><span class=\"NormalTextRun SCXW232675911 BCX0\">dust<\/span><span class=\"NormalTextRun SCXW232675911 BCX0\"> or temperature changes, as well as comfort for wearing them throughout the shift. This is because wearing comfort affects the acceptance of the technology and the final success of its deployment.<\/span><\/span><span class=\"EOP SCXW232675911 BCX0\" data-ccp-props=\"{&quot;201341983&quot;:0,&quot;335559739&quot;:160,&quot;335559740&quot;:259}\">\u00a0<\/span><\/p>\n<\/div><\/div><\/div><\/div><\/div><\/div><\/div><\/section><section class=\"l-section wpb_row us_custom_eeb3f56b height_custom\" id=\"vive-xr-elite\"><div class=\"l-section-h i-cf\"><div class=\"g-cols vc_row via_flex valign_top type_default reversed stacking_default\"><div class=\"vc_col-sm-2\/5 wpb_column vc_column_container\"><div class=\"vc_column-inner\"><div class=\"wpb_wrapper\"><div class=\"w-image has_ratio align_none\"><div class=\"w-image-h\"><div style=\"padding-bottom:56.25%\"><\/div><img decoding=\"async\" width=\"632\" height=\"395\" src=\"https:\/\/www.ayes.cz\/wp-content\/uploads\/2024\/10\/Pico-4-Ultra-Enterprise-side-view-1_prev_ui.png\" class=\"attachment-large size-large\" alt=\"\" loading=\"lazy\" \/><\/div><\/div><\/div><\/div><\/div><div class=\"vc_col-sm-3\/5 wpb_column vc_column_container\"><div class=\"vc_column-inner\"><div class=\"wpb_wrapper\"><h2 class=\"w-text\"><span class=\"w-text-h\"><span class=\"w-text-value\">Pico 4 Ultra Enterprise<\/span><\/span><\/h2><div class=\"w-separator size_medium\"><\/div><div class=\"wpb_text_column\"><div class=\"wpb_wrapper\"><p>The Pico 4 Ultra Enterprise is the highly anticipated successor to the successful Pico 4 Enterprise, a business VR headset that has already made significant waves in the industry. This next-generation device boasts advanced integrated Mixed Reality functions, allowing users to seamlessly blend virtual experiences with real-world environments. Designed with functionality, the Pico 4 Ultra Enterprise aims to elevate the user experience, making it an ideal choice for businesses looking to enhance training, collaboration, and productivity in a variety of settings.<\/p>\n<\/div><\/div><div class=\"w-separator size_medium\"><\/div><div class=\"w-btn-wrapper align_none\"><a class=\"w-btn us-btn-style_3\" id=\"Vive Focus 3\" href=\"#spu-3429\"><span class=\"w-btn-label\">Enquire Now<\/span><\/a><\/div><\/div><\/div><\/div><\/div><\/div><\/section><section class=\"l-section wpb_row us_custom_e343dda7 almost-full-width height_custom\" id=\"meta-quest-2\"><div class=\"l-section-h i-cf\"><div class=\"g-cols vc_row via_flex valign_top type_default stacking_default\"><div class=\"vc_col-sm-3\/5 wpb_column vc_column_container\"><div class=\"vc_column-inner\"><div class=\"wpb_wrapper\"><h2 class=\"w-text\"><span class=\"w-text-h\"><span class=\"w-text-value\">Meta Quest 2<\/span><\/span><\/h2><div class=\"wpb_text_column\"><div class=\"wpb_wrapper\"><p>The most widely used virtual reality goggles, Meta Quest 2 immerses the user in another world without having to take their heels out of the living room. The virtual reality headset will offer a whole new and unadulterated gaming experience. Put on the VR headset, grab the controllers and invite your friends to join you. You&#8217;ll enjoy beautifully crisp images and high-quality surround sound. The headset is equipped with a high-end processor and 6 gigabytes of RAM. The enhanced Oculus Touch controllers track your hand perfectly, registering your every move. <\/p>\n<\/div><\/div><div class=\"w-separator size_medium\"><\/div><div class=\"w-btn-wrapper align_none\"><a class=\"w-btn us-btn-style_3\" id=\"Meta Quest 2\" href=\"#spu-3429\"><span class=\"w-btn-label\">Enquire Now<\/span><\/a><\/div><\/div><\/div><\/div><div class=\"vc_col-sm-2\/5 wpb_column vc_column_container\"><div class=\"vc_column-inner\"><div class=\"wpb_wrapper\"><div class=\"w-image has_ratio align_none\"><div class=\"w-image-h\"><div style=\"padding-bottom:56.25%\"><\/div><img decoding=\"async\" width=\"550\" height=\"300\" src=\"https:\/\/www.ayes.cz\/wp-content\/uploads\/2022\/12\/Meta-Quest-2-1.png\" class=\"attachment-large size-large\" alt=\"\" loading=\"lazy\" \/><\/div><\/div><\/div><\/div><\/div><\/div><\/div><\/section><section class=\"l-section wpb_row us_custom_eeb3f56b height_custom\" id=\"meta-quest-pro\"><div class=\"l-section-h i-cf\"><div class=\"g-cols vc_row via_flex valign_top type_default reversed stacking_default\"><div class=\"vc_col-sm-6 wpb_column vc_column_container\"><div class=\"vc_column-inner\"><div class=\"wpb_wrapper\"><div class=\"w-image has_ratio align_none\"><div class=\"w-image-h\"><div style=\"padding-bottom:56.25%\"><\/div><img decoding=\"async\" width=\"550\" height=\"300\" src=\"https:\/\/www.ayes.cz\/wp-content\/uploads\/2022\/12\/Meta-Quest-Pro.png\" class=\"attachment-large size-large\" alt=\"\" loading=\"lazy\" \/><\/div><\/div><\/div><\/div><\/div><div class=\"vc_col-sm-6 wpb_column vc_column_container\"><div class=\"vc_column-inner\"><div class=\"wpb_wrapper\"><h2 class=\"w-text\"><span class=\"w-text-h\"><span class=\"w-text-value\">Meta Quest Pro<\/span><\/span><\/h2><div class=\"wpb_text_column\"><div class=\"wpb_wrapper\"><p>The strengths of the new Meta Quest Pro headset suggest that you&#8217;ll not only use it for gaming, but also at work or in industry. It&#8217;s not just a VR device with cutting-edge technology, but also a mixed reality device that combines virtual elements and real-world environments. Thanks to this combination, the headset enables color pass-through, a color display that has so far found its way mainly in industrial or video conferencing applications. <\/p>\n<\/div><\/div><div class=\"w-separator size_medium\"><\/div><div class=\"w-btn-wrapper align_none\"><a class=\"w-btn us-btn-style_3\" id=\"Meta Quest Pro\" href=\"#spu-3429\"><span class=\"w-btn-label\">Enquire Now<\/span><\/a><\/div><\/div><\/div><\/div><\/div><\/div><\/section><section class=\"l-section wpb_row us_custom_e343dda7 almost-full-width height_custom\" id=\"varjo xr-3\"><div class=\"l-section-h i-cf\"><div class=\"g-cols vc_row via_flex valign_top type_default stacking_default\"><div class=\"vc_col-sm-6 wpb_column vc_column_container\"><div class=\"vc_column-inner\"><div class=\"wpb_wrapper\"><h2 class=\"w-text\"><span class=\"w-text-h\"><span class=\"w-text-value\">Varjo XR-3<\/span><\/span><\/h2><div class=\"wpb_text_column\"><div class=\"wpb_wrapper\"><p>Varjo XR-3 delivers an immersive mixed reality experience, offering photorealistic visual fidelity in the widest field of view of any XR headset. With an awareness of depth, real and virtual elements blend naturally. With accurate and individually calibrated colors for unparalleled realism, Varjo XR-3 sets a new industry standard for visual fidelity across realities. <\/p>\n<\/div><\/div><div class=\"w-separator size_medium\"><\/div><div class=\"w-btn-wrapper align_none\"><a class=\"w-btn us-btn-style_3\" id=\"Varjo XR-3\" href=\"#spu-3429\"><span class=\"w-btn-label\">Enquire Now<\/span><\/a><\/div><\/div><\/div><\/div><div class=\"vc_col-sm-6 wpb_column vc_column_container\"><div class=\"vc_column-inner\"><div class=\"wpb_wrapper\"><div class=\"w-image has_ratio align_none\"><div class=\"w-image-h\"><div style=\"padding-bottom:56.25%\"><\/div><img decoding=\"async\" width=\"550\" height=\"300\" src=\"https:\/\/www.ayes.cz\/wp-content\/uploads\/2022\/12\/Varjo-XR-3-1.png\" class=\"attachment-large size-large\" alt=\"\" loading=\"lazy\" \/><\/div><\/div><\/div><\/div><\/div><\/div><\/div><\/section><section class=\"l-section wpb_row us_custom_eeb3f56b height_custom\" id=\"vive-focus-3\"><div class=\"l-section-h i-cf\"><div class=\"g-cols vc_row via_flex valign_top type_default reversed stacking_default\"><div class=\"vc_col-sm-2\/5 wpb_column vc_column_container\"><div class=\"vc_column-inner\"><div class=\"wpb_wrapper\"><div class=\"w-image has_ratio align_none\"><div class=\"w-image-h\"><div style=\"padding-bottom:56.25%\"><\/div><img decoding=\"async\" width=\"550\" height=\"300\" src=\"https:\/\/www.ayes.cz\/wp-content\/uploads\/2023\/01\/Lenovo-ThinkReality-VRX.png\" class=\"attachment-large size-large\" alt=\"\" loading=\"lazy\" \/><\/div><\/div><\/div><\/div><\/div><div class=\"vc_col-sm-3\/5 wpb_column vc_column_container\"><div class=\"vc_column-inner\"><div class=\"wpb_wrapper\"><h2 class=\"w-text\"><span class=\"w-text-h\"><span class=\"w-text-value\">Lenovo ThinkReality VRX<\/span><\/span><\/h2><div class=\"wpb_text_column\"><div class=\"wpb_wrapper\"><p>Experience the evolution of enterprise virtual reality with the Lenovo ThinkReality VRX headset. This immersive, lightweight and slim profile VR device delivers full-color, high-resolution viewing capabilities for mixed reality applications. ThinkReality VRX is also supported by a suite of comprehensive services that help organizations achieve success and realize a faster return on investment.<\/p>\n<\/div><\/div><div class=\"w-separator size_medium\"><\/div><div class=\"w-btn-wrapper align_none\"><a class=\"w-btn us-btn-style_3\" id=\"Lenovo ThinkReality VRX\" href=\"#spu-3429\"><span class=\"w-btn-label\">Enquire Now<\/span><\/a><\/div><\/div><\/div><\/div><\/div><\/div><\/section><section class=\"l-section wpb_row us_custom_e343dda7 almost-full-width height_custom\" id=\"lenovo-thinkreality-vrx\"><div class=\"l-section-h i-cf\"><div class=\"g-cols vc_row via_flex valign_top type_default stacking_default\"><div class=\"vc_col-sm-6 wpb_column vc_column_container\"><div class=\"vc_column-inner\"><div class=\"wpb_wrapper\"><h2 class=\"w-text\"><span class=\"w-text-h\"><span class=\"w-text-value\">Vive XR Elite<\/span><\/span><\/h2><div class=\"wpb_text_column\"><div class=\"wpb_wrapper\"><p>VIVE XR Elite is a powerful, convertible and lightweight headset that adapts to you. Enjoy unfettered freedom or harness the power of PC VR. The Vive XR Elite is an amalgamation of all the features currently available on the market. It not only supports virtual reality but also combines mixed reality.<\/p>\n<\/div><\/div><div class=\"w-separator size_medium\"><\/div><div class=\"w-btn-wrapper align_none\"><a class=\"w-btn us-btn-style_3\" id=\"Vive XR Elite\" href=\"#spu-3429\"><span class=\"w-btn-label\">Enquire Now<\/span><\/a><\/div><\/div><\/div><\/div><div class=\"vc_col-sm-6 wpb_column vc_column_container\"><div class=\"vc_column-inner\"><div class=\"wpb_wrapper\"><div class=\"w-image has_ratio align_none\"><div class=\"w-image-h\"><div style=\"padding-bottom:56.25%\"><\/div><img decoding=\"async\" width=\"550\" height=\"300\" src=\"https:\/\/www.ayes.cz\/wp-content\/uploads\/2023\/01\/vive-xr-elite-1.png\" class=\"attachment-large size-large\" alt=\"\" loading=\"lazy\" \/><\/div><\/div><\/div><\/div><\/div><\/div><\/div><\/section><section class=\"l-section wpb_row us_custom_eeb3f56b height_custom\" id=\"vive-xr-elite\"><div class=\"l-section-h i-cf\"><div class=\"g-cols vc_row via_flex valign_top type_default reversed stacking_default\"><div class=\"vc_col-sm-2\/5 wpb_column vc_column_container\"><div class=\"vc_column-inner\"><div class=\"wpb_wrapper\"><div class=\"w-image has_ratio align_none\"><div class=\"w-image-h\"><div style=\"padding-bottom:56.25%\"><\/div><img decoding=\"async\" width=\"550\" height=\"300\" src=\"https:\/\/www.ayes.cz\/wp-content\/uploads\/2022\/12\/Vive-Focus-3.png\" class=\"attachment-large size-large\" alt=\"\" loading=\"lazy\" \/><\/div><\/div><\/div><\/div><\/div><div class=\"vc_col-sm-3\/5 wpb_column vc_column_container\"><div class=\"vc_column-inner\"><div class=\"wpb_wrapper\"><h2 class=\"w-text\"><span class=\"w-text-h\"><span class=\"w-text-value\">Vive Focus 3<\/span><\/span><\/h2><div class=\"wpb_text_column\"><div class=\"wpb_wrapper\"><p><span class=\"TextRun SCXW38408219 BCX0\" lang=\"EN-GB\" xml:lang=\"EN-GB\" data-contrast=\"auto\"><span class=\"NormalTextRun SCXW38408219 BCX0\">With the <\/span><span class=\"SpellingError SCXW38408219 BCX0\">Vive<\/span><span class=\"NormalTextRun SCXW38408219 BCX0\"> Focus 3 headset, you can overcome physical distance with seamless remote collaboration. Get unprecedented efficiency in learning and training. Visualize everything creative, from architecture and exhibitions to marketing campaigns and more. <\/span><span class=\"SpellingError SCXW38408219 BCX0\">Vive<\/span><span class=\"NormalTextRun SCXW38408219 BCX0\"> Focus 3 delivers best-in-class graphics, ergonomic comfort, and advanced business applications that will change the way you work.<\/span><\/span><span class=\"EOP SCXW38408219 BCX0\" data-ccp-props=\"{&quot;201341983&quot;:0,&quot;335559739&quot;:160,&quot;335559740&quot;:259}\">\u00a0<\/span><\/p>\n<\/div><\/div><div class=\"w-separator size_medium\"><\/div><div class=\"w-btn-wrapper align_none\"><a class=\"w-btn us-btn-style_3\" id=\"Vive Focus 3\" href=\"#spu-3429\"><span class=\"w-btn-label\">Enquire Now<\/span><\/a><\/div><\/div><\/div><\/div><\/div><\/div><\/section>\n","protected":false},"excerpt":{"rendered":"Smart Glasses for Virtual RealityWhen choosing smart glasses, it&#8217;s important to consider what purpose the device will serve. To make the glasses usable in industrial conditions, therefore, look at other parameters such as resistance to noise, dust or temperature changes, as well as comfort for wearing them throughout the shift. This is because wearing comfort...","protected":false},"author":2,"featured_media":3155,"parent":3527,"menu_order":0,"comment_status":"closed","ping_status":"closed","template":"","meta":{"_acf_changed":false,"footnotes":""},"class_list":["post-3595","page","type-page","status-publish","has-post-thumbnail","hentry"],"acf":[],"yoast_head":"<!-- This site is optimized with the Yoast SEO plugin v24.9 - https:\/\/yoast.com\/wordpress\/plugins\/seo\/ -->\n<title>Smart Glasses for Virtual Reality | AYES<\/title>\n<meta name=\"description\" content=\"AYES offers several types of smart glasses with virtual reality. Explore the most wanted models of VR glasses on the market.\" \/>\n<meta name=\"robots\" content=\"index, follow, max-snippet:-1, max-image-preview:large, max-video-preview:-1\" \/>\n<link rel=\"canonical\" href=\"https:\/\/www.ayes.cz\/en\/products\/smart-glasses-for-virtual-reality\/\" \/>\n<meta property=\"og:locale\" content=\"en_US\" \/>\n<meta property=\"og:type\" content=\"article\" \/>\n<meta property=\"og:title\" content=\"Smart Glasses for Virtual Reality | AYES\" \/>\n<meta property=\"og:description\" content=\"AYES offers several types of smart glasses with virtual reality. Explore the most wanted models of VR glasses on the market.\" \/>\n<meta property=\"og:url\" content=\"https:\/\/www.ayes.cz\/en\/products\/smart-glasses-for-virtual-reality\/\" \/>\n<meta property=\"og:site_name\" content=\"AYES\" \/>\n<meta property=\"article:publisher\" content=\"https:\/\/www.facebook.com\/AYEStechnology\/\" \/>\n<meta property=\"article:modified_time\" content=\"2024-10-15T08:52:51+00:00\" \/>\n<meta property=\"og:image\" content=\"https:\/\/www.ayes.cz\/wp-content\/uploads\/2023\/01\/Bryle-pro-vrtualni-realitu-loga-1.png\" \/>\n\t<meta property=\"og:image:width\" content=\"600\" \/>\n\t<meta property=\"og:image:height\" content=\"450\" \/>\n\t<meta property=\"og:image:type\" content=\"image\/png\" \/>\n<meta name=\"twitter:card\" content=\"summary_large_image\" \/>\n<meta name=\"twitter:label1\" content=\"Est. reading time\" \/>\n\t<meta name=\"twitter:data1\" content=\"4 minutes\" \/>\n<script type=\"application\/ld+json\" class=\"yoast-schema-graph\">{\"@context\":\"https:\/\/schema.org\",\"@graph\":[{\"@type\":\"WebPage\",\"@id\":\"https:\/\/www.ayes.cz\/en\/products\/smart-glasses-for-virtual-reality\/\",\"url\":\"https:\/\/www.ayes.cz\/en\/products\/smart-glasses-for-virtual-reality\/\",\"name\":\"Smart Glasses for Virtual Reality | AYES\",\"isPartOf\":{\"@id\":\"https:\/\/www.ayes.cz\/en\/#website\"},\"primaryImageOfPage\":{\"@id\":\"https:\/\/www.ayes.cz\/en\/products\/smart-glasses-for-virtual-reality\/#primaryimage\"},\"image\":{\"@id\":\"https:\/\/www.ayes.cz\/en\/products\/smart-glasses-for-virtual-reality\/#primaryimage\"},\"thumbnailUrl\":\"https:\/\/www.ayes.cz\/wp-content\/uploads\/2023\/01\/Bryle-pro-vrtualni-realitu-loga-1.png\",\"datePublished\":\"2023-01-04T13:09:06+00:00\",\"dateModified\":\"2024-10-15T08:52:51+00:00\",\"description\":\"AYES offers several types of smart glasses with virtual reality. Explore the most wanted models of VR glasses on the market.\",\"breadcrumb\":{\"@id\":\"https:\/\/www.ayes.cz\/en\/products\/smart-glasses-for-virtual-reality\/#breadcrumb\"},\"inLanguage\":\"en-US\",\"potentialAction\":[{\"@type\":\"ReadAction\",\"target\":[\"https:\/\/www.ayes.cz\/en\/products\/smart-glasses-for-virtual-reality\/\"]}]},{\"@type\":\"ImageObject\",\"inLanguage\":\"en-US\",\"@id\":\"https:\/\/www.ayes.cz\/en\/products\/smart-glasses-for-virtual-reality\/#primaryimage\",\"url\":\"https:\/\/www.ayes.cz\/wp-content\/uploads\/2023\/01\/Bryle-pro-vrtualni-realitu-loga-1.png\",\"contentUrl\":\"https:\/\/www.ayes.cz\/wp-content\/uploads\/2023\/01\/Bryle-pro-vrtualni-realitu-loga-1.png\",\"width\":600,\"height\":450},{\"@type\":\"BreadcrumbList\",\"@id\":\"https:\/\/www.ayes.cz\/en\/products\/smart-glasses-for-virtual-reality\/#breadcrumb\",\"itemListElement\":[{\"@type\":\"ListItem\",\"position\":1,\"name\":\"Home\",\"item\":\"https:\/\/www.ayes.cz\/en\/\"},{\"@type\":\"ListItem\",\"position\":2,\"name\":\"Products\",\"item\":\"https:\/\/www.ayes.cz\/en\/products\/\"},{\"@type\":\"ListItem\",\"position\":3,\"name\":\"Smart Glasses for Virtual Reality\"}]},{\"@type\":\"WebSite\",\"@id\":\"https:\/\/www.ayes.cz\/en\/#website\",\"url\":\"https:\/\/www.ayes.cz\/en\/\",\"name\":\"AYES\",\"description\":\"Dal\u0161\u00ed web pou\u017e\u00edvaj\u00edc\u00ed WordPress\",\"publisher\":{\"@id\":\"https:\/\/www.ayes.cz\/en\/#organization\"},\"potentialAction\":[{\"@type\":\"SearchAction\",\"target\":{\"@type\":\"EntryPoint\",\"urlTemplate\":\"https:\/\/www.ayes.cz\/en\/?s={search_term_string}\"},\"query-input\":{\"@type\":\"PropertyValueSpecification\",\"valueRequired\":true,\"valueName\":\"search_term_string\"}}],\"inLanguage\":\"en-US\"},{\"@type\":\"Organization\",\"@id\":\"https:\/\/www.ayes.cz\/en\/#organization\",\"name\":\"AYES s.r.o.\",\"url\":\"https:\/\/www.ayes.cz\/en\/\",\"logo\":{\"@type\":\"ImageObject\",\"inLanguage\":\"en-US\",\"@id\":\"https:\/\/www.ayes.cz\/en\/#\/schema\/logo\/image\/\",\"url\":\"https:\/\/www.ayes.cz\/wp-content\/uploads\/2022\/10\/ayes_logo_bez_pozadi__1_-1.png\",\"contentUrl\":\"https:\/\/www.ayes.cz\/wp-content\/uploads\/2022\/10\/ayes_logo_bez_pozadi__1_-1.png\",\"width\":1148,\"height\":360,\"caption\":\"AYES s.r.o.\"},\"image\":{\"@id\":\"https:\/\/www.ayes.cz\/en\/#\/schema\/logo\/image\/\"},\"sameAs\":[\"https:\/\/www.facebook.com\/AYEStechnology\/\",\"https:\/\/www.linkedin.com\/company\/ayes3\/\"]}]}<\/script>\n<!-- \/ Yoast SEO plugin. -->","yoast_head_json":{"title":"Smart Glasses for Virtual Reality | AYES","description":"AYES offers several types of smart glasses with virtual reality. Explore the most wanted models of VR glasses on the market.","robots":{"index":"index","follow":"follow","max-snippet":"max-snippet:-1","max-image-preview":"max-image-preview:large","max-video-preview":"max-video-preview:-1"},"canonical":"https:\/\/www.ayes.cz\/en\/products\/smart-glasses-for-virtual-reality\/","og_locale":"en_US","og_type":"article","og_title":"Smart Glasses for Virtual Reality | AYES","og_description":"AYES offers several types of smart glasses with virtual reality. Explore the most wanted models of VR glasses on the market.","og_url":"https:\/\/www.ayes.cz\/en\/products\/smart-glasses-for-virtual-reality\/","og_site_name":"AYES","article_publisher":"https:\/\/www.facebook.com\/AYEStechnology\/","article_modified_time":"2024-10-15T08:52:51+00:00","og_image":[{"width":600,"height":450,"url":"https:\/\/www.ayes.cz\/wp-content\/uploads\/2023\/01\/Bryle-pro-vrtualni-realitu-loga-1.png","type":"image\/png"}],"twitter_card":"summary_large_image","twitter_misc":{"Est. reading time":"4 minutes"},"schema":{"@context":"https:\/\/schema.org","@graph":[{"@type":"WebPage","@id":"https:\/\/www.ayes.cz\/en\/products\/smart-glasses-for-virtual-reality\/","url":"https:\/\/www.ayes.cz\/en\/products\/smart-glasses-for-virtual-reality\/","name":"Smart Glasses for Virtual Reality | AYES","isPartOf":{"@id":"https:\/\/www.ayes.cz\/en\/#website"},"primaryImageOfPage":{"@id":"https:\/\/www.ayes.cz\/en\/products\/smart-glasses-for-virtual-reality\/#primaryimage"},"image":{"@id":"https:\/\/www.ayes.cz\/en\/products\/smart-glasses-for-virtual-reality\/#primaryimage"},"thumbnailUrl":"https:\/\/www.ayes.cz\/wp-content\/uploads\/2023\/01\/Bryle-pro-vrtualni-realitu-loga-1.png","datePublished":"2023-01-04T13:09:06+00:00","dateModified":"2024-10-15T08:52:51+00:00","description":"AYES offers several types of smart glasses with virtual reality. Explore the most wanted models of VR glasses on the market.","breadcrumb":{"@id":"https:\/\/www.ayes.cz\/en\/products\/smart-glasses-for-virtual-reality\/#breadcrumb"},"inLanguage":"en-US","potentialAction":[{"@type":"ReadAction","target":["https:\/\/www.ayes.cz\/en\/products\/smart-glasses-for-virtual-reality\/"]}]},{"@type":"ImageObject","inLanguage":"en-US","@id":"https:\/\/www.ayes.cz\/en\/products\/smart-glasses-for-virtual-reality\/#primaryimage","url":"https:\/\/www.ayes.cz\/wp-content\/uploads\/2023\/01\/Bryle-pro-vrtualni-realitu-loga-1.png","contentUrl":"https:\/\/www.ayes.cz\/wp-content\/uploads\/2023\/01\/Bryle-pro-vrtualni-realitu-loga-1.png","width":600,"height":450},{"@type":"BreadcrumbList","@id":"https:\/\/www.ayes.cz\/en\/products\/smart-glasses-for-virtual-reality\/#breadcrumb","itemListElement":[{"@type":"ListItem","position":1,"name":"Home","item":"https:\/\/www.ayes.cz\/en\/"},{"@type":"ListItem","position":2,"name":"Products","item":"https:\/\/www.ayes.cz\/en\/products\/"},{"@type":"ListItem","position":3,"name":"Smart Glasses for Virtual Reality"}]},{"@type":"WebSite","@id":"https:\/\/www.ayes.cz\/en\/#website","url":"https:\/\/www.ayes.cz\/en\/","name":"AYES","description":"Dal\u0161\u00ed web pou\u017e\u00edvaj\u00edc\u00ed WordPress","publisher":{"@id":"https:\/\/www.ayes.cz\/en\/#organization"},"potentialAction":[{"@type":"SearchAction","target":{"@type":"EntryPoint","urlTemplate":"https:\/\/www.ayes.cz\/en\/?s={search_term_string}"},"query-input":{"@type":"PropertyValueSpecification","valueRequired":true,"valueName":"search_term_string"}}],"inLanguage":"en-US"},{"@type":"Organization","@id":"https:\/\/www.ayes.cz\/en\/#organization","name":"AYES s.r.o.","url":"https:\/\/www.ayes.cz\/en\/","logo":{"@type":"ImageObject","inLanguage":"en-US","@id":"https:\/\/www.ayes.cz\/en\/#\/schema\/logo\/image\/","url":"https:\/\/www.ayes.cz\/wp-content\/uploads\/2022\/10\/ayes_logo_bez_pozadi__1_-1.png","contentUrl":"https:\/\/www.ayes.cz\/wp-content\/uploads\/2022\/10\/ayes_logo_bez_pozadi__1_-1.png","width":1148,"height":360,"caption":"AYES s.r.o."},"image":{"@id":"https:\/\/www.ayes.cz\/en\/#\/schema\/logo\/image\/"},"sameAs":["https:\/\/www.facebook.com\/AYEStechnology\/","https:\/\/www.linkedin.com\/company\/ayes3\/"]}]}},"_links":{"self":[{"href":"https:\/\/www.ayes.cz\/en\/wp-json\/wp\/v2\/pages\/3595","targetHints":{"allow":["GET"]}}],"collection":[{"href":"https:\/\/www.ayes.cz\/en\/wp-json\/wp\/v2\/pages"}],"about":[{"href":"https:\/\/www.ayes.cz\/en\/wp-json\/wp\/v2\/types\/page"}],"author":[{"embeddable":true,"href":"https:\/\/www.ayes.cz\/en\/wp-json\/wp\/v2\/users\/2"}],"replies":[{"embeddable":true,"href":"https:\/\/www.ayes.cz\/en\/wp-json\/wp\/v2\/comments?post=3595"}],"version-history":[{"count":10,"href":"https:\/\/www.ayes.cz\/en\/wp-json\/wp\/v2\/pages\/3595\/revisions"}],"predecessor-version":[{"id":33597,"href":"https:\/\/www.ayes.cz\/en\/wp-json\/wp\/v2\/pages\/3595\/revisions\/33597"}],"up":[{"embeddable":true,"href":"https:\/\/www.ayes.cz\/en\/wp-json\/wp\/v2\/pages\/3527"}],"wp:featuredmedia":[{"embeddable":true,"href":"https:\/\/www.ayes.cz\/en\/wp-json\/wp\/v2\/media\/3155"}],"wp:attachment":[{"href":"https:\/\/www.ayes.cz\/en\/wp-json\/wp\/v2\/media?parent=3595"}],"curies":[{"name":"wp","href":"https:\/\/api.w.org\/{rel}","templated":true}]}}