{"id":36914,"date":"2024-12-11T13:59:54","date_gmt":"2024-12-11T12:59:54","guid":{"rendered":"https:\/\/www.ayes.cz\/?page_id=36914"},"modified":"2025-05-13T11:58:05","modified_gmt":"2025-05-13T09:58:05","slug":"school-education","status":"publish","type":"page","link":"https:\/\/www.ayes.cz\/en\/school-education\/","title":{"rendered":"School Education"},"content":{"rendered":"<section class=\"l-section wpb_row height_custom\"><div class=\"l-section-h i-cf\"><div class=\"g-cols vc_row via_flex valign_top type_default stacking_default\"><div class=\"vc_col-sm-12 wpb_column vc_column_container\"><div class=\"vc_column-inner\"><div class=\"wpb_wrapper\"><nav class=\"w-menu us_custom_33b9ee00 custom-submenu-wrapper layout_hor style_links us_menu_1\" style=\"--main-gap:1.5rem;--main-ver-indent:0.8em;--main-hor-indent:0.8em;--main-color:inherit;\"><ul id=\"menu-virtual-reality\" class=\"menu\"><li id=\"menu-item-37185\" class=\"menu-item menu-item-type-post_type menu-item-object-page menu-item-37185\"><a href=\"https:\/\/www.ayes.cz\/en\/corporate-training\/\">Corporate Training<\/a><\/li><li id=\"menu-item-37183\" class=\"menu-item menu-item-type-post_type menu-item-object-page menu-item-37183\"><a href=\"https:\/\/www.ayes.cz\/en\/school-education\/\">School Education<\/a><\/li><li id=\"menu-item-37184\" class=\"menu-item menu-item-type-post_type menu-item-object-page menu-item-37184\"><a href=\"https:\/\/www.ayes.cz\/en\/3d-model-preparation\/\">3D Model Preparation<\/a><\/li><li id=\"menu-item-37182\" class=\"menu-item menu-item-type-post_type menu-item-object-page menu-item-37182\"><a href=\"https:\/\/www.ayes.cz\/en\/business-and-marketing\/\">Business and Marketing<\/a><\/li><\/ul><style>@media ( max-width:767px ){.us_menu_1 .menu{display:block!important}.us_menu_1 .menu>li{margin:0 0 var(--main-gap,1.5rem)!important}}<\/style><\/nav><div class=\"w-separator size_custom\" style=\"height:3rem\"><\/div><h1 class=\"w-text us_custom_eb849559\"><span class=\"w-text-h\"><span class=\"w-text-value\">School Education<\/span><\/span><\/h1><div class=\"wpb_text_column\"><div class=\"wpb_wrapper\"><p style=\"text-align: center;\">Provide your students and colleagues with a broader perspective on learning materials.<\/p>\n<p style=\"text-align: center;\">With high-quality 3D models, you can enhance educational processes, create interactive and immersive experiences that promote more effective learning and a better understanding of complex topics.<\/p>\n<\/div><\/div><div class=\"w-separator size_custom\" style=\"height:1rem\"><\/div><div class=\"g-cols wpb_row via_flex valign_top type_default stacking_default\" style=\"--additional-gap:1rem;\"><div class=\"vc_col-sm-4 wpb_column vc_column_container\"><div class=\"vc_column-inner us_custom_90f20810\"><div class=\"wpb_wrapper\"><div class=\"w-separator size_small\"><\/div><div class=\"w-image us_custom_c69b5762 align_none\"><div class=\"w-image-h\"><img decoding=\"async\" width=\"1024\" height=\"576\" src=\"https:\/\/www.ayes.cz\/wp-content\/uploads\/2024\/12\/shutterstock_2169492743-2-1024x576.jpg\" class=\"attachment-large size-large\" alt=\"\" loading=\"lazy\" srcset=\"https:\/\/www.ayes.cz\/wp-content\/uploads\/2024\/12\/shutterstock_2169492743-2-1024x576.jpg 1024w, https:\/\/www.ayes.cz\/wp-content\/uploads\/2024\/12\/shutterstock_2169492743-2-300x169.jpg 300w, https:\/\/www.ayes.cz\/wp-content\/uploads\/2024\/12\/shutterstock_2169492743-2-600x337.jpg 600w\" sizes=\"auto, (max-width: 1024px) 100vw, 1024px\" \/><\/div><\/div><div class=\"w-separator size_small\"><\/div><h3 class=\"w-text\"><span class=\"w-text-h\"><span class=\"w-text-value\">Virtual Classroom<\/span><\/span><\/h3><div class=\"wpb_text_column\"><div class=\"wpb_wrapper\"><p>The virtual classroom provides students with access to a dynamic learning environment where they can interact with teachers and classmates through 3D visualizations and multimedia materials. This approach enables remote teaching, increasing the accessibility of education and allowing students to learn in an interactive and immersive environment.<\/p>\n<\/div><\/div><div class=\"w-separator size_small\"><\/div><div class=\"w-btn-wrapper align_center\"><a class=\"w-btn us-btn-style_3 us_custom_2b3263c2\" id=\"Virtual Classroom\" href=\"#spu-528\"><span class=\"w-btn-label\">Enquire Now<\/span><\/a><\/div><div class=\"w-separator size_medium\"><\/div><\/div><\/div><\/div><div class=\"vc_col-sm-4 wpb_column vc_column_container\"><div class=\"vc_column-inner us_custom_90f20810\"><div class=\"wpb_wrapper\"><div class=\"w-separator size_small\"><\/div><div class=\"w-image has_ratio align_none\"><div class=\"w-image-h\"><div style=\"padding-bottom:56.25%\"><\/div><img decoding=\"async\" width=\"1024\" height=\"576\" src=\"https:\/\/www.ayes.cz\/wp-content\/uploads\/2024\/12\/shutterstock_2267838913-2-1024x576.jpg\" class=\"attachment-large size-large\" alt=\"\" loading=\"lazy\" \/><\/div><\/div><div class=\"w-separator size_small\"><\/div><h3 class=\"w-text\"><span class=\"w-text-h\"><span class=\"w-text-value\">Multi User Collaboration<\/span><\/span><\/h3><div class=\"wpb_text_column\"><div class=\"wpb_wrapper\"><p>With the use of virtual reality, students can collaborate in real-time on projects, discuss, and share their ideas in a shared virtual space. This form of collaboration improves teamwork and communication, overcoming geographical barriers and allowing students to work on projects as if they were in the same room.<\/p>\n<p>&nbsp;<\/p>\n<\/div><\/div><div class=\"w-separator size_small\"><\/div><div class=\"w-btn-wrapper align_center\"><a class=\"w-btn us-btn-style_3\" id=\"Multi User Collaboration\" href=\"#spu-528\"><span class=\"w-btn-label\">Enquire Now<\/span><\/a><\/div><div class=\"w-separator size_small\"><\/div><\/div><\/div><\/div><div class=\"vc_col-sm-4 wpb_column vc_column_container\"><div class=\"vc_column-inner us_custom_90f20810\"><div class=\"wpb_wrapper\"><div class=\"w-separator size_small\"><\/div><div class=\"w-image has_ratio align_none\"><div class=\"w-image-h\"><div style=\"padding-bottom:56.25%\"><\/div><img decoding=\"async\" width=\"1024\" height=\"576\" src=\"https:\/\/www.ayes.cz\/wp-content\/uploads\/2024\/12\/shutterstock_2348319137-2-1024x576.jpg\" class=\"attachment-large size-large\" alt=\"\" loading=\"lazy\" \/><\/div><\/div><div class=\"w-separator size_small\"><\/div><h3 class=\"w-text\"><span class=\"w-text-h\"><span class=\"w-text-value\">Training and Exams<\/span><\/span><\/h3><div class=\"wpb_text_column\"><div class=\"wpb_wrapper\"><p>Virtual reality allows students to complete realistic simulation training that provides them with practical experience in various fields. This approach enables safe learning in interactive environments where students can practice and refine their skills before facing real-world situations. Successfully completed training demonstrates their readiness for specific professional challenges.<\/p>\n<\/div><\/div><div class=\"w-separator size_small\"><\/div><div class=\"w-btn-wrapper align_center\"><a class=\"w-btn us-btn-style_3\" id=\"Training and Exams\" href=\"#spu-528\"><span class=\"w-btn-label\">Enquire Now<\/span><\/a><\/div><div class=\"w-separator size_small\"><\/div><\/div><\/div><\/div><\/div><div class=\"w-separator size_custom\" style=\"height:1rem\"><\/div><\/div><\/div><\/div><\/div><\/div><\/section>\n","protected":false},"excerpt":{"rendered":"Corporate TrainingSchool Education3D Model PreparationBusiness and MarketingSchool EducationProvide your students and colleagues with a broader perspective on learning materials. With high-quality 3D models, you can enhance educational processes, create interactive and immersive experiences that promote more effective learning and a better understanding of complex topics. Virtual ClassroomThe virtual classroom provides students with access to a...","protected":false},"author":2,"featured_media":0,"parent":0,"menu_order":0,"comment_status":"closed","ping_status":"closed","template":"","meta":{"_acf_changed":false,"footnotes":""},"class_list":["post-36914","page","type-page","status-publish","hentry"],"acf":[],"yoast_head":"<!-- This site is optimized with the Yoast SEO plugin v24.9 - https:\/\/yoast.com\/wordpress\/plugins\/seo\/ -->\n<title>School Education | AYES<\/title>\n<meta name=\"description\" content=\"Mo\u017enost, jak digitalizovat v\u00fdrobu se u ka\u017ed\u00e9 spole\u010dnosti li\u0161\u00ed. V AYES jsme si toho v\u011bdomi, a proto z\u00e1kazn\u00edk\u016fm nab\u00edz\u00edme r\u016fzn\u00e9 \u00farovn\u011b slu\u017eeb a podpory.\" \/>\n<meta name=\"robots\" content=\"index, follow, max-snippet:-1, max-image-preview:large, max-video-preview:-1\" \/>\n<link rel=\"canonical\" href=\"https:\/\/www.ayes.cz\/en\/school-education\/\" \/>\n<meta property=\"og:locale\" content=\"en_US\" \/>\n<meta property=\"og:type\" content=\"article\" \/>\n<meta property=\"og:title\" content=\"School Education | AYES\" \/>\n<meta property=\"og:description\" content=\"Mo\u017enost, jak digitalizovat v\u00fdrobu se u ka\u017ed\u00e9 spole\u010dnosti li\u0161\u00ed. V AYES jsme si toho v\u011bdomi, a proto z\u00e1kazn\u00edk\u016fm nab\u00edz\u00edme r\u016fzn\u00e9 \u00farovn\u011b slu\u017eeb a podpory.\" \/>\n<meta property=\"og:url\" content=\"https:\/\/www.ayes.cz\/en\/school-education\/\" \/>\n<meta property=\"og:site_name\" content=\"AYES\" \/>\n<meta property=\"article:publisher\" content=\"https:\/\/www.facebook.com\/AYEStechnology\/\" \/>\n<meta property=\"article:modified_time\" content=\"2025-05-13T09:58:05+00:00\" \/>\n<meta property=\"og:image\" content=\"https:\/\/www.ayes.cz\/wp-content\/uploads\/2023\/08\/nahledovy_obrazek_sk.png\" \/>\n\t<meta property=\"og:image:width\" content=\"1200\" \/>\n\t<meta property=\"og:image:height\" content=\"628\" \/>\n\t<meta property=\"og:image:type\" content=\"image\/png\" \/>\n<meta name=\"twitter:card\" content=\"summary_large_image\" \/>\n<meta name=\"twitter:label1\" content=\"Est. reading time\" \/>\n\t<meta name=\"twitter:data1\" content=\"2 minutes\" \/>\n<script type=\"application\/ld+json\" class=\"yoast-schema-graph\">{\"@context\":\"https:\/\/schema.org\",\"@graph\":[{\"@type\":\"WebPage\",\"@id\":\"https:\/\/www.ayes.cz\/en\/school-education\/\",\"url\":\"https:\/\/www.ayes.cz\/en\/school-education\/\",\"name\":\"School Education | AYES\",\"isPartOf\":{\"@id\":\"https:\/\/www.ayes.cz\/en\/#website\"},\"datePublished\":\"2024-12-11T12:59:54+00:00\",\"dateModified\":\"2025-05-13T09:58:05+00:00\",\"description\":\"Mo\u017enost, jak digitalizovat v\u00fdrobu se u ka\u017ed\u00e9 spole\u010dnosti li\u0161\u00ed. V AYES jsme si toho v\u011bdomi, a proto z\u00e1kazn\u00edk\u016fm nab\u00edz\u00edme r\u016fzn\u00e9 \u00farovn\u011b slu\u017eeb a podpory.\",\"breadcrumb\":{\"@id\":\"https:\/\/www.ayes.cz\/en\/school-education\/#breadcrumb\"},\"inLanguage\":\"en-US\",\"potentialAction\":[{\"@type\":\"ReadAction\",\"target\":[\"https:\/\/www.ayes.cz\/en\/school-education\/\"]}]},{\"@type\":\"BreadcrumbList\",\"@id\":\"https:\/\/www.ayes.cz\/en\/school-education\/#breadcrumb\",\"itemListElement\":[{\"@type\":\"ListItem\",\"position\":1,\"name\":\"Home\",\"item\":\"https:\/\/www.ayes.cz\/en\/\"},{\"@type\":\"ListItem\",\"position\":2,\"name\":\"School Education\"}]},{\"@type\":\"WebSite\",\"@id\":\"https:\/\/www.ayes.cz\/en\/#website\",\"url\":\"https:\/\/www.ayes.cz\/en\/\",\"name\":\"AYES\",\"description\":\"Dal\u0161\u00ed web pou\u017e\u00edvaj\u00edc\u00ed WordPress\",\"publisher\":{\"@id\":\"https:\/\/www.ayes.cz\/en\/#organization\"},\"potentialAction\":[{\"@type\":\"SearchAction\",\"target\":{\"@type\":\"EntryPoint\",\"urlTemplate\":\"https:\/\/www.ayes.cz\/en\/?s={search_term_string}\"},\"query-input\":{\"@type\":\"PropertyValueSpecification\",\"valueRequired\":true,\"valueName\":\"search_term_string\"}}],\"inLanguage\":\"en-US\"},{\"@type\":\"Organization\",\"@id\":\"https:\/\/www.ayes.cz\/en\/#organization\",\"name\":\"AYES s.r.o.\",\"url\":\"https:\/\/www.ayes.cz\/en\/\",\"logo\":{\"@type\":\"ImageObject\",\"inLanguage\":\"en-US\",\"@id\":\"https:\/\/www.ayes.cz\/en\/#\/schema\/logo\/image\/\",\"url\":\"https:\/\/www.ayes.cz\/wp-content\/uploads\/2022\/10\/ayes_logo_bez_pozadi__1_-1.png\",\"contentUrl\":\"https:\/\/www.ayes.cz\/wp-content\/uploads\/2022\/10\/ayes_logo_bez_pozadi__1_-1.png\",\"width\":1148,\"height\":360,\"caption\":\"AYES s.r.o.\"},\"image\":{\"@id\":\"https:\/\/www.ayes.cz\/en\/#\/schema\/logo\/image\/\"},\"sameAs\":[\"https:\/\/www.facebook.com\/AYEStechnology\/\",\"https:\/\/www.linkedin.com\/company\/ayes3\/\"]}]}<\/script>\n<!-- \/ Yoast SEO plugin. -->","yoast_head_json":{"title":"School Education | AYES","description":"Mo\u017enost, jak digitalizovat v\u00fdrobu se u ka\u017ed\u00e9 spole\u010dnosti li\u0161\u00ed. V AYES jsme si toho v\u011bdomi, a proto z\u00e1kazn\u00edk\u016fm nab\u00edz\u00edme r\u016fzn\u00e9 \u00farovn\u011b slu\u017eeb a podpory.","robots":{"index":"index","follow":"follow","max-snippet":"max-snippet:-1","max-image-preview":"max-image-preview:large","max-video-preview":"max-video-preview:-1"},"canonical":"https:\/\/www.ayes.cz\/en\/school-education\/","og_locale":"en_US","og_type":"article","og_title":"School Education | AYES","og_description":"Mo\u017enost, jak digitalizovat v\u00fdrobu se u ka\u017ed\u00e9 spole\u010dnosti li\u0161\u00ed. V AYES jsme si toho v\u011bdomi, a proto z\u00e1kazn\u00edk\u016fm nab\u00edz\u00edme r\u016fzn\u00e9 \u00farovn\u011b slu\u017eeb a podpory.","og_url":"https:\/\/www.ayes.cz\/en\/school-education\/","og_site_name":"AYES","article_publisher":"https:\/\/www.facebook.com\/AYEStechnology\/","article_modified_time":"2025-05-13T09:58:05+00:00","og_image":[{"width":1200,"height":628,"url":"https:\/\/www.ayes.cz\/wp-content\/uploads\/2023\/08\/nahledovy_obrazek_sk.png","type":"image\/png"}],"twitter_card":"summary_large_image","twitter_misc":{"Est. reading time":"2 minutes"},"schema":{"@context":"https:\/\/schema.org","@graph":[{"@type":"WebPage","@id":"https:\/\/www.ayes.cz\/en\/school-education\/","url":"https:\/\/www.ayes.cz\/en\/school-education\/","name":"School Education | AYES","isPartOf":{"@id":"https:\/\/www.ayes.cz\/en\/#website"},"datePublished":"2024-12-11T12:59:54+00:00","dateModified":"2025-05-13T09:58:05+00:00","description":"Mo\u017enost, jak digitalizovat v\u00fdrobu se u ka\u017ed\u00e9 spole\u010dnosti li\u0161\u00ed. V AYES jsme si toho v\u011bdomi, a proto z\u00e1kazn\u00edk\u016fm nab\u00edz\u00edme r\u016fzn\u00e9 \u00farovn\u011b slu\u017eeb a podpory.","breadcrumb":{"@id":"https:\/\/www.ayes.cz\/en\/school-education\/#breadcrumb"},"inLanguage":"en-US","potentialAction":[{"@type":"ReadAction","target":["https:\/\/www.ayes.cz\/en\/school-education\/"]}]},{"@type":"BreadcrumbList","@id":"https:\/\/www.ayes.cz\/en\/school-education\/#breadcrumb","itemListElement":[{"@type":"ListItem","position":1,"name":"Home","item":"https:\/\/www.ayes.cz\/en\/"},{"@type":"ListItem","position":2,"name":"School Education"}]},{"@type":"WebSite","@id":"https:\/\/www.ayes.cz\/en\/#website","url":"https:\/\/www.ayes.cz\/en\/","name":"AYES","description":"Dal\u0161\u00ed web pou\u017e\u00edvaj\u00edc\u00ed WordPress","publisher":{"@id":"https:\/\/www.ayes.cz\/en\/#organization"},"potentialAction":[{"@type":"SearchAction","target":{"@type":"EntryPoint","urlTemplate":"https:\/\/www.ayes.cz\/en\/?s={search_term_string}"},"query-input":{"@type":"PropertyValueSpecification","valueRequired":true,"valueName":"search_term_string"}}],"inLanguage":"en-US"},{"@type":"Organization","@id":"https:\/\/www.ayes.cz\/en\/#organization","name":"AYES s.r.o.","url":"https:\/\/www.ayes.cz\/en\/","logo":{"@type":"ImageObject","inLanguage":"en-US","@id":"https:\/\/www.ayes.cz\/en\/#\/schema\/logo\/image\/","url":"https:\/\/www.ayes.cz\/wp-content\/uploads\/2022\/10\/ayes_logo_bez_pozadi__1_-1.png","contentUrl":"https:\/\/www.ayes.cz\/wp-content\/uploads\/2022\/10\/ayes_logo_bez_pozadi__1_-1.png","width":1148,"height":360,"caption":"AYES s.r.o."},"image":{"@id":"https:\/\/www.ayes.cz\/en\/#\/schema\/logo\/image\/"},"sameAs":["https:\/\/www.facebook.com\/AYEStechnology\/","https:\/\/www.linkedin.com\/company\/ayes3\/"]}]}},"_links":{"self":[{"href":"https:\/\/www.ayes.cz\/en\/wp-json\/wp\/v2\/pages\/36914","targetHints":{"allow":["GET"]}}],"collection":[{"href":"https:\/\/www.ayes.cz\/en\/wp-json\/wp\/v2\/pages"}],"about":[{"href":"https:\/\/www.ayes.cz\/en\/wp-json\/wp\/v2\/types\/page"}],"author":[{"embeddable":true,"href":"https:\/\/www.ayes.cz\/en\/wp-json\/wp\/v2\/users\/2"}],"replies":[{"embeddable":true,"href":"https:\/\/www.ayes.cz\/en\/wp-json\/wp\/v2\/comments?post=36914"}],"version-history":[{"count":13,"href":"https:\/\/www.ayes.cz\/en\/wp-json\/wp\/v2\/pages\/36914\/revisions"}],"predecessor-version":[{"id":49571,"href":"https:\/\/www.ayes.cz\/en\/wp-json\/wp\/v2\/pages\/36914\/revisions\/49571"}],"wp:attachment":[{"href":"https:\/\/www.ayes.cz\/en\/wp-json\/wp\/v2\/media?parent=36914"}],"curies":[{"name":"wp","href":"https:\/\/api.w.org\/{rel}","templated":true}]}}