{"id":3708,"date":"2022-12-19T01:56:44","date_gmt":"2022-12-19T00:56:44","guid":{"rendered":"https:\/\/www.ayes.cz\/products\/ar3s\/"},"modified":"2024-03-20T15:44:51","modified_gmt":"2024-03-20T14:44:51","slug":"hololight-space","status":"publish","type":"page","link":"https:\/\/www.ayes.cz\/en\/products\/hololight-space\/","title":{"rendered":"Hololight Space"},"content":{"rendered":"<section class=\"l-section wpb_row us_custom_7542c662 almost-full-width product-with-moving-background height_custom\"><div class=\"l-section-h i-cf\"><div class=\"g-cols vc_row via_flex valign_top type_default stacking_default\"><div class=\"vc_col-sm-12 wpb_column vc_column_container\"><div class=\"vc_column-inner\"><div class=\"wpb_wrapper\"><div class=\"w-separator size_medium\"><\/div><h1 class=\"w-post-elm post_title entry-title color_link_inherit\">Hololight Space<\/h1><div class=\"w-separator size_huge\"><\/div><div class=\"g-cols wpb_row us_custom_f2eec366 via_flex valign_middle type_default stacking_default\"><div class=\"vc_col-sm-12 wpb_column vc_column_container\"><div class=\"vc_column-inner\"><div class=\"wpb_wrapper\"><div class=\"w-image us_custom_925e745f product align_center\"><div class=\"w-image-h\"><img decoding=\"async\" width=\"600\" height=\"450\" src=\"https:\/\/www.ayes.cz\/wp-content\/uploads\/2024\/03\/holo-light-space-logo-1.png\" class=\"attachment-full size-full\" alt=\"\" loading=\"lazy\" srcset=\"https:\/\/www.ayes.cz\/wp-content\/uploads\/2024\/03\/holo-light-space-logo-1.png 600w, https:\/\/www.ayes.cz\/wp-content\/uploads\/2024\/03\/holo-light-space-logo-1-300x225.png 300w\" sizes=\"auto, (max-width: 600px) 100vw, 600px\" \/><\/div><\/div><\/div><\/div><\/div><\/div><\/div><\/div><\/div><\/div><\/div><\/section><section class=\"l-section wpb_row height_auto\"><div class=\"l-section-h i-cf\"><div class=\"g-cols vc_row via_flex valign_top type_default stacking_default\"><div class=\"vc_col-sm-12 wpb_column vc_column_container\"><div class=\"vc_column-inner\"><div class=\"wpb_wrapper\"><div class=\"w-btn-wrapper align_center\"><a class=\"w-btn us-btn-style_3 Popup-poptavka-wrapper spu-open-3429\" href=\".\/\"><span class=\"w-btn-label\">Enquire Now<\/span><\/a><\/div><\/div><\/div><\/div><\/div><\/div><\/section><section class=\"l-section wpb_row tabs height_custom\"><div class=\"l-section-h i-cf\"><div class=\"g-cols vc_row via_flex valign_top type_default stacking_default\"><div class=\"vc_col-sm-12 wpb_column vc_column_container\"><div class=\"vc_column-inner us_custom_503f27e6\"><div class=\"wpb_wrapper\"><div class=\"w-tabs layout_hor style_default switch_click has_scrolling\" style=\"--sections-title-size:1em\"><div class=\"w-tabs-list items_3 align_none\"><div class=\"w-tabs-list-h\"><button class=\"w-tabs-item active\" aria-controls=\"content-m4e7\" aria-expanded=\"false\"><span class=\"w-tabs-item-title\">Detail<\/span><\/button><button class=\"w-tabs-item\" aria-controls=\"content-hede\" aria-expanded=\"false\"><span class=\"w-tabs-item-title\">Related products<\/span><\/button><button class=\"w-tabs-item\" aria-controls=\"content-a65e\" aria-expanded=\"false\"><span class=\"w-tabs-item-title\">Success stories<\/span><\/button><\/div><\/div><div class=\"w-tabs-sections titles-align_none icon_chevron cpos_right\"><div class=\"w-tabs-section active\" id=\"m4e7\"><button class=\"w-tabs-section-header active\" aria-controls=\"content-m4e7\" aria-expanded=\"true\"><div class=\"w-tabs-section-title\">Detail<\/div><div class=\"w-tabs-section-control\"><\/div><\/button><div  class=\"w-tabs-section-content\" id=\"content-m4e7\"><div class=\"w-tabs-section-content-h i-cf\"><div class=\"wpb_text_column\"><div class=\"wpb_wrapper\"><p>Hololight Space allows engineers to visualize and work with 3D CAD data in augmented reality and mixed reality. Not only to manage the visualization of 3D CAD data, it also allows engineers and industrial designers to view, interact and share visualizations of 3D CAD data with others in real time. This takes prototyping, production planning, quality control and technical education (training) to the next level.<\/p>\n<p>Simply load your files and work on your 3D models displayed as holograms in real space. From creating cross-sections to highlighting product parts to breaking them down into individual parts; all CAD file components are at your disposal. There is no need to prepare (resize, etc.) the 3D CAD data before uploading. The software supports all commonly available file formats (CATpart, STEP, JT, OBJ, FBX, etc.) from any CAD software (Catia, Solidworks, Siemens, Autodesk).<\/p>\n<\/div><\/div><div class=\"w-separator size_medium\"><\/div><div class=\"g-cols wpb_row via_flex valign_top type_default stacking_default\"><div class=\"vc_col-sm-12 wpb_column vc_column_container\"><div class=\"vc_column-inner\"><div class=\"wpb_wrapper\"><h2 class=\"w-text\"><span class=\"w-text-h\"><span class=\"w-text-value\">Solutions of software Hololight Space<\/span><\/span><\/h2><div class=\"w-separator size_custom\" style=\"height:1rem\"><\/div><\/div><\/div><\/div><\/div><div class=\"g-cols wpb_row via_flex valign_middle type_default stacking_default\"><div class=\"vc_col-sm-6 wpb_column vc_column_container\"><div class=\"vc_column-inner\"><div class=\"wpb_wrapper\"><div class=\"w-image has_ratio align_none\"><div class=\"w-image-h\"><div style=\"padding-bottom:56.25%\"><\/div><img decoding=\"async\" width=\"900\" height=\"425\" src=\"https:\/\/www.ayes.cz\/wp-content\/uploads\/2022\/12\/3D-vizualizace-dat-v-prostoru.png\" class=\"attachment-large size-large\" alt=\"\" loading=\"lazy\" \/><\/div><\/div><\/div><\/div><\/div><div class=\"vc_col-sm-6 wpb_column vc_column_container\"><div class=\"vc_column-inner\"><div class=\"wpb_wrapper\"><div class=\"w-vwrapper us_custom_c8a6dcc3 align_none valign_bottom\"><div class=\"wpb_text_column\"><div class=\"wpb_wrapper\"><h4><a href=\"https:\/\/www.ayes.cz\/en\/3d-data-visualization\/\"><span class=\"TextRun SCXW201888756 BCX0\" lang=\"CS-CZ\" xml:lang=\"CS-CZ\" data-contrast=\"none\"><span class=\"NormalTextRun SCXW201888756 BCX0\" data-ccp-parastyle=\"Default\" data-ccp-parastyle-defn=\"{&quot;ObjectId&quot;:&quot;c2d55f62-c557-4a2d-babc-109b6b7ffcb2|51&quot;,&quot;ClassId&quot;:1073872969,&quot;Properties&quot;:&#091;469775450,&quot;Default&quot;,201340122,&quot;2&quot;,134233614,&quot;true&quot;,469778129,&quot;Default&quot;,335572020,&quot;1&quot;,201342448,&quot;3&quot;,469777841,&quot;Roboto Light&quot;,469777842,&quot;Roboto Light&quot;,469777843,&quot;&quot;,469777844,&quot;Roboto Light&quot;,469769226,&quot;Roboto Light&quot;,335551500,&quot;0&quot;,268442635,&quot;24&quot;,335559740,&quot;259&quot;,201341983,&quot;0&quot;,335559739,&quot;0&quot;,469778324,&quot;Normal&quot;&#093;}\">3D data visualization\u00a0<\/span><\/span><\/a><\/h4>\n<h5>for accurate and efficient work in the real world or virtual reality<\/h5>\n<\/div><\/div><div class=\"w-text icon_atleft\"><span class=\"w-text-h\"><i class=\"far fa-chevron-right\"><\/i><span class=\"w-text-value\">Visualization of 3D CAD models in a real world<\/span><\/span><\/div><div class=\"w-text icon_atleft\"><span class=\"w-text-h\"><i class=\"far fa-chevron-right\"><\/i><span class=\"w-text-value\">Working with full model structure<\/span><\/span><\/div><div class=\"w-text icon_atleft\"><span class=\"w-text-h\"><i class=\"far fa-chevron-right\"><\/i><span class=\"w-text-value\">Training with digital models<\/span><\/span><\/div><div class=\"w-text icon_atleft\"><span class=\"w-text-h\"><i class=\"far fa-chevron-right\"><\/i><span class=\"w-text-value\">Control of ergonomics and safety of machines<\/span><\/span><\/div><div class=\"w-text icon_atleft\"><span class=\"w-text-h\"><i class=\"far fa-chevron-right\"><\/i><span class=\"w-text-value\">Increase productivity in machine design and prototyping<\/span><\/span><\/div><div class=\"w-text icon_atleft\"><span class=\"w-text-h\"><i class=\"far fa-chevron-right\"><\/i><span class=\"w-text-value\">Improved design error detection through real-size visualization<\/span><\/span><\/div><div class=\"w-text icon_atleft\"><span class=\"w-text-h\"><i class=\"far fa-chevron-right\"><\/i><span class=\"w-text-value\">Sales &amp; marketing support<\/span><\/span><\/div><div class=\"w-btn-wrapper align_center\"><a class=\"w-btn us-btn-style_3\" href=\"https:\/\/www.ayes.cz\/en\/3d-data-visualization\/\"><span class=\"w-btn-label\">More info<\/span><\/a><\/div><\/div><\/div><\/div><\/div><\/div><\/div><\/div><\/div><div class=\"w-tabs-section\" id=\"hede\"><button class=\"w-tabs-section-header\" aria-controls=\"content-hede\" aria-expanded=\"false\"><div class=\"w-tabs-section-title\">Related products<\/div><div class=\"w-tabs-section-control\"><\/div><\/button><div  class=\"w-tabs-section-content\" id=\"content-hede\"><div class=\"w-tabs-section-content-h i-cf\"><div class=\"wpb_text_column\"><div class=\"wpb_wrapper\"><h4>Related products<\/h4>\n<\/div><\/div><div class=\"w-separator size_small\"><\/div><div class=\"w-grid custom-carousel type_carousel layout_532 items_4\" id=\"us_grid_1\" style=\"--items:4;--gap:30px;\"><style>.layout_532 .w-grid-item-h{}.layout_532 .usg_post_image_1{margin:auto!important}.layout_532 .usg_post_title_1{font-size:20px!important;min-height:2.5em!important;margin-top:1rem!important;margin-bottom:1rem!important;padding-left:1rem!important}.layout_532 .usg_vwrapper_1{background:#ffffff!important}.layout_532 .usg_vwrapper_2{padding:1rem!important;background:#ffffff!important}.layout_532 .usg_vwrapper_3{position:absolute!important;left:0!important;top:0!important;bottom:0!important;right:0!important;z-index:2!important;padding:2rem 1.5rem 2rem 1.5rem!important}.layout_532 .usg_post_title_2{color:#ffffff!important;font-weight:700!important}.layout_532 .usg_post_custom_field_1{color:#ffffff!important;font-size:16px!important;line-height:1.3!important}.layout_532 .usg_btn_1{max-width:190px!important;margin-left:auto!important;margin-top:1rem!important;margin-right:auto!important;position:absolute!important;left:0!important;bottom:2rem!important;right:0!important}<\/style><div class=\"w-grid-list owl-carousel valign_middle dotstyle_circle navstyle_circle navpos_outside owl-responsive-2000 with_dots with_arrows\" style=\"--transition-duration:350ms;--arrows-size:3rem;\">\t<article class=\"w-grid-item post-3571 page type-page status-publish has-post-thumbnail hentry\" data-id=\"3571\">\r\n\t\t<div class=\"w-grid-item-h\">\r\n\t\t\t\t\t\t<div class=\"w-vwrapper usg_vwrapper_1 align_none valign_top\"><div class=\"w-vwrapper usg_vwrapper_2 align_center valign_middle\"><div class=\"w-post-elm post_image usg_post_image_1 stretched\"><a href=\"https:\/\/www.ayes.cz\/en\/products\/microsoft-hololens-2\/\" aria-label=\"Microsoft HoloLens 2\"><img loading=\"lazy\" decoding=\"async\" width=\"600\" height=\"450\" src=\"https:\/\/www.ayes.cz\/wp-content\/uploads\/2022\/12\/HoloLens2-1.png\" class=\"attachment-large size-large wp-post-image\" alt=\"\" srcset=\"https:\/\/www.ayes.cz\/wp-content\/uploads\/2022\/12\/HoloLens2-1.png 600w, https:\/\/www.ayes.cz\/wp-content\/uploads\/2022\/12\/HoloLens2-1-300x225.png 300w\" sizes=\"auto, (max-width: 600px) 100vw, 600px\" \/><\/a><\/div><\/div><h4 class=\"w-post-elm post_title usg_post_title_1 custom-carousel-item-heading entry-title color_link_inherit\"><a href=\"https:\/\/www.ayes.cz\/en\/products\/microsoft-hololens-2\/\">Microsoft HoloLens 2<\/a><\/h4><\/div><div class=\"w-vwrapper usg_vwrapper_3 custom-carousel-item align_none valign_top\"><span class=\"w-post-elm post_title usg_post_title_2 has_text_color entry-title color_link_inherit\"><a href=\"https:\/\/www.ayes.cz\/en\/products\/microsoft-hololens-2\/\">Microsoft HoloLens 2<\/a><\/span><div class=\"w-post-elm post_custom_field usg_post_custom_field_1 has_text_color type_text text_in_products_view color_link_inherit\"><span class=\"w-post-elm-value\">Microsoft HoloLens 2 offer the most comfortable and immersive mixed reality experience currently available on the market.<\/span><\/div><a class=\"w-btn us-btn-style_4 usg_btn_1\" href=\"https:\/\/www.ayes.cz\/en\/products\/microsoft-hololens-2\/\"><span class=\"w-btn-label\">Detail<\/span><\/a><\/div>\t\t<\/div>\r\n\t\t\t<\/article>\r\n<\/div>\t<div class=\"g-preloader type_1\">\r\n\t\t<div><\/div>\r\n\t<\/div>\r\n\t\t<div class=\"w-grid-json hidden\" onclick='return {&quot;action&quot;:&quot;us_ajax_grid&quot;,&quot;infinite_scroll&quot;:0,&quot;max_num_pages&quot;:1,&quot;pagination&quot;:&quot;none&quot;,&quot;template_vars&quot;:{&quot;columns&quot;:&quot;&quot;,&quot;exclude_items&quot;:&quot;none&quot;,&quot;img_size&quot;:&quot;default&quot;,&quot;ignore_items_size&quot;:0,&quot;items_layout&quot;:&quot;532&quot;,&quot;items_offset&quot;:&quot;0px&quot;,&quot;load_animation&quot;:&quot;none&quot;,&quot;overriding_link&quot;:&quot;{\\&quot;url\\&quot;:\\&quot;\\&quot;}&quot;,&quot;post_id&quot;:0,&quot;query_args&quot;:{&quot;ignore_sticky_posts&quot;:1,&quot;post_type&quot;:&quot;any&quot;,&quot;post__in&quot;:[&quot;765&quot;],&quot;posts_per_page&quot;:&quot;10&quot;},&quot;orderby_query_args&quot;:{&quot;orderby&quot;:&quot;custom_field_num&quot;,&quot;meta_key&quot;:&quot;order_number_in_products_view&quot;,&quot;order&quot;:&quot;ASC&quot;},&quot;type&quot;:&quot;carousel&quot;,&quot;us_grid_post_type&quot;:&quot;ids&quot;,&quot;us_grid_ajax_index&quot;:1,&quot;us_grid_filter_query_string&quot;:null,&quot;us_grid_index&quot;:1,&quot;page_args&quot;:[],&quot;lang&quot;:&quot;en&quot;},&quot;carousel_settings&quot;:{&quot;aria_labels&quot;:{&quot;prev&quot;:&quot;Previous&quot;,&quot;next&quot;:&quot;Next&quot;},&quot;autoplayContinual&quot;:false,&quot;autoplayHoverPause&quot;:false,&quot;autoplayTimeout&quot;:3000,&quot;autoWidth&quot;:false,&quot;smartSpeed&quot;:350,&quot;margin&quot;:0,&quot;mouseDrag&quot;:true,&quot;rtl&quot;:false,&quot;slideBy&quot;:&quot;1&quot;,&quot;touchDrag&quot;:true,&quot;slideTransition&quot;:&quot;&quot;,&quot;responsive&quot;:{&quot;0&quot;:{&quot;autoHeight&quot;:false,&quot;autoplay&quot;:true,&quot;autoWidth&quot;:false,&quot;center&quot;:false,&quot;dots&quot;:true,&quot;items&quot;:1,&quot;loop&quot;:false,&quot;nav&quot;:false,&quot;stagePadding&quot;:0,&quot;slideBy&quot;:&quot;1&quot;},&quot;768&quot;:{&quot;autoHeight&quot;:false,&quot;autoplay&quot;:true,&quot;autoWidth&quot;:false,&quot;center&quot;:false,&quot;dots&quot;:true,&quot;items&quot;:2,&quot;loop&quot;:false,&quot;nav&quot;:true,&quot;stagePadding&quot;:0,&quot;slideBy&quot;:&quot;1&quot;},&quot;1026&quot;:{&quot;autoHeight&quot;:false,&quot;autoplay&quot;:true,&quot;autoWidth&quot;:false,&quot;center&quot;:false,&quot;dots&quot;:true,&quot;items&quot;:3,&quot;loop&quot;:false,&quot;nav&quot;:true,&quot;stagePadding&quot;:0,&quot;slideBy&quot;:&quot;1&quot;},&quot;1561&quot;:{&quot;items&quot;:4,&quot;autoplay&quot;:false,&quot;center&quot;:false,&quot;dots&quot;:true,&quot;nav&quot;:true,&quot;autoHeight&quot;:false,&quot;autoWidth&quot;:false,&quot;loop&quot;:false,&quot;stagePadding&quot;:0}}}}'><\/div>\r\n\t<\/div><\/div><\/div><\/div><div class=\"w-tabs-section\" id=\"a65e\"><button class=\"w-tabs-section-header\" aria-controls=\"content-a65e\" aria-expanded=\"false\"><div class=\"w-tabs-section-title\">Success stories<\/div><div class=\"w-tabs-section-control\"><\/div><\/button><div  class=\"w-tabs-section-content\" id=\"content-a65e\"><div class=\"w-tabs-section-content-h i-cf\"><div class=\"wpb_text_column\"><div class=\"wpb_wrapper\"><h4>Success stories<\/h4>\n<\/div><\/div><div class=\"w-separator size_medium\"><\/div><div class=\"g-cols wpb_row via_flex valign_top type_default stacking_default\"><div class=\"vc_col-sm-4 wpb_column vc_column_container\"><div class=\"vc_column-inner\"><div class=\"wpb_wrapper\"><div class=\"w-video align_center ratio_16x9 has_iframe\"><div class=\"w-video-h\"><iframe title=\"Youtube video player\" src=\"\/\/www.youtube.com\/embed\/JA7pixCQCCw?autoplay=0&controls=1&origin=https:\/\/www.ayes.cz\/en\/&loop=0&mute=0\" allowfullscreen=\"1\" loading=\"lazy\"><\/iframe><\/div><div class=\"w-video-icon\" style=\"font-size:1.5rem;background:rgba(0,0,0,0.5);color:#fff\"><\/div><\/div><\/div><\/div><\/div><div class=\"vc_col-sm-4 wpb_column vc_column_container\"><div class=\"vc_column-inner\"><div class=\"wpb_wrapper\"><\/div><\/div><\/div><div class=\"vc_col-sm-4 wpb_column vc_column_container\"><div class=\"vc_column-inner\"><div class=\"wpb_wrapper\"><\/div><\/div><\/div><\/div><div class=\"w-separator size_medium\"><\/div><\/div><\/div><\/div><\/div><\/div><\/div><\/div><\/div><\/div><\/div><\/section>\n","protected":false},"excerpt":{"rendered":"Microsoft HoloLens 2Support for HoloLens 2, including security updates will end on December 31, 2027. More informationDetailSuccess storiesTechnical specificationsRelated accessoriesDetailMicrosoft HoloLens 2 smart glasses offer the most comfortable and immersive mixed reality experience currently available on the market. This cutting-edge product brings quality, innovation and results to your work. With HoloLens 2, you can touch,...","protected":false},"author":2,"featured_media":21833,"parent":3527,"menu_order":0,"comment_status":"closed","ping_status":"closed","template":"","meta":{"_acf_changed":false,"footnotes":""},"class_list":["post-3708","page","type-page","status-publish","has-post-thumbnail","hentry"],"acf":[],"yoast_head":"<!-- This site is optimized with the Yoast SEO plugin v24.9 - https:\/\/yoast.com\/wordpress\/plugins\/seo\/ -->\n<title>Hololight Space | AYES<\/title>\n<meta name=\"description\" content=\"Hololight Space is the best software for working with 3D CAD data through smart glasses.\" \/>\n<meta name=\"robots\" content=\"index, follow, max-snippet:-1, max-image-preview:large, max-video-preview:-1\" \/>\n<link rel=\"canonical\" href=\"https:\/\/www.ayes.cz\/en\/products\/hololight-space\/\" \/>\n<meta property=\"og:locale\" content=\"en_US\" \/>\n<meta property=\"og:type\" content=\"article\" \/>\n<meta property=\"og:title\" content=\"Hololight Space | AYES\" \/>\n<meta property=\"og:description\" content=\"Hololight Space is the best software for working with 3D CAD data through smart glasses.\" \/>\n<meta property=\"og:url\" content=\"https:\/\/www.ayes.cz\/en\/products\/hololight-space\/\" \/>\n<meta property=\"og:site_name\" content=\"AYES\" \/>\n<meta property=\"article:publisher\" content=\"https:\/\/www.facebook.com\/AYEStechnology\/\" \/>\n<meta property=\"article:modified_time\" content=\"2024-03-20T14:44:51+00:00\" \/>\n<meta property=\"og:image\" content=\"https:\/\/www.ayes.cz\/wp-content\/uploads\/2024\/03\/holo-light-space-logo-1.png\" \/>\n\t<meta property=\"og:image:width\" content=\"600\" \/>\n\t<meta property=\"og:image:height\" content=\"450\" \/>\n\t<meta property=\"og:image:type\" content=\"image\/png\" \/>\n<meta name=\"twitter:card\" content=\"summary_large_image\" \/>\n<meta name=\"twitter:label1\" content=\"Est. reading time\" \/>\n\t<meta name=\"twitter:data1\" content=\"2 minutes\" \/>\n<script type=\"application\/ld+json\" class=\"yoast-schema-graph\">{\"@context\":\"https:\/\/schema.org\",\"@graph\":[{\"@type\":\"WebPage\",\"@id\":\"https:\/\/www.ayes.cz\/en\/products\/hololight-space\/\",\"url\":\"https:\/\/www.ayes.cz\/en\/products\/hololight-space\/\",\"name\":\"Hololight Space | AYES\",\"isPartOf\":{\"@id\":\"https:\/\/www.ayes.cz\/en\/#website\"},\"primaryImageOfPage\":{\"@id\":\"https:\/\/www.ayes.cz\/en\/products\/hololight-space\/#primaryimage\"},\"image\":{\"@id\":\"https:\/\/www.ayes.cz\/en\/products\/hololight-space\/#primaryimage\"},\"thumbnailUrl\":\"https:\/\/www.ayes.cz\/wp-content\/uploads\/2024\/03\/holo-light-space-logo-1.png\",\"datePublished\":\"2022-12-19T00:56:44+00:00\",\"dateModified\":\"2024-03-20T14:44:51+00:00\",\"description\":\"Hololight Space is the best software for working with 3D CAD data through smart glasses.\",\"breadcrumb\":{\"@id\":\"https:\/\/www.ayes.cz\/en\/products\/hololight-space\/#breadcrumb\"},\"inLanguage\":\"en-US\",\"potentialAction\":[{\"@type\":\"ReadAction\",\"target\":[\"https:\/\/www.ayes.cz\/en\/products\/hololight-space\/\"]}]},{\"@type\":\"ImageObject\",\"inLanguage\":\"en-US\",\"@id\":\"https:\/\/www.ayes.cz\/en\/products\/hololight-space\/#primaryimage\",\"url\":\"https:\/\/www.ayes.cz\/wp-content\/uploads\/2024\/03\/holo-light-space-logo-1.png\",\"contentUrl\":\"https:\/\/www.ayes.cz\/wp-content\/uploads\/2024\/03\/holo-light-space-logo-1.png\",\"width\":600,\"height\":450},{\"@type\":\"BreadcrumbList\",\"@id\":\"https:\/\/www.ayes.cz\/en\/products\/hololight-space\/#breadcrumb\",\"itemListElement\":[{\"@type\":\"ListItem\",\"position\":1,\"name\":\"Home\",\"item\":\"https:\/\/www.ayes.cz\/en\/\"},{\"@type\":\"ListItem\",\"position\":2,\"name\":\"Products\",\"item\":\"https:\/\/www.ayes.cz\/en\/products\/\"},{\"@type\":\"ListItem\",\"position\":3,\"name\":\"Hololight Space\"}]},{\"@type\":\"WebSite\",\"@id\":\"https:\/\/www.ayes.cz\/en\/#website\",\"url\":\"https:\/\/www.ayes.cz\/en\/\",\"name\":\"AYES\",\"description\":\"Dal\u0161\u00ed web pou\u017e\u00edvaj\u00edc\u00ed WordPress\",\"publisher\":{\"@id\":\"https:\/\/www.ayes.cz\/en\/#organization\"},\"potentialAction\":[{\"@type\":\"SearchAction\",\"target\":{\"@type\":\"EntryPoint\",\"urlTemplate\":\"https:\/\/www.ayes.cz\/en\/?s={search_term_string}\"},\"query-input\":{\"@type\":\"PropertyValueSpecification\",\"valueRequired\":true,\"valueName\":\"search_term_string\"}}],\"inLanguage\":\"en-US\"},{\"@type\":\"Organization\",\"@id\":\"https:\/\/www.ayes.cz\/en\/#organization\",\"name\":\"AYES s.r.o.\",\"url\":\"https:\/\/www.ayes.cz\/en\/\",\"logo\":{\"@type\":\"ImageObject\",\"inLanguage\":\"en-US\",\"@id\":\"https:\/\/www.ayes.cz\/en\/#\/schema\/logo\/image\/\",\"url\":\"https:\/\/www.ayes.cz\/wp-content\/uploads\/2022\/10\/ayes_logo_bez_pozadi__1_-1.png\",\"contentUrl\":\"https:\/\/www.ayes.cz\/wp-content\/uploads\/2022\/10\/ayes_logo_bez_pozadi__1_-1.png\",\"width\":1148,\"height\":360,\"caption\":\"AYES s.r.o.\"},\"image\":{\"@id\":\"https:\/\/www.ayes.cz\/en\/#\/schema\/logo\/image\/\"},\"sameAs\":[\"https:\/\/www.facebook.com\/AYEStechnology\/\",\"https:\/\/www.linkedin.com\/company\/ayes3\/\"]}]}<\/script>\n<!-- \/ Yoast SEO plugin. -->","yoast_head_json":{"title":"Hololight Space | AYES","description":"Hololight Space is the best software for working with 3D CAD data through smart glasses.","robots":{"index":"index","follow":"follow","max-snippet":"max-snippet:-1","max-image-preview":"max-image-preview:large","max-video-preview":"max-video-preview:-1"},"canonical":"https:\/\/www.ayes.cz\/en\/products\/hololight-space\/","og_locale":"en_US","og_type":"article","og_title":"Hololight Space | AYES","og_description":"Hololight Space is the best software for working with 3D CAD data through smart glasses.","og_url":"https:\/\/www.ayes.cz\/en\/products\/hololight-space\/","og_site_name":"AYES","article_publisher":"https:\/\/www.facebook.com\/AYEStechnology\/","article_modified_time":"2024-03-20T14:44:51+00:00","og_image":[{"width":600,"height":450,"url":"https:\/\/www.ayes.cz\/wp-content\/uploads\/2024\/03\/holo-light-space-logo-1.png","type":"image\/png"}],"twitter_card":"summary_large_image","twitter_misc":{"Est. reading time":"2 minutes"},"schema":{"@context":"https:\/\/schema.org","@graph":[{"@type":"WebPage","@id":"https:\/\/www.ayes.cz\/en\/products\/hololight-space\/","url":"https:\/\/www.ayes.cz\/en\/products\/hololight-space\/","name":"Hololight Space | AYES","isPartOf":{"@id":"https:\/\/www.ayes.cz\/en\/#website"},"primaryImageOfPage":{"@id":"https:\/\/www.ayes.cz\/en\/products\/hololight-space\/#primaryimage"},"image":{"@id":"https:\/\/www.ayes.cz\/en\/products\/hololight-space\/#primaryimage"},"thumbnailUrl":"https:\/\/www.ayes.cz\/wp-content\/uploads\/2024\/03\/holo-light-space-logo-1.png","datePublished":"2022-12-19T00:56:44+00:00","dateModified":"2024-03-20T14:44:51+00:00","description":"Hololight Space is the best software for working with 3D CAD data through smart glasses.","breadcrumb":{"@id":"https:\/\/www.ayes.cz\/en\/products\/hololight-space\/#breadcrumb"},"inLanguage":"en-US","potentialAction":[{"@type":"ReadAction","target":["https:\/\/www.ayes.cz\/en\/products\/hololight-space\/"]}]},{"@type":"ImageObject","inLanguage":"en-US","@id":"https:\/\/www.ayes.cz\/en\/products\/hololight-space\/#primaryimage","url":"https:\/\/www.ayes.cz\/wp-content\/uploads\/2024\/03\/holo-light-space-logo-1.png","contentUrl":"https:\/\/www.ayes.cz\/wp-content\/uploads\/2024\/03\/holo-light-space-logo-1.png","width":600,"height":450},{"@type":"BreadcrumbList","@id":"https:\/\/www.ayes.cz\/en\/products\/hololight-space\/#breadcrumb","itemListElement":[{"@type":"ListItem","position":1,"name":"Home","item":"https:\/\/www.ayes.cz\/en\/"},{"@type":"ListItem","position":2,"name":"Products","item":"https:\/\/www.ayes.cz\/en\/products\/"},{"@type":"ListItem","position":3,"name":"Hololight Space"}]},{"@type":"WebSite","@id":"https:\/\/www.ayes.cz\/en\/#website","url":"https:\/\/www.ayes.cz\/en\/","name":"AYES","description":"Dal\u0161\u00ed web pou\u017e\u00edvaj\u00edc\u00ed WordPress","publisher":{"@id":"https:\/\/www.ayes.cz\/en\/#organization"},"potentialAction":[{"@type":"SearchAction","target":{"@type":"EntryPoint","urlTemplate":"https:\/\/www.ayes.cz\/en\/?s={search_term_string}"},"query-input":{"@type":"PropertyValueSpecification","valueRequired":true,"valueName":"search_term_string"}}],"inLanguage":"en-US"},{"@type":"Organization","@id":"https:\/\/www.ayes.cz\/en\/#organization","name":"AYES s.r.o.","url":"https:\/\/www.ayes.cz\/en\/","logo":{"@type":"ImageObject","inLanguage":"en-US","@id":"https:\/\/www.ayes.cz\/en\/#\/schema\/logo\/image\/","url":"https:\/\/www.ayes.cz\/wp-content\/uploads\/2022\/10\/ayes_logo_bez_pozadi__1_-1.png","contentUrl":"https:\/\/www.ayes.cz\/wp-content\/uploads\/2022\/10\/ayes_logo_bez_pozadi__1_-1.png","width":1148,"height":360,"caption":"AYES s.r.o."},"image":{"@id":"https:\/\/www.ayes.cz\/en\/#\/schema\/logo\/image\/"},"sameAs":["https:\/\/www.facebook.com\/AYEStechnology\/","https:\/\/www.linkedin.com\/company\/ayes3\/"]}]}},"_links":{"self":[{"href":"https:\/\/www.ayes.cz\/en\/wp-json\/wp\/v2\/pages\/3708","targetHints":{"allow":["GET"]}}],"collection":[{"href":"https:\/\/www.ayes.cz\/en\/wp-json\/wp\/v2\/pages"}],"about":[{"href":"https:\/\/www.ayes.cz\/en\/wp-json\/wp\/v2\/types\/page"}],"author":[{"embeddable":true,"href":"https:\/\/www.ayes.cz\/en\/wp-json\/wp\/v2\/users\/2"}],"replies":[{"embeddable":true,"href":"https:\/\/www.ayes.cz\/en\/wp-json\/wp\/v2\/comments?post=3708"}],"version-history":[{"count":6,"href":"https:\/\/www.ayes.cz\/en\/wp-json\/wp\/v2\/pages\/3708\/revisions"}],"predecessor-version":[{"id":21848,"href":"https:\/\/www.ayes.cz\/en\/wp-json\/wp\/v2\/pages\/3708\/revisions\/21848"}],"up":[{"embeddable":true,"href":"https:\/\/www.ayes.cz\/en\/wp-json\/wp\/v2\/pages\/3527"}],"wp:featuredmedia":[{"embeddable":true,"href":"https:\/\/www.ayes.cz\/en\/wp-json\/wp\/v2\/media\/21833"}],"wp:attachment":[{"href":"https:\/\/www.ayes.cz\/en\/wp-json\/wp\/v2\/media?parent=3708"}],"curies":[{"name":"wp","href":"https:\/\/api.w.org\/{rel}","templated":true}]}}