{"id":3717,"date":"2023-01-10T11:26:19","date_gmt":"2023-01-10T10:26:19","guid":{"rendered":"https:\/\/www.ayes.cz\/products\/software-pro-logistiku\/"},"modified":"2023-01-18T09:37:15","modified_gmt":"2023-01-18T08:37:15","slug":"software-for-logistics","status":"publish","type":"page","link":"https:\/\/www.ayes.cz\/en\/products\/software-for-logistics\/","title":{"rendered":"Software for Logistics"},"content":{"rendered":"<section class=\"l-section wpb_row height_custom\"><div class=\"l-section-h i-cf\"><div class=\"g-cols vc_row via_flex valign_top type_default stacking_default\"><div class=\"vc_col-sm-12 wpb_column vc_column_container\"><div class=\"vc_column-inner\"><div class=\"wpb_wrapper\">[vc_custom_heading text=&#8221;Software for Logistics&#8221; font_container=&#8221;tag:h1|text_align:center&#8221; use_theme_fonts=&#8221;yes&#8221;]<div class=\"wpb_text_column us_custom_d2703943\"><div class=\"wpb_wrapper\"><p style=\"text-align: center;\">There is already a large amount of software on the market that is used in the field of logistics. We provide easy integration with SAP or other commonly used ERP and WMS systems.<\/p>\n<\/div><\/div><\/div><\/div><\/div><\/div><\/div><\/section><section class=\"l-section wpb_row us_custom_e343dda7 almost-full-width height_custom\"><div class=\"l-section-h i-cf\"><div class=\"g-cols vc_row via_flex valign_top type_default stacking_default\"><div class=\"vc_col-sm-3\/5 wpb_column vc_column_container\"><div class=\"vc_column-inner\"><div class=\"wpb_wrapper\"><h2 class=\"w-text\"><span class=\"w-text-h\"><span class=\"w-text-value\">SAP<\/span><\/span><\/h2><div class=\"wpb_text_column\"><div class=\"wpb_wrapper\"><p>SAP is the leader in enterprise application software in helping companies of all sizes and in all industries perform better by redefining ERP and creating smart business networks that deliver transparency, resilience and sustainability across supply chains.<\/p>\n<p>At AYES, we can easily display data and customize the functionalities and interface of a WMS into a pair of glasses or any device.<\/p>\n<\/div><\/div><div class=\"w-separator size_medium\"><\/div><div class=\"w-btn-wrapper align_none\"><a class=\"w-btn us-btn-style_3 Popup-poptavka-wrapper spu-open-3429\" href=\".\/\"><span class=\"w-btn-label\">Enquire Now<\/span><\/a><\/div><\/div><\/div><\/div><div class=\"vc_col-sm-2\/5 wpb_column vc_column_container\"><div class=\"vc_column-inner\"><div class=\"wpb_wrapper\"><div class=\"w-image align_none\"><div class=\"w-image-h\"><img decoding=\"async\" width=\"1024\" height=\"1024\" src=\"https:\/\/www.ayes.cz\/wp-content\/uploads\/2023\/01\/logoSAP.svg\" class=\"attachment-large size-large\" alt=\"\" loading=\"lazy\" \/><\/div><\/div><\/div><\/div><\/div><\/div><\/div><\/section><section class=\"l-section wpb_row us_custom_bcbe1a9a height_medium\"><div class=\"l-section-h i-cf\"><div class=\"g-cols vc_row via_flex valign_top type_default stacking_default\"><div class=\"vc_col-sm-6 wpb_column vc_column_container\"><div class=\"vc_column-inner us_custom_dcf842da\"><div class=\"wpb_wrapper\"><div class=\"wpb_text_column\"><div class=\"wpb_wrapper\"><h2>How does it work?<\/h2>\n<p>Employees receive warehouse orders directly into their smart glasses from SAP\/WMS and completed tasks can be synchronized in real time back into SAP.<\/p>\n<p>Warehouse orders can also be dynamically sent to workers to respond immediately to sales order changes. Data is transferred back to SAP in real time to allow for continuous verification and process optimization.<\/p>\n<p>The glasses can be connected to other devices such as scanning rings to speed up process and make scanning individual items comfortable.<\/p>\n<\/div><\/div><\/div><\/div><\/div><div class=\"vc_col-sm-6 wpb_column vc_column_container\"><div class=\"vc_column-inner us_custom_1e133a3a\"><div class=\"wpb_wrapper\"><div class=\"g-cols wpb_row us_custom_fe45003f via_flex valign_top type_default stacking_default\"><div class=\"vc_col-sm-12 wpb_column vc_column_container\"><div class=\"vc_column-inner us_custom_aa92d13c\"><div class=\"wpb_wrapper\"><div class=\"wpb_text_column\"><div class=\"wpb_wrapper\"><h2><span class=\"NormalTextRun SCXW227223611 BCX0\">Key benefits<\/span><\/h2>\n<\/div><\/div><div class=\"w-separator size_custom\" style=\"height:1.5rem\"><\/div><div class=\"w-text icon_atleft\"><span class=\"w-text-h\"><i class=\"far fa-chevron-right\"><\/i><span class=\"w-text-value\">Voice control provides hands-free working<\/span><\/span><\/div><div class=\"w-separator size_custom\" style=\"height:0.8rem\"><\/div><div class=\"w-text icon_atleft\"><span class=\"w-text-h\"><i class=\"far fa-chevron-right\"><\/i><span class=\"w-text-value\">All information visible on the display (warehouse location, product photo, quantity, product name, storage location, etc.)<\/span><\/span><\/div><div class=\"w-separator size_custom\" style=\"height:0.8rem\"><\/div><div class=\"w-text icon_atleft\"><span class=\"w-text-h\"><i class=\"far fa-chevron-right\"><\/i><span class=\"w-text-value\">Facilitating the validation process<\/span><\/span><\/div><div class=\"w-separator size_custom\" style=\"height:0.8rem\"><\/div><div class=\"w-text icon_atleft\"><span class=\"w-text-h\"><i class=\"far fa-chevron-right\"><\/i><span class=\"w-text-value\">Increased process speed and productivity<\/span><\/span><\/div><div class=\"w-separator size_custom\" style=\"height:0.8rem\"><\/div><div class=\"w-text icon_atleft\"><span class=\"w-text-h\"><i class=\"far fa-chevron-right\"><\/i><span class=\"w-text-value\">Improving data accuracy and quality<\/span><\/span><\/div><div class=\"w-separator size_custom\" style=\"height:0.8rem\"><\/div><div class=\"w-text icon_atleft\"><span class=\"w-text-h\"><i class=\"far fa-chevron-right\"><\/i><span class=\"w-text-value\">Reduction of error rate<\/span><\/span><\/div><div class=\"w-separator size_custom\" style=\"height:0.8rem\"><\/div><\/div><\/div><\/div><\/div><\/div><\/div><\/div><\/div><\/div><\/section><section class=\"l-section wpb_row us_custom_31adcb79 height_custom\"><div class=\"l-section-h i-cf\"><div class=\"g-cols vc_row via_flex valign_top type_default stacking_default\"><div class=\"vc_col-sm-12 vc_col-xs-12 wpb_column vc_column_container\"><div class=\"vc_column-inner\"><div class=\"wpb_wrapper\"><div class=\"g-cols wpb_row via_flex valign_top type_default stacking_default\"><div class=\"vc_col-sm-12 wpb_column vc_column_container\"><div class=\"vc_column-inner\"><div class=\"wpb_wrapper\">[vc_custom_heading text=&#8221;Interface example&#8221; font_container=&#8221;tag:h3|text_align:center&#8221; use_theme_fonts=&#8221;yes&#8221; css=&#8221;%7B%22default%22%3A%7B%22text-align%22%3A%22left%22%7D%7D&#8221;]<div class=\"wpb_text_column\"><div class=\"wpb_wrapper\"><p style=\"text-align: left;\">View directly into SAP<\/p>\n<\/div><\/div><\/div><\/div><\/div><\/div><div class=\"g-cols wpb_row via_flex valign_top type_default stacking_default\"><div class=\"vc_col-sm-3 wpb_column vc_column_container\"><div class=\"vc_column-inner\"><div class=\"wpb_wrapper\"><div class=\"w-separator size_small\"><\/div><div class=\"w-image align_none\"><a ref=\"magnificPopup\" href=\"https:\/\/www.ayes.cz\/wp-content\/uploads\/2023\/01\/SAP.png\" aria-label=\"SAP\" class=\"w-image-h\"><img decoding=\"async\" width=\"632\" height=\"354\" src=\"https:\/\/www.ayes.cz\/wp-content\/uploads\/2023\/01\/SAP.png\" class=\"attachment-large size-large\" alt=\"\" loading=\"lazy\" srcset=\"https:\/\/www.ayes.cz\/wp-content\/uploads\/2023\/01\/SAP.png 632w, https:\/\/www.ayes.cz\/wp-content\/uploads\/2023\/01\/SAP-300x168.png 300w, https:\/\/www.ayes.cz\/wp-content\/uploads\/2023\/01\/SAP-600x336.png 600w\" sizes=\"auto, (max-width: 632px) 100vw, 632px\" \/><\/a><\/div><\/div><\/div><\/div><div class=\"vc_col-sm-3 wpb_column vc_column_container\"><div class=\"vc_column-inner\"><div class=\"wpb_wrapper\"><div class=\"w-separator size_small\"><\/div><div class=\"w-image align_none\"><a ref=\"magnificPopup\" href=\"https:\/\/www.ayes.cz\/wp-content\/uploads\/2023\/01\/SAP2.png\" aria-label=\"SAP2\" class=\"w-image-h\"><img decoding=\"async\" width=\"987\" height=\"554\" src=\"https:\/\/www.ayes.cz\/wp-content\/uploads\/2023\/01\/SAP2.png\" class=\"attachment-large size-large\" alt=\"\" loading=\"lazy\" srcset=\"https:\/\/www.ayes.cz\/wp-content\/uploads\/2023\/01\/SAP2.png 987w, https:\/\/www.ayes.cz\/wp-content\/uploads\/2023\/01\/SAP2-300x168.png 300w, https:\/\/www.ayes.cz\/wp-content\/uploads\/2023\/01\/SAP2-600x337.png 600w\" sizes=\"auto, (max-width: 987px) 100vw, 987px\" \/><\/a><\/div><\/div><\/div><\/div><div class=\"vc_col-sm-3 wpb_column vc_column_container\"><div class=\"vc_column-inner\"><div class=\"wpb_wrapper\"><div class=\"w-separator size_small\"><\/div><div class=\"w-image align_none\"><a ref=\"magnificPopup\" href=\"https:\/\/www.ayes.cz\/wp-content\/uploads\/2023\/01\/Obrazek6.jpg\" aria-label=\"Obr\u00e1zek6\" class=\"w-image-h\"><img decoding=\"async\" width=\"369\" height=\"210\" src=\"https:\/\/www.ayes.cz\/wp-content\/uploads\/2023\/01\/Obrazek6.jpg\" class=\"attachment-large size-large\" alt=\"\" loading=\"lazy\" srcset=\"https:\/\/www.ayes.cz\/wp-content\/uploads\/2023\/01\/Obrazek6.jpg 369w, https:\/\/www.ayes.cz\/wp-content\/uploads\/2023\/01\/Obrazek6-300x171.jpg 300w\" sizes=\"auto, (max-width: 369px) 100vw, 369px\" \/><\/a><\/div><\/div><\/div><\/div><div class=\"vc_col-sm-3 wpb_column vc_column_container\"><div class=\"vc_column-inner\"><div class=\"wpb_wrapper\"><div class=\"w-separator size_small\"><\/div><div class=\"w-image align_none\"><a ref=\"magnificPopup\" href=\"https:\/\/www.ayes.cz\/wp-content\/uploads\/2023\/01\/SAP5.jpg\" aria-label=\"SAP5\" class=\"w-image-h\"><img decoding=\"async\" width=\"369\" height=\"210\" src=\"https:\/\/www.ayes.cz\/wp-content\/uploads\/2023\/01\/SAP5.jpg\" class=\"attachment-large size-large\" alt=\"\" loading=\"lazy\" srcset=\"https:\/\/www.ayes.cz\/wp-content\/uploads\/2023\/01\/SAP5.jpg 369w, https:\/\/www.ayes.cz\/wp-content\/uploads\/2023\/01\/SAP5-300x171.jpg 300w\" sizes=\"auto, (max-width: 369px) 100vw, 369px\" \/><\/a><\/div><\/div><\/div><\/div><\/div><div class=\"w-separator size_medium\"><\/div><\/div><\/div><\/div><\/div><\/div><\/section>\n","protected":false},"excerpt":{"rendered":"[vc_custom_heading text=\"Software for Logistics\" font_container=\"tag:h1|text_align:center\" use_theme_fonts=\"yes\"] There is already a large amount of software on the market that is used in the field of logistics. We provide easy integration with SAP or other commonly used ERP and WMS systems. SAPSAP is the leader in enterprise application software in helping companies of all sizes and in...","protected":false},"author":2,"featured_media":3220,"parent":3527,"menu_order":0,"comment_status":"closed","ping_status":"closed","template":"","meta":{"_acf_changed":false,"footnotes":""},"class_list":["post-3717","page","type-page","status-publish","has-post-thumbnail","hentry"],"acf":[],"yoast_head":"<!-- This site is optimized with the Yoast SEO plugin v24.9 - https:\/\/yoast.com\/wordpress\/plugins\/seo\/ -->\n<title>Software for Logistics | AYES<\/title>\n<meta name=\"description\" content=\"We provide easy integration with SAP or other commonly used ERP and WMS systems.\" \/>\n<meta name=\"robots\" content=\"index, follow, max-snippet:-1, max-image-preview:large, max-video-preview:-1\" \/>\n<link rel=\"canonical\" href=\"https:\/\/www.ayes.cz\/en\/products\/software-for-logistics\/\" \/>\n<meta property=\"og:locale\" content=\"en_US\" \/>\n<meta property=\"og:type\" content=\"article\" \/>\n<meta property=\"og:title\" content=\"Software for Logistics | AYES\" \/>\n<meta property=\"og:description\" content=\"We provide easy integration with SAP or other commonly used ERP and WMS systems.\" \/>\n<meta property=\"og:url\" content=\"https:\/\/www.ayes.cz\/en\/products\/software-for-logistics\/\" \/>\n<meta property=\"og:site_name\" content=\"AYES\" \/>\n<meta property=\"article:publisher\" content=\"https:\/\/www.facebook.com\/AYEStechnology\/\" \/>\n<meta property=\"article:modified_time\" content=\"2023-01-18T08:37:15+00:00\" \/>\n<meta property=\"og:image\" content=\"https:\/\/www.ayes.cz\/wp-content\/uploads\/2023\/01\/SAP-1.png\" \/>\n\t<meta property=\"og:image:width\" content=\"600\" \/>\n\t<meta property=\"og:image:height\" content=\"450\" \/>\n\t<meta property=\"og:image:type\" content=\"image\/png\" \/>\n<meta name=\"twitter:card\" content=\"summary_large_image\" \/>\n<meta name=\"twitter:label1\" content=\"Est. reading time\" \/>\n\t<meta name=\"twitter:data1\" content=\"2 minutes\" \/>\n<script type=\"application\/ld+json\" class=\"yoast-schema-graph\">{\"@context\":\"https:\/\/schema.org\",\"@graph\":[{\"@type\":\"WebPage\",\"@id\":\"https:\/\/www.ayes.cz\/en\/products\/software-for-logistics\/\",\"url\":\"https:\/\/www.ayes.cz\/en\/products\/software-for-logistics\/\",\"name\":\"Software for Logistics | AYES\",\"isPartOf\":{\"@id\":\"https:\/\/www.ayes.cz\/en\/#website\"},\"primaryImageOfPage\":{\"@id\":\"https:\/\/www.ayes.cz\/en\/products\/software-for-logistics\/#primaryimage\"},\"image\":{\"@id\":\"https:\/\/www.ayes.cz\/en\/products\/software-for-logistics\/#primaryimage\"},\"thumbnailUrl\":\"https:\/\/www.ayes.cz\/wp-content\/uploads\/2023\/01\/SAP-1-e1731574574793.png\",\"datePublished\":\"2023-01-10T10:26:19+00:00\",\"dateModified\":\"2023-01-18T08:37:15+00:00\",\"description\":\"We provide easy integration with SAP or other commonly used ERP and WMS systems.\",\"breadcrumb\":{\"@id\":\"https:\/\/www.ayes.cz\/en\/products\/software-for-logistics\/#breadcrumb\"},\"inLanguage\":\"en-US\",\"potentialAction\":[{\"@type\":\"ReadAction\",\"target\":[\"https:\/\/www.ayes.cz\/en\/products\/software-for-logistics\/\"]}]},{\"@type\":\"ImageObject\",\"inLanguage\":\"en-US\",\"@id\":\"https:\/\/www.ayes.cz\/en\/products\/software-for-logistics\/#primaryimage\",\"url\":\"https:\/\/www.ayes.cz\/wp-content\/uploads\/2023\/01\/SAP-1-e1731574574793.png\",\"contentUrl\":\"https:\/\/www.ayes.cz\/wp-content\/uploads\/2023\/01\/SAP-1-e1731574574793.png\",\"width\":600,\"height\":450},{\"@type\":\"BreadcrumbList\",\"@id\":\"https:\/\/www.ayes.cz\/en\/products\/software-for-logistics\/#breadcrumb\",\"itemListElement\":[{\"@type\":\"ListItem\",\"position\":1,\"name\":\"Home\",\"item\":\"https:\/\/www.ayes.cz\/en\/\"},{\"@type\":\"ListItem\",\"position\":2,\"name\":\"Products\",\"item\":\"https:\/\/www.ayes.cz\/en\/products\/\"},{\"@type\":\"ListItem\",\"position\":3,\"name\":\"Software for Logistics\"}]},{\"@type\":\"WebSite\",\"@id\":\"https:\/\/www.ayes.cz\/en\/#website\",\"url\":\"https:\/\/www.ayes.cz\/en\/\",\"name\":\"AYES\",\"description\":\"Dal\u0161\u00ed web pou\u017e\u00edvaj\u00edc\u00ed WordPress\",\"publisher\":{\"@id\":\"https:\/\/www.ayes.cz\/en\/#organization\"},\"potentialAction\":[{\"@type\":\"SearchAction\",\"target\":{\"@type\":\"EntryPoint\",\"urlTemplate\":\"https:\/\/www.ayes.cz\/en\/?s={search_term_string}\"},\"query-input\":{\"@type\":\"PropertyValueSpecification\",\"valueRequired\":true,\"valueName\":\"search_term_string\"}}],\"inLanguage\":\"en-US\"},{\"@type\":\"Organization\",\"@id\":\"https:\/\/www.ayes.cz\/en\/#organization\",\"name\":\"AYES s.r.o.\",\"url\":\"https:\/\/www.ayes.cz\/en\/\",\"logo\":{\"@type\":\"ImageObject\",\"inLanguage\":\"en-US\",\"@id\":\"https:\/\/www.ayes.cz\/en\/#\/schema\/logo\/image\/\",\"url\":\"https:\/\/www.ayes.cz\/wp-content\/uploads\/2022\/10\/ayes_logo_bez_pozadi__1_-1.png\",\"contentUrl\":\"https:\/\/www.ayes.cz\/wp-content\/uploads\/2022\/10\/ayes_logo_bez_pozadi__1_-1.png\",\"width\":1148,\"height\":360,\"caption\":\"AYES s.r.o.\"},\"image\":{\"@id\":\"https:\/\/www.ayes.cz\/en\/#\/schema\/logo\/image\/\"},\"sameAs\":[\"https:\/\/www.facebook.com\/AYEStechnology\/\",\"https:\/\/www.linkedin.com\/company\/ayes3\/\"]}]}<\/script>\n<!-- \/ Yoast SEO plugin. -->","yoast_head_json":{"title":"Software for Logistics | AYES","description":"We provide easy integration with SAP or other commonly used ERP and WMS systems.","robots":{"index":"index","follow":"follow","max-snippet":"max-snippet:-1","max-image-preview":"max-image-preview:large","max-video-preview":"max-video-preview:-1"},"canonical":"https:\/\/www.ayes.cz\/en\/products\/software-for-logistics\/","og_locale":"en_US","og_type":"article","og_title":"Software for Logistics | AYES","og_description":"We provide easy integration with SAP or other commonly used ERP and WMS systems.","og_url":"https:\/\/www.ayes.cz\/en\/products\/software-for-logistics\/","og_site_name":"AYES","article_publisher":"https:\/\/www.facebook.com\/AYEStechnology\/","article_modified_time":"2023-01-18T08:37:15+00:00","og_image":[{"width":600,"height":450,"url":"https:\/\/www.ayes.cz\/wp-content\/uploads\/2023\/01\/SAP-1.png","type":"image\/png"}],"twitter_card":"summary_large_image","twitter_misc":{"Est. reading time":"2 minutes"},"schema":{"@context":"https:\/\/schema.org","@graph":[{"@type":"WebPage","@id":"https:\/\/www.ayes.cz\/en\/products\/software-for-logistics\/","url":"https:\/\/www.ayes.cz\/en\/products\/software-for-logistics\/","name":"Software for Logistics | AYES","isPartOf":{"@id":"https:\/\/www.ayes.cz\/en\/#website"},"primaryImageOfPage":{"@id":"https:\/\/www.ayes.cz\/en\/products\/software-for-logistics\/#primaryimage"},"image":{"@id":"https:\/\/www.ayes.cz\/en\/products\/software-for-logistics\/#primaryimage"},"thumbnailUrl":"https:\/\/www.ayes.cz\/wp-content\/uploads\/2023\/01\/SAP-1-e1731574574793.png","datePublished":"2023-01-10T10:26:19+00:00","dateModified":"2023-01-18T08:37:15+00:00","description":"We provide easy integration with SAP or other commonly used ERP and WMS systems.","breadcrumb":{"@id":"https:\/\/www.ayes.cz\/en\/products\/software-for-logistics\/#breadcrumb"},"inLanguage":"en-US","potentialAction":[{"@type":"ReadAction","target":["https:\/\/www.ayes.cz\/en\/products\/software-for-logistics\/"]}]},{"@type":"ImageObject","inLanguage":"en-US","@id":"https:\/\/www.ayes.cz\/en\/products\/software-for-logistics\/#primaryimage","url":"https:\/\/www.ayes.cz\/wp-content\/uploads\/2023\/01\/SAP-1-e1731574574793.png","contentUrl":"https:\/\/www.ayes.cz\/wp-content\/uploads\/2023\/01\/SAP-1-e1731574574793.png","width":600,"height":450},{"@type":"BreadcrumbList","@id":"https:\/\/www.ayes.cz\/en\/products\/software-for-logistics\/#breadcrumb","itemListElement":[{"@type":"ListItem","position":1,"name":"Home","item":"https:\/\/www.ayes.cz\/en\/"},{"@type":"ListItem","position":2,"name":"Products","item":"https:\/\/www.ayes.cz\/en\/products\/"},{"@type":"ListItem","position":3,"name":"Software for Logistics"}]},{"@type":"WebSite","@id":"https:\/\/www.ayes.cz\/en\/#website","url":"https:\/\/www.ayes.cz\/en\/","name":"AYES","description":"Dal\u0161\u00ed web pou\u017e\u00edvaj\u00edc\u00ed WordPress","publisher":{"@id":"https:\/\/www.ayes.cz\/en\/#organization"},"potentialAction":[{"@type":"SearchAction","target":{"@type":"EntryPoint","urlTemplate":"https:\/\/www.ayes.cz\/en\/?s={search_term_string}"},"query-input":{"@type":"PropertyValueSpecification","valueRequired":true,"valueName":"search_term_string"}}],"inLanguage":"en-US"},{"@type":"Organization","@id":"https:\/\/www.ayes.cz\/en\/#organization","name":"AYES s.r.o.","url":"https:\/\/www.ayes.cz\/en\/","logo":{"@type":"ImageObject","inLanguage":"en-US","@id":"https:\/\/www.ayes.cz\/en\/#\/schema\/logo\/image\/","url":"https:\/\/www.ayes.cz\/wp-content\/uploads\/2022\/10\/ayes_logo_bez_pozadi__1_-1.png","contentUrl":"https:\/\/www.ayes.cz\/wp-content\/uploads\/2022\/10\/ayes_logo_bez_pozadi__1_-1.png","width":1148,"height":360,"caption":"AYES s.r.o."},"image":{"@id":"https:\/\/www.ayes.cz\/en\/#\/schema\/logo\/image\/"},"sameAs":["https:\/\/www.facebook.com\/AYEStechnology\/","https:\/\/www.linkedin.com\/company\/ayes3\/"]}]}},"_links":{"self":[{"href":"https:\/\/www.ayes.cz\/en\/wp-json\/wp\/v2\/pages\/3717","targetHints":{"allow":["GET"]}}],"collection":[{"href":"https:\/\/www.ayes.cz\/en\/wp-json\/wp\/v2\/pages"}],"about":[{"href":"https:\/\/www.ayes.cz\/en\/wp-json\/wp\/v2\/types\/page"}],"author":[{"embeddable":true,"href":"https:\/\/www.ayes.cz\/en\/wp-json\/wp\/v2\/users\/2"}],"replies":[{"embeddable":true,"href":"https:\/\/www.ayes.cz\/en\/wp-json\/wp\/v2\/comments?post=3717"}],"version-history":[{"count":3,"href":"https:\/\/www.ayes.cz\/en\/wp-json\/wp\/v2\/pages\/3717\/revisions"}],"predecessor-version":[{"id":4325,"href":"https:\/\/www.ayes.cz\/en\/wp-json\/wp\/v2\/pages\/3717\/revisions\/4325"}],"up":[{"embeddable":true,"href":"https:\/\/www.ayes.cz\/en\/wp-json\/wp\/v2\/pages\/3527"}],"wp:featuredmedia":[{"embeddable":true,"href":"https:\/\/www.ayes.cz\/en\/wp-json\/wp\/v2\/media\/3220"}],"wp:attachment":[{"href":"https:\/\/www.ayes.cz\/en\/wp-json\/wp\/v2\/media?parent=3717"}],"curies":[{"name":"wp","href":"https:\/\/api.w.org\/{rel}","templated":true}]}}