{"id":3982,"date":"2022-12-21T12:52:37","date_gmt":"2022-12-21T11:52:37","guid":{"rendered":"https:\/\/www.ayes.cz\/products\/microsoft-hololens-2-prislusenstvi\/"},"modified":"2024-04-12T11:05:53","modified_gmt":"2024-04-12T09:05:53","slug":"microsoft-hololens-2-accessories","status":"publish","type":"page","link":"https:\/\/www.ayes.cz\/en\/products\/microsoft-hololens-2-accessories\/","title":{"rendered":"Microsoft HoloLens 2 accessories"},"content":{"rendered":"<section class=\"l-section wpb_row height_custom\"><div class=\"l-section-h i-cf\"><div class=\"g-cols vc_row via_flex valign_top type_default stacking_default\"><div class=\"vc_col-sm-12 wpb_column vc_column_container\"><div class=\"vc_column-inner\"><div class=\"wpb_wrapper\"><h1 class=\"w-text us_custom_eb849559\"><span class=\"w-text-h\"><span class=\"w-text-value\">Microsoft HoloLens 2 accessories<\/span><\/span><\/h1><div class=\"wpb_text_column\"><div class=\"wpb_wrapper\"><p style=\"text-align: center;\">Choose from a range of accessories for smart glasses Microsoft HoloLens 2 to enhance protection against demage or expand the use of your device.<\/p>\n<\/div><\/div><\/div><\/div><\/div><\/div><\/div><\/section><section class=\"l-section wpb_row us_custom_e343dda7 almost-full-width height_custom\" id=\"hard-hat-clips\"><div class=\"l-section-h i-cf\"><div class=\"g-cols vc_row via_flex valign_top type_default stacking_default\"><div class=\"vc_col-sm-3\/5 wpb_column vc_column_container\"><div class=\"vc_column-inner\"><div class=\"wpb_wrapper\"><h2 class=\"w-text\"><span class=\"w-text-h\"><span class=\"w-text-value\">Hard hat clips<\/span><\/span><\/h2><div class=\"wpb_text_column\"><div class=\"wpb_wrapper\"><p>A tailor-made innovative solution from AYES. Special hard hat clips allow the <a href=\"https:\/\/www.ayes.cz\/en\/products\/microsoft-hololens-2\/\">Microsoft HoloLens 2<\/a> to be used safely in the field and in environments where protective gear is required. At the same time, you reduce the risk of damage to the device itself. More information can be found <a href=\"https:\/\/www.ayes.cz\/en\/news-and-events\/articles-en\/clips-for-attaching-smart-glasses-hololens-2-to-a-safety-helmet\/\">here<\/a>.<\/p>\n<\/div><\/div><div class=\"w-separator size_medium\"><\/div><div class=\"w-btn-wrapper align_none\"><a class=\"w-btn us-btn-style_3\" id=\"Hard hat clips\" href=\"#spu-3429\"><span class=\"w-btn-label\">Enquire Now<\/span><\/a><\/div><\/div><\/div><\/div><div class=\"vc_col-sm-2\/5 wpb_column vc_column_container\"><div class=\"vc_column-inner\"><div class=\"wpb_wrapper\"><div class=\"w-video align_none ratio_16x9 has_iframe\"><div class=\"w-video-h\"><iframe title=\"Youtube video player\" src=\"\/\/www.youtube.com\/embed\/QmBDDi6dtNQ?autoplay=0&controls=1&origin=https:\/\/www.ayes.cz\/en\/&loop=0&mute=0\" allowfullscreen=\"1\" loading=\"lazy\"><\/iframe><\/div><div class=\"w-video-icon\" style=\"font-size:1.5rem;background:rgba(0,0,0,0.5);color:#fff\"><\/div><\/div><\/div><\/div><\/div><\/div><\/div><\/section><section class=\"l-section wpb_row us_custom_eeb3f56b height_custom\" id=\"safety-chin-strap\"><div class=\"l-section-h i-cf\"><div class=\"g-cols vc_row via_flex valign_top type_default reversed stacking_default\"><div class=\"vc_col-sm-2\/5 wpb_column vc_column_container\"><div class=\"vc_column-inner\"><div class=\"wpb_wrapper\"><div class=\"w-image has_ratio align_none\"><div class=\"w-image-h\"><div style=\"padding-bottom:56.25%\"><\/div><img decoding=\"async\" width=\"495\" height=\"279\" src=\"https:\/\/www.ayes.cz\/wp-content\/uploads\/2023\/01\/HoloLens_Bezpecnostni-pasek-pod-bradu.png\" class=\"attachment-large size-large\" alt=\"\" loading=\"lazy\" \/><\/div><\/div><\/div><\/div><\/div><div class=\"vc_col-sm-3\/5 wpb_column vc_column_container\"><div class=\"vc_column-inner\"><div class=\"wpb_wrapper\"><h2 class=\"w-text\"><span class=\"w-text-h\"><span class=\"w-text-value\">Safety chin strap<\/span><\/span><\/h2><div class=\"wpb_text_column\"><div class=\"wpb_wrapper\"><p>A tailor-made innovative solution from AYES. A special chin strap that can be attached to your <a href=\"https:\/\/www.ayes.cz\/en\/products\/microsoft-hololens-2\/\">Microsoft HoloLens 2<\/a> smart glasses. This will even more increase the wearing comfort for the operator while reducing the risk of damage to the device itself.<\/p>\n<\/div><\/div><div class=\"w-separator size_medium\"><\/div><div class=\"w-btn-wrapper align_none\"><a class=\"w-btn us-btn-style_3\" id=\"Safety chin strap\" href=\"#spu-3429\"><span class=\"w-btn-label\">Enquire Now<\/span><\/a><\/div><\/div><\/div><\/div><\/div><\/div><\/section><section class=\"l-section wpb_row us_custom_e343dda7 almost-full-width height_custom\" id=\"protective-carrying-case\"><div class=\"l-section-h i-cf\"><div class=\"g-cols vc_row via_flex valign_top type_default stacking_default\"><div class=\"vc_col-sm-3\/5 wpb_column vc_column_container\"><div class=\"vc_column-inner\"><div class=\"wpb_wrapper\"><h2 class=\"w-text\"><span class=\"w-text-h\"><span class=\"w-text-value\">Protective carrying case<\/span><\/span><\/h2><div class=\"wpb_text_column\"><div class=\"wpb_wrapper\"><p>A lightweight case for storage and transport of your <a href=\"https:\/\/www.ayes.cz\/en\/products\/microsoft-hololens-2\/\">Microsoft HoloLens<\/a> 2 smart glasses. The case is padded to best protect the device itself and selected accessories.<\/p>\n<\/div><\/div><div class=\"w-separator size_medium\"><\/div><div class=\"w-btn-wrapper align_none\"><a class=\"w-btn us-btn-style_3\" id=\"Protective carrying case\" href=\"#spu-3429\"><span class=\"w-btn-label\">Enquire Now<\/span><\/a><\/div><\/div><\/div><\/div><div class=\"vc_col-sm-2\/5 wpb_column vc_column_container\"><div class=\"vc_column-inner\"><div class=\"wpb_wrapper\"><div class=\"w-image align_none\"><div class=\"w-image-h\"><img decoding=\"async\" width=\"300\" height=\"300\" src=\"https:\/\/www.ayes.cz\/wp-content\/uploads\/2023\/01\/HoloLens_Ochranne-prepravni-pouzdro-300x300.png\" class=\"attachment-medium size-medium\" alt=\"\" loading=\"lazy\" srcset=\"https:\/\/www.ayes.cz\/wp-content\/uploads\/2023\/01\/HoloLens_Ochranne-prepravni-pouzdro-300x300.png 300w, https:\/\/www.ayes.cz\/wp-content\/uploads\/2023\/01\/HoloLens_Ochranne-prepravni-pouzdro-150x150.png 150w, https:\/\/www.ayes.cz\/wp-content\/uploads\/2023\/01\/HoloLens_Ochranne-prepravni-pouzdro-450x450.png 450w, https:\/\/www.ayes.cz\/wp-content\/uploads\/2023\/01\/HoloLens_Ochranne-prepravni-pouzdro.png 500w\" sizes=\"auto, (max-width: 300px) 100vw, 300px\" \/><\/div><\/div><\/div><\/div><\/div><\/div><\/div><\/section><section class=\"l-section wpb_row us_custom_eeb3f56b height_custom\" id=\"head-strap\"><div class=\"l-section-h i-cf\"><div class=\"g-cols vc_row via_flex valign_top type_default reversed stacking_default\"><div class=\"vc_col-sm-2\/5 wpb_column vc_column_container\"><div class=\"vc_column-inner\"><div class=\"wpb_wrapper\"><div class=\"w-image align_none\"><div class=\"w-image-h\"><img decoding=\"async\" width=\"960\" height=\"541\" src=\"https:\/\/www.ayes.cz\/wp-content\/uploads\/2023\/01\/HoloLens_Popruh-pres-hlavu.png\" class=\"attachment-large size-large\" alt=\"\" loading=\"lazy\" srcset=\"https:\/\/www.ayes.cz\/wp-content\/uploads\/2023\/01\/HoloLens_Popruh-pres-hlavu.png 960w, https:\/\/www.ayes.cz\/wp-content\/uploads\/2023\/01\/HoloLens_Popruh-pres-hlavu-300x169.png 300w, https:\/\/www.ayes.cz\/wp-content\/uploads\/2023\/01\/HoloLens_Popruh-pres-hlavu-600x338.png 600w\" sizes=\"auto, (max-width: 960px) 100vw, 960px\" \/><\/div><\/div><\/div><\/div><\/div><div class=\"vc_col-sm-3\/5 wpb_column vc_column_container\"><div class=\"vc_column-inner\"><div class=\"wpb_wrapper\"><h2 class=\"w-text\"><span class=\"w-text-h\"><span class=\"w-text-value\">Head strap<\/span><\/span><\/h2><div class=\"wpb_text_column\"><div class=\"wpb_wrapper\"><p>The handy head strap makes carrying the <a href=\"https:\/\/www.ayes.cz\/en\/products\/microsoft-hololens-2\/\">Microsoft HoloLens 2<\/a> smart glasses even more comfortable. Thanks to the strap, you can extend the time the user can wear the glasses continuously on the head.<\/p>\n<\/div><\/div><div class=\"w-separator size_medium\"><\/div><div class=\"w-btn-wrapper align_none\"><a class=\"w-btn us-btn-style_3\" id=\" Head strap\" href=\"#spu-3429\"><span class=\"w-btn-label\">Enquire Now<\/span><\/a><\/div><\/div><\/div><\/div><\/div><\/div><\/section><section class=\"l-section wpb_row us_custom_e343dda7 almost-full-width height_custom\" id=\"brow-pad\"><div class=\"l-section-h i-cf\"><div class=\"g-cols vc_row via_flex valign_top type_default stacking_default\"><div class=\"vc_col-sm-3\/5 wpb_column vc_column_container\"><div class=\"vc_column-inner\"><div class=\"wpb_wrapper\"><h2 class=\"w-text\"><span class=\"w-text-h\"><span class=\"w-text-value\">Brow pad<\/span><\/span><\/h2><div class=\"wpb_text_column\"><div class=\"wpb_wrapper\"><p>The brow pad can be attached magnetically to the device. To detach it, simply pull it off gently. The package contains 10 pieces.<\/p>\n<\/div><\/div><div class=\"w-separator size_medium\"><\/div><div class=\"w-btn-wrapper align_none\"><a class=\"w-btn us-btn-style_3\" id=\"Brow pad\" href=\"#spu-3429\"><span class=\"w-btn-label\">Enquire Now<\/span><\/a><\/div><\/div><\/div><\/div><div class=\"vc_col-sm-2\/5 wpb_column vc_column_container\"><div class=\"vc_column-inner\"><div class=\"wpb_wrapper\"><div class=\"w-image has_ratio align_none\"><div class=\"w-image-h\"><div style=\"padding-bottom:56.25%\"><\/div><img decoding=\"async\" width=\"960\" height=\"541\" src=\"https:\/\/www.ayes.cz\/wp-content\/uploads\/2023\/01\/HoloLens_Operka-na-celo.png\" class=\"attachment-large size-large\" alt=\"\" loading=\"lazy\" \/><\/div><\/div><\/div><\/div><\/div><\/div><\/div><\/section><section class=\"l-section wpb_row us_custom_eeb3f56b height_custom\" id=\"charger-and-usb-c-cable\"><div class=\"l-section-h i-cf\"><div class=\"g-cols vc_row via_flex valign_top type_default reversed stacking_default\"><div class=\"vc_col-sm-2\/5 wpb_column vc_column_container\"><div class=\"vc_column-inner\"><div class=\"wpb_wrapper\"><div class=\"w-image has_ratio align_none\"><div class=\"w-image-h\"><div style=\"padding-bottom:56.25%\"><\/div><img decoding=\"async\" width=\"495\" height=\"279\" src=\"https:\/\/www.ayes.cz\/wp-content\/uploads\/2023\/01\/HoloLens_Nabijecka-a-kabel-USB-C.png\" class=\"attachment-large size-large\" alt=\"\" loading=\"lazy\" \/><\/div><\/div><\/div><\/div><\/div><div class=\"vc_col-sm-3\/5 wpb_column vc_column_container\"><div class=\"vc_column-inner\"><div class=\"wpb_wrapper\"><h2 class=\"w-text\"><span class=\"w-text-h\"><span class=\"w-text-value\">Charger and USB-C cable<\/span><\/span><\/h2><div class=\"wpb_text_column\"><div class=\"wpb_wrapper\"><p>Official Microsoft charger. Connect the USB-C cable to your glasses and power adapter to charge. Can also be used to transfer data from your computer.<\/p>\n<\/div><\/div><div class=\"w-separator size_medium\"><\/div><div class=\"w-btn-wrapper align_none\"><a class=\"w-btn us-btn-style_3\" id=\"Charger and USB-C cable\" href=\"#spu-3429\"><span class=\"w-btn-label\">Enquire Now<\/span><\/a><\/div><\/div><\/div><\/div><\/div><\/div><\/section>\n","protected":false},"excerpt":{"rendered":"Microsoft HoloLens 2 accessoriesChoose from a range of accessories for smart glasses Microsoft HoloLens 2 to enhance protection against demage or expand the use of your device. Hard hat clipsA tailor-made innovative solution from AYES. Special hard hat clips allow the Microsoft HoloLens 2 to be used safely in the field and in environments where...","protected":false},"author":2,"featured_media":2685,"parent":3527,"menu_order":0,"comment_status":"closed","ping_status":"closed","template":"","meta":{"_acf_changed":false,"footnotes":""},"class_list":["post-3982","page","type-page","status-publish","has-post-thumbnail","hentry"],"acf":[],"yoast_head":"<!-- This site is optimized with the Yoast SEO plugin v24.9 - https:\/\/yoast.com\/wordpress\/plugins\/seo\/ -->\n<title>Microsoft HoloLens 2 accessories | AYES<\/title>\n<meta name=\"description\" content=\"Take advantage of the wide range of accessories for Microsoft HoloLens 2.\" \/>\n<meta name=\"robots\" content=\"index, follow, max-snippet:-1, max-image-preview:large, max-video-preview:-1\" \/>\n<link rel=\"canonical\" href=\"https:\/\/www.ayes.cz\/en\/products\/microsoft-hololens-2-accessories\/\" \/>\n<meta property=\"og:locale\" content=\"en_US\" \/>\n<meta property=\"og:type\" content=\"article\" \/>\n<meta property=\"og:title\" content=\"Microsoft HoloLens 2 accessories | AYES\" \/>\n<meta property=\"og:description\" content=\"Take advantage of the wide range of accessories for Microsoft HoloLens 2.\" \/>\n<meta property=\"og:url\" content=\"https:\/\/www.ayes.cz\/en\/products\/microsoft-hololens-2-accessories\/\" \/>\n<meta property=\"og:site_name\" content=\"AYES\" \/>\n<meta property=\"article:publisher\" content=\"https:\/\/www.facebook.com\/AYEStechnology\/\" \/>\n<meta property=\"article:modified_time\" content=\"2024-04-12T09:05:53+00:00\" \/>\n<meta property=\"og:image\" content=\"https:\/\/www.ayes.cz\/wp-content\/uploads\/2023\/01\/Microsoft_Hololens_logo-1.png\" \/>\n\t<meta property=\"og:image:width\" content=\"496\" \/>\n\t<meta property=\"og:image:height\" content=\"280\" \/>\n\t<meta property=\"og:image:type\" content=\"image\/png\" \/>\n<meta name=\"twitter:card\" content=\"summary_large_image\" \/>\n<meta name=\"twitter:label1\" content=\"Est. reading time\" \/>\n\t<meta name=\"twitter:data1\" content=\"2 minutes\" \/>\n<script type=\"application\/ld+json\" class=\"yoast-schema-graph\">{\"@context\":\"https:\/\/schema.org\",\"@graph\":[{\"@type\":\"WebPage\",\"@id\":\"https:\/\/www.ayes.cz\/en\/products\/microsoft-hololens-2-accessories\/\",\"url\":\"https:\/\/www.ayes.cz\/en\/products\/microsoft-hololens-2-accessories\/\",\"name\":\"Microsoft HoloLens 2 accessories | AYES\",\"isPartOf\":{\"@id\":\"https:\/\/www.ayes.cz\/en\/#website\"},\"primaryImageOfPage\":{\"@id\":\"https:\/\/www.ayes.cz\/en\/products\/microsoft-hololens-2-accessories\/#primaryimage\"},\"image\":{\"@id\":\"https:\/\/www.ayes.cz\/en\/products\/microsoft-hololens-2-accessories\/#primaryimage\"},\"thumbnailUrl\":\"https:\/\/www.ayes.cz\/wp-content\/uploads\/2023\/01\/Microsoft_Hololens_logo-1.png\",\"datePublished\":\"2022-12-21T11:52:37+00:00\",\"dateModified\":\"2024-04-12T09:05:53+00:00\",\"description\":\"Take advantage of the wide range of accessories for Microsoft HoloLens 2.\",\"breadcrumb\":{\"@id\":\"https:\/\/www.ayes.cz\/en\/products\/microsoft-hololens-2-accessories\/#breadcrumb\"},\"inLanguage\":\"en-US\",\"potentialAction\":[{\"@type\":\"ReadAction\",\"target\":[\"https:\/\/www.ayes.cz\/en\/products\/microsoft-hololens-2-accessories\/\"]}]},{\"@type\":\"ImageObject\",\"inLanguage\":\"en-US\",\"@id\":\"https:\/\/www.ayes.cz\/en\/products\/microsoft-hololens-2-accessories\/#primaryimage\",\"url\":\"https:\/\/www.ayes.cz\/wp-content\/uploads\/2023\/01\/Microsoft_Hololens_logo-1.png\",\"contentUrl\":\"https:\/\/www.ayes.cz\/wp-content\/uploads\/2023\/01\/Microsoft_Hololens_logo-1.png\",\"width\":496,\"height\":280},{\"@type\":\"BreadcrumbList\",\"@id\":\"https:\/\/www.ayes.cz\/en\/products\/microsoft-hololens-2-accessories\/#breadcrumb\",\"itemListElement\":[{\"@type\":\"ListItem\",\"position\":1,\"name\":\"Home\",\"item\":\"https:\/\/www.ayes.cz\/en\/\"},{\"@type\":\"ListItem\",\"position\":2,\"name\":\"Products\",\"item\":\"https:\/\/www.ayes.cz\/en\/products\/\"},{\"@type\":\"ListItem\",\"position\":3,\"name\":\"Microsoft HoloLens 2 accessories\"}]},{\"@type\":\"WebSite\",\"@id\":\"https:\/\/www.ayes.cz\/en\/#website\",\"url\":\"https:\/\/www.ayes.cz\/en\/\",\"name\":\"AYES\",\"description\":\"Dal\u0161\u00ed web pou\u017e\u00edvaj\u00edc\u00ed WordPress\",\"publisher\":{\"@id\":\"https:\/\/www.ayes.cz\/en\/#organization\"},\"potentialAction\":[{\"@type\":\"SearchAction\",\"target\":{\"@type\":\"EntryPoint\",\"urlTemplate\":\"https:\/\/www.ayes.cz\/en\/?s={search_term_string}\"},\"query-input\":{\"@type\":\"PropertyValueSpecification\",\"valueRequired\":true,\"valueName\":\"search_term_string\"}}],\"inLanguage\":\"en-US\"},{\"@type\":\"Organization\",\"@id\":\"https:\/\/www.ayes.cz\/en\/#organization\",\"name\":\"AYES s.r.o.\",\"url\":\"https:\/\/www.ayes.cz\/en\/\",\"logo\":{\"@type\":\"ImageObject\",\"inLanguage\":\"en-US\",\"@id\":\"https:\/\/www.ayes.cz\/en\/#\/schema\/logo\/image\/\",\"url\":\"https:\/\/www.ayes.cz\/wp-content\/uploads\/2022\/10\/ayes_logo_bez_pozadi__1_-1.png\",\"contentUrl\":\"https:\/\/www.ayes.cz\/wp-content\/uploads\/2022\/10\/ayes_logo_bez_pozadi__1_-1.png\",\"width\":1148,\"height\":360,\"caption\":\"AYES s.r.o.\"},\"image\":{\"@id\":\"https:\/\/www.ayes.cz\/en\/#\/schema\/logo\/image\/\"},\"sameAs\":[\"https:\/\/www.facebook.com\/AYEStechnology\/\",\"https:\/\/www.linkedin.com\/company\/ayes3\/\"]}]}<\/script>\n<!-- \/ Yoast SEO plugin. -->","yoast_head_json":{"title":"Microsoft HoloLens 2 accessories | AYES","description":"Take advantage of the wide range of accessories for Microsoft HoloLens 2.","robots":{"index":"index","follow":"follow","max-snippet":"max-snippet:-1","max-image-preview":"max-image-preview:large","max-video-preview":"max-video-preview:-1"},"canonical":"https:\/\/www.ayes.cz\/en\/products\/microsoft-hololens-2-accessories\/","og_locale":"en_US","og_type":"article","og_title":"Microsoft HoloLens 2 accessories | AYES","og_description":"Take advantage of the wide range of accessories for Microsoft HoloLens 2.","og_url":"https:\/\/www.ayes.cz\/en\/products\/microsoft-hololens-2-accessories\/","og_site_name":"AYES","article_publisher":"https:\/\/www.facebook.com\/AYEStechnology\/","article_modified_time":"2024-04-12T09:05:53+00:00","og_image":[{"width":496,"height":280,"url":"https:\/\/www.ayes.cz\/wp-content\/uploads\/2023\/01\/Microsoft_Hololens_logo-1.png","type":"image\/png"}],"twitter_card":"summary_large_image","twitter_misc":{"Est. reading time":"2 minutes"},"schema":{"@context":"https:\/\/schema.org","@graph":[{"@type":"WebPage","@id":"https:\/\/www.ayes.cz\/en\/products\/microsoft-hololens-2-accessories\/","url":"https:\/\/www.ayes.cz\/en\/products\/microsoft-hololens-2-accessories\/","name":"Microsoft HoloLens 2 accessories | AYES","isPartOf":{"@id":"https:\/\/www.ayes.cz\/en\/#website"},"primaryImageOfPage":{"@id":"https:\/\/www.ayes.cz\/en\/products\/microsoft-hololens-2-accessories\/#primaryimage"},"image":{"@id":"https:\/\/www.ayes.cz\/en\/products\/microsoft-hololens-2-accessories\/#primaryimage"},"thumbnailUrl":"https:\/\/www.ayes.cz\/wp-content\/uploads\/2023\/01\/Microsoft_Hololens_logo-1.png","datePublished":"2022-12-21T11:52:37+00:00","dateModified":"2024-04-12T09:05:53+00:00","description":"Take advantage of the wide range of accessories for Microsoft HoloLens 2.","breadcrumb":{"@id":"https:\/\/www.ayes.cz\/en\/products\/microsoft-hololens-2-accessories\/#breadcrumb"},"inLanguage":"en-US","potentialAction":[{"@type":"ReadAction","target":["https:\/\/www.ayes.cz\/en\/products\/microsoft-hololens-2-accessories\/"]}]},{"@type":"ImageObject","inLanguage":"en-US","@id":"https:\/\/www.ayes.cz\/en\/products\/microsoft-hololens-2-accessories\/#primaryimage","url":"https:\/\/www.ayes.cz\/wp-content\/uploads\/2023\/01\/Microsoft_Hololens_logo-1.png","contentUrl":"https:\/\/www.ayes.cz\/wp-content\/uploads\/2023\/01\/Microsoft_Hololens_logo-1.png","width":496,"height":280},{"@type":"BreadcrumbList","@id":"https:\/\/www.ayes.cz\/en\/products\/microsoft-hololens-2-accessories\/#breadcrumb","itemListElement":[{"@type":"ListItem","position":1,"name":"Home","item":"https:\/\/www.ayes.cz\/en\/"},{"@type":"ListItem","position":2,"name":"Products","item":"https:\/\/www.ayes.cz\/en\/products\/"},{"@type":"ListItem","position":3,"name":"Microsoft HoloLens 2 accessories"}]},{"@type":"WebSite","@id":"https:\/\/www.ayes.cz\/en\/#website","url":"https:\/\/www.ayes.cz\/en\/","name":"AYES","description":"Dal\u0161\u00ed web pou\u017e\u00edvaj\u00edc\u00ed WordPress","publisher":{"@id":"https:\/\/www.ayes.cz\/en\/#organization"},"potentialAction":[{"@type":"SearchAction","target":{"@type":"EntryPoint","urlTemplate":"https:\/\/www.ayes.cz\/en\/?s={search_term_string}"},"query-input":{"@type":"PropertyValueSpecification","valueRequired":true,"valueName":"search_term_string"}}],"inLanguage":"en-US"},{"@type":"Organization","@id":"https:\/\/www.ayes.cz\/en\/#organization","name":"AYES s.r.o.","url":"https:\/\/www.ayes.cz\/en\/","logo":{"@type":"ImageObject","inLanguage":"en-US","@id":"https:\/\/www.ayes.cz\/en\/#\/schema\/logo\/image\/","url":"https:\/\/www.ayes.cz\/wp-content\/uploads\/2022\/10\/ayes_logo_bez_pozadi__1_-1.png","contentUrl":"https:\/\/www.ayes.cz\/wp-content\/uploads\/2022\/10\/ayes_logo_bez_pozadi__1_-1.png","width":1148,"height":360,"caption":"AYES s.r.o."},"image":{"@id":"https:\/\/www.ayes.cz\/en\/#\/schema\/logo\/image\/"},"sameAs":["https:\/\/www.facebook.com\/AYEStechnology\/","https:\/\/www.linkedin.com\/company\/ayes3\/"]}]}},"_links":{"self":[{"href":"https:\/\/www.ayes.cz\/en\/wp-json\/wp\/v2\/pages\/3982","targetHints":{"allow":["GET"]}}],"collection":[{"href":"https:\/\/www.ayes.cz\/en\/wp-json\/wp\/v2\/pages"}],"about":[{"href":"https:\/\/www.ayes.cz\/en\/wp-json\/wp\/v2\/types\/page"}],"author":[{"embeddable":true,"href":"https:\/\/www.ayes.cz\/en\/wp-json\/wp\/v2\/users\/2"}],"replies":[{"embeddable":true,"href":"https:\/\/www.ayes.cz\/en\/wp-json\/wp\/v2\/comments?post=3982"}],"version-history":[{"count":6,"href":"https:\/\/www.ayes.cz\/en\/wp-json\/wp\/v2\/pages\/3982\/revisions"}],"predecessor-version":[{"id":23406,"href":"https:\/\/www.ayes.cz\/en\/wp-json\/wp\/v2\/pages\/3982\/revisions\/23406"}],"up":[{"embeddable":true,"href":"https:\/\/www.ayes.cz\/en\/wp-json\/wp\/v2\/pages\/3527"}],"wp:featuredmedia":[{"embeddable":true,"href":"https:\/\/www.ayes.cz\/en\/wp-json\/wp\/v2\/media\/2685"}],"wp:attachment":[{"href":"https:\/\/www.ayes.cz\/en\/wp-json\/wp\/v2\/media?parent=3982"}],"curies":[{"name":"wp","href":"https:\/\/api.w.org\/{rel}","templated":true}]}}