{"id":3985,"date":"2022-12-21T13:07:18","date_gmt":"2022-12-21T12:07:18","guid":{"rendered":"https:\/\/www.ayes.cz\/products\/moziware-cimo-prislusenstvi\/"},"modified":"2024-04-12T13:00:02","modified_gmt":"2024-04-12T11:00:02","slug":"moziware-cimo-accessories","status":"publish","type":"page","link":"https:\/\/www.ayes.cz\/en\/products\/moziware-cimo-accessories\/","title":{"rendered":"m\u014dziware c\u0131m\u014d accessories"},"content":{"rendered":"<section class=\"l-section wpb_row height_custom\"><div class=\"l-section-h i-cf\"><div class=\"g-cols vc_row via_flex valign_top type_default stacking_default\"><div class=\"vc_col-sm-12 wpb_column vc_column_container\"><div class=\"vc_column-inner\"><div class=\"wpb_wrapper\"><h1 class=\"w-text us_custom_eb849559\"><span class=\"w-text-h\"><span class=\"w-text-value\">m\u014dziware c\u0131m\u014d accessories<\/span><\/span><\/h1><div class=\"wpb_text_column\"><div class=\"wpb_wrapper\"><p style=\"text-align: center;\">Choose from a range of accessories for m\u014dziware c\u0131m\u014d smart glasses to enhance protection against damage or expand the use of your device.<\/p>\n<\/div><\/div><\/div><\/div><\/div><\/div><\/div><\/section><section class=\"l-section wpb_row us_custom_e343dda7 almost-full-width height_custom\" id=\"powerbank\"><div class=\"l-section-h i-cf\"><div class=\"g-cols vc_row via_flex valign_top type_default stacking_default\"><div class=\"vc_col-sm-3\/5 wpb_column vc_column_container\"><div class=\"vc_column-inner\"><div class=\"wpb_wrapper\"><h2 class=\"w-text\"><span class=\"w-text-h\"><span class=\"w-text-value\">Powerbank (5000 mAh)<\/span><\/span><\/h2><div class=\"wpb_text_column\"><div class=\"wpb_wrapper\"><p>An external powerbank is used to charge the <a href=\"https:\/\/www.ayes.cz\/en\/products\/moziware-cimo\/\">c\u0131m\u014d<\/a> device. It significantly extends its time of use. It is designed to be attached to the hard hat or workband and connects to the device with a USB-C cable.<\/p>\n<\/div><\/div><div class=\"w-separator size_medium\"><\/div><div class=\"w-btn-wrapper align_none\"><a class=\"w-btn us-btn-style_3\" id=\"Powerbank (5000 mAh)\" href=\"#spu-3429\"><span class=\"w-btn-label\">Enquire Now<\/span><\/a><\/div><\/div><\/div><\/div><div class=\"vc_col-sm-2\/5 wpb_column vc_column_container\"><div class=\"vc_column-inner\"><div class=\"wpb_wrapper\"><div class=\"w-image has_ratio align_none\"><div class=\"w-image-h\"><div style=\"padding-bottom:56.25%\"><\/div><img decoding=\"async\" width=\"960\" height=\"541\" src=\"https:\/\/www.ayes.cz\/wp-content\/uploads\/2023\/01\/moziware-cimo_Powerbanka.png\" class=\"attachment-large size-large\" alt=\"\" loading=\"lazy\" \/><\/div><\/div><\/div><\/div><\/div><\/div><\/div><\/section><section class=\"l-section wpb_row us_custom_eeb3f56b height_custom\" id=\"workband\"><div class=\"l-section-h i-cf\"><div class=\"g-cols vc_row via_flex valign_top type_default reversed stacking_default\"><div class=\"vc_col-sm-2\/5 wpb_column vc_column_container\"><div class=\"vc_column-inner\"><div class=\"wpb_wrapper\"><div class=\"w-image has_ratio align_none\"><div class=\"w-image-h\"><div style=\"padding-bottom:56.25%\"><\/div><img decoding=\"async\" width=\"960\" height=\"541\" src=\"https:\/\/www.ayes.cz\/wp-content\/uploads\/2023\/01\/moziware-cimo_Celenka.png\" class=\"attachment-large size-large\" alt=\"\" loading=\"lazy\" \/><\/div><\/div><\/div><\/div><\/div><div class=\"vc_col-sm-3\/5 wpb_column vc_column_container\"><div class=\"vc_column-inner\"><div class=\"wpb_wrapper\"><h2 class=\"w-text\"><span class=\"w-text-h\"><span class=\"w-text-value\">Workband<\/span><\/span><\/h2><div class=\"wpb_text_column\"><div class=\"wpb_wrapper\"><p>The adjustable headband is specially designed for comfortable all-day use of the <a href=\"https:\/\/www.ayes.cz\/en\/products\/moziware-cimo\/\">c\u0131m\u014d<\/a> device. It provides a secure fit and comfortable wear throughout the entire shift, without the need to put on the hard hat or cap.<\/p>\n<\/div><\/div><div class=\"w-separator size_medium\"><\/div><div class=\"w-btn-wrapper align_none\"><a class=\"w-btn us-btn-style_3\" id=\"Workband\" href=\"#spu-3429\"><span class=\"w-btn-label\">Enquire Now<\/span><\/a><\/div><\/div><\/div><\/div><\/div><\/div><\/section><section class=\"l-section wpb_row us_custom_e343dda7 almost-full-width height_custom\" id=\"accessory-clip\"><div class=\"l-section-h i-cf\"><div class=\"g-cols vc_row via_flex valign_top type_default stacking_default\"><div class=\"vc_col-sm-3\/5 wpb_column vc_column_container\"><div class=\"vc_column-inner\"><div class=\"wpb_wrapper\"><h2 class=\"w-text\"><span class=\"w-text-h\"><span class=\"w-text-value\">Accessory clip<\/span><\/span><\/h2><div class=\"wpb_text_column\"><div class=\"wpb_wrapper\"><p>The clip simply snaps onto the workband and is used to attach additional accessories (e.g. the powerbank, LTE modem, etc.).<\/p>\n<\/div><\/div><div class=\"w-separator size_medium\"><\/div><div class=\"w-btn-wrapper align_none\"><a class=\"w-btn us-btn-style_3\" id=\"Accessory clip\" href=\"#spu-3429\"><span class=\"w-btn-label\">Enquire Now<\/span><\/a><\/div><\/div><\/div><\/div><div class=\"vc_col-sm-2\/5 wpb_column vc_column_container\"><div class=\"vc_column-inner\"><div class=\"wpb_wrapper\"><div class=\"w-image has_ratio align_none\"><div class=\"w-image-h\"><div style=\"padding-bottom:56.25%\"><\/div><img decoding=\"async\" width=\"960\" height=\"541\" src=\"https:\/\/www.ayes.cz\/wp-content\/uploads\/2023\/01\/moziware-cimo_Drzak-pridavneho-prislusenstvi.png\" class=\"attachment-large size-large\" alt=\"\" loading=\"lazy\" \/><\/div><\/div><\/div><\/div><\/div><\/div><\/div><\/section><section class=\"l-section wpb_row us_custom_eeb3f56b height_custom\" id=\"hard-hat-clips-attaching-c\u0131m\u014d-device\"><div class=\"l-section-h i-cf\"><div class=\"g-cols vc_row via_flex valign_top type_default reversed stacking_default\"><div class=\"vc_col-sm-2\/5 wpb_column vc_column_container\"><div class=\"vc_column-inner\"><div class=\"wpb_wrapper\"><div class=\"w-image has_ratio align_none\"><div class=\"w-image-h\"><div style=\"padding-bottom:56.25%\"><\/div><img decoding=\"async\" width=\"960\" height=\"541\" src=\"https:\/\/www.ayes.cz\/wp-content\/uploads\/2023\/01\/moziware-cimo_Klipy-na-helmu-uchyceni-moziware-cimo.png\" class=\"attachment-large size-large\" alt=\"\" loading=\"lazy\" \/><\/div><\/div><\/div><\/div><\/div><div class=\"vc_col-sm-3\/5 wpb_column vc_column_container\"><div class=\"vc_column-inner\"><div class=\"wpb_wrapper\"><h2 class=\"w-text\"><span class=\"w-text-h\"><span class=\"w-text-value\">Hard hat clips (for attaching the c\u0131m\u014d device)<\/span><\/span><\/h2><div class=\"wpb_text_column\"><div class=\"wpb_wrapper\"><p>Used to attach the c\u0131m\u014d device to the MSA V-Gard safety helmet. Two clips are included (universal for left and right side). <\/p>\n<\/div><\/div><div class=\"w-separator size_medium\"><\/div><div class=\"w-btn-wrapper align_none\"><a class=\"w-btn us-btn-style_3\" id=\"Hard hat clips (for attaching the c\u0131m\u014d device)\" href=\"#spu-3429\"><span class=\"w-btn-label\">Enquire Now<\/span><\/a><\/div><\/div><\/div><\/div><\/div><\/div><\/section><section class=\"l-section wpb_row us_custom_e343dda7 almost-full-width height_custom\" id=\"helmet-clips\"><div class=\"l-section-h i-cf\"><div class=\"g-cols vc_row via_flex valign_top type_default stacking_default\"><div class=\"vc_col-sm-3\/5 wpb_column vc_column_container\"><div class=\"vc_column-inner\"><div class=\"wpb_wrapper\"><h2 class=\"w-text\"><span class=\"w-text-h\"><span class=\"w-text-value\">Helmet clips (for attaching the accessories)<\/span><\/span><\/h2><div class=\"wpb_text_column\"><div class=\"wpb_wrapper\"><p>Used to attach additional accessories to the MSA V-Gard safety helmet (e.g. the power bank, LTE modem, etc.). The clip is universal for left and right side.<\/p>\n<\/div><\/div><div class=\"w-separator size_medium\"><\/div><div class=\"w-btn-wrapper align_none\"><a class=\"w-btn us-btn-style_3\" id=\"Helmet clips (for attaching the accessories)\" href=\"#spu-3429\"><span class=\"w-btn-label\">Enquire Now<\/span><\/a><\/div><\/div><\/div><\/div><div class=\"vc_col-sm-2\/5 wpb_column vc_column_container\"><div class=\"vc_column-inner\"><div class=\"wpb_wrapper\"><div class=\"w-image has_ratio align_none\"><div class=\"w-image-h\"><div style=\"padding-bottom:56.25%\"><\/div><img decoding=\"async\" width=\"960\" height=\"541\" src=\"https:\/\/www.ayes.cz\/wp-content\/uploads\/2023\/01\/moziware-cimo_Klipy-na-helmu-pridavne-prislusenstvi.png\" class=\"attachment-large size-large\" alt=\"\" loading=\"lazy\" \/><\/div><\/div><\/div><\/div><\/div><\/div><\/div><\/section><section class=\"l-section wpb_row us_custom_eeb3f56b height_custom\" id=\"multifunctional-tool-belt\"><div class=\"l-section-h i-cf\"><div class=\"g-cols vc_row via_flex valign_top type_default reversed stacking_default\"><div class=\"vc_col-sm-2\/5 wpb_column vc_column_container\"><div class=\"vc_column-inner\"><div class=\"wpb_wrapper\"><div class=\"w-image has_ratio align_none\"><div class=\"w-image-h\"><div style=\"padding-bottom:56.25%\"><\/div><img decoding=\"async\" width=\"960\" height=\"541\" src=\"https:\/\/www.ayes.cz\/wp-content\/uploads\/2023\/01\/moziware-cimo_Multifunkcni-opasek-na-prislusenstvi.png\" class=\"attachment-large size-large\" alt=\"\" loading=\"lazy\" \/><\/div><\/div><\/div><\/div><\/div><div class=\"vc_col-sm-3\/5 wpb_column vc_column_container\"><div class=\"vc_column-inner\"><div class=\"wpb_wrapper\"><h2 class=\"w-text\" id=\"multifunkcni-opasek\"><span class=\"w-text-h\"><span class=\"w-text-value\">Multifunctional tool belt<\/span><\/span><\/h2><div class=\"wpb_text_column\"><div class=\"wpb_wrapper\"><p>Designed to be worn as a regular work belt. Used to store accessories such as the powerbank, LTE modem, USB cable, etc.<\/p>\n<\/div><\/div><div class=\"w-separator size_medium\"><\/div><div class=\"w-btn-wrapper align_none\"><a class=\"w-btn us-btn-style_3\" id=\"Multifunctional tool belt\" href=\"#spu-3429\"><span class=\"w-btn-label\">Enquire Now<\/span><\/a><\/div><\/div><\/div><\/div><\/div><\/div><\/section><section class=\"l-section wpb_row us_custom_e343dda7 almost-full-width height_custom\" id=\"usb-fast-charger\"><div class=\"l-section-h i-cf\"><div class=\"g-cols vc_row via_flex valign_top type_default stacking_default\"><div class=\"vc_col-sm-3\/5 wpb_column vc_column_container\"><div class=\"vc_column-inner\"><div class=\"wpb_wrapper\"><h2 class=\"w-text\"><span class=\"w-text-h\"><span class=\"w-text-value\">USB fast charger<\/span><\/span><\/h2><div class=\"wpb_text_column\"><div class=\"wpb_wrapper\"><p>Used to charge the <a href=\"https:\/\/www.ayes.cz\/en\/products\/moziware-cimo\/\">c\u0131m\u014d<\/a> model. Charging cable is not included.<\/p>\n<\/div><\/div><div class=\"w-separator size_medium\"><\/div><div class=\"w-btn-wrapper align_none\"><a class=\"w-btn us-btn-style_3\" id=\"USB fast charger\" href=\"#spu-3429\"><span class=\"w-btn-label\">Enquire Now<\/span><\/a><\/div><\/div><\/div><\/div><div class=\"vc_col-sm-2\/5 wpb_column vc_column_container\"><div class=\"vc_column-inner\"><div class=\"wpb_wrapper\"><div class=\"w-image has_ratio align_left\"><div class=\"w-image-h\"><div style=\"padding-bottom:56.25%\"><\/div><img decoding=\"async\" width=\"960\" height=\"541\" src=\"https:\/\/www.ayes.cz\/wp-content\/uploads\/2023\/01\/moziware-cimo_USB-rychlonabijecka.png\" class=\"attachment-large size-large\" alt=\"\" loading=\"lazy\" \/><\/div><\/div><\/div><\/div><\/div><\/div><\/div><\/section><section class=\"l-section wpb_row us_custom_eeb3f56b height_custom\" id=\"protective-carrying-case\"><div class=\"l-section-h i-cf\"><div class=\"g-cols vc_row via_flex valign_top type_default reversed stacking_default\"><div class=\"vc_col-sm-2\/5 wpb_column vc_column_container\"><div class=\"vc_column-inner\"><div class=\"wpb_wrapper\"><div class=\"w-image has_ratio align_none\"><div class=\"w-image-h\"><div style=\"padding-bottom:56.25%\"><\/div><img decoding=\"async\" width=\"960\" height=\"541\" src=\"https:\/\/www.ayes.cz\/wp-content\/uploads\/2023\/01\/moziware-cimo_Ochranne-prepravni-pouzdro.png\" class=\"attachment-large size-large\" alt=\"\" loading=\"lazy\" \/><\/div><\/div><\/div><\/div><\/div><div class=\"vc_col-sm-3\/5 wpb_column vc_column_container\"><div class=\"vc_column-inner\"><div class=\"wpb_wrapper\"><h2 class=\"w-text\"><span class=\"w-text-h\"><span class=\"w-text-value\">Protective carrying case<\/span><\/span><\/h2><div class=\"wpb_text_column\"><div class=\"wpb_wrapper\"><p>The case is used to transport the <a href=\"https:\/\/www.ayes.cz\/en\/products\/moziware-cimo\/\">m\u014dziware c\u0131m\u014d<\/a> and its accessories. It is made of high-quality waterproof with zipper closure.<\/p>\n<\/div><\/div><div class=\"w-separator size_medium\"><\/div><div class=\"w-btn-wrapper align_none\"><a class=\"w-btn us-btn-style_3\" id=\"Protective carrying case\" href=\"#spu-3429\"><span class=\"w-btn-label\">Enquire Now<\/span><\/a><\/div><\/div><\/div><\/div><\/div><\/div><\/section>\n","protected":false},"excerpt":{"rendered":"m\u014dziware c\u0131m\u014d accessoriesChoose from a range of accessories for m\u014dziware c\u0131m\u014d smart glasses to enhance protection against damage or expand the use of your device. Powerbank (5000 mAh)An external powerbank is used to charge the c\u0131m\u014d device. It significantly extends its time of use. It is designed to be attached to the hard hat or...","protected":false},"author":2,"featured_media":2678,"parent":3527,"menu_order":0,"comment_status":"closed","ping_status":"closed","template":"","meta":{"_acf_changed":false,"footnotes":""},"class_list":["post-3985","page","type-page","status-publish","has-post-thumbnail","hentry"],"acf":[],"yoast_head":"<!-- This site is optimized with the Yoast SEO plugin v24.9 - https:\/\/yoast.com\/wordpress\/plugins\/seo\/ -->\n<title>m\u014dziware c\u0131m\u014d accessories | AYES<\/title>\n<meta name=\"description\" content=\"Choose accessories for m\u014dziware c\u0131m\u014d and expand its use.\" \/>\n<meta name=\"robots\" content=\"index, follow, max-snippet:-1, max-image-preview:large, max-video-preview:-1\" \/>\n<link rel=\"canonical\" href=\"https:\/\/www.ayes.cz\/en\/products\/moziware-cimo-accessories\/\" \/>\n<meta property=\"og:locale\" content=\"en_US\" \/>\n<meta property=\"og:type\" content=\"article\" \/>\n<meta property=\"og:title\" content=\"m\u014dziware c\u0131m\u014d accessories | AYES\" \/>\n<meta property=\"og:description\" content=\"Choose accessories for m\u014dziware c\u0131m\u014d and expand its use.\" \/>\n<meta property=\"og:url\" content=\"https:\/\/www.ayes.cz\/en\/products\/moziware-cimo-accessories\/\" \/>\n<meta property=\"og:site_name\" content=\"AYES\" \/>\n<meta property=\"article:publisher\" content=\"https:\/\/www.facebook.com\/AYEStechnology\/\" \/>\n<meta property=\"article:modified_time\" content=\"2024-04-12T11:00:02+00:00\" \/>\n<meta property=\"og:image\" content=\"https:\/\/www.ayes.cz\/wp-content\/uploads\/2023\/01\/moziware_logo.png\" \/>\n\t<meta property=\"og:image:width\" content=\"628\" \/>\n\t<meta property=\"og:image:height\" content=\"628\" \/>\n\t<meta property=\"og:image:type\" content=\"image\/png\" \/>\n<meta name=\"twitter:card\" content=\"summary_large_image\" \/>\n<meta name=\"twitter:label1\" content=\"Est. reading time\" \/>\n\t<meta name=\"twitter:data1\" content=\"3 minutes\" \/>\n<script type=\"application\/ld+json\" class=\"yoast-schema-graph\">{\"@context\":\"https:\/\/schema.org\",\"@graph\":[{\"@type\":\"WebPage\",\"@id\":\"https:\/\/www.ayes.cz\/en\/products\/moziware-cimo-accessories\/\",\"url\":\"https:\/\/www.ayes.cz\/en\/products\/moziware-cimo-accessories\/\",\"name\":\"m\u014dziware c\u0131m\u014d accessories | AYES\",\"isPartOf\":{\"@id\":\"https:\/\/www.ayes.cz\/en\/#website\"},\"primaryImageOfPage\":{\"@id\":\"https:\/\/www.ayes.cz\/en\/products\/moziware-cimo-accessories\/#primaryimage\"},\"image\":{\"@id\":\"https:\/\/www.ayes.cz\/en\/products\/moziware-cimo-accessories\/#primaryimage\"},\"thumbnailUrl\":\"https:\/\/www.ayes.cz\/wp-content\/uploads\/2023\/01\/moziware_logo.png\",\"datePublished\":\"2022-12-21T12:07:18+00:00\",\"dateModified\":\"2024-04-12T11:00:02+00:00\",\"description\":\"Choose accessories for m\u014dziware c\u0131m\u014d and expand its use.\",\"breadcrumb\":{\"@id\":\"https:\/\/www.ayes.cz\/en\/products\/moziware-cimo-accessories\/#breadcrumb\"},\"inLanguage\":\"en-US\",\"potentialAction\":[{\"@type\":\"ReadAction\",\"target\":[\"https:\/\/www.ayes.cz\/en\/products\/moziware-cimo-accessories\/\"]}]},{\"@type\":\"ImageObject\",\"inLanguage\":\"en-US\",\"@id\":\"https:\/\/www.ayes.cz\/en\/products\/moziware-cimo-accessories\/#primaryimage\",\"url\":\"https:\/\/www.ayes.cz\/wp-content\/uploads\/2023\/01\/moziware_logo.png\",\"contentUrl\":\"https:\/\/www.ayes.cz\/wp-content\/uploads\/2023\/01\/moziware_logo.png\",\"width\":628,\"height\":628},{\"@type\":\"BreadcrumbList\",\"@id\":\"https:\/\/www.ayes.cz\/en\/products\/moziware-cimo-accessories\/#breadcrumb\",\"itemListElement\":[{\"@type\":\"ListItem\",\"position\":1,\"name\":\"Home\",\"item\":\"https:\/\/www.ayes.cz\/en\/\"},{\"@type\":\"ListItem\",\"position\":2,\"name\":\"Products\",\"item\":\"https:\/\/www.ayes.cz\/en\/products\/\"},{\"@type\":\"ListItem\",\"position\":3,\"name\":\"m\u014dziware c\u0131m\u014d accessories\"}]},{\"@type\":\"WebSite\",\"@id\":\"https:\/\/www.ayes.cz\/en\/#website\",\"url\":\"https:\/\/www.ayes.cz\/en\/\",\"name\":\"AYES\",\"description\":\"Dal\u0161\u00ed web pou\u017e\u00edvaj\u00edc\u00ed WordPress\",\"publisher\":{\"@id\":\"https:\/\/www.ayes.cz\/en\/#organization\"},\"potentialAction\":[{\"@type\":\"SearchAction\",\"target\":{\"@type\":\"EntryPoint\",\"urlTemplate\":\"https:\/\/www.ayes.cz\/en\/?s={search_term_string}\"},\"query-input\":{\"@type\":\"PropertyValueSpecification\",\"valueRequired\":true,\"valueName\":\"search_term_string\"}}],\"inLanguage\":\"en-US\"},{\"@type\":\"Organization\",\"@id\":\"https:\/\/www.ayes.cz\/en\/#organization\",\"name\":\"AYES s.r.o.\",\"url\":\"https:\/\/www.ayes.cz\/en\/\",\"logo\":{\"@type\":\"ImageObject\",\"inLanguage\":\"en-US\",\"@id\":\"https:\/\/www.ayes.cz\/en\/#\/schema\/logo\/image\/\",\"url\":\"https:\/\/www.ayes.cz\/wp-content\/uploads\/2022\/10\/ayes_logo_bez_pozadi__1_-1.png\",\"contentUrl\":\"https:\/\/www.ayes.cz\/wp-content\/uploads\/2022\/10\/ayes_logo_bez_pozadi__1_-1.png\",\"width\":1148,\"height\":360,\"caption\":\"AYES s.r.o.\"},\"image\":{\"@id\":\"https:\/\/www.ayes.cz\/en\/#\/schema\/logo\/image\/\"},\"sameAs\":[\"https:\/\/www.facebook.com\/AYEStechnology\/\",\"https:\/\/www.linkedin.com\/company\/ayes3\/\"]}]}<\/script>\n<!-- \/ Yoast SEO plugin. -->","yoast_head_json":{"title":"m\u014dziware c\u0131m\u014d accessories | AYES","description":"Choose accessories for m\u014dziware c\u0131m\u014d and expand its use.","robots":{"index":"index","follow":"follow","max-snippet":"max-snippet:-1","max-image-preview":"max-image-preview:large","max-video-preview":"max-video-preview:-1"},"canonical":"https:\/\/www.ayes.cz\/en\/products\/moziware-cimo-accessories\/","og_locale":"en_US","og_type":"article","og_title":"m\u014dziware c\u0131m\u014d accessories | AYES","og_description":"Choose accessories for m\u014dziware c\u0131m\u014d and expand its use.","og_url":"https:\/\/www.ayes.cz\/en\/products\/moziware-cimo-accessories\/","og_site_name":"AYES","article_publisher":"https:\/\/www.facebook.com\/AYEStechnology\/","article_modified_time":"2024-04-12T11:00:02+00:00","og_image":[{"width":628,"height":628,"url":"https:\/\/www.ayes.cz\/wp-content\/uploads\/2023\/01\/moziware_logo.png","type":"image\/png"}],"twitter_card":"summary_large_image","twitter_misc":{"Est. reading time":"3 minutes"},"schema":{"@context":"https:\/\/schema.org","@graph":[{"@type":"WebPage","@id":"https:\/\/www.ayes.cz\/en\/products\/moziware-cimo-accessories\/","url":"https:\/\/www.ayes.cz\/en\/products\/moziware-cimo-accessories\/","name":"m\u014dziware c\u0131m\u014d accessories | AYES","isPartOf":{"@id":"https:\/\/www.ayes.cz\/en\/#website"},"primaryImageOfPage":{"@id":"https:\/\/www.ayes.cz\/en\/products\/moziware-cimo-accessories\/#primaryimage"},"image":{"@id":"https:\/\/www.ayes.cz\/en\/products\/moziware-cimo-accessories\/#primaryimage"},"thumbnailUrl":"https:\/\/www.ayes.cz\/wp-content\/uploads\/2023\/01\/moziware_logo.png","datePublished":"2022-12-21T12:07:18+00:00","dateModified":"2024-04-12T11:00:02+00:00","description":"Choose accessories for m\u014dziware c\u0131m\u014d and expand its use.","breadcrumb":{"@id":"https:\/\/www.ayes.cz\/en\/products\/moziware-cimo-accessories\/#breadcrumb"},"inLanguage":"en-US","potentialAction":[{"@type":"ReadAction","target":["https:\/\/www.ayes.cz\/en\/products\/moziware-cimo-accessories\/"]}]},{"@type":"ImageObject","inLanguage":"en-US","@id":"https:\/\/www.ayes.cz\/en\/products\/moziware-cimo-accessories\/#primaryimage","url":"https:\/\/www.ayes.cz\/wp-content\/uploads\/2023\/01\/moziware_logo.png","contentUrl":"https:\/\/www.ayes.cz\/wp-content\/uploads\/2023\/01\/moziware_logo.png","width":628,"height":628},{"@type":"BreadcrumbList","@id":"https:\/\/www.ayes.cz\/en\/products\/moziware-cimo-accessories\/#breadcrumb","itemListElement":[{"@type":"ListItem","position":1,"name":"Home","item":"https:\/\/www.ayes.cz\/en\/"},{"@type":"ListItem","position":2,"name":"Products","item":"https:\/\/www.ayes.cz\/en\/products\/"},{"@type":"ListItem","position":3,"name":"m\u014dziware c\u0131m\u014d accessories"}]},{"@type":"WebSite","@id":"https:\/\/www.ayes.cz\/en\/#website","url":"https:\/\/www.ayes.cz\/en\/","name":"AYES","description":"Dal\u0161\u00ed web pou\u017e\u00edvaj\u00edc\u00ed WordPress","publisher":{"@id":"https:\/\/www.ayes.cz\/en\/#organization"},"potentialAction":[{"@type":"SearchAction","target":{"@type":"EntryPoint","urlTemplate":"https:\/\/www.ayes.cz\/en\/?s={search_term_string}"},"query-input":{"@type":"PropertyValueSpecification","valueRequired":true,"valueName":"search_term_string"}}],"inLanguage":"en-US"},{"@type":"Organization","@id":"https:\/\/www.ayes.cz\/en\/#organization","name":"AYES s.r.o.","url":"https:\/\/www.ayes.cz\/en\/","logo":{"@type":"ImageObject","inLanguage":"en-US","@id":"https:\/\/www.ayes.cz\/en\/#\/schema\/logo\/image\/","url":"https:\/\/www.ayes.cz\/wp-content\/uploads\/2022\/10\/ayes_logo_bez_pozadi__1_-1.png","contentUrl":"https:\/\/www.ayes.cz\/wp-content\/uploads\/2022\/10\/ayes_logo_bez_pozadi__1_-1.png","width":1148,"height":360,"caption":"AYES s.r.o."},"image":{"@id":"https:\/\/www.ayes.cz\/en\/#\/schema\/logo\/image\/"},"sameAs":["https:\/\/www.facebook.com\/AYEStechnology\/","https:\/\/www.linkedin.com\/company\/ayes3\/"]}]}},"_links":{"self":[{"href":"https:\/\/www.ayes.cz\/en\/wp-json\/wp\/v2\/pages\/3985","targetHints":{"allow":["GET"]}}],"collection":[{"href":"https:\/\/www.ayes.cz\/en\/wp-json\/wp\/v2\/pages"}],"about":[{"href":"https:\/\/www.ayes.cz\/en\/wp-json\/wp\/v2\/types\/page"}],"author":[{"embeddable":true,"href":"https:\/\/www.ayes.cz\/en\/wp-json\/wp\/v2\/users\/2"}],"replies":[{"embeddable":true,"href":"https:\/\/www.ayes.cz\/en\/wp-json\/wp\/v2\/comments?post=3985"}],"version-history":[{"count":4,"href":"https:\/\/www.ayes.cz\/en\/wp-json\/wp\/v2\/pages\/3985\/revisions"}],"predecessor-version":[{"id":23407,"href":"https:\/\/www.ayes.cz\/en\/wp-json\/wp\/v2\/pages\/3985\/revisions\/23407"}],"up":[{"embeddable":true,"href":"https:\/\/www.ayes.cz\/en\/wp-json\/wp\/v2\/pages\/3527"}],"wp:featuredmedia":[{"embeddable":true,"href":"https:\/\/www.ayes.cz\/en\/wp-json\/wp\/v2\/media\/2678"}],"wp:attachment":[{"href":"https:\/\/www.ayes.cz\/en\/wp-json\/wp\/v2\/media?parent=3985"}],"curies":[{"name":"wp","href":"https:\/\/api.w.org\/{rel}","templated":true}]}}