{"id":3993,"date":"2022-12-21T13:10:55","date_gmt":"2022-12-21T12:10:55","guid":{"rendered":"https:\/\/www.ayes.cz\/products\/vuzix-prislusenstvi\/"},"modified":"2024-04-12T13:08:42","modified_gmt":"2024-04-12T11:08:42","slug":"vuzix-accessories","status":"publish","type":"page","link":"https:\/\/www.ayes.cz\/en\/products\/vuzix-accessories\/","title":{"rendered":"Vuzix Accessories"},"content":{"rendered":"<section class=\"l-section wpb_row height_custom\"><div class=\"l-section-h i-cf\"><div class=\"g-cols vc_row via_flex valign_top type_default stacking_default\"><div class=\"vc_col-sm-12 wpb_column vc_column_container\"><div class=\"vc_column-inner\"><div class=\"wpb_wrapper\"><h1 class=\"w-text us_custom_eb849559\"><span class=\"w-text-h\"><span class=\"w-text-value\">Vuzix Accessories<\/span><\/span><\/h1><div class=\"wpb_text_column\"><div class=\"wpb_wrapper\"><p style=\"text-align: center;\">Choose from a range of accessories for Vuzix smart glasses to enhance protection against damage or expand the use of your device.<\/p>\n<\/div><\/div><\/div><\/div><\/div><\/div><\/div><\/section><section class=\"l-section wpb_row us_custom_e343dda7 almost-full-width height_custom\" id=\"protective-carrying-case\"><div class=\"l-section-h i-cf\"><div class=\"g-cols vc_row via_flex valign_top type_default stacking_default\"><div class=\"vc_col-sm-3\/5 wpb_column vc_column_container\"><div class=\"vc_column-inner\"><div class=\"wpb_wrapper\"><h2 class=\"w-text\"><span class=\"w-text-h\"><span class=\"w-text-value\">Protective carrying case<\/span><\/span><\/h2><div class=\"wpb_text_column\"><div class=\"wpb_wrapper\"><p>Zippered case with custom foam insert to safely store the M400 &amp; M4000 Smart Glasses , M-Series On-Frame Battery, 1pair of frames, plus zippered pockets to organize cables, adapters, and some additional accessories. (Note \u2013included in original M-Series Smart Glasses Kit).<\/p>\n<\/div><\/div><div class=\"w-separator size_medium\"><\/div><div class=\"w-btn-wrapper align_none\"><a class=\"w-btn us-btn-style_3\" id=\"Protective carrying case\" href=\"#spu-3429\"><span class=\"w-btn-label\">Enquire Now<\/span><\/a><\/div><\/div><\/div><\/div><div class=\"vc_col-sm-2\/5 wpb_column vc_column_container\"><div class=\"vc_column-inner\"><div class=\"wpb_wrapper\"><div class=\"w-image has_ratio align_none\"><div class=\"w-image-h\"><div style=\"padding-bottom:56.25%\"><\/div><img decoding=\"async\" width=\"960\" height=\"541\" src=\"https:\/\/www.ayes.cz\/wp-content\/uploads\/2023\/01\/Vuzix_Ochranne-prepravni-pouzdro.png\" class=\"attachment-large size-large\" alt=\"\" loading=\"lazy\" \/><\/div><\/div><\/div><\/div><\/div><\/div><\/div><\/section><section class=\"l-section wpb_row us_custom_eeb3f56b height_custom\" id=\"headband\"><div class=\"l-section-h i-cf\"><div class=\"g-cols vc_row via_flex valign_top type_default reversed stacking_default\"><div class=\"vc_col-sm-2\/5 wpb_column vc_column_container\"><div class=\"vc_column-inner\"><div class=\"wpb_wrapper\"><div class=\"w-image has_ratio align_none\"><div class=\"w-image-h\"><div style=\"padding-bottom:56.25%\"><\/div><img decoding=\"async\" width=\"606\" height=\"340\" src=\"https:\/\/www.ayes.cz\/wp-content\/uploads\/2023\/01\/Vuzix_Celenka-1.png\" class=\"attachment-large size-large\" alt=\"\" loading=\"lazy\" \/><\/div><\/div><\/div><\/div><\/div><div class=\"vc_col-sm-3\/5 wpb_column vc_column_container\"><div class=\"vc_column-inner\"><div class=\"wpb_wrapper\"><h2 class=\"w-text\"><span class=\"w-text-h\"><span class=\"w-text-value\">M-Series headband<\/span><\/span><\/h2><div class=\"wpb_text_column\"><div class=\"wpb_wrapper\"><p>Adjustable headband fits any head size comfortably while providing a stable mounting of the M-Series Smart Glasses. Elastic headband is lined for comfort and holds an M-Series On-Frame Battery mount on one side and a single custom Vuzix rail mount on the other side, allowing for left or right eye use.<\/p>\n<\/div><\/div><div class=\"w-separator size_medium\"><\/div><div class=\"w-btn-wrapper align_none\"><a class=\"w-btn us-btn-style_3\" id=\"M-Series headband\" href=\"#spu-3429\"><span class=\"w-btn-label\">Enquire Now<\/span><\/a><\/div><\/div><\/div><\/div><\/div><\/div><\/section><section class=\"l-section wpb_row us_custom_e343dda7 almost-full-width height_custom\" id=\"external-battery\"><div class=\"l-section-h i-cf\"><div class=\"g-cols vc_row via_flex valign_top type_default stacking_default\"><div class=\"vc_col-sm-3\/5 wpb_column vc_column_container\"><div class=\"vc_column-inner\"><div class=\"wpb_wrapper\"><h2 class=\"w-text\"><span class=\"w-text-h\"><span class=\"w-text-value\">External battery<\/span><\/span><\/h2><div class=\"wpb_text_column\"><div class=\"wpb_wrapper\"><p>The durable 10,050 mAh external battery is designed for 8 &#8211; 10 hours of use on a single charge. Lightweight and pocket-sized, dual USB output and 4 LEDs to indicate charging status. The package also includes a long micro-USB cable and a mounting clip for belts or straps. Multi-unit charging stations also available.<\/p>\n<\/div><\/div><div class=\"w-separator size_medium\"><\/div><div class=\"w-btn-wrapper align_none\"><a class=\"w-btn us-btn-style_3\" id=\"External battery\" href=\"#spu-3429\"><span class=\"w-btn-label\">Enquire Now<\/span><\/a><\/div><\/div><\/div><\/div><div class=\"vc_col-sm-2\/5 wpb_column vc_column_container\"><div class=\"vc_column-inner\"><div class=\"wpb_wrapper\"><div class=\"w-image has_ratio align_none\"><div class=\"w-image-h\"><div style=\"padding-bottom:56.25%\"><\/div><img decoding=\"async\" width=\"606\" height=\"340\" src=\"https:\/\/www.ayes.cz\/wp-content\/uploads\/2023\/01\/Vuzix_Externi-baterie-1.png\" class=\"attachment-large size-large\" alt=\"\" loading=\"lazy\" \/><\/div><\/div><\/div><\/div><\/div><\/div><\/div><\/section><section class=\"l-section wpb_row us_custom_eeb3f56b height_custom\" id=\"powerbank-m400\"><div class=\"l-section-h i-cf\"><div class=\"g-cols vc_row via_flex valign_top type_default reversed stacking_default\"><div class=\"vc_col-sm-2\/5 wpb_column vc_column_container\"><div class=\"vc_column-inner\"><div class=\"wpb_wrapper\"><div class=\"w-image has_ratio align_none\"><div class=\"w-image-h\"><div style=\"padding-bottom:56.25%\"><\/div><img decoding=\"async\" width=\"960\" height=\"541\" src=\"https:\/\/www.ayes.cz\/wp-content\/uploads\/2023\/01\/Vuzix_Powerbanka-M400.png\" class=\"attachment-large size-large\" alt=\"\" loading=\"lazy\" \/><\/div><\/div><\/div><\/div><\/div><div class=\"vc_col-sm-3\/5 wpb_column vc_column_container\"><div class=\"vc_column-inner\"><div class=\"wpb_wrapper\"><h2 class=\"w-text\"><span class=\"w-text-h\"><span class=\"w-text-value\">Powerbank M400<\/span><\/span><\/h2><div class=\"wpb_text_column\"><div class=\"wpb_wrapper\"><p>The M400 Powerbank is designed specifically for use with our <a href=\"https:\/\/www.ayes.cz\/en\/products\/vuzix-m400\/\">M400<\/a> smart glasses. Vuzix&#8217;s unique design allows users to swap out the powerbank on the fly, meaning no interruptions while changing the battery. With a 1000 mAh capacity (2-5 hours of operation) and IP67 rating, this replacement battery can be worn with all variants of the M Series head mounts.<\/p>\n<\/div><\/div><div class=\"w-separator size_medium\"><\/div><div class=\"w-btn-wrapper align_none\"><a class=\"w-btn us-btn-style_3\" id=\"Powerbank M400\" href=\"#spu-3429\"><span class=\"w-btn-label\">Enquire Now<\/span><\/a><\/div><\/div><\/div><\/div><\/div><\/div><\/section><section class=\"l-section wpb_row us_custom_e343dda7 almost-full-width height_custom\" id=\"usb-charging-cable\"><div class=\"l-section-h i-cf\"><div class=\"g-cols vc_row via_flex valign_top type_default stacking_default\"><div class=\"vc_col-sm-3\/5 wpb_column vc_column_container\"><div class=\"vc_column-inner\"><div class=\"wpb_wrapper\"><h2 class=\"w-text\"><span class=\"w-text-h\"><span class=\"w-text-value\">USB charging cable<\/span><\/span><\/h2><div class=\"wpb_text_column\"><div class=\"wpb_wrapper\"><p>The USB charging cable can be plugged directly into the battery no matter which side of the head the user places it on. This replacement cable is used to charge the M-Series On-Frame battery by connecting the USB cable to a computer or to a wall charging brick (not included).<\/p>\n<\/div><\/div><div class=\"w-separator size_medium\"><\/div><div class=\"w-btn-wrapper align_none\"><a class=\"w-btn us-btn-style_3\" id=\"USB charging cable\" href=\"#spu-3429\"><span class=\"w-btn-label\">Enquire Now<\/span><\/a><\/div><\/div><\/div><\/div><div class=\"vc_col-sm-2\/5 wpb_column vc_column_container\"><div class=\"vc_column-inner\"><div class=\"wpb_wrapper\"><div class=\"w-image has_ratio align_none\"><div class=\"w-image-h\"><div style=\"padding-bottom:56.25%\"><\/div><img decoding=\"async\" width=\"606\" height=\"340\" src=\"https:\/\/www.ayes.cz\/wp-content\/uploads\/2023\/01\/Vuzix_USB-nabijeci-kabel-2.png\" class=\"attachment-full size-full\" alt=\"\" loading=\"lazy\" \/><\/div><\/div><\/div><\/div><\/div><\/div><\/div><\/section><section class=\"l-section wpb_row us_custom_eeb3f56b height_custom\" id=\"m-series-hat-mount\"><div class=\"l-section-h i-cf\"><div class=\"g-cols vc_row via_flex valign_top type_default reversed stacking_default\"><div class=\"vc_col-sm-2\/5 wpb_column vc_column_container\"><div class=\"vc_column-inner\"><div class=\"wpb_wrapper\"><div class=\"w-image has_ratio align_none\"><div class=\"w-image-h\"><div style=\"padding-bottom:56.25%\"><\/div><img decoding=\"async\" width=\"606\" height=\"340\" src=\"https:\/\/www.ayes.cz\/wp-content\/uploads\/2023\/01\/Vuzix_Klipy-M-Series-na-helmu-nebo-ksiltovku-1.png\" class=\"attachment-large size-large\" alt=\"\" loading=\"lazy\" \/><\/div><\/div><\/div><\/div><\/div><div class=\"vc_col-sm-3\/5 wpb_column vc_column_container\"><div class=\"vc_column-inner\"><div class=\"wpb_wrapper\"><h2 class=\"w-text\"><span class=\"w-text-h\"><span class=\"w-text-value\">M-Series hat mount<\/span><\/span><\/h2><div class=\"wpb_text_column\"><div class=\"wpb_wrapper\"><p>Clips are custom designed to attach M-Series smart glasses to a safety helmet or most types of caps. They provide a stable attachment for the M-Series smart glasses. It features an M-Series On-Frame battery holder on one side and a Vuzix glasses holder on the other side. The mounts are interchangeable, allowing you to choose the display placement on the right or left eye.<\/p>\n<\/div><\/div><div class=\"w-separator size_medium\"><\/div><div class=\"w-btn-wrapper align_none\"><a class=\"w-btn us-btn-style_3\" id=\"M-Series hat mount\" href=\"#spu-3429\"><span class=\"w-btn-label\">Enquire Now<\/span><\/a><\/div><\/div><\/div><\/div><\/div><\/div><\/section><section class=\"l-section wpb_row us_custom_e343dda7 almost-full-width height_custom\" id=\"m-series-battery\"><div class=\"l-section-h i-cf\"><div class=\"g-cols vc_row via_flex valign_top type_default stacking_default\"><div class=\"vc_col-sm-3\/5 wpb_column vc_column_container\"><div class=\"vc_column-inner\"><div class=\"wpb_wrapper\"><h2 class=\"w-text\"><span class=\"w-text-h\"><span class=\"w-text-value\">M-Series on-frame battery<\/span><\/span><\/h2><div class=\"wpb_text_column\"><div class=\"wpb_wrapper\"><p>The specially designed 860 mAh battery (2-5 hours of operation) can be used in combination with the M-Series smart glasses. It perfectly balances the smart glasses on all Vuzix frames. Includes a micro-USB charging port, power button, three LED lights to indicate charge status and a USB input in case an external Wi-Fi device is required. The battery is replaceable on fly.<\/p>\n<\/div><\/div><div class=\"w-separator size_medium\"><\/div><div class=\"w-btn-wrapper align_none\"><a class=\"w-btn us-btn-style_3\" id=\"M-Series on-frame battery\" href=\"#spu-3429\"><span class=\"w-btn-label\">Enquire Now<\/span><\/a><\/div><\/div><\/div><\/div><div class=\"vc_col-sm-2\/5 wpb_column vc_column_container\"><div class=\"vc_column-inner\"><div class=\"wpb_wrapper\"><div class=\"w-image has_ratio align_none\"><div class=\"w-image-h\"><div style=\"padding-bottom:56.25%\"><\/div><img decoding=\"async\" width=\"960\" height=\"541\" src=\"https:\/\/www.ayes.cz\/wp-content\/uploads\/2023\/01\/Vuzix_M-Series-On-Frame-baterie.png\" class=\"attachment-large size-large\" alt=\"\" loading=\"lazy\" \/><\/div><\/div><\/div><\/div><\/div><\/div><\/div><\/section>\n","protected":false},"excerpt":{"rendered":"Vuzix AccessoriesChoose from a range of accessories for Vuzix smart glasses to enhance protection against damage or expand the use of your device. Protective carrying caseZippered case with custom foam insert to safely store the M400 &amp; M4000 Smart Glasses , M-Series On-Frame Battery, 1pair of frames, plus zippered pockets to organize cables, adapters, and...","protected":false},"author":2,"featured_media":2688,"parent":3527,"menu_order":0,"comment_status":"closed","ping_status":"closed","template":"","meta":{"_acf_changed":false,"footnotes":""},"class_list":["post-3993","page","type-page","status-publish","has-post-thumbnail","hentry"],"acf":[],"yoast_head":"<!-- This site is optimized with the Yoast SEO plugin v24.9 - https:\/\/yoast.com\/wordpress\/plugins\/seo\/ -->\n<title>Vuzix Accessories | AYES<\/title>\n<meta name=\"description\" content=\"Choose from a range of Vuzix smartglasses accessories.\" \/>\n<meta name=\"robots\" content=\"index, follow, max-snippet:-1, max-image-preview:large, max-video-preview:-1\" \/>\n<link rel=\"canonical\" href=\"https:\/\/www.ayes.cz\/en\/products\/vuzix-accessories\/\" \/>\n<meta property=\"og:locale\" content=\"en_US\" \/>\n<meta property=\"og:type\" content=\"article\" \/>\n<meta property=\"og:title\" content=\"Vuzix Accessories | AYES\" \/>\n<meta property=\"og:description\" content=\"Choose from a range of Vuzix smartglasses accessories.\" \/>\n<meta property=\"og:url\" content=\"https:\/\/www.ayes.cz\/en\/products\/vuzix-accessories\/\" \/>\n<meta property=\"og:site_name\" content=\"AYES\" \/>\n<meta property=\"article:publisher\" content=\"https:\/\/www.facebook.com\/AYEStechnology\/\" \/>\n<meta property=\"article:modified_time\" content=\"2024-04-12T11:08:42+00:00\" \/>\n<meta property=\"og:image\" content=\"https:\/\/www.ayes.cz\/wp-content\/uploads\/2023\/01\/vuzix_logo.png\" \/>\n\t<meta property=\"og:image:width\" content=\"496\" \/>\n\t<meta property=\"og:image:height\" content=\"280\" \/>\n\t<meta property=\"og:image:type\" content=\"image\/png\" \/>\n<meta name=\"twitter:card\" content=\"summary_large_image\" \/>\n<meta name=\"twitter:label1\" content=\"Est. reading time\" \/>\n\t<meta name=\"twitter:data1\" content=\"3 minutes\" \/>\n<script type=\"application\/ld+json\" class=\"yoast-schema-graph\">{\"@context\":\"https:\/\/schema.org\",\"@graph\":[{\"@type\":\"WebPage\",\"@id\":\"https:\/\/www.ayes.cz\/en\/products\/vuzix-accessories\/\",\"url\":\"https:\/\/www.ayes.cz\/en\/products\/vuzix-accessories\/\",\"name\":\"Vuzix Accessories | AYES\",\"isPartOf\":{\"@id\":\"https:\/\/www.ayes.cz\/en\/#website\"},\"primaryImageOfPage\":{\"@id\":\"https:\/\/www.ayes.cz\/en\/products\/vuzix-accessories\/#primaryimage\"},\"image\":{\"@id\":\"https:\/\/www.ayes.cz\/en\/products\/vuzix-accessories\/#primaryimage\"},\"thumbnailUrl\":\"https:\/\/www.ayes.cz\/wp-content\/uploads\/2023\/01\/vuzix_logo.png\",\"datePublished\":\"2022-12-21T12:10:55+00:00\",\"dateModified\":\"2024-04-12T11:08:42+00:00\",\"description\":\"Choose from a range of Vuzix smartglasses accessories.\",\"breadcrumb\":{\"@id\":\"https:\/\/www.ayes.cz\/en\/products\/vuzix-accessories\/#breadcrumb\"},\"inLanguage\":\"en-US\",\"potentialAction\":[{\"@type\":\"ReadAction\",\"target\":[\"https:\/\/www.ayes.cz\/en\/products\/vuzix-accessories\/\"]}]},{\"@type\":\"ImageObject\",\"inLanguage\":\"en-US\",\"@id\":\"https:\/\/www.ayes.cz\/en\/products\/vuzix-accessories\/#primaryimage\",\"url\":\"https:\/\/www.ayes.cz\/wp-content\/uploads\/2023\/01\/vuzix_logo.png\",\"contentUrl\":\"https:\/\/www.ayes.cz\/wp-content\/uploads\/2023\/01\/vuzix_logo.png\",\"width\":496,\"height\":280},{\"@type\":\"BreadcrumbList\",\"@id\":\"https:\/\/www.ayes.cz\/en\/products\/vuzix-accessories\/#breadcrumb\",\"itemListElement\":[{\"@type\":\"ListItem\",\"position\":1,\"name\":\"Home\",\"item\":\"https:\/\/www.ayes.cz\/en\/\"},{\"@type\":\"ListItem\",\"position\":2,\"name\":\"Products\",\"item\":\"https:\/\/www.ayes.cz\/en\/products\/\"},{\"@type\":\"ListItem\",\"position\":3,\"name\":\"Vuzix Accessories\"}]},{\"@type\":\"WebSite\",\"@id\":\"https:\/\/www.ayes.cz\/en\/#website\",\"url\":\"https:\/\/www.ayes.cz\/en\/\",\"name\":\"AYES\",\"description\":\"Dal\u0161\u00ed web pou\u017e\u00edvaj\u00edc\u00ed WordPress\",\"publisher\":{\"@id\":\"https:\/\/www.ayes.cz\/en\/#organization\"},\"potentialAction\":[{\"@type\":\"SearchAction\",\"target\":{\"@type\":\"EntryPoint\",\"urlTemplate\":\"https:\/\/www.ayes.cz\/en\/?s={search_term_string}\"},\"query-input\":{\"@type\":\"PropertyValueSpecification\",\"valueRequired\":true,\"valueName\":\"search_term_string\"}}],\"inLanguage\":\"en-US\"},{\"@type\":\"Organization\",\"@id\":\"https:\/\/www.ayes.cz\/en\/#organization\",\"name\":\"AYES s.r.o.\",\"url\":\"https:\/\/www.ayes.cz\/en\/\",\"logo\":{\"@type\":\"ImageObject\",\"inLanguage\":\"en-US\",\"@id\":\"https:\/\/www.ayes.cz\/en\/#\/schema\/logo\/image\/\",\"url\":\"https:\/\/www.ayes.cz\/wp-content\/uploads\/2022\/10\/ayes_logo_bez_pozadi__1_-1.png\",\"contentUrl\":\"https:\/\/www.ayes.cz\/wp-content\/uploads\/2022\/10\/ayes_logo_bez_pozadi__1_-1.png\",\"width\":1148,\"height\":360,\"caption\":\"AYES s.r.o.\"},\"image\":{\"@id\":\"https:\/\/www.ayes.cz\/en\/#\/schema\/logo\/image\/\"},\"sameAs\":[\"https:\/\/www.facebook.com\/AYEStechnology\/\",\"https:\/\/www.linkedin.com\/company\/ayes3\/\"]}]}<\/script>\n<!-- \/ Yoast SEO plugin. -->","yoast_head_json":{"title":"Vuzix Accessories | AYES","description":"Choose from a range of Vuzix smartglasses accessories.","robots":{"index":"index","follow":"follow","max-snippet":"max-snippet:-1","max-image-preview":"max-image-preview:large","max-video-preview":"max-video-preview:-1"},"canonical":"https:\/\/www.ayes.cz\/en\/products\/vuzix-accessories\/","og_locale":"en_US","og_type":"article","og_title":"Vuzix Accessories | AYES","og_description":"Choose from a range of Vuzix smartglasses accessories.","og_url":"https:\/\/www.ayes.cz\/en\/products\/vuzix-accessories\/","og_site_name":"AYES","article_publisher":"https:\/\/www.facebook.com\/AYEStechnology\/","article_modified_time":"2024-04-12T11:08:42+00:00","og_image":[{"width":496,"height":280,"url":"https:\/\/www.ayes.cz\/wp-content\/uploads\/2023\/01\/vuzix_logo.png","type":"image\/png"}],"twitter_card":"summary_large_image","twitter_misc":{"Est. reading time":"3 minutes"},"schema":{"@context":"https:\/\/schema.org","@graph":[{"@type":"WebPage","@id":"https:\/\/www.ayes.cz\/en\/products\/vuzix-accessories\/","url":"https:\/\/www.ayes.cz\/en\/products\/vuzix-accessories\/","name":"Vuzix Accessories | AYES","isPartOf":{"@id":"https:\/\/www.ayes.cz\/en\/#website"},"primaryImageOfPage":{"@id":"https:\/\/www.ayes.cz\/en\/products\/vuzix-accessories\/#primaryimage"},"image":{"@id":"https:\/\/www.ayes.cz\/en\/products\/vuzix-accessories\/#primaryimage"},"thumbnailUrl":"https:\/\/www.ayes.cz\/wp-content\/uploads\/2023\/01\/vuzix_logo.png","datePublished":"2022-12-21T12:10:55+00:00","dateModified":"2024-04-12T11:08:42+00:00","description":"Choose from a range of Vuzix smartglasses accessories.","breadcrumb":{"@id":"https:\/\/www.ayes.cz\/en\/products\/vuzix-accessories\/#breadcrumb"},"inLanguage":"en-US","potentialAction":[{"@type":"ReadAction","target":["https:\/\/www.ayes.cz\/en\/products\/vuzix-accessories\/"]}]},{"@type":"ImageObject","inLanguage":"en-US","@id":"https:\/\/www.ayes.cz\/en\/products\/vuzix-accessories\/#primaryimage","url":"https:\/\/www.ayes.cz\/wp-content\/uploads\/2023\/01\/vuzix_logo.png","contentUrl":"https:\/\/www.ayes.cz\/wp-content\/uploads\/2023\/01\/vuzix_logo.png","width":496,"height":280},{"@type":"BreadcrumbList","@id":"https:\/\/www.ayes.cz\/en\/products\/vuzix-accessories\/#breadcrumb","itemListElement":[{"@type":"ListItem","position":1,"name":"Home","item":"https:\/\/www.ayes.cz\/en\/"},{"@type":"ListItem","position":2,"name":"Products","item":"https:\/\/www.ayes.cz\/en\/products\/"},{"@type":"ListItem","position":3,"name":"Vuzix Accessories"}]},{"@type":"WebSite","@id":"https:\/\/www.ayes.cz\/en\/#website","url":"https:\/\/www.ayes.cz\/en\/","name":"AYES","description":"Dal\u0161\u00ed web pou\u017e\u00edvaj\u00edc\u00ed WordPress","publisher":{"@id":"https:\/\/www.ayes.cz\/en\/#organization"},"potentialAction":[{"@type":"SearchAction","target":{"@type":"EntryPoint","urlTemplate":"https:\/\/www.ayes.cz\/en\/?s={search_term_string}"},"query-input":{"@type":"PropertyValueSpecification","valueRequired":true,"valueName":"search_term_string"}}],"inLanguage":"en-US"},{"@type":"Organization","@id":"https:\/\/www.ayes.cz\/en\/#organization","name":"AYES s.r.o.","url":"https:\/\/www.ayes.cz\/en\/","logo":{"@type":"ImageObject","inLanguage":"en-US","@id":"https:\/\/www.ayes.cz\/en\/#\/schema\/logo\/image\/","url":"https:\/\/www.ayes.cz\/wp-content\/uploads\/2022\/10\/ayes_logo_bez_pozadi__1_-1.png","contentUrl":"https:\/\/www.ayes.cz\/wp-content\/uploads\/2022\/10\/ayes_logo_bez_pozadi__1_-1.png","width":1148,"height":360,"caption":"AYES s.r.o."},"image":{"@id":"https:\/\/www.ayes.cz\/en\/#\/schema\/logo\/image\/"},"sameAs":["https:\/\/www.facebook.com\/AYEStechnology\/","https:\/\/www.linkedin.com\/company\/ayes3\/"]}]}},"_links":{"self":[{"href":"https:\/\/www.ayes.cz\/en\/wp-json\/wp\/v2\/pages\/3993","targetHints":{"allow":["GET"]}}],"collection":[{"href":"https:\/\/www.ayes.cz\/en\/wp-json\/wp\/v2\/pages"}],"about":[{"href":"https:\/\/www.ayes.cz\/en\/wp-json\/wp\/v2\/types\/page"}],"author":[{"embeddable":true,"href":"https:\/\/www.ayes.cz\/en\/wp-json\/wp\/v2\/users\/2"}],"replies":[{"embeddable":true,"href":"https:\/\/www.ayes.cz\/en\/wp-json\/wp\/v2\/comments?post=3993"}],"version-history":[{"count":5,"href":"https:\/\/www.ayes.cz\/en\/wp-json\/wp\/v2\/pages\/3993\/revisions"}],"predecessor-version":[{"id":23408,"href":"https:\/\/www.ayes.cz\/en\/wp-json\/wp\/v2\/pages\/3993\/revisions\/23408"}],"up":[{"embeddable":true,"href":"https:\/\/www.ayes.cz\/en\/wp-json\/wp\/v2\/pages\/3527"}],"wp:featuredmedia":[{"embeddable":true,"href":"https:\/\/www.ayes.cz\/en\/wp-json\/wp\/v2\/media\/2688"}],"wp:attachment":[{"href":"https:\/\/www.ayes.cz\/en\/wp-json\/wp\/v2\/media?parent=3993"}],"curies":[{"name":"wp","href":"https:\/\/api.w.org\/{rel}","templated":true}]}}