{"id":40425,"date":"2025-01-21T11:02:38","date_gmt":"2025-01-21T10:02:38","guid":{"rendered":"https:\/\/www.ayes.cz\/proglove-mark-2\/"},"modified":"2025-01-21T11:56:34","modified_gmt":"2025-01-21T10:56:34","slug":"proglove-mark-2","status":"publish","type":"page","link":"https:\/\/www.ayes.cz\/en\/products\/proglove-sensors\/proglove-mark-2\/","title":{"rendered":"ProGlove Mark 2"},"content":{"rendered":"<section class=\"l-section wpb_row tabs height_custom\"><div class=\"l-section-h i-cf\"><div class=\"g-cols vc_row via_flex valign_top type_default stacking_default\"><div class=\"vc_col-sm-12 wpb_column vc_column_container\"><div class=\"vc_column-inner\"><div class=\"wpb_wrapper\"><h1 class=\"w-text us_custom_eb849559\"><span class=\"w-text-h\"><span class=\"w-text-value\">ProGlove Mark 2<\/span><\/span><\/h1><div class=\"wpb_text_column\"><div class=\"wpb_wrapper\"><p style=\"text-align: center;\">\u00a0<span class=\"NormalTextRun SpellingErrorV2Themed SCXW157653392 BCX0\">ProGlove<\/span><span class=\"NormalTextRun SCXW157653392 BCX0\"> Mark 2 is a high-end industrial barcode scanner designed for maximum efficiency, <\/span><span class=\"NormalTextRun SCXW157653392 BCX0\">ergonomics<\/span><span class=\"NormalTextRun SCXW157653392 BCX0\"> and comfort at work. This lightweight and compact scanner enables <\/span><span class=\"NormalTextRun SCXW157653392 BCX0\">logistics<\/span><span class=\"NormalTextRun SCXW157653392 BCX0\">, <\/span><span class=\"NormalTextRun SCXW157653392 BCX0\">manufacturing<\/span><span class=\"NormalTextRun SCXW157653392 BCX0\"> and retail workers to significantly speed up and simplify processes without restricting their movement. Its intuitive operation and reliability make it an ideal tool for <\/span><span class=\"NormalTextRun SCXW157653392 BCX0\">optimizing<\/span><span class=\"NormalTextRun SCXW157653392 BCX0\"> workflows.<\/span><\/p>\n<\/div><\/div><div class=\"w-separator size_small\"><\/div><div class=\"w-btn-wrapper align_center\"><a class=\"w-btn us-btn-style_3 Popup-poptavka\" href=\".\/\"><span class=\"w-btn-label\">Enquire Now<\/span><\/a><\/div><\/div><\/div><\/div><\/div><\/div><\/section><section class=\"l-section wpb_row us_custom_295f1ea2 almost-full-width height_custom width_full\"><div class=\"l-section-h i-cf\"><div class=\"g-cols vc_row via_flex valign_top type_default stacking_default\"><div class=\"vc_col-sm-6 wpb_column vc_column_container\"><div class=\"vc_column-inner us_custom_821a0aa1\"><div class=\"wpb_wrapper\"><div class=\"w-image us_custom_1754c92a align_none\"><a ref=\"magnificPopup\" href=\"https:\/\/www.ayes.cz\/wp-content\/uploads\/2025\/01\/ProGlove-Mark-2-2.jpg\" aria-label=\"ProGlove Mark 2-2\" class=\"w-image-h\"><img decoding=\"async\" width=\"944\" height=\"446\" src=\"https:\/\/www.ayes.cz\/wp-content\/uploads\/2025\/01\/ProGlove-Mark-2-2.jpg\" class=\"attachment-full size-full\" alt=\"\" loading=\"lazy\" srcset=\"https:\/\/www.ayes.cz\/wp-content\/uploads\/2025\/01\/ProGlove-Mark-2-2.jpg 944w, https:\/\/www.ayes.cz\/wp-content\/uploads\/2025\/01\/ProGlove-Mark-2-2-300x142.jpg 300w, https:\/\/www.ayes.cz\/wp-content\/uploads\/2025\/01\/ProGlove-Mark-2-2-600x283.jpg 600w\" sizes=\"auto, (max-width: 944px) 100vw, 944px\" \/><\/a><\/div><\/div><\/div><\/div><div class=\"vc_col-sm-6 wpb_column vc_column_container\"><div class=\"vc_column-inner us_custom_ad7fc171\"><div class=\"wpb_wrapper\"><div class=\"w-image us_custom_96bd3073 align_none\"><a ref=\"magnificPopup\" href=\"https:\/\/www.ayes.cz\/wp-content\/uploads\/2025\/01\/ProGlove-mark-2-image-2.jpg\" aria-label=\"ProGlove-mark-2-image-2\" class=\"w-image-h\"><img decoding=\"async\" width=\"989\" height=\"467\" src=\"https:\/\/www.ayes.cz\/wp-content\/uploads\/2025\/01\/ProGlove-mark-2-image-2.jpg\" class=\"attachment-full size-full\" alt=\"\" loading=\"lazy\" srcset=\"https:\/\/www.ayes.cz\/wp-content\/uploads\/2025\/01\/ProGlove-mark-2-image-2.jpg 989w, https:\/\/www.ayes.cz\/wp-content\/uploads\/2025\/01\/ProGlove-mark-2-image-2-300x142.jpg 300w, https:\/\/www.ayes.cz\/wp-content\/uploads\/2025\/01\/ProGlove-mark-2-image-2-600x283.jpg 600w\" sizes=\"auto, (max-width: 989px) 100vw, 989px\" \/><\/a><\/div><\/div><\/div><\/div><\/div><\/div><\/section><section class=\"l-section wpb_row us_custom_165269a3 height_auto\"><div class=\"l-section-h i-cf\"><div class=\"g-cols vc_row via_flex valign_top type_default stacking_default\"><div class=\"vc_col-sm-6 wpb_column vc_column_container\"><div class=\"vc_column-inner us_custom_c19b5cae\"><div class=\"wpb_wrapper\"><h2 class=\"w-text\"><span class=\"w-text-h\"><span class=\"w-text-value\">Why choose ProGlove Mark 2?<\/span><\/span><\/h2><div class=\"w-separator size_small\"><\/div><div class=\"wpb_text_column\"><div class=\"wpb_wrapper\"><p><span class=\"TextRun SCXW1597599 BCX0\" lang=\"EN-GB\" xml:lang=\"EN-GB\" data-contrast=\"auto\"><span class=\"NormalTextRun SCXW1597599 BCX0\">The <\/span><span class=\"NormalTextRun SCXW1597599 BCX0\">ProGlove<\/span><span class=\"NormalTextRun SCXW1597599 BCX0\"> Mark 2 is the perfect helper in modern industry, combining ease of use, top <\/span><span class=\"NormalTextRun SCXW1597599 BCX0\">performance<\/span><span class=\"NormalTextRun SCXW1597599 BCX0\"> and maximum flexibility. The ability to pair with smart glasses <\/span><span class=\"NormalTextRun SCXW1597599 BCX0\">opens up<\/span><span class=\"NormalTextRun SCXW1597599 BCX0\"> new possibilities in hands-free work and data integration, speeding up processes and reducing the physical strain on workers.<\/span><\/span><span class=\"EOP SCXW1597599 BCX0\" data-ccp-props=\"{}\">\u00a0<\/span><\/p>\n<\/div><\/div><div class=\"w-separator size_medium\"><\/div><h2 class=\"w-text\"><span class=\"w-text-h\"><span class=\"w-text-value\">Areas of application<\/span><\/span><\/h2><div class=\"w-separator size_small\"><\/div><div class=\"wpb_text_column\"><div class=\"wpb_wrapper\"><ul>\n<li data-leveltext=\"\uf0b7\" data-font=\"Symbol\" data-listid=\"3\" data-list-defn-props=\"{&quot;335552541&quot;:1,&quot;335559685&quot;:720,&quot;335559991&quot;:360,&quot;469769226&quot;:&quot;Symbol&quot;,&quot;469769242&quot;:&#091;8226&#093;,&quot;469777803&quot;:&quot;left&quot;,&quot;469777804&quot;:&quot;\uf0b7&quot;,&quot;469777815&quot;:&quot;multilevel&quot;}\" aria-setsize=\"-1\" data-aria-posinset=\"9\" data-aria-level=\"1\"><span data-contrast=\"auto\">Logistics (vision picking) and warehouse management<\/span><span data-ccp-props=\"{}\">\u00a0<\/span><\/li>\n<\/ul>\n<ul>\n<li data-leveltext=\"\uf0b7\" data-font=\"Symbol\" data-listid=\"3\" data-list-defn-props=\"{&quot;335552541&quot;:1,&quot;335559685&quot;:720,&quot;335559991&quot;:360,&quot;469769226&quot;:&quot;Symbol&quot;,&quot;469769242&quot;:&#091;8226&#093;,&quot;469777803&quot;:&quot;left&quot;,&quot;469777804&quot;:&quot;\uf0b7&quot;,&quot;469777815&quot;:&quot;multilevel&quot;}\" aria-setsize=\"-1\" data-aria-posinset=\"10\" data-aria-level=\"1\"><span data-contrast=\"auto\">Production and assembly lines<\/span><span data-ccp-props=\"{}\">\u00a0<\/span><\/li>\n<\/ul>\n<ul>\n<li data-leveltext=\"\uf0b7\" data-font=\"Symbol\" data-listid=\"3\" data-list-defn-props=\"{&quot;335552541&quot;:1,&quot;335559685&quot;:720,&quot;335559991&quot;:360,&quot;469769226&quot;:&quot;Symbol&quot;,&quot;469769242&quot;:&#091;8226&#093;,&quot;469777803&quot;:&quot;left&quot;,&quot;469777804&quot;:&quot;\uf0b7&quot;,&quot;469777815&quot;:&quot;multilevel&quot;}\" aria-setsize=\"-1\" data-aria-posinset=\"11\" data-aria-level=\"1\"><span data-contrast=\"auto\">Retail and Inventory Management<\/span><span data-ccp-props=\"{}\">\u00a0<\/span><\/li>\n<\/ul>\n<ul>\n<li data-leveltext=\"\uf0b7\" data-font=\"Symbol\" data-listid=\"3\" data-list-defn-props=\"{&quot;335552541&quot;:1,&quot;335559685&quot;:720,&quot;335559991&quot;:360,&quot;469769226&quot;:&quot;Symbol&quot;,&quot;469769242&quot;:&#091;8226&#093;,&quot;469777803&quot;:&quot;left&quot;,&quot;469777804&quot;:&quot;\uf0b7&quot;,&quot;469777815&quot;:&quot;multilevel&quot;}\" aria-setsize=\"-1\" data-aria-posinset=\"12\" data-aria-level=\"1\"><span data-contrast=\"auto\">Distribution centres<\/span><span data-ccp-props=\"{}\">\u00a0<\/span><\/li>\n<\/ul>\n<\/div><\/div><\/div><\/div><\/div><div class=\"vc_col-sm-6 wpb_column vc_column_container\"><div class=\"vc_column-inner us_custom_1e133a3a\"><div class=\"wpb_wrapper\"><div class=\"g-cols wpb_row us_custom_36214338 via_flex valign_top type_default stacking_default\"><div class=\"vc_col-sm-12 wpb_column vc_column_container\"><div class=\"vc_column-inner us_custom_aa92d13c\"><div class=\"wpb_wrapper\"><h2 class=\"w-text\"><span class=\"w-text-h\"><span class=\"w-text-value\">Benefits<\/span><\/span><\/h2><div class=\"w-separator size_small\"><\/div><div class=\"wpb_text_column\"><div class=\"wpb_wrapper\"><ul>\n<li data-leveltext=\"\uf0b7\" data-font=\"Symbol\" data-listid=\"1\" data-list-defn-props=\"{&quot;335552541&quot;:1,&quot;335559685&quot;:720,&quot;335559991&quot;:360,&quot;469769226&quot;:&quot;Symbol&quot;,&quot;469769242&quot;:&#091;8226&#093;,&quot;469777803&quot;:&quot;left&quot;,&quot;469777804&quot;:&quot;\uf0b7&quot;,&quot;469777815&quot;:&quot;multilevel&quot;}\" aria-setsize=\"-1\" data-aria-posinset=\"1\" data-aria-level=\"1\"><strong><span class=\"TextRun SCXW89730254 BCX0\" lang=\"EN-GB\" xml:lang=\"EN-GB\" data-contrast=\"auto\"><span class=\"NormalTextRun SCXW89730254 BCX0\">Lightweight and ergonomic design<\/span><span class=\"NormalTextRun SCXW89730254 BCX0\">\u00a0<\/span><\/span><span class=\"EOP SCXW89730254 BCX0\" data-ccp-props=\"{}\">\u00a0<\/span><\/strong><br \/>\n<span class=\"TextRun SCXW265347741 BCX0\" lang=\"EN-GB\" xml:lang=\"EN-GB\" data-contrast=\"auto\"><span class=\"NormalTextRun SCXW265347741 BCX0\">Weighs only 40 grams and is comfortable to wear on the hand, <\/span><span class=\"NormalTextRun SCXW265347741 BCX0\">eliminating<\/span><span class=\"NormalTextRun SCXW265347741 BCX0\"> the need for handheld scanners.<\/span><\/span><span class=\"EOP SCXW265347741 BCX0\" data-ccp-props=\"{&quot;335559685&quot;:720}\">\u00a0<\/span><\/li>\n<\/ul>\n<ul>\n<li data-leveltext=\"\uf0b7\" data-font=\"Symbol\" data-listid=\"1\" data-list-defn-props=\"{&quot;335552541&quot;:1,&quot;335559685&quot;:720,&quot;335559991&quot;:360,&quot;469769226&quot;:&quot;Symbol&quot;,&quot;469769242&quot;:&#091;8226&#093;,&quot;469777803&quot;:&quot;left&quot;,&quot;469777804&quot;:&quot;\uf0b7&quot;,&quot;469777815&quot;:&quot;multilevel&quot;}\" aria-setsize=\"-1\" data-aria-posinset=\"2\" data-aria-level=\"1\"><strong><span class=\"TextRun SCXW60951417 BCX0\" lang=\"EN-GB\" xml:lang=\"EN-GB\" data-contrast=\"auto\"><span class=\"NormalTextRun SCXW60951417 BCX0\">Fast scanning<\/span> <span class=\"NormalTextRun SCXW60951417 BCX0\">speed<\/span><span class=\"NormalTextRun SCXW60951417 BCX0\">\u00a0<\/span><\/span><span class=\"EOP SCXW60951417 BCX0\" data-ccp-props=\"{}\">\u00a0<\/span><\/strong><br \/>\n<span class=\"TextRun SCXW132192474 BCX0\" lang=\"EN-GB\" xml:lang=\"EN-GB\" data-contrast=\"auto\"><span class=\"NormalTextRun SCXW132192474 BCX0\">Quickly reads 1D and 2D barcodes, even in challenging conditions (glare, poor lighting).<\/span><\/span><\/li>\n<\/ul>\n<ul>\n<li data-leveltext=\"\uf0b7\" data-font=\"Symbol\" data-listid=\"1\" data-list-defn-props=\"{&quot;335552541&quot;:1,&quot;335559685&quot;:720,&quot;335559991&quot;:360,&quot;469769226&quot;:&quot;Symbol&quot;,&quot;469769242&quot;:&#091;8226&#093;,&quot;469777803&quot;:&quot;left&quot;,&quot;469777804&quot;:&quot;\uf0b7&quot;,&quot;469777815&quot;:&quot;multilevel&quot;}\" aria-setsize=\"-1\" data-aria-posinset=\"3\" data-aria-level=\"1\"><strong><span class=\"TextRun SCXW205829218 BCX0\" lang=\"EN-GB\" xml:lang=\"EN-GB\" data-contrast=\"auto\"><span class=\"NormalTextRun SCXW205829218 BCX0\">Wireless connectivity<\/span><span class=\"NormalTextRun SCXW205829218 BCX0\">\u00a0<\/span><\/span><span class=\"EOP SCXW205829218 BCX0\" data-ccp-props=\"{}\">\u00a0<\/span><\/strong><br \/>\n<span class=\"TextRun SCXW94950751 BCX0\" lang=\"EN-GB\" xml:lang=\"EN-GB\" data-contrast=\"auto\"><span class=\"NormalTextRun SCXW94950751 BCX0\">Built-in Bluetooth ensures a reliable connection to your device at <\/span><span class=\"NormalTextRun SCXW94950751 BCX0\">a distance of up<\/span><span class=\"NormalTextRun SCXW94950751 BCX0\"> to 30 metres.<\/span><\/span><span class=\"EOP SCXW94950751 BCX0\" data-ccp-props=\"{&quot;335559685&quot;:720}\">\u00a0<\/span><\/li>\n<\/ul>\n<ul>\n<li data-leveltext=\"\uf0b7\" data-font=\"Symbol\" data-listid=\"1\" data-list-defn-props=\"{&quot;335552541&quot;:1,&quot;335559685&quot;:720,&quot;335559991&quot;:360,&quot;469769226&quot;:&quot;Symbol&quot;,&quot;469769242&quot;:&#091;8226&#093;,&quot;469777803&quot;:&quot;left&quot;,&quot;469777804&quot;:&quot;\uf0b7&quot;,&quot;469777815&quot;:&quot;multilevel&quot;}\" aria-setsize=\"-1\" data-aria-posinset=\"4\" data-aria-level=\"1\"><strong><span class=\"TextRun SCXW8527799 BCX0\" lang=\"EN-GB\" xml:lang=\"EN-GB\" data-contrast=\"auto\"><span class=\"NormalTextRun SCXW8527799 BCX0\">Long battery life<\/span><span class=\"NormalTextRun SCXW8527799 BCX0\">\u00a0<\/span><\/span><span class=\"EOP SCXW8527799 BCX0\" data-ccp-props=\"{}\">\u00a0<\/span><\/strong><br \/>\n<span class=\"TextRun SCXW21599363 BCX0\" lang=\"EN-GB\" xml:lang=\"EN-GB\" data-contrast=\"auto\"><span class=\"NormalTextRun SCXW21599363 BCX0\">A single charge provides up to 16 hours of use or 10,000 scans.<\/span><\/span><span class=\"EOP SCXW21599363 BCX0\" data-ccp-props=\"{&quot;335559685&quot;:720}\">\u00a0<\/span><\/li>\n<\/ul>\n<ul>\n<li data-leveltext=\"\uf0b7\" data-font=\"Symbol\" data-listid=\"1\" data-list-defn-props=\"{&quot;335552541&quot;:1,&quot;335559685&quot;:720,&quot;335559991&quot;:360,&quot;469769226&quot;:&quot;Symbol&quot;,&quot;469769242&quot;:&#091;8226&#093;,&quot;469777803&quot;:&quot;left&quot;,&quot;469777804&quot;:&quot;\uf0b7&quot;,&quot;469777815&quot;:&quot;multilevel&quot;}\" aria-setsize=\"-1\" data-aria-posinset=\"5\" data-aria-level=\"1\"><strong><span class=\"TextRun SCXW170737372 BCX0\" lang=\"EN-GB\" xml:lang=\"EN-GB\" data-contrast=\"auto\"><span class=\"NormalTextRun SCXW170737372 BCX0\">Easy integration<\/span><span class=\"NormalTextRun SCXW170737372 BCX0\">\u00a0<\/span><\/span><span class=\"EOP SCXW170737372 BCX0\" data-ccp-props=\"{}\">\u00a0<\/span><\/strong><br \/>\n<span class=\"TextRun SCXW92329369 BCX0\" lang=\"EN-GB\" xml:lang=\"EN-GB\" data-contrast=\"auto\"><span class=\"NormalTextRun SCXW92329369 BCX0\">Compatible with a wide range of systems (Android, iOS, Windows) and simple setup without complicated configuration.<\/span><\/span><span class=\"EOP SCXW92329369 BCX0\" data-ccp-props=\"{&quot;335559685&quot;:720}\">\u00a0<\/span><\/li>\n<\/ul>\n<ul>\n<li data-leveltext=\"\uf0b7\" data-font=\"Symbol\" data-listid=\"1\" data-list-defn-props=\"{&quot;335552541&quot;:1,&quot;335559685&quot;:720,&quot;335559991&quot;:360,&quot;469769226&quot;:&quot;Symbol&quot;,&quot;469769242&quot;:&#091;8226&#093;,&quot;469777803&quot;:&quot;left&quot;,&quot;469777804&quot;:&quot;\uf0b7&quot;,&quot;469777815&quot;:&quot;multilevel&quot;}\" aria-setsize=\"-1\" data-aria-posinset=\"6\" data-aria-level=\"1\"><strong><span class=\"TextRun SCXW16925742 BCX0\" lang=\"EN-GB\" xml:lang=\"EN-GB\" data-contrast=\"auto\"><span class=\"NormalTextRun SCXW16925742 BCX0\">Visual and haptic feedback<\/span><span class=\"NormalTextRun SCXW16925742 BCX0\">\u00a0<\/span><\/span><span class=\"EOP SCXW16925742 BCX0\" data-ccp-props=\"{}\">\u00a0<\/span><\/strong><br \/>\n<span class=\"TextRun SCXW85923783 BCX0\" lang=\"EN-GB\" xml:lang=\"EN-GB\" data-contrast=\"auto\"><span class=\"NormalTextRun SCXW85923783 BCX0\">LED, <\/span><span class=\"NormalTextRun SCXW85923783 BCX0\">vibration<\/span><span class=\"NormalTextRun SCXW85923783 BCX0\"> and audible indications ensure instant confirmation of correct scanning.<\/span><\/span><span class=\"EOP SCXW85923783 BCX0\" data-ccp-props=\"{&quot;335559685&quot;:720}\">\u00a0<\/span><\/li>\n<\/ul>\n<\/div><\/div><\/div><\/div><\/div><\/div><\/div><\/div><\/div><\/div><\/div><\/section>\n","protected":false},"excerpt":{"rendered":"ProGlove Mark 2\u00a0ProGlove Mark 2 is a high-end industrial barcode scanner designed for maximum efficiency, ergonomics and comfort at work. This lightweight and compact scanner enables logistics, manufacturing and retail workers to significantly speed up and simplify processes without restricting their movement. Its intuitive operation and reliability make it an ideal tool for optimizing workflows....","protected":false},"author":2,"featured_media":40553,"parent":40496,"menu_order":0,"comment_status":"closed","ping_status":"closed","template":"","meta":{"_acf_changed":false,"footnotes":""},"class_list":["post-40425","page","type-page","status-publish","has-post-thumbnail","hentry"],"acf":[],"yoast_head":"<!-- This site is optimized with the Yoast SEO plugin v24.9 - https:\/\/yoast.com\/wordpress\/plugins\/seo\/ -->\n<title>ProGlove Mark 2 | AYES<\/title>\n<meta name=\"description\" content=\"Chytr\u00e9 br\u00fdle se sm\u00ed\u0161enou nebo roz\u0161\u00ed\u0159enou realitou umo\u017e\u0148uj\u00ed pracovn\u00edk\u016fm vzd\u00e1len\u011b spolupracovat v re\u00e1ln\u00e9m \u010dase.\" \/>\n<meta name=\"robots\" content=\"index, follow, max-snippet:-1, max-image-preview:large, max-video-preview:-1\" \/>\n<link rel=\"canonical\" href=\"https:\/\/www.ayes.cz\/en\/products\/proglove-sensors\/proglove-mark-2\/\" \/>\n<meta property=\"og:locale\" content=\"en_US\" \/>\n<meta property=\"og:type\" content=\"article\" \/>\n<meta property=\"og:title\" content=\"ProGlove Mark 2 | AYES\" \/>\n<meta property=\"og:description\" content=\"Chytr\u00e9 br\u00fdle se sm\u00ed\u0161enou nebo roz\u0161\u00ed\u0159enou realitou umo\u017e\u0148uj\u00ed pracovn\u00edk\u016fm vzd\u00e1len\u011b spolupracovat v re\u00e1ln\u00e9m \u010dase.\" \/>\n<meta property=\"og:url\" content=\"https:\/\/www.ayes.cz\/en\/products\/proglove-sensors\/proglove-mark-2\/\" \/>\n<meta property=\"og:site_name\" content=\"AYES\" \/>\n<meta property=\"article:publisher\" content=\"https:\/\/www.facebook.com\/AYEStechnology\/\" \/>\n<meta property=\"article:modified_time\" content=\"2025-01-21T10:56:34+00:00\" \/>\n<meta property=\"og:image\" content=\"https:\/\/www.ayes.cz\/wp-content\/uploads\/2022\/11\/digitalni-pracovni-postupy-pravy.jpg\" \/>\n\t<meta property=\"og:image:width\" content=\"900\" \/>\n\t<meta property=\"og:image:height\" content=\"425\" \/>\n\t<meta property=\"og:image:type\" content=\"image\/jpeg\" \/>\n<meta name=\"twitter:card\" content=\"summary_large_image\" \/>\n<meta name=\"twitter:image\" content=\"https:\/\/www.ayes.cz\/wp-content\/uploads\/2022\/11\/digitalni-pracovni-postupy-pravy.jpg\" \/>\n<meta name=\"twitter:label1\" content=\"Est. reading time\" \/>\n\t<meta name=\"twitter:data1\" content=\"2 minutes\" \/>\n<script type=\"application\/ld+json\" class=\"yoast-schema-graph\">{\"@context\":\"https:\/\/schema.org\",\"@graph\":[{\"@type\":\"WebPage\",\"@id\":\"https:\/\/www.ayes.cz\/en\/products\/proglove-sensors\/proglove-mark-2\/\",\"url\":\"https:\/\/www.ayes.cz\/en\/products\/proglove-sensors\/proglove-mark-2\/\",\"name\":\"ProGlove Mark 2 | AYES\",\"isPartOf\":{\"@id\":\"https:\/\/www.ayes.cz\/en\/#website\"},\"primaryImageOfPage\":{\"@id\":\"https:\/\/www.ayes.cz\/en\/products\/proglove-sensors\/proglove-mark-2\/#primaryimage\"},\"image\":{\"@id\":\"https:\/\/www.ayes.cz\/en\/products\/proglove-sensors\/proglove-mark-2\/#primaryimage\"},\"thumbnailUrl\":\"https:\/\/www.ayes.cz\/wp-content\/uploads\/2025\/01\/ProGlove-mark-2-image-2-1.jpg\",\"datePublished\":\"2025-01-21T10:02:38+00:00\",\"dateModified\":\"2025-01-21T10:56:34+00:00\",\"description\":\"Chytr\u00e9 br\u00fdle se sm\u00ed\u0161enou nebo roz\u0161\u00ed\u0159enou realitou umo\u017e\u0148uj\u00ed pracovn\u00edk\u016fm vzd\u00e1len\u011b spolupracovat v re\u00e1ln\u00e9m \u010dase.\",\"breadcrumb\":{\"@id\":\"https:\/\/www.ayes.cz\/en\/products\/proglove-sensors\/proglove-mark-2\/#breadcrumb\"},\"inLanguage\":\"en-US\",\"potentialAction\":[{\"@type\":\"ReadAction\",\"target\":[\"https:\/\/www.ayes.cz\/en\/products\/proglove-sensors\/proglove-mark-2\/\"]}]},{\"@type\":\"ImageObject\",\"inLanguage\":\"en-US\",\"@id\":\"https:\/\/www.ayes.cz\/en\/products\/proglove-sensors\/proglove-mark-2\/#primaryimage\",\"url\":\"https:\/\/www.ayes.cz\/wp-content\/uploads\/2025\/01\/ProGlove-mark-2-image-2-1.jpg\",\"contentUrl\":\"https:\/\/www.ayes.cz\/wp-content\/uploads\/2025\/01\/ProGlove-mark-2-image-2-1.jpg\",\"width\":747,\"height\":467},{\"@type\":\"BreadcrumbList\",\"@id\":\"https:\/\/www.ayes.cz\/en\/products\/proglove-sensors\/proglove-mark-2\/#breadcrumb\",\"itemListElement\":[{\"@type\":\"ListItem\",\"position\":1,\"name\":\"Home\",\"item\":\"https:\/\/www.ayes.cz\/en\/\"},{\"@type\":\"ListItem\",\"position\":2,\"name\":\"ProGlove Mark 2\"}]},{\"@type\":\"WebSite\",\"@id\":\"https:\/\/www.ayes.cz\/en\/#website\",\"url\":\"https:\/\/www.ayes.cz\/en\/\",\"name\":\"AYES\",\"description\":\"Dal\u0161\u00ed web pou\u017e\u00edvaj\u00edc\u00ed WordPress\",\"publisher\":{\"@id\":\"https:\/\/www.ayes.cz\/en\/#organization\"},\"potentialAction\":[{\"@type\":\"SearchAction\",\"target\":{\"@type\":\"EntryPoint\",\"urlTemplate\":\"https:\/\/www.ayes.cz\/en\/?s={search_term_string}\"},\"query-input\":{\"@type\":\"PropertyValueSpecification\",\"valueRequired\":true,\"valueName\":\"search_term_string\"}}],\"inLanguage\":\"en-US\"},{\"@type\":\"Organization\",\"@id\":\"https:\/\/www.ayes.cz\/en\/#organization\",\"name\":\"AYES s.r.o.\",\"url\":\"https:\/\/www.ayes.cz\/en\/\",\"logo\":{\"@type\":\"ImageObject\",\"inLanguage\":\"en-US\",\"@id\":\"https:\/\/www.ayes.cz\/en\/#\/schema\/logo\/image\/\",\"url\":\"https:\/\/www.ayes.cz\/wp-content\/uploads\/2022\/10\/ayes_logo_bez_pozadi__1_-1.png\",\"contentUrl\":\"https:\/\/www.ayes.cz\/wp-content\/uploads\/2022\/10\/ayes_logo_bez_pozadi__1_-1.png\",\"width\":1148,\"height\":360,\"caption\":\"AYES s.r.o.\"},\"image\":{\"@id\":\"https:\/\/www.ayes.cz\/en\/#\/schema\/logo\/image\/\"},\"sameAs\":[\"https:\/\/www.facebook.com\/AYEStechnology\/\",\"https:\/\/www.linkedin.com\/company\/ayes3\/\"]}]}<\/script>\n<!-- \/ Yoast SEO plugin. -->","yoast_head_json":{"title":"ProGlove Mark 2 | AYES","description":"Chytr\u00e9 br\u00fdle se sm\u00ed\u0161enou nebo roz\u0161\u00ed\u0159enou realitou umo\u017e\u0148uj\u00ed pracovn\u00edk\u016fm vzd\u00e1len\u011b spolupracovat v re\u00e1ln\u00e9m \u010dase.","robots":{"index":"index","follow":"follow","max-snippet":"max-snippet:-1","max-image-preview":"max-image-preview:large","max-video-preview":"max-video-preview:-1"},"canonical":"https:\/\/www.ayes.cz\/en\/products\/proglove-sensors\/proglove-mark-2\/","og_locale":"en_US","og_type":"article","og_title":"ProGlove Mark 2 | AYES","og_description":"Chytr\u00e9 br\u00fdle se sm\u00ed\u0161enou nebo roz\u0161\u00ed\u0159enou realitou umo\u017e\u0148uj\u00ed pracovn\u00edk\u016fm vzd\u00e1len\u011b spolupracovat v re\u00e1ln\u00e9m \u010dase.","og_url":"https:\/\/www.ayes.cz\/en\/products\/proglove-sensors\/proglove-mark-2\/","og_site_name":"AYES","article_publisher":"https:\/\/www.facebook.com\/AYEStechnology\/","article_modified_time":"2025-01-21T10:56:34+00:00","og_image":[{"width":900,"height":425,"url":"https:\/\/www.ayes.cz\/wp-content\/uploads\/2022\/11\/digitalni-pracovni-postupy-pravy.jpg","type":"image\/jpeg"}],"twitter_card":"summary_large_image","twitter_image":"https:\/\/www.ayes.cz\/wp-content\/uploads\/2022\/11\/digitalni-pracovni-postupy-pravy.jpg","twitter_misc":{"Est. reading time":"2 minutes"},"schema":{"@context":"https:\/\/schema.org","@graph":[{"@type":"WebPage","@id":"https:\/\/www.ayes.cz\/en\/products\/proglove-sensors\/proglove-mark-2\/","url":"https:\/\/www.ayes.cz\/en\/products\/proglove-sensors\/proglove-mark-2\/","name":"ProGlove Mark 2 | AYES","isPartOf":{"@id":"https:\/\/www.ayes.cz\/en\/#website"},"primaryImageOfPage":{"@id":"https:\/\/www.ayes.cz\/en\/products\/proglove-sensors\/proglove-mark-2\/#primaryimage"},"image":{"@id":"https:\/\/www.ayes.cz\/en\/products\/proglove-sensors\/proglove-mark-2\/#primaryimage"},"thumbnailUrl":"https:\/\/www.ayes.cz\/wp-content\/uploads\/2025\/01\/ProGlove-mark-2-image-2-1.jpg","datePublished":"2025-01-21T10:02:38+00:00","dateModified":"2025-01-21T10:56:34+00:00","description":"Chytr\u00e9 br\u00fdle se sm\u00ed\u0161enou nebo roz\u0161\u00ed\u0159enou realitou umo\u017e\u0148uj\u00ed pracovn\u00edk\u016fm vzd\u00e1len\u011b spolupracovat v re\u00e1ln\u00e9m \u010dase.","breadcrumb":{"@id":"https:\/\/www.ayes.cz\/en\/products\/proglove-sensors\/proglove-mark-2\/#breadcrumb"},"inLanguage":"en-US","potentialAction":[{"@type":"ReadAction","target":["https:\/\/www.ayes.cz\/en\/products\/proglove-sensors\/proglove-mark-2\/"]}]},{"@type":"ImageObject","inLanguage":"en-US","@id":"https:\/\/www.ayes.cz\/en\/products\/proglove-sensors\/proglove-mark-2\/#primaryimage","url":"https:\/\/www.ayes.cz\/wp-content\/uploads\/2025\/01\/ProGlove-mark-2-image-2-1.jpg","contentUrl":"https:\/\/www.ayes.cz\/wp-content\/uploads\/2025\/01\/ProGlove-mark-2-image-2-1.jpg","width":747,"height":467},{"@type":"BreadcrumbList","@id":"https:\/\/www.ayes.cz\/en\/products\/proglove-sensors\/proglove-mark-2\/#breadcrumb","itemListElement":[{"@type":"ListItem","position":1,"name":"Home","item":"https:\/\/www.ayes.cz\/en\/"},{"@type":"ListItem","position":2,"name":"ProGlove Mark 2"}]},{"@type":"WebSite","@id":"https:\/\/www.ayes.cz\/en\/#website","url":"https:\/\/www.ayes.cz\/en\/","name":"AYES","description":"Dal\u0161\u00ed web pou\u017e\u00edvaj\u00edc\u00ed WordPress","publisher":{"@id":"https:\/\/www.ayes.cz\/en\/#organization"},"potentialAction":[{"@type":"SearchAction","target":{"@type":"EntryPoint","urlTemplate":"https:\/\/www.ayes.cz\/en\/?s={search_term_string}"},"query-input":{"@type":"PropertyValueSpecification","valueRequired":true,"valueName":"search_term_string"}}],"inLanguage":"en-US"},{"@type":"Organization","@id":"https:\/\/www.ayes.cz\/en\/#organization","name":"AYES s.r.o.","url":"https:\/\/www.ayes.cz\/en\/","logo":{"@type":"ImageObject","inLanguage":"en-US","@id":"https:\/\/www.ayes.cz\/en\/#\/schema\/logo\/image\/","url":"https:\/\/www.ayes.cz\/wp-content\/uploads\/2022\/10\/ayes_logo_bez_pozadi__1_-1.png","contentUrl":"https:\/\/www.ayes.cz\/wp-content\/uploads\/2022\/10\/ayes_logo_bez_pozadi__1_-1.png","width":1148,"height":360,"caption":"AYES s.r.o."},"image":{"@id":"https:\/\/www.ayes.cz\/en\/#\/schema\/logo\/image\/"},"sameAs":["https:\/\/www.facebook.com\/AYEStechnology\/","https:\/\/www.linkedin.com\/company\/ayes3\/"]}]}},"_links":{"self":[{"href":"https:\/\/www.ayes.cz\/en\/wp-json\/wp\/v2\/pages\/40425","targetHints":{"allow":["GET"]}}],"collection":[{"href":"https:\/\/www.ayes.cz\/en\/wp-json\/wp\/v2\/pages"}],"about":[{"href":"https:\/\/www.ayes.cz\/en\/wp-json\/wp\/v2\/types\/page"}],"author":[{"embeddable":true,"href":"https:\/\/www.ayes.cz\/en\/wp-json\/wp\/v2\/users\/2"}],"replies":[{"embeddable":true,"href":"https:\/\/www.ayes.cz\/en\/wp-json\/wp\/v2\/comments?post=40425"}],"version-history":[{"count":4,"href":"https:\/\/www.ayes.cz\/en\/wp-json\/wp\/v2\/pages\/40425\/revisions"}],"predecessor-version":[{"id":40460,"href":"https:\/\/www.ayes.cz\/en\/wp-json\/wp\/v2\/pages\/40425\/revisions\/40460"}],"up":[{"embeddable":true,"href":"https:\/\/www.ayes.cz\/en\/wp-json\/wp\/v2\/pages\/40496"}],"wp:featuredmedia":[{"embeddable":true,"href":"https:\/\/www.ayes.cz\/en\/wp-json\/wp\/v2\/media\/40553"}],"wp:attachment":[{"href":"https:\/\/www.ayes.cz\/en\/wp-json\/wp\/v2\/media?parent=40425"}],"curies":[{"name":"wp","href":"https:\/\/api.w.org\/{rel}","templated":true}]}}