{"id":40496,"date":"2025-01-21T12:35:25","date_gmt":"2025-01-21T11:35:25","guid":{"rendered":"https:\/\/www.ayes.cz\/snimace-proglove\/"},"modified":"2025-01-23T08:53:58","modified_gmt":"2025-01-23T07:53:58","slug":"proglove-sensors","status":"publish","type":"page","link":"https:\/\/www.ayes.cz\/en\/products\/proglove-sensors\/","title":{"rendered":"Proglove Sensors"},"content":{"rendered":"<section class=\"l-section wpb_row height_custom\"><div class=\"l-section-h i-cf\"><div class=\"g-cols vc_row via_flex valign_top type_default stacking_default\"><div class=\"vc_col-sm-12 wpb_column vc_column_container\"><div class=\"vc_column-inner\"><div class=\"wpb_wrapper\"><h1 class=\"w-text us_custom_eb849559\"><span class=\"w-text-h\"><span class=\"w-text-value\">Proglove Sensors<\/span><\/span><\/h1><div class=\"wpb_text_column\"><div class=\"wpb_wrapper\"><p style=\"text-align: center;\"><span class=\"TextRun SCXW230894956 BCX0\" lang=\"EN-GB\" xml:lang=\"EN-GB\" data-contrast=\"auto\"><strong><span class=\"NormalTextRun SpellingErrorV2Themed SCXW230894956 BCX0\">ProGlove<\/span><\/strong><span class=\"NormalTextRun SCXW230894956 BCX0\"> is a market leader in wearable scanning devices that increase the efficiency and ergonomics of work processes. Their portfolio includes smart gloves and portable scanners that <\/span><span class=\"NormalTextRun SCXW230894956 BCX0\">facilitate<\/span> <span class=\"NormalTextRun SCXW230894956 BCX0\">logistics<\/span><span class=\"NormalTextRun SCXW230894956 BCX0\">, <\/span><span class=\"NormalTextRun SCXW230894956 BCX0\">manufacturing<\/span><span class=\"NormalTextRun SCXW230894956 BCX0\"> and retail. With its intuitive design and easy integration, the technology helps to <\/span><span class=\"NormalTextRun SCXW230894956 BCX0\">optimize<\/span><span class=\"NormalTextRun SCXW230894956 BCX0\"> workflows and reduce costs. <\/span><span class=\"NormalTextRun SpellingErrorV2Themed SCXW230894956 BCX0\">ProGlove<\/span><span class=\"NormalTextRun SCXW230894956 BCX0\"> focuses on connecting technology with user comfort, which puts it at the forefront of the industry.<\/span><\/span><span class=\"EOP SCXW230894956 BCX0\" data-ccp-props=\"{}\">\u00a0<\/span><\/p>\n<\/div><\/div><div class=\"w-separator size_small\"><\/div><div class=\"wpb_text_column\"><div class=\"wpb_wrapper\"><p style=\"text-align: center;\"><span class=\"TextRun SCXW216785026 BCX0\" lang=\"EN-GB\" xml:lang=\"EN-GB\" data-contrast=\"auto\"><span class=\"NormalTextRun SCXW216785026 BCX0\">We are a partner in the field of smart devices and technologies. We offer <\/span><span class=\"NormalTextRun SpellingErrorV2Themed SCXW216785026 BCX0\">ProGlove<\/span><span class=\"NormalTextRun SCXW216785026 BCX0\"> products both separately and as part of comprehensive solutions tailored to customer needs. Most often, we implement these technologies for <\/span><\/span><a class=\"Hyperlink SCXW216785026 BCX0\" href=\"https:\/\/www.ayes.cz\/vision-picking-v-logistice\/\" target=\"_blank\" rel=\"noreferrer noopener\"><span class=\"TextRun Underlined SCXW216785026 BCX0\" lang=\"EN-GB\" xml:lang=\"EN-GB\" data-contrast=\"none\"><span class=\"NormalTextRun SCXW216785026 BCX0\" data-ccp-charstyle=\"Hyperlink\">Vision Picking<\/span><\/span><\/a><span class=\"TextRun SCXW216785026 BCX0\" lang=\"EN-GB\" xml:lang=\"EN-GB\" data-contrast=\"auto\"><span class=\"NormalTextRun SCXW216785026 BCX0\"> in conjunction with smart glasses. Thanks to this cooperation, we can ensure top quality, <\/span><span class=\"NormalTextRun SCXW216785026 BCX0\">flexibility<\/span><span class=\"NormalTextRun SCXW216785026 BCX0\"> and easy integration into your existing systems.<\/span><\/span><span class=\"EOP SCXW216785026 BCX0\" data-ccp-props=\"{}\">\u00a0<\/span><\/p>\n<\/div><\/div><\/div><\/div><\/div><\/div><\/div><\/section><section class=\"l-section wpb_row height_custom\"><div class=\"l-section-h i-cf\"><div class=\"g-cols vc_row via_flex valign_top type_default stacking_default\"><div class=\"vc_col-sm-3 wpb_column vc_column_container\"><div class=\"vc_column-inner us_custom_beb60edd\"><div class=\"wpb_wrapper\"><div class=\"w-separator size_small\"><\/div><div class=\"w-image align_none\"><div class=\"w-image-h\"><img decoding=\"async\" width=\"747\" height=\"467\" src=\"https:\/\/www.ayes.cz\/wp-content\/uploads\/2025\/01\/ProGlove-mark-2-image-2-1.jpg\" class=\"attachment-large size-large\" alt=\"\" loading=\"lazy\" srcset=\"https:\/\/www.ayes.cz\/wp-content\/uploads\/2025\/01\/ProGlove-mark-2-image-2-1.jpg 747w, https:\/\/www.ayes.cz\/wp-content\/uploads\/2025\/01\/ProGlove-mark-2-image-2-1-300x188.jpg 300w, https:\/\/www.ayes.cz\/wp-content\/uploads\/2025\/01\/ProGlove-mark-2-image-2-1-600x375.jpg 600w\" sizes=\"auto, (max-width: 747px) 100vw, 747px\" \/><\/div><\/div><div class=\"w-separator size_small\"><\/div><h3 class=\"w-text\"><span class=\"w-text-h\"><span class=\"w-text-value\">ProGlove Mark 2<\/span><\/span><\/h3><div class=\"wpb_text_column\"><div class=\"wpb_wrapper\"><p><span class=\"NormalTextRun SpellingErrorV2Themed SCXW539660 BCX0\">ProGlove<\/span><span class=\"NormalTextRun SCXW539660 BCX0\"> Mark 2 is a high-end industrial barcode scanner designed for maximum efficiency, <\/span><span class=\"NormalTextRun SCXW539660 BCX0\">ergonomics<\/span><span class=\"NormalTextRun SCXW539660 BCX0\"> and comfort at work.<\/span><\/p>\n<\/div><\/div><div class=\"w-separator size_small\"><\/div><div class=\"w-btn-wrapper align_center\"><a class=\"w-btn us-btn-style_3\" href=\"https:\/\/www.ayes.cz\/en\/products\/proglove-sensors\/proglove-mark-2\/\"><span class=\"w-btn-label\">Product Detail<\/span><\/a><\/div><div class=\"w-separator size_medium\"><\/div><\/div><\/div><\/div><div class=\"vc_col-sm-3 wpb_column vc_column_container\"><div class=\"vc_column-inner us_custom_beb60edd\"><div class=\"wpb_wrapper\"><div class=\"w-separator size_small\"><\/div><div class=\"w-image align_none\"><div class=\"w-image-h\"><img decoding=\"async\" width=\"1024\" height=\"640\" src=\"https:\/\/www.ayes.cz\/wp-content\/uploads\/2025\/01\/ProGlove-MARK-Display-ProGlove-Insight-Mobile-scaled-2-1024x640.jpg\" class=\"attachment-large size-large\" alt=\"\" loading=\"lazy\" srcset=\"https:\/\/www.ayes.cz\/wp-content\/uploads\/2025\/01\/ProGlove-MARK-Display-ProGlove-Insight-Mobile-scaled-2-1024x640.jpg 1024w, https:\/\/www.ayes.cz\/wp-content\/uploads\/2025\/01\/ProGlove-MARK-Display-ProGlove-Insight-Mobile-scaled-2-300x188.jpg 300w, https:\/\/www.ayes.cz\/wp-content\/uploads\/2025\/01\/ProGlove-MARK-Display-ProGlove-Insight-Mobile-scaled-2-600x375.jpg 600w\" sizes=\"auto, (max-width: 1024px) 100vw, 1024px\" \/><\/div><\/div><div class=\"w-separator size_small\"><\/div><h3 class=\"w-text\"><span class=\"w-text-h\"><span class=\"w-text-value\">ProGlove Mark Display<\/span><\/span><\/h3><div class=\"wpb_text_column\"><div class=\"wpb_wrapper\"><p><span class=\"TextRun SCXW234879801 BCX0\" lang=\"EN-GB\" xml:lang=\"EN-GB\" data-contrast=\"auto\"><span class=\"NormalTextRun SCXW234879801 BCX0\">ProGlove Mark Display is an intelligent industrial barcode scanner with an integrated display that provides instant feedback.<\/span><\/span><\/p>\n<\/div><\/div><div class=\"w-separator size_small\"><\/div><div class=\"w-btn-wrapper align_center\"><a class=\"w-btn us-btn-style_3\" href=\"https:\/\/www.ayes.cz\/en\/products\/proglove-sensors\/proglove-mark-display\/\"><span class=\"w-btn-label\">Product Detail<\/span><\/a><\/div><div class=\"w-separator size_medium\"><\/div><\/div><\/div><\/div><div class=\"vc_col-sm-3 wpb_column vc_column_container\"><div class=\"vc_column-inner us_custom_beb60edd\"><div class=\"wpb_wrapper\"><div class=\"w-separator size_small\"><\/div><div class=\"w-image align_none\"><div class=\"w-image-h\"><img decoding=\"async\" width=\"1024\" height=\"640\" src=\"https:\/\/www.ayes.cz\/wp-content\/uploads\/2025\/01\/MARK-Leo-Flyer-scaled-1-2-1024x640.jpg\" class=\"attachment-large size-large\" alt=\"\" loading=\"lazy\" srcset=\"https:\/\/www.ayes.cz\/wp-content\/uploads\/2025\/01\/MARK-Leo-Flyer-scaled-1-2-1024x640.jpg 1024w, https:\/\/www.ayes.cz\/wp-content\/uploads\/2025\/01\/MARK-Leo-Flyer-scaled-1-2-300x187.jpg 300w, https:\/\/www.ayes.cz\/wp-content\/uploads\/2025\/01\/MARK-Leo-Flyer-scaled-1-2-600x375.jpg 600w, https:\/\/www.ayes.cz\/wp-content\/uploads\/2025\/01\/MARK-Leo-Flyer-scaled-1-2.jpg 1327w\" sizes=\"auto, (max-width: 1024px) 100vw, 1024px\" \/><\/div><\/div><div class=\"w-separator size_small\"><\/div><h3 class=\"w-text\"><span class=\"w-text-h\"><span class=\"w-text-value\">ProGlove LEO<\/span><\/span><\/h3><div class=\"wpb_text_column\"><div class=\"wpb_wrapper\"><p><span class=\"NormalTextRun SpellingErrorV2Themed SCXW181924919 BCX0\">ProGlove<\/span><span class=\"NormalTextRun SCXW181924919 BCX0\"> LEO is an innovative industrial barcode scanner designed for maximum freedom of movement and efficiency at work.<\/span><\/p>\n<\/div><\/div><div class=\"w-separator size_small\"><\/div><div class=\"w-btn-wrapper align_center\"><a class=\"w-btn us-btn-style_3\" href=\"https:\/\/www.ayes.cz\/en\/products\/proglove-sensors\/proglove-leo\/\"><span class=\"w-btn-label\">Product Detail<\/span><\/a><\/div><div class=\"w-separator size_medium\"><\/div><\/div><\/div><\/div><div class=\"vc_col-sm-3 wpb_column vc_column_container\"><div class=\"vc_column-inner us_custom_beb60edd\"><div class=\"wpb_wrapper\"><div class=\"w-separator size_small\"><\/div><div class=\"w-image align_none\"><div class=\"w-image-h\"><img decoding=\"async\" width=\"990\" height=\"619\" src=\"https:\/\/www.ayes.cz\/wp-content\/uploads\/2025\/01\/ProGlove-Mark-3-2-1.jpg\" class=\"attachment-large size-large\" alt=\"\" loading=\"lazy\" srcset=\"https:\/\/www.ayes.cz\/wp-content\/uploads\/2025\/01\/ProGlove-Mark-3-2-1.jpg 990w, https:\/\/www.ayes.cz\/wp-content\/uploads\/2025\/01\/ProGlove-Mark-3-2-1-300x188.jpg 300w, https:\/\/www.ayes.cz\/wp-content\/uploads\/2025\/01\/ProGlove-Mark-3-2-1-600x375.jpg 600w\" sizes=\"auto, (max-width: 990px) 100vw, 990px\" \/><\/div><\/div><div class=\"w-separator size_small\"><\/div><h3 class=\"w-text\"><span class=\"w-text-h\"><span class=\"w-text-value\">ProGlove Mark 3<\/span><\/span><\/h3><div class=\"wpb_text_column\"><div class=\"wpb_wrapper\"><p><span class=\"NormalTextRun SCXW89256549 BCX0\">The <\/span><span class=\"NormalTextRun SpellingErrorV2Themed SCXW89256549 BCX0\">ProGlove<\/span><span class=\"NormalTextRun SCXW89256549 BCX0\"> Mark 3 is the most advanced generation of industrial barcode scanner, designed for maximum efficiency and reliability<\/span><\/p>\n<\/div><\/div><div class=\"w-separator size_small\"><\/div><div class=\"w-btn-wrapper align_center\"><a class=\"w-btn us-btn-style_3\" href=\"https:\/\/www.ayes.cz\/en\/products\/proglove-sensors\/proglove-mark-3\/\"><span class=\"w-btn-label\">Product Detail<\/span><\/a><\/div><div class=\"w-separator size_medium\"><\/div><\/div><\/div><\/div><div class=\"vc_col-sm-12 wpb_column vc_column_container\"><div class=\"vc_column-inner\"><div class=\"wpb_wrapper\"><div class=\"w-separator size_medium\"><\/div><\/div><\/div><\/div><\/div><\/div><\/section>\n","protected":false},"excerpt":{"rendered":"Proglove SensorsProGlove is a market leader in wearable scanning devices that increase the efficiency and ergonomics of work processes. Their portfolio includes smart gloves and portable scanners that facilitate logistics, manufacturing and retail. With its intuitive design and easy integration, the technology helps to optimize workflows and reduce costs. ProGlove focuses on connecting technology with...","protected":false},"author":2,"featured_media":0,"parent":3527,"menu_order":0,"comment_status":"closed","ping_status":"closed","template":"","meta":{"_acf_changed":false,"footnotes":""},"class_list":["post-40496","page","type-page","status-publish","hentry"],"acf":[],"yoast_head":"<!-- This site is optimized with the Yoast SEO plugin v24.9 - https:\/\/yoast.com\/wordpress\/plugins\/seo\/ -->\n<title>Proglove Sensors | AYES<\/title>\n<meta name=\"robots\" content=\"index, follow, max-snippet:-1, max-image-preview:large, max-video-preview:-1\" \/>\n<link rel=\"canonical\" href=\"https:\/\/www.ayes.cz\/en\/products\/proglove-sensors\/\" \/>\n<meta property=\"og:locale\" content=\"en_US\" \/>\n<meta property=\"og:type\" content=\"article\" \/>\n<meta property=\"og:title\" content=\"Proglove Sensors | AYES\" \/>\n<meta property=\"og:url\" content=\"https:\/\/www.ayes.cz\/en\/products\/proglove-sensors\/\" \/>\n<meta property=\"og:site_name\" content=\"AYES\" \/>\n<meta property=\"article:publisher\" content=\"https:\/\/www.facebook.com\/AYEStechnology\/\" \/>\n<meta property=\"article:modified_time\" content=\"2025-01-23T07:53:58+00:00\" \/>\n<meta property=\"og:image\" content=\"https:\/\/www.ayes.cz\/wp-content\/uploads\/2023\/08\/nahledovy_obrazek_sk.png\" \/>\n\t<meta property=\"og:image:width\" content=\"1200\" \/>\n\t<meta property=\"og:image:height\" content=\"628\" \/>\n\t<meta property=\"og:image:type\" content=\"image\/png\" \/>\n<meta name=\"twitter:card\" content=\"summary_large_image\" \/>\n<meta name=\"twitter:label1\" content=\"Est. reading time\" \/>\n\t<meta name=\"twitter:data1\" content=\"2 minutes\" \/>\n<script type=\"application\/ld+json\" class=\"yoast-schema-graph\">{\"@context\":\"https:\/\/schema.org\",\"@graph\":[{\"@type\":\"WebPage\",\"@id\":\"https:\/\/www.ayes.cz\/en\/products\/proglove-sensors\/\",\"url\":\"https:\/\/www.ayes.cz\/en\/products\/proglove-sensors\/\",\"name\":\"Proglove Sensors | AYES\",\"isPartOf\":{\"@id\":\"https:\/\/www.ayes.cz\/en\/#website\"},\"datePublished\":\"2025-01-21T11:35:25+00:00\",\"dateModified\":\"2025-01-23T07:53:58+00:00\",\"breadcrumb\":{\"@id\":\"https:\/\/www.ayes.cz\/en\/products\/proglove-sensors\/#breadcrumb\"},\"inLanguage\":\"en-US\",\"potentialAction\":[{\"@type\":\"ReadAction\",\"target\":[\"https:\/\/www.ayes.cz\/en\/products\/proglove-sensors\/\"]}]},{\"@type\":\"BreadcrumbList\",\"@id\":\"https:\/\/www.ayes.cz\/en\/products\/proglove-sensors\/#breadcrumb\",\"itemListElement\":[{\"@type\":\"ListItem\",\"position\":1,\"name\":\"Home\",\"item\":\"https:\/\/www.ayes.cz\/en\/\"},{\"@type\":\"ListItem\",\"position\":2,\"name\":\"Products\",\"item\":\"https:\/\/www.ayes.cz\/en\/products\/\"},{\"@type\":\"ListItem\",\"position\":3,\"name\":\"Proglove Sensors\"}]},{\"@type\":\"WebSite\",\"@id\":\"https:\/\/www.ayes.cz\/en\/#website\",\"url\":\"https:\/\/www.ayes.cz\/en\/\",\"name\":\"AYES\",\"description\":\"Dal\u0161\u00ed web pou\u017e\u00edvaj\u00edc\u00ed WordPress\",\"publisher\":{\"@id\":\"https:\/\/www.ayes.cz\/en\/#organization\"},\"potentialAction\":[{\"@type\":\"SearchAction\",\"target\":{\"@type\":\"EntryPoint\",\"urlTemplate\":\"https:\/\/www.ayes.cz\/en\/?s={search_term_string}\"},\"query-input\":{\"@type\":\"PropertyValueSpecification\",\"valueRequired\":true,\"valueName\":\"search_term_string\"}}],\"inLanguage\":\"en-US\"},{\"@type\":\"Organization\",\"@id\":\"https:\/\/www.ayes.cz\/en\/#organization\",\"name\":\"AYES s.r.o.\",\"url\":\"https:\/\/www.ayes.cz\/en\/\",\"logo\":{\"@type\":\"ImageObject\",\"inLanguage\":\"en-US\",\"@id\":\"https:\/\/www.ayes.cz\/en\/#\/schema\/logo\/image\/\",\"url\":\"https:\/\/www.ayes.cz\/wp-content\/uploads\/2022\/10\/ayes_logo_bez_pozadi__1_-1.png\",\"contentUrl\":\"https:\/\/www.ayes.cz\/wp-content\/uploads\/2022\/10\/ayes_logo_bez_pozadi__1_-1.png\",\"width\":1148,\"height\":360,\"caption\":\"AYES s.r.o.\"},\"image\":{\"@id\":\"https:\/\/www.ayes.cz\/en\/#\/schema\/logo\/image\/\"},\"sameAs\":[\"https:\/\/www.facebook.com\/AYEStechnology\/\",\"https:\/\/www.linkedin.com\/company\/ayes3\/\"]}]}<\/script>\n<!-- \/ Yoast SEO plugin. -->","yoast_head_json":{"title":"Proglove Sensors | AYES","robots":{"index":"index","follow":"follow","max-snippet":"max-snippet:-1","max-image-preview":"max-image-preview:large","max-video-preview":"max-video-preview:-1"},"canonical":"https:\/\/www.ayes.cz\/en\/products\/proglove-sensors\/","og_locale":"en_US","og_type":"article","og_title":"Proglove Sensors | AYES","og_url":"https:\/\/www.ayes.cz\/en\/products\/proglove-sensors\/","og_site_name":"AYES","article_publisher":"https:\/\/www.facebook.com\/AYEStechnology\/","article_modified_time":"2025-01-23T07:53:58+00:00","og_image":[{"width":1200,"height":628,"url":"https:\/\/www.ayes.cz\/wp-content\/uploads\/2023\/08\/nahledovy_obrazek_sk.png","type":"image\/png"}],"twitter_card":"summary_large_image","twitter_misc":{"Est. reading time":"2 minutes"},"schema":{"@context":"https:\/\/schema.org","@graph":[{"@type":"WebPage","@id":"https:\/\/www.ayes.cz\/en\/products\/proglove-sensors\/","url":"https:\/\/www.ayes.cz\/en\/products\/proglove-sensors\/","name":"Proglove Sensors | AYES","isPartOf":{"@id":"https:\/\/www.ayes.cz\/en\/#website"},"datePublished":"2025-01-21T11:35:25+00:00","dateModified":"2025-01-23T07:53:58+00:00","breadcrumb":{"@id":"https:\/\/www.ayes.cz\/en\/products\/proglove-sensors\/#breadcrumb"},"inLanguage":"en-US","potentialAction":[{"@type":"ReadAction","target":["https:\/\/www.ayes.cz\/en\/products\/proglove-sensors\/"]}]},{"@type":"BreadcrumbList","@id":"https:\/\/www.ayes.cz\/en\/products\/proglove-sensors\/#breadcrumb","itemListElement":[{"@type":"ListItem","position":1,"name":"Home","item":"https:\/\/www.ayes.cz\/en\/"},{"@type":"ListItem","position":2,"name":"Products","item":"https:\/\/www.ayes.cz\/en\/products\/"},{"@type":"ListItem","position":3,"name":"Proglove Sensors"}]},{"@type":"WebSite","@id":"https:\/\/www.ayes.cz\/en\/#website","url":"https:\/\/www.ayes.cz\/en\/","name":"AYES","description":"Dal\u0161\u00ed web pou\u017e\u00edvaj\u00edc\u00ed WordPress","publisher":{"@id":"https:\/\/www.ayes.cz\/en\/#organization"},"potentialAction":[{"@type":"SearchAction","target":{"@type":"EntryPoint","urlTemplate":"https:\/\/www.ayes.cz\/en\/?s={search_term_string}"},"query-input":{"@type":"PropertyValueSpecification","valueRequired":true,"valueName":"search_term_string"}}],"inLanguage":"en-US"},{"@type":"Organization","@id":"https:\/\/www.ayes.cz\/en\/#organization","name":"AYES s.r.o.","url":"https:\/\/www.ayes.cz\/en\/","logo":{"@type":"ImageObject","inLanguage":"en-US","@id":"https:\/\/www.ayes.cz\/en\/#\/schema\/logo\/image\/","url":"https:\/\/www.ayes.cz\/wp-content\/uploads\/2022\/10\/ayes_logo_bez_pozadi__1_-1.png","contentUrl":"https:\/\/www.ayes.cz\/wp-content\/uploads\/2022\/10\/ayes_logo_bez_pozadi__1_-1.png","width":1148,"height":360,"caption":"AYES s.r.o."},"image":{"@id":"https:\/\/www.ayes.cz\/en\/#\/schema\/logo\/image\/"},"sameAs":["https:\/\/www.facebook.com\/AYEStechnology\/","https:\/\/www.linkedin.com\/company\/ayes3\/"]}]}},"_links":{"self":[{"href":"https:\/\/www.ayes.cz\/en\/wp-json\/wp\/v2\/pages\/40496","targetHints":{"allow":["GET"]}}],"collection":[{"href":"https:\/\/www.ayes.cz\/en\/wp-json\/wp\/v2\/pages"}],"about":[{"href":"https:\/\/www.ayes.cz\/en\/wp-json\/wp\/v2\/types\/page"}],"author":[{"embeddable":true,"href":"https:\/\/www.ayes.cz\/en\/wp-json\/wp\/v2\/users\/2"}],"replies":[{"embeddable":true,"href":"https:\/\/www.ayes.cz\/en\/wp-json\/wp\/v2\/comments?post=40496"}],"version-history":[{"count":7,"href":"https:\/\/www.ayes.cz\/en\/wp-json\/wp\/v2\/pages\/40496\/revisions"}],"predecessor-version":[{"id":40591,"href":"https:\/\/www.ayes.cz\/en\/wp-json\/wp\/v2\/pages\/40496\/revisions\/40591"}],"up":[{"embeddable":true,"href":"https:\/\/www.ayes.cz\/en\/wp-json\/wp\/v2\/pages\/3527"}],"wp:attachment":[{"href":"https:\/\/www.ayes.cz\/en\/wp-json\/wp\/v2\/media?parent=40496"}],"curies":[{"name":"wp","href":"https:\/\/api.w.org\/{rel}","templated":true}]}}