{"id":4218,"date":"2022-12-19T16:54:28","date_gmt":"2022-12-19T15:54:28","guid":{"rendered":"https:\/\/www.ayes.cz\/kontakt\/"},"modified":"2026-02-20T12:10:36","modified_gmt":"2026-02-20T11:10:36","slug":"contact","status":"publish","type":"page","link":"https:\/\/www.ayes.cz\/en\/contact\/","title":{"rendered":"Contact"},"content":{"rendered":"<section class=\"l-section wpb_row height_custom\"><div class=\"l-section-h i-cf\"><div class=\"g-cols vc_row via_flex valign_top type_default stacking_default\"><div class=\"vc_col-sm-12 wpb_column vc_column_container\"><div class=\"vc_column-inner\"><div class=\"wpb_wrapper\"><div class=\"wpb_text_column\"><div class=\"wpb_wrapper\"><h1 style=\"text-align: center;\">Contact<\/h1>\n<\/div><\/div><\/div><\/div><\/div><\/div><\/div><\/section><section class=\"l-section wpb_row us_custom_887a049b kontakt height_custom\"><div class=\"l-section-overlay\" style=\"background:var(--color-header-middle-bg)\"><\/div><div class=\"l-section-h i-cf\"><div class=\"g-cols vc_row via_flex valign_top type_default stacking_default\"><div class=\"vc_col-sm-1 wpb_column vc_column_container\"><div class=\"vc_column-inner\"><div class=\"wpb_wrapper\"><\/div><\/div><\/div><div class=\"vc_col-sm-10 wpb_column vc_column_container\"><div class=\"vc_column-inner\"><div class=\"wpb_wrapper\"><div class=\"g-cols wpb_row via_flex valign_middle type_default stacking_default\"><div class=\"vc_col-sm-6 wpb_column vc_column_container align-middle\"><div class=\"vc_column-inner us_custom_6a4d3d6c\"><div class=\"wpb_wrapper\"><h2 class=\"w-text underline--heading\"><span class=\"w-text-h\"><span class=\"w-text-value\">Contact information<\/span><\/span><\/h2><div class=\"wpb_text_column us_custom_df5f4c97 has_text_color\"><div class=\"wpb_wrapper\"><p><strong>AYES s.r.o.<\/strong><br \/>\nPlyn\u00e1rn\u00ed 1617\/10,<br \/>\n170 00 Prague 7<br \/>\nCzechia<\/p>\n<\/div><\/div><div class=\"w-iconbox us_custom_a1ca644c has_text_color iconpos_left style_default color_custom align_left no_text\"><a title=\"info@ayes.cz\" href=\"mailto:info@ayes.cz\" class=\"w-iconbox-link\" aria-label=\"info@ayes.cz\"><div class=\"w-iconbox-icon\" style=\"font-size:17px;--icon-color:#00deff;\"><i class=\"far fa-envelope\"><\/i><\/div><\/a><div class=\"w-iconbox-meta\"><span class=\"w-iconbox-title\" style=\"font-size:17px;\"><a title=\"info@ayes.cz\" href=\"mailto:info@ayes.cz\" class=\"w-iconbox-link\" aria-label=\"info@ayes.cz\">info@ayes.cz<\/a><\/span><\/div><\/div><div class=\"w-iconbox us_custom_a566e362 has_text_color iconpos_left style_default color_custom align_left no_text\"><a title=\"+420 731 687 579\" href=\"tel:+420731687579 \" class=\"w-iconbox-link\" aria-label=\"tel:+420 731 687 579\"><div class=\"w-iconbox-icon\" style=\"font-size:17px;--icon-color:#00deff;\"><i class=\"far fa-phone\"><\/i><\/div><\/a><div class=\"w-iconbox-meta\"><span class=\"w-iconbox-title\" style=\"font-size:17px;\"><a title=\"+420 731 687 579\" href=\"tel:+420731687579 \" class=\"w-iconbox-link\" aria-label=\"tel:+420 731 687 579\">tel:+420 731 687 579<\/a><\/span><\/div><\/div><\/div><\/div><\/div><div class=\"vc_col-sm-6 wpb_column vc_column_container align-middle\"><div class=\"vc_column-inner us_custom_edb423b1\"><div class=\"wpb_wrapper\"><div class=\"w-image align_none\"><div class=\"w-image-h\"><img decoding=\"async\" width=\"944\" height=\"742\" src=\"https:\/\/www.ayes.cz\/wp-content\/uploads\/2022\/12\/mapa-ayes-v3.jpg\" class=\"attachment-large size-large\" alt=\"\" loading=\"lazy\" srcset=\"https:\/\/www.ayes.cz\/wp-content\/uploads\/2022\/12\/mapa-ayes-v3.jpg 944w, https:\/\/www.ayes.cz\/wp-content\/uploads\/2022\/12\/mapa-ayes-v3-300x236.jpg 300w, https:\/\/www.ayes.cz\/wp-content\/uploads\/2022\/12\/mapa-ayes-v3-573x450.jpg 573w\" sizes=\"auto, (max-width: 944px) 100vw, 944px\" \/><\/div><\/div><div class=\"w-btn-wrapper align_center\"><a class=\"w-btn us-btn-style_3 us_custom_24cae5fb contact-button\" target=\"_blank\" rel=\"nofollow\" href=\"https:\/\/goo.gl\/maps\/zHj1mWw6iL4V9pG6A\"><span class=\"w-btn-label\">Show on Google Maps<\/span><\/a><\/div><\/div><\/div><\/div><\/div><\/div><\/div><\/div><div class=\"vc_col-sm-1 wpb_column vc_column_container\"><div class=\"vc_column-inner\"><div class=\"wpb_wrapper\"><\/div><\/div><\/div><\/div><\/div><\/section><section class=\"l-section wpb_row us_custom_ff8a455f almost-full-width height_custom\" id=\"formular-view\"><div class=\"l-section-h i-cf\"><div class=\"g-cols vc_row via_flex valign_top type_default stacking_default\"><div class=\"vc_col-sm-1 wpb_column vc_column_container\"><div class=\"vc_column-inner us_custom_33b9ee00\"><div class=\"wpb_wrapper\"><\/div><\/div><\/div><div class=\"vc_col-sm-10 wpb_column vc_column_container\"><div class=\"vc_column-inner\"><div class=\"wpb_wrapper\"><div class=\"wpb_text_column us_custom_998f1b39 underline--heading--center\"><div class=\"wpb_wrapper\"><h2 style=\"text-align: center;\">Leave us a message:<\/h2>\n<\/div><\/div>\n<div class=\"wpcf7 no-js\" id=\"wpcf7-f3419-o1\" lang=\"en-US\" dir=\"ltr\" data-wpcf7-id=\"3419\">\n<div class=\"screen-reader-response\"><p role=\"status\" aria-live=\"polite\" aria-atomic=\"true\"><\/p> <ul><\/ul><\/div>\n<form action=\"\/en\/wp-json\/wp\/v2\/pages\/4218#wpcf7-f3419-o1\" method=\"post\" class=\"wpcf7-form init\" aria-label=\"Contact form\" novalidate=\"novalidate\" data-status=\"init\">\n<div style=\"display: none;\">\n<input type=\"hidden\" name=\"_wpcf7\" value=\"3419\" \/>\n<input type=\"hidden\" name=\"_wpcf7_version\" value=\"6.0.6\" \/>\n<input type=\"hidden\" name=\"_wpcf7_locale\" value=\"en_US\" \/>\n<input type=\"hidden\" name=\"_wpcf7_unit_tag\" value=\"wpcf7-f3419-o1\" \/>\n<input type=\"hidden\" name=\"_wpcf7_container_post\" value=\"0\" \/>\n<input type=\"hidden\" name=\"_wpcf7_posted_data_hash\" value=\"\" \/>\n<input type=\"hidden\" name=\"_wpcf7_recaptcha_response\" value=\"\" \/>\n<\/div>\n<div class=\"outer-wrapper\">\n\t<div class=\"wrapper-input\">\n\t\t<p><span style=\"font-weight: normal;color:white\">Name:*<\/span><br \/>\n<span class=\"wpcf7-form-control-wrap\" data-name=\"your-name\"><input size=\"40\" maxlength=\"400\" class=\"wpcf7-form-control wpcf7-text wpcf7-validates-as-required name\" aria-required=\"true\" aria-invalid=\"false\" placeholder=\"Name\" value=\"\" type=\"text\" name=\"your-name\" \/><\/span>\n\t\t<\/p>\n\t<\/div>\n\t<div class=\"wrapper-input\">\n\t\t<p><span style=\"font-weight: normal;color:white\">Surname:*<\/span><br \/>\n<span class=\"wpcf7-form-control-wrap\" data-name=\"your-surname\"><input size=\"40\" maxlength=\"400\" class=\"wpcf7-form-control wpcf7-text wpcf7-validates-as-required surname\" aria-required=\"true\" aria-invalid=\"false\" placeholder=\"Surname\" value=\"\" type=\"text\" name=\"your-surname\" \/><\/span>\n\t\t<\/p>\n\t<\/div>\n\t<div class=\"outer-wrapper\">\n\t\t<div class=\"wrapper-input\">\n\t\t\t<p><span style=\"font-weight: normal;color:white\">Company:*<\/span><br \/>\n<span class=\"wpcf7-form-control-wrap\" data-name=\"your-company\"><input size=\"40\" maxlength=\"400\" class=\"wpcf7-form-control wpcf7-text wpcf7-validates-as-required company\" aria-required=\"true\" aria-invalid=\"false\" placeholder=\"Company\" value=\"\" type=\"text\" name=\"your-company\" \/><\/span>\n\t\t\t<\/p>\n\t\t<\/div>\n\t\t<div class=\"wrapper-input\">\n\t\t\t<p><span style=\";font-weight: normal;color:white\">E-mail:*<\/span><br \/>\n<span class=\"wpcf7-form-control-wrap\" data-name=\"your-email\"><input size=\"40\" maxlength=\"400\" class=\"wpcf7-form-control wpcf7-email wpcf7-validates-as-required wpcf7-text wpcf7-validates-as-email\" aria-required=\"true\" aria-invalid=\"false\" placeholder=\"E-mail\" value=\"\" type=\"email\" name=\"your-email\" \/><\/span>\n\t\t\t<\/p>\n\t\t<\/div>\n\t\t<div class=\"wrapper-input\">\n\t\t\t<p><span style=\"font-weight: normal;color:white\">Phone:*<\/span><br \/>\n<span class=\"wpcf7-form-control-wrap\" data-name=\"your-number\"><input size=\"40\" maxlength=\"400\" class=\"wpcf7-form-control wpcf7-text wpcf7-validates-as-required\" aria-required=\"true\" aria-invalid=\"false\" placeholder=\"Phone\" value=\"\" type=\"text\" name=\"your-number\" \/><\/span>\n\t\t\t<\/p>\n\t\t<\/div>\n\t<\/div>\n\t<div class=\"wrapper-input\" style=\"width: 100%;\">\n\t\t<p><span style=\"font-weight: normal;color:white\">Your message:<\/span><br \/>\n<span class=\"wpcf7-form-control-wrap\" data-name=\"your-message\"><textarea cols=\"40\" rows=\"6\" maxlength=\"2000\" class=\"wpcf7-form-control wpcf7-textarea\" aria-invalid=\"false\" placeholder=\"Your message\" name=\"your-message\"><\/textarea><\/span>\n\t\t<\/p>\n\t<\/div>\n<\/div>\n<div style=\"padding:1%;\">\n\t<p><span class=\"text-under-form\">By filling and submitting this form I hereby consent to the processing of my given personal data to the extent specified in the <a href=\"https:\/\/www.ayes.cz\/en\/privacy-statement\/\" target=\"_blank\">Privacy Statement<\/a>.<\/span><label for=\"confirm-only-firm\" class='confirmation text-under-form' id=\"confirm_button\"><span class=\"wpcf7-form-control-wrap\" data-name=\"Nechci_novinky\"><span class=\"wpcf7-form-control wpcf7-acceptance optional\"><span class=\"wpcf7-list-item\"><label><input type=\"checkbox\" name=\"Nechci_novinky\" value=\"1\" id=\"confirm-only-firm\" aria-invalid=\"false\" \/><span class=\"wpcf7-list-item-label\">I am not interested in receiving news, information and interesting facts about smart glasses and augmented reality in the industry. <span class='checkmark'><\/span><\/span><\/label><\/span><\/span><\/span><\/label>\n\t<\/p>\n<input class=\"wpcf7-form-control wpcf7-hidden\" id=\"page-url-en\" value=\"\" type=\"hidden\" name=\"page_url\" \/>\n<input class=\"wpcf7-form-control wpcf7-hidden\" id=\"button-type-en\" value=\"\" type=\"hidden\" name=\"typ_tlacitka\" \/>\n<input class=\"wpcf7-form-control wpcf7-hidden\" id=\"button-id-en\" value=\"\" type=\"hidden\" name=\"id_tlacitka\" \/>\n<\/div>\n<div style=\"padding:1%;\">\n\t<p><input class=\"wpcf7-form-control wpcf7-submit has-spinner\" type=\"submit\" value=\"Submit\" \/>\n\t<\/p>\n<\/div><div class=\"wpcf7-response-output\" aria-hidden=\"true\"><\/div>\n<\/form>\n<\/div>\n<\/div><\/div><\/div><div class=\"vc_col-sm-1 wpb_column vc_column_container\"><div class=\"vc_column-inner\"><div class=\"wpb_wrapper\"><\/div><\/div><\/div><\/div><\/div><\/section>\n","protected":false},"excerpt":{"rendered":"Contact Contact informationAYES s.r.o. Plyn\u00e1rn\u00ed 1617\/10, 170 00 Prague 7 Czechia info@ayes.cztel:+420 731 687 579Show on Google MapsLeave us a message: Name:* Surname:* Company:* E-mail:* Phone:* Your message: By filling and submitting this form I hereby consent to the processing of my given personal data to the extent specified in the Privacy Statement.I am not...","protected":false},"author":1,"featured_media":9150,"parent":0,"menu_order":0,"comment_status":"closed","ping_status":"closed","template":"","meta":{"_acf_changed":false,"footnotes":""},"class_list":["post-4218","page","type-page","status-publish","has-post-thumbnail","hentry"],"acf":[],"yoast_head":"<!-- This site is optimized with the Yoast SEO plugin v24.9 - https:\/\/yoast.com\/wordpress\/plugins\/seo\/ -->\n<title>Contact | AYES<\/title>\n<meta name=\"description\" content=\"Interested in smart glasses and digitization of you company. Contact us.\" \/>\n<meta name=\"robots\" content=\"index, follow, max-snippet:-1, max-image-preview:large, max-video-preview:-1\" \/>\n<link rel=\"canonical\" href=\"https:\/\/www.ayes.cz\/en\/contact\/\" \/>\n<meta property=\"og:locale\" content=\"en_US\" \/>\n<meta property=\"og:type\" content=\"article\" \/>\n<meta property=\"og:title\" content=\"Contact | AYES\" \/>\n<meta property=\"og:description\" content=\"Interested in smart glasses and digitization of you company. Contact us.\" \/>\n<meta property=\"og:url\" content=\"https:\/\/www.ayes.cz\/en\/contact\/\" \/>\n<meta property=\"og:site_name\" content=\"AYES\" \/>\n<meta property=\"article:publisher\" content=\"https:\/\/www.facebook.com\/AYEStechnology\/\" \/>\n<meta property=\"article:modified_time\" content=\"2026-02-20T11:10:36+00:00\" \/>\n<meta property=\"og:image\" content=\"https:\/\/www.ayes.cz\/wp-content\/uploads\/2023\/08\/nahledovy_obrazek_eng.png\" \/>\n\t<meta property=\"og:image:width\" content=\"1200\" \/>\n\t<meta property=\"og:image:height\" content=\"628\" \/>\n\t<meta property=\"og:image:type\" content=\"image\/png\" \/>\n<meta name=\"twitter:card\" content=\"summary_large_image\" \/>\n<meta name=\"twitter:image\" content=\"https:\/\/www.ayes.cz\/wp-content\/uploads\/2023\/08\/nahledovy_obrazek_eng.png\" \/>\n<meta name=\"twitter:label1\" content=\"Est. reading time\" \/>\n\t<meta name=\"twitter:data1\" content=\"1 minute\" \/>\n<script type=\"application\/ld+json\" class=\"yoast-schema-graph\">{\"@context\":\"https:\/\/schema.org\",\"@graph\":[{\"@type\":\"WebPage\",\"@id\":\"https:\/\/www.ayes.cz\/en\/contact\/\",\"url\":\"https:\/\/www.ayes.cz\/en\/contact\/\",\"name\":\"Contact | AYES\",\"isPartOf\":{\"@id\":\"https:\/\/www.ayes.cz\/en\/#website\"},\"primaryImageOfPage\":{\"@id\":\"https:\/\/www.ayes.cz\/en\/contact\/#primaryimage\"},\"image\":{\"@id\":\"https:\/\/www.ayes.cz\/en\/contact\/#primaryimage\"},\"thumbnailUrl\":\"https:\/\/www.ayes.cz\/wp-content\/uploads\/2023\/08\/nahledovy_obrazek_eng.png\",\"datePublished\":\"2022-12-19T15:54:28+00:00\",\"dateModified\":\"2026-02-20T11:10:36+00:00\",\"description\":\"Interested in smart glasses and digitization of you company. Contact us.\",\"breadcrumb\":{\"@id\":\"https:\/\/www.ayes.cz\/en\/contact\/#breadcrumb\"},\"inLanguage\":\"en-US\",\"potentialAction\":[{\"@type\":\"ReadAction\",\"target\":[\"https:\/\/www.ayes.cz\/en\/contact\/\"]}]},{\"@type\":\"ImageObject\",\"inLanguage\":\"en-US\",\"@id\":\"https:\/\/www.ayes.cz\/en\/contact\/#primaryimage\",\"url\":\"https:\/\/www.ayes.cz\/wp-content\/uploads\/2023\/08\/nahledovy_obrazek_eng.png\",\"contentUrl\":\"https:\/\/www.ayes.cz\/wp-content\/uploads\/2023\/08\/nahledovy_obrazek_eng.png\",\"width\":1200,\"height\":628},{\"@type\":\"BreadcrumbList\",\"@id\":\"https:\/\/www.ayes.cz\/en\/contact\/#breadcrumb\",\"itemListElement\":[{\"@type\":\"ListItem\",\"position\":1,\"name\":\"Home\",\"item\":\"https:\/\/www.ayes.cz\/en\/\"},{\"@type\":\"ListItem\",\"position\":2,\"name\":\"Contact\"}]},{\"@type\":\"WebSite\",\"@id\":\"https:\/\/www.ayes.cz\/en\/#website\",\"url\":\"https:\/\/www.ayes.cz\/en\/\",\"name\":\"AYES\",\"description\":\"Dal\u0161\u00ed web pou\u017e\u00edvaj\u00edc\u00ed WordPress\",\"publisher\":{\"@id\":\"https:\/\/www.ayes.cz\/en\/#organization\"},\"potentialAction\":[{\"@type\":\"SearchAction\",\"target\":{\"@type\":\"EntryPoint\",\"urlTemplate\":\"https:\/\/www.ayes.cz\/en\/?s={search_term_string}\"},\"query-input\":{\"@type\":\"PropertyValueSpecification\",\"valueRequired\":true,\"valueName\":\"search_term_string\"}}],\"inLanguage\":\"en-US\"},{\"@type\":\"Organization\",\"@id\":\"https:\/\/www.ayes.cz\/en\/#organization\",\"name\":\"AYES s.r.o.\",\"url\":\"https:\/\/www.ayes.cz\/en\/\",\"logo\":{\"@type\":\"ImageObject\",\"inLanguage\":\"en-US\",\"@id\":\"https:\/\/www.ayes.cz\/en\/#\/schema\/logo\/image\/\",\"url\":\"https:\/\/www.ayes.cz\/wp-content\/uploads\/2022\/10\/ayes_logo_bez_pozadi__1_-1.png\",\"contentUrl\":\"https:\/\/www.ayes.cz\/wp-content\/uploads\/2022\/10\/ayes_logo_bez_pozadi__1_-1.png\",\"width\":1148,\"height\":360,\"caption\":\"AYES s.r.o.\"},\"image\":{\"@id\":\"https:\/\/www.ayes.cz\/en\/#\/schema\/logo\/image\/\"},\"sameAs\":[\"https:\/\/www.facebook.com\/AYEStechnology\/\",\"https:\/\/www.linkedin.com\/company\/ayes3\/\"]}]}<\/script>\n<!-- \/ Yoast SEO plugin. -->","yoast_head_json":{"title":"Contact | AYES","description":"Interested in smart glasses and digitization of you company. Contact us.","robots":{"index":"index","follow":"follow","max-snippet":"max-snippet:-1","max-image-preview":"max-image-preview:large","max-video-preview":"max-video-preview:-1"},"canonical":"https:\/\/www.ayes.cz\/en\/contact\/","og_locale":"en_US","og_type":"article","og_title":"Contact | AYES","og_description":"Interested in smart glasses and digitization of you company. Contact us.","og_url":"https:\/\/www.ayes.cz\/en\/contact\/","og_site_name":"AYES","article_publisher":"https:\/\/www.facebook.com\/AYEStechnology\/","article_modified_time":"2026-02-20T11:10:36+00:00","og_image":[{"width":1200,"height":628,"url":"https:\/\/www.ayes.cz\/wp-content\/uploads\/2023\/08\/nahledovy_obrazek_eng.png","type":"image\/png"}],"twitter_card":"summary_large_image","twitter_image":"https:\/\/www.ayes.cz\/wp-content\/uploads\/2023\/08\/nahledovy_obrazek_eng.png","twitter_misc":{"Est. reading time":"1 minute"},"schema":{"@context":"https:\/\/schema.org","@graph":[{"@type":"WebPage","@id":"https:\/\/www.ayes.cz\/en\/contact\/","url":"https:\/\/www.ayes.cz\/en\/contact\/","name":"Contact | AYES","isPartOf":{"@id":"https:\/\/www.ayes.cz\/en\/#website"},"primaryImageOfPage":{"@id":"https:\/\/www.ayes.cz\/en\/contact\/#primaryimage"},"image":{"@id":"https:\/\/www.ayes.cz\/en\/contact\/#primaryimage"},"thumbnailUrl":"https:\/\/www.ayes.cz\/wp-content\/uploads\/2023\/08\/nahledovy_obrazek_eng.png","datePublished":"2022-12-19T15:54:28+00:00","dateModified":"2026-02-20T11:10:36+00:00","description":"Interested in smart glasses and digitization of you company. Contact us.","breadcrumb":{"@id":"https:\/\/www.ayes.cz\/en\/contact\/#breadcrumb"},"inLanguage":"en-US","potentialAction":[{"@type":"ReadAction","target":["https:\/\/www.ayes.cz\/en\/contact\/"]}]},{"@type":"ImageObject","inLanguage":"en-US","@id":"https:\/\/www.ayes.cz\/en\/contact\/#primaryimage","url":"https:\/\/www.ayes.cz\/wp-content\/uploads\/2023\/08\/nahledovy_obrazek_eng.png","contentUrl":"https:\/\/www.ayes.cz\/wp-content\/uploads\/2023\/08\/nahledovy_obrazek_eng.png","width":1200,"height":628},{"@type":"BreadcrumbList","@id":"https:\/\/www.ayes.cz\/en\/contact\/#breadcrumb","itemListElement":[{"@type":"ListItem","position":1,"name":"Home","item":"https:\/\/www.ayes.cz\/en\/"},{"@type":"ListItem","position":2,"name":"Contact"}]},{"@type":"WebSite","@id":"https:\/\/www.ayes.cz\/en\/#website","url":"https:\/\/www.ayes.cz\/en\/","name":"AYES","description":"Dal\u0161\u00ed web pou\u017e\u00edvaj\u00edc\u00ed WordPress","publisher":{"@id":"https:\/\/www.ayes.cz\/en\/#organization"},"potentialAction":[{"@type":"SearchAction","target":{"@type":"EntryPoint","urlTemplate":"https:\/\/www.ayes.cz\/en\/?s={search_term_string}"},"query-input":{"@type":"PropertyValueSpecification","valueRequired":true,"valueName":"search_term_string"}}],"inLanguage":"en-US"},{"@type":"Organization","@id":"https:\/\/www.ayes.cz\/en\/#organization","name":"AYES s.r.o.","url":"https:\/\/www.ayes.cz\/en\/","logo":{"@type":"ImageObject","inLanguage":"en-US","@id":"https:\/\/www.ayes.cz\/en\/#\/schema\/logo\/image\/","url":"https:\/\/www.ayes.cz\/wp-content\/uploads\/2022\/10\/ayes_logo_bez_pozadi__1_-1.png","contentUrl":"https:\/\/www.ayes.cz\/wp-content\/uploads\/2022\/10\/ayes_logo_bez_pozadi__1_-1.png","width":1148,"height":360,"caption":"AYES s.r.o."},"image":{"@id":"https:\/\/www.ayes.cz\/en\/#\/schema\/logo\/image\/"},"sameAs":["https:\/\/www.facebook.com\/AYEStechnology\/","https:\/\/www.linkedin.com\/company\/ayes3\/"]}]}},"_links":{"self":[{"href":"https:\/\/www.ayes.cz\/en\/wp-json\/wp\/v2\/pages\/4218","targetHints":{"allow":["GET"]}}],"collection":[{"href":"https:\/\/www.ayes.cz\/en\/wp-json\/wp\/v2\/pages"}],"about":[{"href":"https:\/\/www.ayes.cz\/en\/wp-json\/wp\/v2\/types\/page"}],"author":[{"embeddable":true,"href":"https:\/\/www.ayes.cz\/en\/wp-json\/wp\/v2\/users\/1"}],"replies":[{"embeddable":true,"href":"https:\/\/www.ayes.cz\/en\/wp-json\/wp\/v2\/comments?post=4218"}],"version-history":[{"count":5,"href":"https:\/\/www.ayes.cz\/en\/wp-json\/wp\/v2\/pages\/4218\/revisions"}],"predecessor-version":[{"id":70145,"href":"https:\/\/www.ayes.cz\/en\/wp-json\/wp\/v2\/pages\/4218\/revisions\/70145"}],"wp:featuredmedia":[{"embeddable":true,"href":"https:\/\/www.ayes.cz\/en\/wp-json\/wp\/v2\/media\/9150"}],"wp:attachment":[{"href":"https:\/\/www.ayes.cz\/en\/wp-json\/wp\/v2\/media?parent=4218"}],"curies":[{"name":"wp","href":"https:\/\/api.w.org\/{rel}","templated":true}]}}