{"id":29186,"date":"2024-08-08T16:09:46","date_gmt":"2024-08-08T14:09:46","guid":{"rendered":"https:\/\/www.ayes.cz\/?page_id=29186"},"modified":"2024-10-02T09:07:25","modified_gmt":"2024-10-02T07:07:25","slug":"videoskop-inspectron","status":"publish","type":"page","link":"https:\/\/www.ayes.cz\/sk\/produkty\/videoskop-inspectron\/","title":{"rendered":"Videoskop Inspectron"},"content":{"rendered":"<section class=\"l-section wpb_row us_custom_a9f8fb85 almost-full-width product-with-moving-background height_custom\"><div class=\"l-section-h i-cf\"><div class=\"g-cols vc_row via_flex valign_top type_default stacking_default\"><div class=\"vc_col-sm-12 wpb_column vc_column_container\"><div class=\"vc_column-inner\"><div class=\"wpb_wrapper\"><div class=\"w-separator size_medium\"><\/div><h1 class=\"w-post-elm post_title entry-title color_link_inherit\">Videoskop Inspectron<\/h1><div class=\"w-separator size_huge\"><\/div><div class=\"g-cols wpb_row us_custom_f2eec366 via_flex valign_middle type_default stacking_default\"><div class=\"vc_col-sm-12 wpb_column vc_column_container\"><div class=\"vc_column-inner\"><div class=\"wpb_wrapper\"><div class=\"w-image us_custom_925e745f product align_center\"><div class=\"w-image-h\"><img decoding=\"async\" width=\"800\" height=\"441\" src=\"https:\/\/www.ayes.cz\/wp-content\/uploads\/2024\/08\/videoskop-inspectron-products-3.png\" class=\"attachment-full size-full\" alt=\"\" loading=\"lazy\" srcset=\"https:\/\/www.ayes.cz\/wp-content\/uploads\/2024\/08\/videoskop-inspectron-products-3.png 800w, https:\/\/www.ayes.cz\/wp-content\/uploads\/2024\/08\/videoskop-inspectron-products-3-300x165.png 300w, https:\/\/www.ayes.cz\/wp-content\/uploads\/2024\/08\/videoskop-inspectron-products-3-600x331.png 600w\" sizes=\"auto, (max-width: 800px) 100vw, 800px\" \/><\/div><\/div><\/div><\/div><\/div><\/div><div class=\"w-separator size_medium\"><\/div><div class=\"w-btn-wrapper align_center\"><a class=\"w-btn us-btn-style_3 spu-open-5112\" href=\".\/\"><span class=\"w-btn-label\">M\u00e1m z\u00e1ujem<\/span><\/a><\/div><\/div><\/div><\/div><\/div><\/div><\/section><section class=\"l-section wpb_row tabs height_custom\"><div class=\"l-section-h i-cf\"><div class=\"g-cols vc_row via_flex valign_top type_default stacking_default\"><div class=\"vc_col-sm-12 wpb_column vc_column_container\"><div class=\"vc_column-inner us_custom_503f27e6\"><div class=\"wpb_wrapper\"><div class=\"w-tabs layout_hor style_default switch_click has_scrolling\" style=\"--sections-title-size:1em\"><div class=\"w-tabs-list items_1 align_none\"><div class=\"w-tabs-list-h\"><button class=\"w-tabs-item active\" aria-controls=\"content-vb28\" aria-expanded=\"false\"><span class=\"w-tabs-item-title\">Detail produktu<\/span><\/button><\/div><\/div><div class=\"w-tabs-sections titles-align_none icon_chevron cpos_right\"><div class=\"w-tabs-section active\" id=\"vb28\"><button class=\"w-tabs-section-header active\" aria-controls=\"content-vb28\" aria-expanded=\"true\"><div class=\"w-tabs-section-title\">Detail produktu<\/div><div class=\"w-tabs-section-control\"><\/div><\/button><div  class=\"w-tabs-section-content\" id=\"content-vb28\"><div class=\"w-tabs-section-content-h i-cf\"><div class=\"wpb_text_column\"><div class=\"wpb_wrapper\"><p>Inspectron je l\u00eddrom na trhu a najv\u00e4\u010d\u0161\u00edm dod\u00e1vate\u013eom <strong>pr\u00e9miov\u00fdch priemyseln\u00fdch videoskopov<\/strong> a zobrazovac\u00edch in\u0161pek\u010dn\u00fdch syst\u00e9mov na celom svete s viac ako 1 mili\u00f3nom zariaden\u00ed predan\u00fdch po celom svete. S\u00fa zn\u00e1me svojou odolnos\u0165ou, pevnos\u0165ou v priemyselnej kvalite a kamerami s vysok\u00fdm rozl\u00ed\u0161en\u00edm, ktor\u00e9 svojim pou\u017e\u00edvate\u013eom umo\u017e\u0148uj\u00fa identifikova\u0165 drobn\u00e9 detaily, ako s\u00fa \u0161krabance, odfarbenie a \u00faniky paliva po\u010das kontrol.<\/p>\n<\/div><\/div><div class=\"w-separator size_medium\"><\/div><div class=\"g-cols wpb_row us_custom_d55a3cca via_flex valign_top type_default stacking_default\"><div class=\"vc_col-sm-6 vc_col-md-3 wpb_column vc_column_container\"><div class=\"vc_column-inner\"><div class=\"wpb_wrapper\"><div class=\"w-image us_custom_3a10aaff has_height align_center\"><div class=\"w-image-h\"><img decoding=\"async\" width=\"311\" height=\"248\" src=\"https:\/\/www.ayes.cz\/wp-content\/uploads\/2022\/11\/palec-e1673009461408.png\" class=\"attachment-full size-full\" alt=\"\" loading=\"lazy\" \/><\/div><\/div><div class=\"w-separator size_small\"><\/div><div class=\"wpb_text_column\"><div class=\"wpb_wrapper\"><h3 style=\"text-align: center;\">Sp\u00e1rovanie so smart okuliarmi<\/h3>\n<p style=\"text-align: center;\">Sp\u00e1rovanie smart okuliarov a Inspectron umo\u017e\u0148uje vykon\u00e1va\u0165 \u00falohy ako diagnostick\u00e9 kontroly a kontroly spa\u013eovac\u00edch kom\u00f4r r\u00fdchlej\u0161ie a presnej\u0161ie ako predt\u00fdm.<\/p>\n<\/div><\/div><\/div><\/div><\/div><div class=\"vc_col-sm-6 vc_col-md-3 wpb_column vc_column_container\"><div class=\"vc_column-inner\"><div class=\"wpb_wrapper\"><div class=\"w-image us_custom_e7b2220f has_height has_ratio align_center\"><div class=\"w-image-h\"><div style=\"padding-bottom:100%\"><\/div><img decoding=\"async\" width=\"247\" height=\"226\" src=\"https:\/\/www.ayes.cz\/wp-content\/uploads\/2022\/11\/graf.png\" class=\"attachment-full size-full\" alt=\"\" loading=\"lazy\" \/><\/div><\/div><div class=\"w-separator size_small\"><\/div><div class=\"wpb_text_column\"><div class=\"wpb_wrapper\"><h3 style=\"text-align: center;\">Integr\u00e1cia s\u202fOneDrive a PowerApps<\/h3>\n<p style=\"text-align: center;\">Zdokumentovan\u00e9 in\u0161pekcie pomocou fotografi\u00ed \u010di vide\u00ed je mo\u017en\u00e9 automaticky synchronizova\u0165 s\u202fOneDrive \u00fa\u010dtom firmy pre r\u00fdchlej\u0161iu tvorbu reportov \u010di nasleduj\u00facu pr\u00e1cu.<\/p>\n<\/div><\/div><\/div><\/div><\/div><div class=\"vc_col-sm-6 vc_col-md-3 wpb_column vc_column_container\"><div class=\"vc_column-inner\"><div class=\"wpb_wrapper\"><div class=\"w-image us_custom_3a10aaff has_height has_ratio align_center\"><div class=\"w-image-h\"><div style=\"padding-bottom:100%\"><\/div><img decoding=\"async\" width=\"261\" height=\"213\" src=\"https:\/\/www.ayes.cz\/wp-content\/uploads\/2022\/11\/puzzle.png\" class=\"attachment-full size-full\" alt=\"\" loading=\"lazy\" \/><\/div><\/div><div class=\"w-separator size_small\"><\/div><div class=\"wpb_text_column\"><div class=\"wpb_wrapper\"><h3 style=\"text-align: center;\">Odolnos\u0165 a zamenite\u013enos\u0165 sondy<\/h3>\n<p style=\"text-align: center;\">Menite\u013en\u00e9 sondy k videoskopu prisp\u00f4sobte vykon\u00e1vanej \u00falohe, ktor\u00e9 odol\u00e1vaj\u00fa vysok\u00fdm teplot\u00e1m v\u010faka robustn\u00e9mu dizajnu.<\/p>\n<\/div><\/div><\/div><\/div><\/div><div class=\"vc_col-sm-6 vc_col-md-3 wpb_column vc_column_container\"><div class=\"vc_column-inner\"><div class=\"wpb_wrapper\"><div class=\"w-image us_custom_e7b2220f has_height has_ratio align_center\"><div class=\"w-image-h\"><div style=\"padding-bottom:100%\"><\/div><img decoding=\"async\" width=\"252\" height=\"224\" src=\"https:\/\/www.ayes.cz\/wp-content\/uploads\/2022\/11\/settings.png\" class=\"attachment-full size-full\" alt=\"\" loading=\"lazy\" \/><\/div><\/div><div class=\"w-separator size_small\"><\/div><div class=\"wpb_text_column\"><div class=\"wpb_wrapper\"><h3 style=\"text-align: center;\">Funkcionality a\u202fvysok\u00e1 kvalita obrazu<\/h3>\n<p style=\"text-align: center;\">Produkty disponuj\u00fa Full HD obrazom (WiTorch) a\u202fHD obrazom (WiScope) z\u202fkamery s\u202fautomatick\u00fdm zaostrovan\u00edm a \u0161k\u00e1lou potrebn\u00fdch funkci\u00ed pre z\u00edskanie detailn\u00e9ho poh\u013eadu pri in\u0161pekci\u00e1ch.<\/p>\n<\/div><\/div><\/div><\/div><\/div><\/div><div class=\"w-separator size_medium\"><\/div><div class=\"g-cols wpb_row via_flex valign_top type_default stacking_default\"><div class=\"vc_col-sm-12 wpb_column vc_column_container\"><div class=\"vc_column-inner\"><div class=\"wpb_wrapper\"><div class=\"w-actionbox color_primary controls_right\" id=\"Handsfree inspekce\"><div class=\"w-actionbox-text\"><h2 class=\"w-actionbox-title\">Chcete zv\u00fd\u0161i\u0165 bezpe\u010dnos\u0165 a efekt\u00edvnos\u0165 in\u0161pekci\u00ed?<\/h2><div class=\"w-actionbox-description\"><p>Pre\u010d\u00edtajte si, ako hlasom ovl\u00e1dan\u00e9 kontroly s termokamerami a videoskopmi menia priemyseln\u00e9 \u0161tandardy.<\/p>\n<\/div><\/div><div class=\"w-actionbox-controls\"><a class=\"w-btn us-btn-style_4\" href=\"https:\/\/www.ayes.cz\/sk\/novinky-a-akce-sk\/handsfree-inspekcie-hlasom-ovladane-inspekcie-s-termokamerou-a-videoskopmi\/\"><span class=\"w-btn-label\">Pre\u010d\u00edta\u0165 \u010dl\u00e1nok<\/span><\/a><\/div><\/div><\/div><\/div><\/div><\/div><div class=\"w-separator size_medium\"><\/div><div class=\"g-cols wpb_row via_flex valign_top type_default stacking_default\"><div class=\"vc_col-sm-12 wpb_column vc_column_container\"><div class=\"vc_column-inner\"><div class=\"wpb_wrapper\"><h2 class=\"w-text\"><span class=\"w-text-h\"><span class=\"w-text-value\">Oblasti pou\u017e\u00edvania videoskopu Inspectron<\/span><\/span><\/h2><div class=\"w-separator size_custom\" style=\"height:1rem\"><\/div><\/div><\/div><\/div><\/div><div class=\"g-cols wpb_row via_flex valign_middle type_default stacking_default\"><div class=\"vc_col-sm-6 wpb_column vc_column_container\"><div class=\"vc_column-inner\"><div class=\"wpb_wrapper\"><div class=\"w-image hide_on_mobiles has_ratio align_none\"><div class=\"w-image-h\"><div style=\"padding-bottom:56.25%\"><\/div><img decoding=\"async\" width=\"1024\" height=\"345\" src=\"https:\/\/www.ayes.cz\/wp-content\/uploads\/2024\/08\/header-wiscope-1920x640-1-1024x345.jpg\" class=\"attachment-large size-large\" alt=\"\" loading=\"lazy\" \/><\/div><\/div><\/div><\/div><\/div><div class=\"vc_col-sm-6 wpb_column vc_column_container\"><div class=\"vc_column-inner\"><div class=\"wpb_wrapper\"><div class=\"w-vwrapper us_custom_c8a6dcc3 align_none valign_bottom\"><div class=\"wpb_text_column\"><div class=\"wpb_wrapper\"><h3><a href=\"https:\/\/www.ayes.cz\/sk\/handsfree-inspekcie\/\">Handsfree in\u0161pekcie<\/a><\/h3>\n<\/div><\/div><div class=\"w-text icon_atleft\"><span class=\"w-text-h\"><i class=\"far fa-chevron-right\"><\/i><span class=\"w-text-value\">Handsfree in\u0161pekcie \u2013 vo\u013en\u00e9 ruky pre pr\u00e1cu<\/span><\/span><\/div><div class=\"w-text icon_atleft\"><span class=\"w-text-h\"><i class=\"far fa-chevron-right\"><\/i><span class=\"w-text-value\">Viacero mo\u017enost\u00ed produktov pre napojenie \u2013 termokamera, endoskop, HD baterka<\/span><\/span><\/div><div class=\"w-text icon_atleft\"><span class=\"w-text-h\"><i class=\"far fa-chevron-right\"><\/i><span class=\"w-text-value\">Mo\u017enos\u0165 vyu\u017ei\u0165 aj s tabletom<\/span><\/span><\/div><div class=\"w-text icon_atleft\"><span class=\"w-text-h\"><i class=\"far fa-chevron-right\"><\/i><span class=\"w-text-value\">Industri\u00e1lne odoln\u00e9 zariadenia<\/span><\/span><\/div><div class=\"w-text icon_atleft\"><span class=\"w-text-h\"><i class=\"far fa-chevron-right\"><\/i><span class=\"w-text-value\">Vhodn\u00e9 do viacer\u00fdch odvetv\u00ed \u2013 manufacturing, oil&amp;gas, automotive, medical, a\u202fpod.<\/span><\/span><\/div><div class=\"w-text icon_atleft\"><span class=\"w-text-h\"><i class=\"far fa-chevron-right\"><\/i><span class=\"w-text-value\">Automatiz\u00e1cia spracovania d\u00e1t z\u202fin\u0161pekci\u00ed (prenos na OneDrive, do datab\u00e1ze, &#8230;)<\/span><\/span><\/div><div class=\"w-text icon_atleft\"><span class=\"w-text-h\"><i class=\"far fa-chevron-right\"><\/i><span class=\"w-text-value\">Mo\u017enos\u0165 integr\u00e1cie s in\u00fdmi syst\u00e9mami v podniku<\/span><\/span><\/div><div class=\"w-separator size_small\"><\/div><div class=\"w-btn-wrapper align_center\"><a class=\"w-btn us-btn-style_3\" href=\"https:\/\/www.ayes.cz\/sk\/handsfree-inspekcie\/\"><span class=\"w-btn-label\">Viac inform\u00e1ci\u00ed<\/span><\/a><\/div><\/div><\/div><\/div><\/div><\/div><\/div><\/div><\/div><\/div><\/div><div class=\"w-separator size_medium\"><\/div><\/div><\/div><\/div><\/div><\/div><\/section>\n","protected":false},"excerpt":{"rendered":"Videoskop InspectronM\u00e1m z\u00e1ujemDetail produktuDetail produktuInspectron je l\u00eddrom na trhu a najv\u00e4\u010d\u0161\u00edm dod\u00e1vate\u013eom pr\u00e9miov\u00fdch priemyseln\u00fdch videoskopov a zobrazovac\u00edch in\u0161pek\u010dn\u00fdch syst\u00e9mov na celom svete s viac ako 1 mili\u00f3nom zariaden\u00ed predan\u00fdch po celom svete. S\u00fa zn\u00e1me svojou odolnos\u0165ou, pevnos\u0165ou v priemyselnej kvalite a kamerami s vysok\u00fdm rozl\u00ed\u0161en\u00edm, ktor\u00e9 svojim pou\u017e\u00edvate\u013eom umo\u017e\u0148uj\u00fa identifikova\u0165 drobn\u00e9 detaily, ako s\u00fa \u0161krabance,...","protected":false},"author":2,"featured_media":29526,"parent":5086,"menu_order":0,"comment_status":"closed","ping_status":"closed","template":"","meta":{"_acf_changed":false,"footnotes":""},"class_list":["post-29186","page","type-page","status-publish","has-post-thumbnail","hentry"],"acf":[],"yoast_head":"<!-- This site is optimized with the Yoast SEO plugin v24.9 - https:\/\/yoast.com\/wordpress\/plugins\/seo\/ -->\n<title>Videoskop Inspectron | AYES<\/title>\n<meta name=\"description\" content=\"Dok\u00e1\u017ee identifikova\u0165 drobn\u00e9 detaily, ako s\u00fa \u0161krabance, zmeny farby a \u00faniky paliva. M\u00e1 mnoho v\u00fdhod a je vhodn\u00fd pre r\u00f4zne priemyseln\u00e9 odvetvia.\" \/>\n<meta name=\"robots\" content=\"index, follow, max-snippet:-1, max-image-preview:large, max-video-preview:-1\" \/>\n<link rel=\"canonical\" href=\"https:\/\/www.ayes.cz\/sk\/produkty\/videoskop-inspectron\/\" \/>\n<meta property=\"og:locale\" content=\"sk_SK\" \/>\n<meta property=\"og:type\" content=\"article\" \/>\n<meta property=\"og:title\" content=\"Videoskop Inspectron | AYES\" \/>\n<meta property=\"og:description\" content=\"Dok\u00e1\u017ee identifikova\u0165 drobn\u00e9 detaily, ako s\u00fa \u0161krabance, zmeny farby a \u00faniky paliva. M\u00e1 mnoho v\u00fdhod a je vhodn\u00fd pre r\u00f4zne priemyseln\u00e9 odvetvia.\" \/>\n<meta property=\"og:url\" content=\"https:\/\/www.ayes.cz\/sk\/produkty\/videoskop-inspectron\/\" \/>\n<meta property=\"og:site_name\" content=\"AYES\" \/>\n<meta property=\"article:publisher\" content=\"https:\/\/www.facebook.com\/AYEStechnology\/\" \/>\n<meta property=\"article:modified_time\" content=\"2024-10-02T07:07:25+00:00\" \/>\n<meta property=\"og:image\" content=\"https:\/\/www.ayes.cz\/wp-content\/uploads\/2024\/08\/handsfree-inspekce-01.png\" \/>\n\t<meta property=\"og:image:width\" content=\"900\" \/>\n\t<meta property=\"og:image:height\" content=\"425\" \/>\n\t<meta property=\"og:image:type\" content=\"image\/png\" \/>\n<meta name=\"twitter:card\" content=\"summary_large_image\" \/>\n<meta name=\"twitter:image\" content=\"https:\/\/www.ayes.cz\/wp-content\/uploads\/2024\/08\/handsfree-inspekce-01.png\" \/>\n<meta name=\"twitter:label1\" content=\"Predpokladan\u00fd \u010das \u010d\u00edtania\" \/>\n\t<meta name=\"twitter:data1\" content=\"3 min\u00faty\" \/>\n<script type=\"application\/ld+json\" class=\"yoast-schema-graph\">{\"@context\":\"https:\/\/schema.org\",\"@graph\":[{\"@type\":\"WebPage\",\"@id\":\"https:\/\/www.ayes.cz\/sk\/produkty\/videoskop-inspectron\/\",\"url\":\"https:\/\/www.ayes.cz\/sk\/produkty\/videoskop-inspectron\/\",\"name\":\"Videoskop Inspectron | AYES\",\"isPartOf\":{\"@id\":\"https:\/\/www.ayes.cz\/sk\/#website\"},\"primaryImageOfPage\":{\"@id\":\"https:\/\/www.ayes.cz\/sk\/produkty\/videoskop-inspectron\/#primaryimage\"},\"image\":{\"@id\":\"https:\/\/www.ayes.cz\/sk\/produkty\/videoskop-inspectron\/#primaryimage\"},\"thumbnailUrl\":\"https:\/\/www.ayes.cz\/wp-content\/uploads\/2024\/08\/videoskop-inspectron-products.png\",\"datePublished\":\"2024-08-08T14:09:46+00:00\",\"dateModified\":\"2024-10-02T07:07:25+00:00\",\"description\":\"Dok\u00e1\u017ee identifikova\u0165 drobn\u00e9 detaily, ako s\u00fa \u0161krabance, zmeny farby a \u00faniky paliva. M\u00e1 mnoho v\u00fdhod a je vhodn\u00fd pre r\u00f4zne priemyseln\u00e9 odvetvia.\",\"breadcrumb\":{\"@id\":\"https:\/\/www.ayes.cz\/sk\/produkty\/videoskop-inspectron\/#breadcrumb\"},\"inLanguage\":\"sk-SK\",\"potentialAction\":[{\"@type\":\"ReadAction\",\"target\":[\"https:\/\/www.ayes.cz\/sk\/produkty\/videoskop-inspectron\/\"]}]},{\"@type\":\"ImageObject\",\"inLanguage\":\"sk-SK\",\"@id\":\"https:\/\/www.ayes.cz\/sk\/produkty\/videoskop-inspectron\/#primaryimage\",\"url\":\"https:\/\/www.ayes.cz\/wp-content\/uploads\/2024\/08\/videoskop-inspectron-products.png\",\"contentUrl\":\"https:\/\/www.ayes.cz\/wp-content\/uploads\/2024\/08\/videoskop-inspectron-products.png\",\"width\":800,\"height\":441},{\"@type\":\"BreadcrumbList\",\"@id\":\"https:\/\/www.ayes.cz\/sk\/produkty\/videoskop-inspectron\/#breadcrumb\",\"itemListElement\":[{\"@type\":\"ListItem\",\"position\":1,\"name\":\"Home\",\"item\":\"https:\/\/www.ayes.cz\/sk\/\"},{\"@type\":\"ListItem\",\"position\":2,\"name\":\"Produkty\",\"item\":\"https:\/\/www.ayes.cz\/sk\/produkty\/\"},{\"@type\":\"ListItem\",\"position\":3,\"name\":\"Videoskop Inspectron\"}]},{\"@type\":\"WebSite\",\"@id\":\"https:\/\/www.ayes.cz\/sk\/#website\",\"url\":\"https:\/\/www.ayes.cz\/sk\/\",\"name\":\"AYES\",\"description\":\"Dal\u0161\u00ed web pou\u017e\u00edvaj\u00edc\u00ed WordPress\",\"publisher\":{\"@id\":\"https:\/\/www.ayes.cz\/sk\/#organization\"},\"potentialAction\":[{\"@type\":\"SearchAction\",\"target\":{\"@type\":\"EntryPoint\",\"urlTemplate\":\"https:\/\/www.ayes.cz\/sk\/?s={search_term_string}\"},\"query-input\":{\"@type\":\"PropertyValueSpecification\",\"valueRequired\":true,\"valueName\":\"search_term_string\"}}],\"inLanguage\":\"sk-SK\"},{\"@type\":\"Organization\",\"@id\":\"https:\/\/www.ayes.cz\/sk\/#organization\",\"name\":\"AYES s.r.o.\",\"url\":\"https:\/\/www.ayes.cz\/sk\/\",\"logo\":{\"@type\":\"ImageObject\",\"inLanguage\":\"sk-SK\",\"@id\":\"https:\/\/www.ayes.cz\/sk\/#\/schema\/logo\/image\/\",\"url\":\"https:\/\/www.ayes.cz\/wp-content\/uploads\/2022\/10\/ayes_logo_bez_pozadi__1_-1.png\",\"contentUrl\":\"https:\/\/www.ayes.cz\/wp-content\/uploads\/2022\/10\/ayes_logo_bez_pozadi__1_-1.png\",\"width\":1148,\"height\":360,\"caption\":\"AYES s.r.o.\"},\"image\":{\"@id\":\"https:\/\/www.ayes.cz\/sk\/#\/schema\/logo\/image\/\"},\"sameAs\":[\"https:\/\/www.facebook.com\/AYEStechnology\/\",\"https:\/\/www.linkedin.com\/company\/ayes3\/\"]}]}<\/script>\n<!-- \/ Yoast SEO plugin. -->","yoast_head_json":{"title":"Videoskop Inspectron | AYES","description":"Dok\u00e1\u017ee identifikova\u0165 drobn\u00e9 detaily, ako s\u00fa \u0161krabance, zmeny farby a \u00faniky paliva. M\u00e1 mnoho v\u00fdhod a je vhodn\u00fd pre r\u00f4zne priemyseln\u00e9 odvetvia.","robots":{"index":"index","follow":"follow","max-snippet":"max-snippet:-1","max-image-preview":"max-image-preview:large","max-video-preview":"max-video-preview:-1"},"canonical":"https:\/\/www.ayes.cz\/sk\/produkty\/videoskop-inspectron\/","og_locale":"sk_SK","og_type":"article","og_title":"Videoskop Inspectron | AYES","og_description":"Dok\u00e1\u017ee identifikova\u0165 drobn\u00e9 detaily, ako s\u00fa \u0161krabance, zmeny farby a \u00faniky paliva. M\u00e1 mnoho v\u00fdhod a je vhodn\u00fd pre r\u00f4zne priemyseln\u00e9 odvetvia.","og_url":"https:\/\/www.ayes.cz\/sk\/produkty\/videoskop-inspectron\/","og_site_name":"AYES","article_publisher":"https:\/\/www.facebook.com\/AYEStechnology\/","article_modified_time":"2024-10-02T07:07:25+00:00","og_image":[{"width":900,"height":425,"url":"https:\/\/www.ayes.cz\/wp-content\/uploads\/2024\/08\/handsfree-inspekce-01.png","type":"image\/png"}],"twitter_card":"summary_large_image","twitter_image":"https:\/\/www.ayes.cz\/wp-content\/uploads\/2024\/08\/handsfree-inspekce-01.png","twitter_misc":{"Predpokladan\u00fd \u010das \u010d\u00edtania":"3 min\u00faty"},"schema":{"@context":"https:\/\/schema.org","@graph":[{"@type":"WebPage","@id":"https:\/\/www.ayes.cz\/sk\/produkty\/videoskop-inspectron\/","url":"https:\/\/www.ayes.cz\/sk\/produkty\/videoskop-inspectron\/","name":"Videoskop Inspectron | AYES","isPartOf":{"@id":"https:\/\/www.ayes.cz\/sk\/#website"},"primaryImageOfPage":{"@id":"https:\/\/www.ayes.cz\/sk\/produkty\/videoskop-inspectron\/#primaryimage"},"image":{"@id":"https:\/\/www.ayes.cz\/sk\/produkty\/videoskop-inspectron\/#primaryimage"},"thumbnailUrl":"https:\/\/www.ayes.cz\/wp-content\/uploads\/2024\/08\/videoskop-inspectron-products.png","datePublished":"2024-08-08T14:09:46+00:00","dateModified":"2024-10-02T07:07:25+00:00","description":"Dok\u00e1\u017ee identifikova\u0165 drobn\u00e9 detaily, ako s\u00fa \u0161krabance, zmeny farby a \u00faniky paliva. M\u00e1 mnoho v\u00fdhod a je vhodn\u00fd pre r\u00f4zne priemyseln\u00e9 odvetvia.","breadcrumb":{"@id":"https:\/\/www.ayes.cz\/sk\/produkty\/videoskop-inspectron\/#breadcrumb"},"inLanguage":"sk-SK","potentialAction":[{"@type":"ReadAction","target":["https:\/\/www.ayes.cz\/sk\/produkty\/videoskop-inspectron\/"]}]},{"@type":"ImageObject","inLanguage":"sk-SK","@id":"https:\/\/www.ayes.cz\/sk\/produkty\/videoskop-inspectron\/#primaryimage","url":"https:\/\/www.ayes.cz\/wp-content\/uploads\/2024\/08\/videoskop-inspectron-products.png","contentUrl":"https:\/\/www.ayes.cz\/wp-content\/uploads\/2024\/08\/videoskop-inspectron-products.png","width":800,"height":441},{"@type":"BreadcrumbList","@id":"https:\/\/www.ayes.cz\/sk\/produkty\/videoskop-inspectron\/#breadcrumb","itemListElement":[{"@type":"ListItem","position":1,"name":"Home","item":"https:\/\/www.ayes.cz\/sk\/"},{"@type":"ListItem","position":2,"name":"Produkty","item":"https:\/\/www.ayes.cz\/sk\/produkty\/"},{"@type":"ListItem","position":3,"name":"Videoskop Inspectron"}]},{"@type":"WebSite","@id":"https:\/\/www.ayes.cz\/sk\/#website","url":"https:\/\/www.ayes.cz\/sk\/","name":"AYES","description":"Dal\u0161\u00ed web pou\u017e\u00edvaj\u00edc\u00ed WordPress","publisher":{"@id":"https:\/\/www.ayes.cz\/sk\/#organization"},"potentialAction":[{"@type":"SearchAction","target":{"@type":"EntryPoint","urlTemplate":"https:\/\/www.ayes.cz\/sk\/?s={search_term_string}"},"query-input":{"@type":"PropertyValueSpecification","valueRequired":true,"valueName":"search_term_string"}}],"inLanguage":"sk-SK"},{"@type":"Organization","@id":"https:\/\/www.ayes.cz\/sk\/#organization","name":"AYES s.r.o.","url":"https:\/\/www.ayes.cz\/sk\/","logo":{"@type":"ImageObject","inLanguage":"sk-SK","@id":"https:\/\/www.ayes.cz\/sk\/#\/schema\/logo\/image\/","url":"https:\/\/www.ayes.cz\/wp-content\/uploads\/2022\/10\/ayes_logo_bez_pozadi__1_-1.png","contentUrl":"https:\/\/www.ayes.cz\/wp-content\/uploads\/2022\/10\/ayes_logo_bez_pozadi__1_-1.png","width":1148,"height":360,"caption":"AYES s.r.o."},"image":{"@id":"https:\/\/www.ayes.cz\/sk\/#\/schema\/logo\/image\/"},"sameAs":["https:\/\/www.facebook.com\/AYEStechnology\/","https:\/\/www.linkedin.com\/company\/ayes3\/"]}]}},"_links":{"self":[{"href":"https:\/\/www.ayes.cz\/sk\/wp-json\/wp\/v2\/pages\/29186","targetHints":{"allow":["GET"]}}],"collection":[{"href":"https:\/\/www.ayes.cz\/sk\/wp-json\/wp\/v2\/pages"}],"about":[{"href":"https:\/\/www.ayes.cz\/sk\/wp-json\/wp\/v2\/types\/page"}],"author":[{"embeddable":true,"href":"https:\/\/www.ayes.cz\/sk\/wp-json\/wp\/v2\/users\/2"}],"replies":[{"embeddable":true,"href":"https:\/\/www.ayes.cz\/sk\/wp-json\/wp\/v2\/comments?post=29186"}],"version-history":[{"count":13,"href":"https:\/\/www.ayes.cz\/sk\/wp-json\/wp\/v2\/pages\/29186\/revisions"}],"predecessor-version":[{"id":32719,"href":"https:\/\/www.ayes.cz\/sk\/wp-json\/wp\/v2\/pages\/29186\/revisions\/32719"}],"up":[{"embeddable":true,"href":"https:\/\/www.ayes.cz\/sk\/wp-json\/wp\/v2\/pages\/5086"}],"wp:featuredmedia":[{"embeddable":true,"href":"https:\/\/www.ayes.cz\/sk\/wp-json\/wp\/v2\/media\/29526"}],"wp:attachment":[{"href":"https:\/\/www.ayes.cz\/sk\/wp-json\/wp\/v2\/media?parent=29186"}],"curies":[{"name":"wp","href":"https:\/\/api.w.org\/{rel}","templated":true}]}}