{"id":36833,"date":"2024-12-11T13:58:35","date_gmt":"2024-12-11T12:58:35","guid":{"rendered":"https:\/\/www.ayes.cz\/?page_id=36833"},"modified":"2024-12-12T14:02:12","modified_gmt":"2024-12-12T13:02:12","slug":"podnikove-skolenia","status":"publish","type":"page","link":"https:\/\/www.ayes.cz\/sk\/podnikove-skolenia\/","title":{"rendered":"Podnikov\u00e9 \u0161kolenia"},"content":{"rendered":"<section class=\"l-section wpb_row height_custom\"><div class=\"l-section-h i-cf\"><div class=\"g-cols vc_row via_flex valign_top type_default stacking_default\"><div class=\"vc_col-sm-12 wpb_column vc_column_container\"><div class=\"vc_column-inner\"><div class=\"wpb_wrapper\"><nav class=\"w-menu us_custom_33b9ee00 custom-submenu-wrapper layout_hor style_links us_menu_1\" style=\"--main-gap:1.5rem;--main-ver-indent:0.8em;--main-hor-indent:0.8em;--main-color:inherit;\"><ul id=\"menu-virtualna-realita\" class=\"menu\"><li id=\"menu-item-37194\" class=\"menu-item menu-item-type-post_type menu-item-object-page menu-item-37194\"><a href=\"https:\/\/www.ayes.cz\/sk\/podnikove-skolenia\/\">Podnikov\u00e9 \u0161kolenia<\/a><\/li><li id=\"menu-item-37192\" class=\"menu-item menu-item-type-post_type menu-item-object-page menu-item-37192\"><a href=\"https:\/\/www.ayes.cz\/sk\/skolske-vzdelavanie\/\">\u0160kolsk\u00e9 vzdel\u00e1vanie<\/a><\/li><li id=\"menu-item-37193\" class=\"menu-item menu-item-type-post_type menu-item-object-page menu-item-37193\"><a href=\"https:\/\/www.ayes.cz\/sk\/priprava-3d-dat\/\">Pr\u00edprava 3D dat<\/a><\/li><li id=\"menu-item-37191\" class=\"menu-item menu-item-type-post_type menu-item-object-page menu-item-37191\"><a href=\"https:\/\/www.ayes.cz\/sk\/obchod-a-marketing\/\">Obchod a marketing<\/a><\/li><\/ul><style>@media ( max-width:767px ){.us_menu_1 .menu{display:block!important}.us_menu_1 .menu>li{margin:0 0 var(--main-gap,1.5rem)!important}}<\/style><\/nav><div class=\"w-separator size_custom\" style=\"height:3rem\"><\/div><h1 class=\"w-text us_custom_eb849559\"><span class=\"w-text-h\"><span class=\"w-text-value\">Podnikov\u00e9 \u0161kolenia<\/span><\/span><\/h1><div class=\"wpb_text_column\"><div class=\"wpb_wrapper\"><p style=\"text-align: center;\">Transformujte \u0161kolenia a tr\u00e9ningy do podoby realistick\u00fdch a interakt\u00edvnych simul\u00e1ci\u00ed<\/p>\n<p style=\"text-align: center;\">Virtu\u00e1lna realita pon\u00faka firm\u00e1m inovat\u00edvny sp\u00f4sob \u0161kolen\u00ed a tr\u00e9ningov, ktor\u00fd umo\u017e\u0148uje zamestnancom za\u017ei\u0165 realistick\u00e9 simul\u00e1cie v bezpe\u010dnom prostred\u00ed. Tieto technol\u00f3gie podporuj\u00fa efekt\u00edvne u\u010denie, zlep\u0161uj\u00fa praktick\u00e9 zru\u010dnosti a zvy\u0161uj\u00fa anga\u017eovanos\u0165 zamestnancov bez potreby fyzick\u00fdch obmedzen\u00ed.<\/p>\n<\/div><\/div><div class=\"w-separator size_custom\" style=\"height:1rem\"><\/div><div class=\"g-cols wpb_row via_flex valign_top type_default stacking_default\" style=\"--additional-gap:1rem;\"><div class=\"vc_col-sm-4 wpb_column vc_column_container\"><div class=\"vc_column-inner us_custom_90f20810\"><div class=\"wpb_wrapper\"><div class=\"w-separator size_small\"><\/div><div class=\"w-image us_custom_c69b5762 align_none\"><div class=\"w-image-h\"><img decoding=\"async\" width=\"1024\" height=\"576\" src=\"https:\/\/www.ayes.cz\/wp-content\/uploads\/2024\/12\/shutterstock_2136587045-2-1024x576.jpg\" class=\"attachment-large size-large\" alt=\"\" loading=\"lazy\" srcset=\"https:\/\/www.ayes.cz\/wp-content\/uploads\/2024\/12\/shutterstock_2136587045-2-1024x576.jpg 1024w, https:\/\/www.ayes.cz\/wp-content\/uploads\/2024\/12\/shutterstock_2136587045-2-300x169.jpg 300w, https:\/\/www.ayes.cz\/wp-content\/uploads\/2024\/12\/shutterstock_2136587045-2-600x338.jpg 600w\" sizes=\"auto, (max-width: 1024px) 100vw, 1024px\" \/><\/div><\/div><div class=\"w-separator size_small\"><\/div><h3 class=\"w-text\"><span class=\"w-text-h\"><span class=\"w-text-value\">\u0160kolenia pre BOZP<\/span><\/span><\/h3><div class=\"wpb_text_column\"><div class=\"wpb_wrapper\"><p>\u0160kolenia v oblasti bezpe\u010dnosti a ochrany zdravia pri pr\u00e1ci (BOZP) prostredn\u00edctvom virtu\u00e1lnej reality umo\u017e\u0148uj\u00fa zamestnancom bezpe\u010dne za\u017ei\u0165 nebezpe\u010dn\u00e9 pracovn\u00e9 situ\u00e1cie a nau\u010di\u0165 sa spr\u00e1vne reakcie v krizov\u00fdch momentoch bez re\u00e1lneho rizika. Zvy\u0161ujete tak efektivitu \u0161kolen\u00ed, zni\u017eujete n\u00e1klady na fyzick\u00e9 \u0161kolenia a zabezpe\u010dujete vy\u0161\u0161iu pripravenos\u0165 zamestnancov v pr\u00edpade skuto\u010dn\u00fdch hrozieb.<\/p>\n<\/div><\/div><div class=\"w-separator size_small\"><\/div><div class=\"w-btn-wrapper align_center\"><a class=\"w-btn us-btn-style_3\" id=\"\u0160kolenia pre BOZP\" href=\"#spu-5112\"><span class=\"w-btn-label\">M\u00e1m z\u00e1ujem<\/span><\/a><\/div><div class=\"w-separator size_medium\"><\/div><\/div><\/div><\/div><div class=\"vc_col-sm-4 wpb_column vc_column_container\"><div class=\"vc_column-inner us_custom_90f20810\"><div class=\"wpb_wrapper\"><div class=\"w-separator size_small\"><\/div><div class=\"w-image has_ratio align_none\"><div class=\"w-image-h\"><div style=\"padding-bottom:56.25%\"><\/div><img decoding=\"async\" width=\"1024\" height=\"576\" src=\"https:\/\/www.ayes.cz\/wp-content\/uploads\/2024\/12\/shutterstock_2450018197-1024x576.jpg\" class=\"attachment-large size-large\" alt=\"\" loading=\"lazy\" \/><\/div><\/div><div class=\"w-separator size_small\"><\/div><h3 class=\"w-text\"><span class=\"w-text-h\"><span class=\"w-text-value\">Simul\u00e1cia pr\u00e1ce<\/span><\/span><\/h3><div class=\"wpb_text_column\"><div class=\"wpb_wrapper\"><p>Virtu\u00e1lna realita pon\u00faka realistick\u00e9 simul\u00e1cie pracovn\u00fdch \u00faloh, ako je obsluha strojov alebo mont\u00e1\u017ene procesy, ktor\u00e9 umo\u017e\u0148uj\u00fa zamestnancom z\u00edska\u0165 praktick\u00e9 sk\u00fasenosti e\u0161te pred t\u00fdm, ako sa postavia pred re\u00e1lnu \u00falohu. Tento sp\u00f4sob \u0161kolenia zni\u017euje chybovos\u0165 a ur\u00fdch\u013euje adapt\u00e1ciu zamestnancov, \u010d\u00edm zvy\u0161uje efektivitu a bezpe\u010dnos\u0165 pr\u00e1ce.<\/p>\n<\/div><\/div><div class=\"w-separator size_small\"><\/div><div class=\"w-btn-wrapper align_center\"><a class=\"w-btn us-btn-style_3\" id=\"Simul\u00e1cia pr\u00e1ce\" href=\"#spu-5112\"><span class=\"w-btn-label\">M\u00e1m z\u00e1ujem<\/span><\/a><\/div><div class=\"w-separator size_medium\"><\/div><\/div><\/div><\/div><div class=\"vc_col-sm-4 wpb_column vc_column_container\"><div class=\"vc_column-inner us_custom_90f20810\"><div class=\"wpb_wrapper\"><div class=\"w-separator size_small\"><\/div><div class=\"w-image has_ratio align_none\"><div class=\"w-image-h\"><div style=\"padding-bottom:56.25%\"><\/div><img decoding=\"async\" width=\"1024\" height=\"576\" src=\"https:\/\/www.ayes.cz\/wp-content\/uploads\/2024\/12\/shutterstock_2440408297-2-1024x576.jpg\" class=\"attachment-large size-large\" alt=\"\" loading=\"lazy\" \/><\/div><\/div><div class=\"w-separator size_small\"><\/div><h3 class=\"w-text\"><span class=\"w-text-h\"><span class=\"w-text-value\">Tr\u00e9ningy a certifikacie<\/span><\/span><\/h3><div class=\"wpb_text_column\"><div class=\"wpb_wrapper\"><p>Jedn\u00e1 sa o ide\u00e1lne rie\u0161ene v z\u00edskan\u00ed nov\u00fdch odborn\u00fdch zru\u010dnost\u00ed. Zamestnanci si m\u00f4\u017eu prejs\u0165 simula\u010dn\u00fdmi tr\u00e9ningmi, ktor\u00e9 s\u00fa prisp\u00f4soben\u00e9 konkr\u00e9tnym pracovn\u00fdm \u00faloh\u00e1m. Po absolvovan\u00ed \u0161kolen\u00ed m\u00f4\u017eu \u00fa\u010dastn\u00edci z\u00edska\u0165 certifik\u00e1ty, ktor\u00e9 preukazuj\u00fa ich odbornos\u0165 a pripravenos\u0165 na v\u00fdkon \u0161pecializovan\u00fdch \u00faloh.<\/p>\n<\/div><\/div><div class=\"w-separator size_medium\"><\/div><div class=\"w-btn-wrapper align_center\"><a class=\"w-btn us-btn-style_3\" id=\"Tr\u00e9ningy a certifikacie\" href=\"#spu-5112\"><span class=\"w-btn-label\">M\u00e1m z\u00e1ujem<\/span><\/a><\/div><div class=\"w-separator size_small\"><\/div><\/div><\/div><\/div><\/div><div class=\"w-separator size_custom\" style=\"height:1rem\"><\/div><\/div><\/div><\/div><\/div><\/div><\/section>\n","protected":false},"excerpt":{"rendered":"Podnikov\u00e9 \u0161kolenia\u0160kolsk\u00e9 vzdel\u00e1vaniePr\u00edprava 3D datObchod a marketingPodnikov\u00e9 \u0161koleniaTransformujte \u0161kolenia a tr\u00e9ningy do podoby realistick\u00fdch a interakt\u00edvnych simul\u00e1ci\u00ed Virtu\u00e1lna realita pon\u00faka firm\u00e1m inovat\u00edvny sp\u00f4sob \u0161kolen\u00ed a tr\u00e9ningov, ktor\u00fd umo\u017e\u0148uje zamestnancom za\u017ei\u0165 realistick\u00e9 simul\u00e1cie v bezpe\u010dnom prostred\u00ed. Tieto technol\u00f3gie podporuj\u00fa efekt\u00edvne u\u010denie, zlep\u0161uj\u00fa praktick\u00e9 zru\u010dnosti a zvy\u0161uj\u00fa anga\u017eovanos\u0165 zamestnancov bez potreby fyzick\u00fdch obmedzen\u00ed. \u0160kolenia pre BOZP\u0160kolenia v...","protected":false},"author":2,"featured_media":0,"parent":0,"menu_order":0,"comment_status":"closed","ping_status":"closed","template":"","meta":{"_acf_changed":false,"footnotes":""},"class_list":["post-36833","page","type-page","status-publish","hentry"],"acf":[],"yoast_head":"<!-- This site is optimized with the Yoast SEO plugin v24.9 - https:\/\/yoast.com\/wordpress\/plugins\/seo\/ -->\n<title>Podnikov\u00e9 \u0161kolenia | AYES<\/title>\n<meta name=\"description\" content=\"Mo\u017enost, jak digitalizovat v\u00fdrobu se u ka\u017ed\u00e9 spole\u010dnosti li\u0161\u00ed. V AYES jsme si toho v\u011bdomi, a proto z\u00e1kazn\u00edk\u016fm nab\u00edz\u00edme r\u016fzn\u00e9 \u00farovn\u011b slu\u017eeb a podpory.\" \/>\n<meta name=\"robots\" content=\"index, follow, max-snippet:-1, max-image-preview:large, max-video-preview:-1\" \/>\n<link rel=\"canonical\" href=\"https:\/\/www.ayes.cz\/sk\/podnikove-skolenia\/\" \/>\n<meta property=\"og:locale\" content=\"sk_SK\" \/>\n<meta property=\"og:type\" content=\"article\" \/>\n<meta property=\"og:title\" content=\"Podnikov\u00e9 \u0161kolenia | AYES\" \/>\n<meta property=\"og:description\" content=\"Mo\u017enost, jak digitalizovat v\u00fdrobu se u ka\u017ed\u00e9 spole\u010dnosti li\u0161\u00ed. V AYES jsme si toho v\u011bdomi, a proto z\u00e1kazn\u00edk\u016fm nab\u00edz\u00edme r\u016fzn\u00e9 \u00farovn\u011b slu\u017eeb a podpory.\" \/>\n<meta property=\"og:url\" content=\"https:\/\/www.ayes.cz\/sk\/podnikove-skolenia\/\" \/>\n<meta property=\"og:site_name\" content=\"AYES\" \/>\n<meta property=\"article:publisher\" content=\"https:\/\/www.facebook.com\/AYEStechnology\/\" \/>\n<meta property=\"article:modified_time\" content=\"2024-12-12T13:02:12+00:00\" \/>\n<meta property=\"og:image\" content=\"https:\/\/www.ayes.cz\/wp-content\/uploads\/2023\/08\/nahledovy_obrazek_sk.png\" \/>\n\t<meta property=\"og:image:width\" content=\"1200\" \/>\n\t<meta property=\"og:image:height\" content=\"628\" \/>\n\t<meta property=\"og:image:type\" content=\"image\/png\" \/>\n<meta name=\"twitter:card\" content=\"summary_large_image\" \/>\n<meta name=\"twitter:label1\" content=\"Predpokladan\u00fd \u010das \u010d\u00edtania\" \/>\n\t<meta name=\"twitter:data1\" content=\"2 min\u00faty\" \/>\n<script type=\"application\/ld+json\" class=\"yoast-schema-graph\">{\"@context\":\"https:\/\/schema.org\",\"@graph\":[{\"@type\":\"WebPage\",\"@id\":\"https:\/\/www.ayes.cz\/sk\/podnikove-skolenia\/\",\"url\":\"https:\/\/www.ayes.cz\/sk\/podnikove-skolenia\/\",\"name\":\"Podnikov\u00e9 \u0161kolenia | AYES\",\"isPartOf\":{\"@id\":\"https:\/\/www.ayes.cz\/sk\/#website\"},\"datePublished\":\"2024-12-11T12:58:35+00:00\",\"dateModified\":\"2024-12-12T13:02:12+00:00\",\"description\":\"Mo\u017enost, jak digitalizovat v\u00fdrobu se u ka\u017ed\u00e9 spole\u010dnosti li\u0161\u00ed. V AYES jsme si toho v\u011bdomi, a proto z\u00e1kazn\u00edk\u016fm nab\u00edz\u00edme r\u016fzn\u00e9 \u00farovn\u011b slu\u017eeb a podpory.\",\"breadcrumb\":{\"@id\":\"https:\/\/www.ayes.cz\/sk\/podnikove-skolenia\/#breadcrumb\"},\"inLanguage\":\"sk-SK\",\"potentialAction\":[{\"@type\":\"ReadAction\",\"target\":[\"https:\/\/www.ayes.cz\/sk\/podnikove-skolenia\/\"]}]},{\"@type\":\"BreadcrumbList\",\"@id\":\"https:\/\/www.ayes.cz\/sk\/podnikove-skolenia\/#breadcrumb\",\"itemListElement\":[{\"@type\":\"ListItem\",\"position\":1,\"name\":\"Home\",\"item\":\"https:\/\/www.ayes.cz\/sk\/\"},{\"@type\":\"ListItem\",\"position\":2,\"name\":\"Podnikov\u00e9 \u0161kolenia\"}]},{\"@type\":\"WebSite\",\"@id\":\"https:\/\/www.ayes.cz\/sk\/#website\",\"url\":\"https:\/\/www.ayes.cz\/sk\/\",\"name\":\"AYES\",\"description\":\"Dal\u0161\u00ed web pou\u017e\u00edvaj\u00edc\u00ed WordPress\",\"publisher\":{\"@id\":\"https:\/\/www.ayes.cz\/sk\/#organization\"},\"potentialAction\":[{\"@type\":\"SearchAction\",\"target\":{\"@type\":\"EntryPoint\",\"urlTemplate\":\"https:\/\/www.ayes.cz\/sk\/?s={search_term_string}\"},\"query-input\":{\"@type\":\"PropertyValueSpecification\",\"valueRequired\":true,\"valueName\":\"search_term_string\"}}],\"inLanguage\":\"sk-SK\"},{\"@type\":\"Organization\",\"@id\":\"https:\/\/www.ayes.cz\/sk\/#organization\",\"name\":\"AYES s.r.o.\",\"url\":\"https:\/\/www.ayes.cz\/sk\/\",\"logo\":{\"@type\":\"ImageObject\",\"inLanguage\":\"sk-SK\",\"@id\":\"https:\/\/www.ayes.cz\/sk\/#\/schema\/logo\/image\/\",\"url\":\"https:\/\/www.ayes.cz\/wp-content\/uploads\/2022\/10\/ayes_logo_bez_pozadi__1_-1.png\",\"contentUrl\":\"https:\/\/www.ayes.cz\/wp-content\/uploads\/2022\/10\/ayes_logo_bez_pozadi__1_-1.png\",\"width\":1148,\"height\":360,\"caption\":\"AYES s.r.o.\"},\"image\":{\"@id\":\"https:\/\/www.ayes.cz\/sk\/#\/schema\/logo\/image\/\"},\"sameAs\":[\"https:\/\/www.facebook.com\/AYEStechnology\/\",\"https:\/\/www.linkedin.com\/company\/ayes3\/\"]}]}<\/script>\n<!-- \/ Yoast SEO plugin. -->","yoast_head_json":{"title":"Podnikov\u00e9 \u0161kolenia | AYES","description":"Mo\u017enost, jak digitalizovat v\u00fdrobu se u ka\u017ed\u00e9 spole\u010dnosti li\u0161\u00ed. V AYES jsme si toho v\u011bdomi, a proto z\u00e1kazn\u00edk\u016fm nab\u00edz\u00edme r\u016fzn\u00e9 \u00farovn\u011b slu\u017eeb a podpory.","robots":{"index":"index","follow":"follow","max-snippet":"max-snippet:-1","max-image-preview":"max-image-preview:large","max-video-preview":"max-video-preview:-1"},"canonical":"https:\/\/www.ayes.cz\/sk\/podnikove-skolenia\/","og_locale":"sk_SK","og_type":"article","og_title":"Podnikov\u00e9 \u0161kolenia | AYES","og_description":"Mo\u017enost, jak digitalizovat v\u00fdrobu se u ka\u017ed\u00e9 spole\u010dnosti li\u0161\u00ed. V AYES jsme si toho v\u011bdomi, a proto z\u00e1kazn\u00edk\u016fm nab\u00edz\u00edme r\u016fzn\u00e9 \u00farovn\u011b slu\u017eeb a podpory.","og_url":"https:\/\/www.ayes.cz\/sk\/podnikove-skolenia\/","og_site_name":"AYES","article_publisher":"https:\/\/www.facebook.com\/AYEStechnology\/","article_modified_time":"2024-12-12T13:02:12+00:00","og_image":[{"width":1200,"height":628,"url":"https:\/\/www.ayes.cz\/wp-content\/uploads\/2023\/08\/nahledovy_obrazek_sk.png","type":"image\/png"}],"twitter_card":"summary_large_image","twitter_misc":{"Predpokladan\u00fd \u010das \u010d\u00edtania":"2 min\u00faty"},"schema":{"@context":"https:\/\/schema.org","@graph":[{"@type":"WebPage","@id":"https:\/\/www.ayes.cz\/sk\/podnikove-skolenia\/","url":"https:\/\/www.ayes.cz\/sk\/podnikove-skolenia\/","name":"Podnikov\u00e9 \u0161kolenia | AYES","isPartOf":{"@id":"https:\/\/www.ayes.cz\/sk\/#website"},"datePublished":"2024-12-11T12:58:35+00:00","dateModified":"2024-12-12T13:02:12+00:00","description":"Mo\u017enost, jak digitalizovat v\u00fdrobu se u ka\u017ed\u00e9 spole\u010dnosti li\u0161\u00ed. V AYES jsme si toho v\u011bdomi, a proto z\u00e1kazn\u00edk\u016fm nab\u00edz\u00edme r\u016fzn\u00e9 \u00farovn\u011b slu\u017eeb a podpory.","breadcrumb":{"@id":"https:\/\/www.ayes.cz\/sk\/podnikove-skolenia\/#breadcrumb"},"inLanguage":"sk-SK","potentialAction":[{"@type":"ReadAction","target":["https:\/\/www.ayes.cz\/sk\/podnikove-skolenia\/"]}]},{"@type":"BreadcrumbList","@id":"https:\/\/www.ayes.cz\/sk\/podnikove-skolenia\/#breadcrumb","itemListElement":[{"@type":"ListItem","position":1,"name":"Home","item":"https:\/\/www.ayes.cz\/sk\/"},{"@type":"ListItem","position":2,"name":"Podnikov\u00e9 \u0161kolenia"}]},{"@type":"WebSite","@id":"https:\/\/www.ayes.cz\/sk\/#website","url":"https:\/\/www.ayes.cz\/sk\/","name":"AYES","description":"Dal\u0161\u00ed web pou\u017e\u00edvaj\u00edc\u00ed WordPress","publisher":{"@id":"https:\/\/www.ayes.cz\/sk\/#organization"},"potentialAction":[{"@type":"SearchAction","target":{"@type":"EntryPoint","urlTemplate":"https:\/\/www.ayes.cz\/sk\/?s={search_term_string}"},"query-input":{"@type":"PropertyValueSpecification","valueRequired":true,"valueName":"search_term_string"}}],"inLanguage":"sk-SK"},{"@type":"Organization","@id":"https:\/\/www.ayes.cz\/sk\/#organization","name":"AYES s.r.o.","url":"https:\/\/www.ayes.cz\/sk\/","logo":{"@type":"ImageObject","inLanguage":"sk-SK","@id":"https:\/\/www.ayes.cz\/sk\/#\/schema\/logo\/image\/","url":"https:\/\/www.ayes.cz\/wp-content\/uploads\/2022\/10\/ayes_logo_bez_pozadi__1_-1.png","contentUrl":"https:\/\/www.ayes.cz\/wp-content\/uploads\/2022\/10\/ayes_logo_bez_pozadi__1_-1.png","width":1148,"height":360,"caption":"AYES s.r.o."},"image":{"@id":"https:\/\/www.ayes.cz\/sk\/#\/schema\/logo\/image\/"},"sameAs":["https:\/\/www.facebook.com\/AYEStechnology\/","https:\/\/www.linkedin.com\/company\/ayes3\/"]}]}},"_links":{"self":[{"href":"https:\/\/www.ayes.cz\/sk\/wp-json\/wp\/v2\/pages\/36833","targetHints":{"allow":["GET"]}}],"collection":[{"href":"https:\/\/www.ayes.cz\/sk\/wp-json\/wp\/v2\/pages"}],"about":[{"href":"https:\/\/www.ayes.cz\/sk\/wp-json\/wp\/v2\/types\/page"}],"author":[{"embeddable":true,"href":"https:\/\/www.ayes.cz\/sk\/wp-json\/wp\/v2\/users\/2"}],"replies":[{"embeddable":true,"href":"https:\/\/www.ayes.cz\/sk\/wp-json\/wp\/v2\/comments?post=36833"}],"version-history":[{"count":8,"href":"https:\/\/www.ayes.cz\/sk\/wp-json\/wp\/v2\/pages\/36833\/revisions"}],"predecessor-version":[{"id":37294,"href":"https:\/\/www.ayes.cz\/sk\/wp-json\/wp\/v2\/pages\/36833\/revisions\/37294"}],"wp:attachment":[{"href":"https:\/\/www.ayes.cz\/sk\/wp-json\/wp\/v2\/media?parent=36833"}],"curies":[{"name":"wp","href":"https:\/\/api.w.org\/{rel}","templated":true}]}}