{"id":36915,"date":"2024-12-11T13:59:54","date_gmt":"2024-12-11T12:59:54","guid":{"rendered":"https:\/\/www.ayes.cz\/?page_id=36915"},"modified":"2024-12-12T14:01:32","modified_gmt":"2024-12-12T13:01:32","slug":"skolske-vzdelavanie","status":"publish","type":"page","link":"https:\/\/www.ayes.cz\/sk\/skolske-vzdelavanie\/","title":{"rendered":"\u0160kolsk\u00e9 vzdel\u00e1vanie"},"content":{"rendered":"<section class=\"l-section wpb_row height_custom\"><div class=\"l-section-h i-cf\"><div class=\"g-cols vc_row via_flex valign_top type_default stacking_default\"><div class=\"vc_col-sm-12 wpb_column vc_column_container\"><div class=\"vc_column-inner\"><div class=\"wpb_wrapper\"><nav class=\"w-menu us_custom_33b9ee00 custom-submenu-wrapper layout_hor style_links us_menu_1\" style=\"--main-gap:1.5rem;--main-ver-indent:0.8em;--main-hor-indent:0.8em;--main-color:inherit;\"><ul id=\"menu-virtualna-realita\" class=\"menu\"><li id=\"menu-item-37194\" class=\"menu-item menu-item-type-post_type menu-item-object-page menu-item-37194\"><a href=\"https:\/\/www.ayes.cz\/sk\/podnikove-skolenia\/\">Podnikov\u00e9 \u0161kolenia<\/a><\/li><li id=\"menu-item-37192\" class=\"menu-item menu-item-type-post_type menu-item-object-page menu-item-37192\"><a href=\"https:\/\/www.ayes.cz\/sk\/skolske-vzdelavanie\/\">\u0160kolsk\u00e9 vzdel\u00e1vanie<\/a><\/li><li id=\"menu-item-37193\" class=\"menu-item menu-item-type-post_type menu-item-object-page menu-item-37193\"><a href=\"https:\/\/www.ayes.cz\/sk\/priprava-3d-dat\/\">Pr\u00edprava 3D dat<\/a><\/li><li id=\"menu-item-37191\" class=\"menu-item menu-item-type-post_type menu-item-object-page menu-item-37191\"><a href=\"https:\/\/www.ayes.cz\/sk\/obchod-a-marketing\/\">Obchod a marketing<\/a><\/li><\/ul><style>@media ( max-width:767px ){.us_menu_1 .menu{display:block!important}.us_menu_1 .menu>li{margin:0 0 var(--main-gap,1.5rem)!important}}<\/style><\/nav><div class=\"w-separator size_custom\" style=\"height:3rem\"><\/div><h1 class=\"w-text us_custom_eb849559\"><span class=\"w-text-h\"><span class=\"w-text-value\">\u0160kolsk\u00e9 vzdel\u00e1vanie<\/span><\/span><\/h1><div class=\"wpb_text_column\"><div class=\"wpb_wrapper\"><p style=\"text-align: center;\">Poskytnete svojim \u0161tudentom aj kolegom v\u00e4\u010d\u0161iu perspekt\u00edvu pre u\u010debn\u00e9 materi\u00e1ly.<\/p>\n<p style=\"text-align: center;\">S kvalitn\u00fdmi 3D modelmi m\u00f4\u017eete zlep\u0161i\u0165 vzdel\u00e1vacie procesy, vytv\u00e1ra\u0165 interakt\u00edvne a pohlcuj\u00face sk\u00fasenosti, ktor\u00e9 podporuj\u00fa efekt\u00edvnej\u0161ie u\u010denie a lep\u0161ie pochopenie komplexn\u00fdch t\u00e9m.<\/p>\n<\/div><\/div><div class=\"w-separator size_custom\" style=\"height:1rem\"><\/div><div class=\"g-cols wpb_row via_flex valign_top type_default stacking_default\" style=\"--additional-gap:1rem;\"><div class=\"vc_col-sm-4 wpb_column vc_column_container\"><div class=\"vc_column-inner us_custom_90f20810\"><div class=\"wpb_wrapper\"><div class=\"w-separator size_small\"><\/div><div class=\"w-image us_custom_c69b5762 align_none\"><div class=\"w-image-h\"><img decoding=\"async\" width=\"1024\" height=\"576\" src=\"https:\/\/www.ayes.cz\/wp-content\/uploads\/2024\/12\/shutterstock_2169492743-2-1024x576.jpg\" class=\"attachment-large size-large\" alt=\"\" loading=\"lazy\" srcset=\"https:\/\/www.ayes.cz\/wp-content\/uploads\/2024\/12\/shutterstock_2169492743-2-1024x576.jpg 1024w, https:\/\/www.ayes.cz\/wp-content\/uploads\/2024\/12\/shutterstock_2169492743-2-300x169.jpg 300w, https:\/\/www.ayes.cz\/wp-content\/uploads\/2024\/12\/shutterstock_2169492743-2-600x337.jpg 600w\" sizes=\"auto, (max-width: 1024px) 100vw, 1024px\" \/><\/div><\/div><div class=\"w-separator size_small\"><\/div><h3 class=\"w-text\"><span class=\"w-text-h\"><span class=\"w-text-value\">Virtu\u00e1lna u\u010deb\u0148a<\/span><\/span><\/h3><div class=\"wpb_text_column\"><div class=\"wpb_wrapper\"><p>Virtu\u00e1lna u\u010deb\u0148a poskytuje \u0161tudentom pr\u00edstup k dynamick\u00e9mu vzdel\u00e1vaciemu prostrediu, kde m\u00f4\u017eu interagova\u0165 s u\u010dite\u013emi a spolu\u017eiakmi cez 3D vizualiz\u00e1cie a multimedi\u00e1lne materi\u00e1ly. Tento pr\u00edstup umo\u017e\u0148uje vyu\u010dovanie na dia\u013eku, \u010d\u00edm sa zvy\u0161uje dostupnos\u0165 vzdelania a umo\u017e\u0148uje \u0161tudentom u\u010di\u0165 sa v interakt\u00edvnom a pohlcuj\u00facom prostred\u00ed.<\/p>\n<\/div><\/div><div class=\"w-separator size_large\"><\/div><div class=\"w-btn-wrapper align_center\"><a class=\"w-btn us-btn-style_3 us_custom_edb423b1\" id=\"Virtu\u00e1lna u\u010deb\u0148a\" href=\"#spu-5112\"><span class=\"w-btn-label\">M\u00e1m z\u00e1ujem<\/span><\/a><\/div><div class=\"w-separator size_small\"><\/div><\/div><\/div><\/div><div class=\"vc_col-sm-4 wpb_column vc_column_container\"><div class=\"vc_column-inner us_custom_90f20810\"><div class=\"wpb_wrapper\"><div class=\"w-separator size_small\"><\/div><div class=\"w-image has_ratio align_none\"><div class=\"w-image-h\"><div style=\"padding-bottom:56.25%\"><\/div><img decoding=\"async\" width=\"1024\" height=\"576\" src=\"https:\/\/www.ayes.cz\/wp-content\/uploads\/2024\/12\/shutterstock_2267838913-2-1024x576.jpg\" class=\"attachment-large size-large\" alt=\"\" loading=\"lazy\" \/><\/div><\/div><div class=\"w-separator size_small\"><\/div><h3 class=\"w-text\"><span class=\"w-text-h\"><span class=\"w-text-value\">Multi user kolabor\u00e1cia<\/span><\/span><\/h3><div class=\"wpb_text_column\"><div class=\"wpb_wrapper\"><p>Vyu\u017eit\u00edm virtu\u00e1lnej reality m\u00f4\u017eu \u0161tudenti spolupracova\u0165 v re\u00e1lnom \u010dase na projektoch, diskutova\u0165 a zdie\u013ea\u0165 svoje n\u00e1pady v spolo\u010dnom virtu\u00e1lnom priestore. T\u00e1to forma kolabor\u00e1cie zlep\u0161uje t\u00edmov\u00fa pr\u00e1cu a komunik\u00e1ciu, pri\u010dom prekon\u00e1va geografick\u00e9 bari\u00e9ry a umo\u017e\u0148uje \u0161tudentom pracova\u0165 na projektoch, akoby boli spolu v jednej miestnosti.<\/p>\n<\/div><\/div><div class=\"w-separator size_large\"><\/div><div class=\"w-btn-wrapper align_center\"><a class=\"w-btn us-btn-style_3\" id=\"Multi user kolabor\u00e1cia\" href=\"#spu-5112\"><span class=\"w-btn-label\">M\u00e1m z\u00e1ujem<\/span><\/a><\/div><div class=\"w-separator size_small\"><\/div><\/div><\/div><\/div><div class=\"vc_col-sm-4 wpb_column vc_column_container\"><div class=\"vc_column-inner us_custom_90f20810\"><div class=\"wpb_wrapper\"><div class=\"w-separator size_small\"><\/div><div class=\"w-image has_ratio align_none\"><div class=\"w-image-h\"><div style=\"padding-bottom:56.25%\"><\/div><img decoding=\"async\" width=\"1024\" height=\"576\" src=\"https:\/\/www.ayes.cz\/wp-content\/uploads\/2024\/12\/shutterstock_2348319137-2-1024x576.jpg\" class=\"attachment-large size-large\" alt=\"\" loading=\"lazy\" \/><\/div><\/div><div class=\"w-separator size_small\"><\/div><h3 class=\"w-text\"><span class=\"w-text-h\"><span class=\"w-text-value\">Tr\u00e9ningy a sk\u00fa\u0161ky<\/span><\/span><\/h3><div class=\"wpb_text_column\"><div class=\"wpb_wrapper\"><p>Virtu\u00e1lna realita umo\u017e\u0148uje \u0161tudentom absolvova\u0165 realistick\u00e9 simula\u010dn\u00e9 tr\u00e9ningy, ktor\u00e9 im poskytuj\u00fa praktick\u00e9 sk\u00fasenosti v r\u00f4znych oblastiach. Tento pr\u00edstup umo\u017e\u0148uje bezpe\u010dn\u00e9 u\u010denie v interakt\u00edvnych prostrediach, kde si \u0161tudenti m\u00f4\u017eu precvi\u010di\u0165 a zdokonali\u0165 svoje zru\u010dnosti predt\u00fdm, ne\u017e sa pustia do re\u00e1lnych situ\u00e1ci\u00ed. \u00daspe\u0161ne dokon\u010den\u00e9 tr\u00e9ningy dokazuj\u00fa ich pripravenos\u0165 na konkr\u00e9tne profesijn\u00e9 v\u00fdzvy.<\/p>\n<\/div><\/div><div class=\"w-separator size_small\"><\/div><div class=\"w-btn-wrapper align_center\"><a class=\"w-btn us-btn-style_3\" id=\"Tr\u00e9ningy a sk\u00fa\u0161ky\" href=\"#spu-5112\"><span class=\"w-btn-label\">M\u00e1m z\u00e1ujem<\/span><\/a><\/div><div class=\"w-separator size_small\"><\/div><\/div><\/div><\/div><\/div><div class=\"w-separator size_custom\" style=\"height:1rem\"><\/div><\/div><\/div><\/div><\/div><\/div><\/section>\n","protected":false},"excerpt":{"rendered":"Podnikov\u00e9 \u0161kolenia\u0160kolsk\u00e9 vzdel\u00e1vaniePr\u00edprava 3D datObchod a marketing\u0160kolsk\u00e9 vzdel\u00e1vaniePoskytnete svojim \u0161tudentom aj kolegom v\u00e4\u010d\u0161iu perspekt\u00edvu pre u\u010debn\u00e9 materi\u00e1ly. S kvalitn\u00fdmi 3D modelmi m\u00f4\u017eete zlep\u0161i\u0165 vzdel\u00e1vacie procesy, vytv\u00e1ra\u0165 interakt\u00edvne a pohlcuj\u00face sk\u00fasenosti, ktor\u00e9 podporuj\u00fa efekt\u00edvnej\u0161ie u\u010denie a lep\u0161ie pochopenie komplexn\u00fdch t\u00e9m. Virtu\u00e1lna u\u010deb\u0148aVirtu\u00e1lna u\u010deb\u0148a poskytuje \u0161tudentom pr\u00edstup k dynamick\u00e9mu vzdel\u00e1vaciemu prostrediu, kde m\u00f4\u017eu interagova\u0165 s u\u010dite\u013emi a...","protected":false},"author":2,"featured_media":0,"parent":0,"menu_order":0,"comment_status":"closed","ping_status":"closed","template":"","meta":{"_acf_changed":false,"footnotes":""},"class_list":["post-36915","page","type-page","status-publish","hentry"],"acf":[],"yoast_head":"<!-- This site is optimized with the Yoast SEO plugin v24.9 - https:\/\/yoast.com\/wordpress\/plugins\/seo\/ -->\n<title>\u0160kolsk\u00e9 vzdel\u00e1vanie | AYES<\/title>\n<meta name=\"description\" content=\"Mo\u017enost, jak digitalizovat v\u00fdrobu se u ka\u017ed\u00e9 spole\u010dnosti li\u0161\u00ed. V AYES jsme si toho v\u011bdomi, a proto z\u00e1kazn\u00edk\u016fm nab\u00edz\u00edme r\u016fzn\u00e9 \u00farovn\u011b slu\u017eeb a podpory.\" \/>\n<meta name=\"robots\" content=\"index, follow, max-snippet:-1, max-image-preview:large, max-video-preview:-1\" \/>\n<link rel=\"canonical\" href=\"https:\/\/www.ayes.cz\/sk\/skolske-vzdelavanie\/\" \/>\n<meta property=\"og:locale\" content=\"sk_SK\" \/>\n<meta property=\"og:type\" content=\"article\" \/>\n<meta property=\"og:title\" content=\"\u0160kolsk\u00e9 vzdel\u00e1vanie | AYES\" \/>\n<meta property=\"og:description\" content=\"Mo\u017enost, jak digitalizovat v\u00fdrobu se u ka\u017ed\u00e9 spole\u010dnosti li\u0161\u00ed. V AYES jsme si toho v\u011bdomi, a proto z\u00e1kazn\u00edk\u016fm nab\u00edz\u00edme r\u016fzn\u00e9 \u00farovn\u011b slu\u017eeb a podpory.\" \/>\n<meta property=\"og:url\" content=\"https:\/\/www.ayes.cz\/sk\/skolske-vzdelavanie\/\" \/>\n<meta property=\"og:site_name\" content=\"AYES\" \/>\n<meta property=\"article:publisher\" content=\"https:\/\/www.facebook.com\/AYEStechnology\/\" \/>\n<meta property=\"article:modified_time\" content=\"2024-12-12T13:01:32+00:00\" \/>\n<meta property=\"og:image\" content=\"https:\/\/www.ayes.cz\/wp-content\/uploads\/2023\/08\/nahledovy_obrazek_sk.png\" \/>\n\t<meta property=\"og:image:width\" content=\"1200\" \/>\n\t<meta property=\"og:image:height\" content=\"628\" \/>\n\t<meta property=\"og:image:type\" content=\"image\/png\" \/>\n<meta name=\"twitter:card\" content=\"summary_large_image\" \/>\n<meta name=\"twitter:label1\" content=\"Predpokladan\u00fd \u010das \u010d\u00edtania\" \/>\n\t<meta name=\"twitter:data1\" content=\"2 min\u00faty\" \/>\n<script type=\"application\/ld+json\" class=\"yoast-schema-graph\">{\"@context\":\"https:\/\/schema.org\",\"@graph\":[{\"@type\":\"WebPage\",\"@id\":\"https:\/\/www.ayes.cz\/sk\/skolske-vzdelavanie\/\",\"url\":\"https:\/\/www.ayes.cz\/sk\/skolske-vzdelavanie\/\",\"name\":\"\u0160kolsk\u00e9 vzdel\u00e1vanie | AYES\",\"isPartOf\":{\"@id\":\"https:\/\/www.ayes.cz\/sk\/#website\"},\"datePublished\":\"2024-12-11T12:59:54+00:00\",\"dateModified\":\"2024-12-12T13:01:32+00:00\",\"description\":\"Mo\u017enost, jak digitalizovat v\u00fdrobu se u ka\u017ed\u00e9 spole\u010dnosti li\u0161\u00ed. V AYES jsme si toho v\u011bdomi, a proto z\u00e1kazn\u00edk\u016fm nab\u00edz\u00edme r\u016fzn\u00e9 \u00farovn\u011b slu\u017eeb a podpory.\",\"breadcrumb\":{\"@id\":\"https:\/\/www.ayes.cz\/sk\/skolske-vzdelavanie\/#breadcrumb\"},\"inLanguage\":\"sk-SK\",\"potentialAction\":[{\"@type\":\"ReadAction\",\"target\":[\"https:\/\/www.ayes.cz\/sk\/skolske-vzdelavanie\/\"]}]},{\"@type\":\"BreadcrumbList\",\"@id\":\"https:\/\/www.ayes.cz\/sk\/skolske-vzdelavanie\/#breadcrumb\",\"itemListElement\":[{\"@type\":\"ListItem\",\"position\":1,\"name\":\"Home\",\"item\":\"https:\/\/www.ayes.cz\/sk\/\"},{\"@type\":\"ListItem\",\"position\":2,\"name\":\"\u0160kolsk\u00e9 vzdel\u00e1vanie\"}]},{\"@type\":\"WebSite\",\"@id\":\"https:\/\/www.ayes.cz\/sk\/#website\",\"url\":\"https:\/\/www.ayes.cz\/sk\/\",\"name\":\"AYES\",\"description\":\"Dal\u0161\u00ed web pou\u017e\u00edvaj\u00edc\u00ed WordPress\",\"publisher\":{\"@id\":\"https:\/\/www.ayes.cz\/sk\/#organization\"},\"potentialAction\":[{\"@type\":\"SearchAction\",\"target\":{\"@type\":\"EntryPoint\",\"urlTemplate\":\"https:\/\/www.ayes.cz\/sk\/?s={search_term_string}\"},\"query-input\":{\"@type\":\"PropertyValueSpecification\",\"valueRequired\":true,\"valueName\":\"search_term_string\"}}],\"inLanguage\":\"sk-SK\"},{\"@type\":\"Organization\",\"@id\":\"https:\/\/www.ayes.cz\/sk\/#organization\",\"name\":\"AYES s.r.o.\",\"url\":\"https:\/\/www.ayes.cz\/sk\/\",\"logo\":{\"@type\":\"ImageObject\",\"inLanguage\":\"sk-SK\",\"@id\":\"https:\/\/www.ayes.cz\/sk\/#\/schema\/logo\/image\/\",\"url\":\"https:\/\/www.ayes.cz\/wp-content\/uploads\/2022\/10\/ayes_logo_bez_pozadi__1_-1.png\",\"contentUrl\":\"https:\/\/www.ayes.cz\/wp-content\/uploads\/2022\/10\/ayes_logo_bez_pozadi__1_-1.png\",\"width\":1148,\"height\":360,\"caption\":\"AYES s.r.o.\"},\"image\":{\"@id\":\"https:\/\/www.ayes.cz\/sk\/#\/schema\/logo\/image\/\"},\"sameAs\":[\"https:\/\/www.facebook.com\/AYEStechnology\/\",\"https:\/\/www.linkedin.com\/company\/ayes3\/\"]}]}<\/script>\n<!-- \/ Yoast SEO plugin. -->","yoast_head_json":{"title":"\u0160kolsk\u00e9 vzdel\u00e1vanie | AYES","description":"Mo\u017enost, jak digitalizovat v\u00fdrobu se u ka\u017ed\u00e9 spole\u010dnosti li\u0161\u00ed. V AYES jsme si toho v\u011bdomi, a proto z\u00e1kazn\u00edk\u016fm nab\u00edz\u00edme r\u016fzn\u00e9 \u00farovn\u011b slu\u017eeb a podpory.","robots":{"index":"index","follow":"follow","max-snippet":"max-snippet:-1","max-image-preview":"max-image-preview:large","max-video-preview":"max-video-preview:-1"},"canonical":"https:\/\/www.ayes.cz\/sk\/skolske-vzdelavanie\/","og_locale":"sk_SK","og_type":"article","og_title":"\u0160kolsk\u00e9 vzdel\u00e1vanie | AYES","og_description":"Mo\u017enost, jak digitalizovat v\u00fdrobu se u ka\u017ed\u00e9 spole\u010dnosti li\u0161\u00ed. V AYES jsme si toho v\u011bdomi, a proto z\u00e1kazn\u00edk\u016fm nab\u00edz\u00edme r\u016fzn\u00e9 \u00farovn\u011b slu\u017eeb a podpory.","og_url":"https:\/\/www.ayes.cz\/sk\/skolske-vzdelavanie\/","og_site_name":"AYES","article_publisher":"https:\/\/www.facebook.com\/AYEStechnology\/","article_modified_time":"2024-12-12T13:01:32+00:00","og_image":[{"width":1200,"height":628,"url":"https:\/\/www.ayes.cz\/wp-content\/uploads\/2023\/08\/nahledovy_obrazek_sk.png","type":"image\/png"}],"twitter_card":"summary_large_image","twitter_misc":{"Predpokladan\u00fd \u010das \u010d\u00edtania":"2 min\u00faty"},"schema":{"@context":"https:\/\/schema.org","@graph":[{"@type":"WebPage","@id":"https:\/\/www.ayes.cz\/sk\/skolske-vzdelavanie\/","url":"https:\/\/www.ayes.cz\/sk\/skolske-vzdelavanie\/","name":"\u0160kolsk\u00e9 vzdel\u00e1vanie | AYES","isPartOf":{"@id":"https:\/\/www.ayes.cz\/sk\/#website"},"datePublished":"2024-12-11T12:59:54+00:00","dateModified":"2024-12-12T13:01:32+00:00","description":"Mo\u017enost, jak digitalizovat v\u00fdrobu se u ka\u017ed\u00e9 spole\u010dnosti li\u0161\u00ed. V AYES jsme si toho v\u011bdomi, a proto z\u00e1kazn\u00edk\u016fm nab\u00edz\u00edme r\u016fzn\u00e9 \u00farovn\u011b slu\u017eeb a podpory.","breadcrumb":{"@id":"https:\/\/www.ayes.cz\/sk\/skolske-vzdelavanie\/#breadcrumb"},"inLanguage":"sk-SK","potentialAction":[{"@type":"ReadAction","target":["https:\/\/www.ayes.cz\/sk\/skolske-vzdelavanie\/"]}]},{"@type":"BreadcrumbList","@id":"https:\/\/www.ayes.cz\/sk\/skolske-vzdelavanie\/#breadcrumb","itemListElement":[{"@type":"ListItem","position":1,"name":"Home","item":"https:\/\/www.ayes.cz\/sk\/"},{"@type":"ListItem","position":2,"name":"\u0160kolsk\u00e9 vzdel\u00e1vanie"}]},{"@type":"WebSite","@id":"https:\/\/www.ayes.cz\/sk\/#website","url":"https:\/\/www.ayes.cz\/sk\/","name":"AYES","description":"Dal\u0161\u00ed web pou\u017e\u00edvaj\u00edc\u00ed WordPress","publisher":{"@id":"https:\/\/www.ayes.cz\/sk\/#organization"},"potentialAction":[{"@type":"SearchAction","target":{"@type":"EntryPoint","urlTemplate":"https:\/\/www.ayes.cz\/sk\/?s={search_term_string}"},"query-input":{"@type":"PropertyValueSpecification","valueRequired":true,"valueName":"search_term_string"}}],"inLanguage":"sk-SK"},{"@type":"Organization","@id":"https:\/\/www.ayes.cz\/sk\/#organization","name":"AYES s.r.o.","url":"https:\/\/www.ayes.cz\/sk\/","logo":{"@type":"ImageObject","inLanguage":"sk-SK","@id":"https:\/\/www.ayes.cz\/sk\/#\/schema\/logo\/image\/","url":"https:\/\/www.ayes.cz\/wp-content\/uploads\/2022\/10\/ayes_logo_bez_pozadi__1_-1.png","contentUrl":"https:\/\/www.ayes.cz\/wp-content\/uploads\/2022\/10\/ayes_logo_bez_pozadi__1_-1.png","width":1148,"height":360,"caption":"AYES s.r.o."},"image":{"@id":"https:\/\/www.ayes.cz\/sk\/#\/schema\/logo\/image\/"},"sameAs":["https:\/\/www.facebook.com\/AYEStechnology\/","https:\/\/www.linkedin.com\/company\/ayes3\/"]}]}},"_links":{"self":[{"href":"https:\/\/www.ayes.cz\/sk\/wp-json\/wp\/v2\/pages\/36915","targetHints":{"allow":["GET"]}}],"collection":[{"href":"https:\/\/www.ayes.cz\/sk\/wp-json\/wp\/v2\/pages"}],"about":[{"href":"https:\/\/www.ayes.cz\/sk\/wp-json\/wp\/v2\/types\/page"}],"author":[{"embeddable":true,"href":"https:\/\/www.ayes.cz\/sk\/wp-json\/wp\/v2\/users\/2"}],"replies":[{"embeddable":true,"href":"https:\/\/www.ayes.cz\/sk\/wp-json\/wp\/v2\/comments?post=36915"}],"version-history":[{"count":6,"href":"https:\/\/www.ayes.cz\/sk\/wp-json\/wp\/v2\/pages\/36915\/revisions"}],"predecessor-version":[{"id":37292,"href":"https:\/\/www.ayes.cz\/sk\/wp-json\/wp\/v2\/pages\/36915\/revisions\/37292"}],"wp:attachment":[{"href":"https:\/\/www.ayes.cz\/sk\/wp-json\/wp\/v2\/media?parent=36915"}],"curies":[{"name":"wp","href":"https:\/\/api.w.org\/{rel}","templated":true}]}}