{"id":36938,"date":"2024-12-11T14:00:44","date_gmt":"2024-12-11T13:00:44","guid":{"rendered":"https:\/\/www.ayes.cz\/?page_id=36938"},"modified":"2024-12-11T14:11:45","modified_gmt":"2024-12-11T13:11:45","slug":"obchod-a-marketing","status":"publish","type":"page","link":"https:\/\/www.ayes.cz\/sk\/obchod-a-marketing\/","title":{"rendered":"Obchod a marketing"},"content":{"rendered":"<section class=\"l-section wpb_row height_custom\"><div class=\"l-section-h i-cf\"><div class=\"g-cols vc_row via_flex valign_top type_default stacking_default\"><div class=\"vc_col-sm-12 wpb_column vc_column_container\"><div class=\"vc_column-inner\"><div class=\"wpb_wrapper\"><nav class=\"w-menu us_custom_bc2cbdbb custom-submenu-wrapper layout_hor style_links us_menu_1\" style=\"--main-ver-indent:0.8em;--main-hor-indent:0.8em;--main-color:inherit;\"><ul id=\"menu-virtualna-realita\" class=\"menu\"><li id=\"menu-item-37194\" class=\"menu-item menu-item-type-post_type menu-item-object-page menu-item-37194\"><a href=\"https:\/\/www.ayes.cz\/sk\/podnikove-skolenia\/\">Podnikov\u00e9 \u0161kolenia<\/a><\/li><li id=\"menu-item-37192\" class=\"menu-item menu-item-type-post_type menu-item-object-page menu-item-37192\"><a href=\"https:\/\/www.ayes.cz\/sk\/skolske-vzdelavanie\/\">\u0160kolsk\u00e9 vzdel\u00e1vanie<\/a><\/li><li id=\"menu-item-37193\" class=\"menu-item menu-item-type-post_type menu-item-object-page menu-item-37193\"><a href=\"https:\/\/www.ayes.cz\/sk\/priprava-3d-dat\/\">Pr\u00edprava 3D dat<\/a><\/li><li id=\"menu-item-37191\" class=\"menu-item menu-item-type-post_type menu-item-object-page menu-item-37191\"><a href=\"https:\/\/www.ayes.cz\/sk\/obchod-a-marketing\/\">Obchod a marketing<\/a><\/li><\/ul><style>@media ( max-width:767px ){.us_menu_1 .menu{display:block!important}.us_menu_1 .menu>li{margin:0 0 var(--main-gap,0px)!important}}<\/style><\/nav><div class=\"w-separator size_custom\" style=\"height:3rem\"><\/div><h1 class=\"w-text us_custom_eb849559\"><span class=\"w-text-h\"><span class=\"w-text-value\">Obchod a marketing<\/span><\/span><\/h1><div class=\"wpb_text_column\"><div class=\"wpb_wrapper\"><p style=\"text-align: center;\">Podnadpis: Zanechajte pohlcuj\u00faci dojem u va\u0161ich z\u00e1kazn\u00edkov.<\/p>\n<p style=\"text-align: center;\">Virtu\u00e1lna realita v\u00e1m umo\u017en\u00ed prezentova\u0165 va\u0161e produkty a slu\u017eby sp\u00f4sobom, ktor\u00fd nadchne a zaujme ka\u017ed\u00e9ho n\u00e1v\u0161tevn\u00edka. S na\u0161imi VR rie\u0161eniami vytvor\u00edte interakt\u00edvne a pohlcuj\u00face z\u00e1\u017eitky, ktor\u00e9 poskytn\u00fa va\u0161im z\u00e1kazn\u00edkom hlb\u0161ie pochopenie va\u0161ich inov\u00e1ci\u00ed a hodnoty, ktor\u00fa prin\u00e1\u0161ate na trh.<\/p>\n<\/div><\/div><div class=\"w-separator size_custom\" style=\"height:1rem\"><\/div><div class=\"g-cols wpb_row via_flex valign_top type_default stacking_default\" style=\"--additional-gap:1rem;\"><div class=\"vc_col-sm-4 wpb_column vc_column_container\"><div class=\"vc_column-inner us_custom_90f20810\"><div class=\"wpb_wrapper\"><div class=\"w-separator size_small\"><\/div><div class=\"w-image us_custom_c69b5762 align_none\"><div class=\"w-image-h\"><img decoding=\"async\" width=\"1024\" height=\"576\" src=\"https:\/\/www.ayes.cz\/wp-content\/uploads\/2024\/12\/shutterstock_2085954025-2-1024x576.jpg\" class=\"attachment-large size-large\" alt=\"\" loading=\"lazy\" srcset=\"https:\/\/www.ayes.cz\/wp-content\/uploads\/2024\/12\/shutterstock_2085954025-2-1024x576.jpg 1024w, https:\/\/www.ayes.cz\/wp-content\/uploads\/2024\/12\/shutterstock_2085954025-2-300x169.jpg 300w, https:\/\/www.ayes.cz\/wp-content\/uploads\/2024\/12\/shutterstock_2085954025-2-600x338.jpg 600w\" sizes=\"auto, (max-width: 1024px) 100vw, 1024px\" \/><\/div><\/div><div class=\"w-separator size_small\"><\/div><h3 class=\"w-text\"><span class=\"w-text-h\"><span class=\"w-text-value\">VR\/AR prezent\u00e1cia produktov<\/span><\/span><\/h3><div class=\"wpb_text_column\"><div class=\"wpb_wrapper\"><p>Predstavte svoje produkty a slu\u017eby prostredn\u00edctvom modern\u00fdch VR\/AR technol\u00f3gi\u00ed, ktor\u00e9 z\u00e1kazn\u00edkom umo\u017enia za\u017ei\u0165 ich jedine\u010dn\u00e9 vlastnosti a v\u00fdhody. Interakt\u00edvne a pohlcuj\u00face prezent\u00e1cie pom\u00e1haj\u00fa lep\u0161ie pochopi\u0165 va\u0161e rie\u0161enia a zanech\u00e1vaj\u00fa siln\u00fd dojem. S virtu\u00e1lnou realitou m\u00f4\u017eete vytvori\u0165 z\u00e1\u017eitok, ktor\u00fd v\u00e1s odl\u00ed\u0161i od konkurencie.<\/p>\n<p>&nbsp;<\/p>\n<\/div><\/div><div class=\"w-separator size_small\"><\/div><div class=\"w-btn-wrapper align_center\"><a class=\"w-btn us-btn-style_3\" id=\"VR\/AR prezent\u00e1cia produktov\" href=\"#spu-5112\"><span class=\"w-btn-label\">M\u00e1m z\u00e1ujem<\/span><\/a><\/div><div class=\"w-separator size_small\"><\/div><\/div><\/div><\/div><div class=\"vc_col-sm-4 wpb_column vc_column_container\"><div class=\"vc_column-inner us_custom_90f20810\"><div class=\"wpb_wrapper\"><div class=\"w-separator size_small\"><\/div><div class=\"w-image has_ratio align_none\"><div class=\"w-image-h\"><div style=\"padding-bottom:56.25%\"><\/div><img decoding=\"async\" width=\"1024\" height=\"576\" src=\"https:\/\/www.ayes.cz\/wp-content\/uploads\/2024\/12\/shutterstock_622693568-2-1024x576.jpg\" class=\"attachment-large size-large\" alt=\"\" loading=\"lazy\" \/><\/div><\/div><div class=\"w-separator size_small\"><\/div><h3 class=\"w-text\"><span class=\"w-text-h\"><span class=\"w-text-value\">Ve\u013etrhy a konferencie<\/span><\/span><\/h3><div class=\"wpb_text_column\"><div class=\"wpb_wrapper\"><p>Pon\u00fakame v\u00e1m mo\u017enos\u0165 vyu\u017ei\u0165 virtu\u00e1lnu realitu na ve\u013etrhoch a konferenci\u00e1ch, kde m\u00f4\u017eete prezentova\u0165 va\u0161e produkty a slu\u017eby prostredn\u00edctvom pohlcuj\u00facich a interakt\u00edvnych z\u00e1\u017eitkov. N\u00e1v\u0161tevn\u00edci va\u0161ich st\u00e1nkov bud\u00fa ma\u0165 mo\u017enos\u0165 za\u017ei\u0165 vlastnosti va\u0161ich produktov v 3D, prehliadnu\u0165 si detaily a interagova\u0165 s nimi, \u010d\u00edm zaujmete ich pozornos\u0165 a poskytnete im jedine\u010dn\u00fd z\u00e1\u017eitok, ktor\u00fd im pom\u00f4\u017ee lep\u0161ie pochopi\u0165 hodnotu va\u0161ich rie\u0161en\u00ed.<\/p>\n<\/div><\/div><div class=\"w-separator size_small\"><\/div><div class=\"w-btn-wrapper align_center\"><a class=\"w-btn us-btn-style_3\" id=\"Ve\u013etrhy a konferencie\" href=\"#spu-5112\"><span class=\"w-btn-label\">M\u00e1m z\u00e1ujem<\/span><\/a><\/div><div class=\"w-separator size_small\"><\/div><\/div><\/div><\/div><div class=\"vc_col-sm-4 wpb_column vc_column_container\"><div class=\"vc_column-inner us_custom_90f20810\"><div class=\"wpb_wrapper\"><div class=\"w-separator size_small\"><\/div><div class=\"w-image has_ratio align_none\"><div class=\"w-image-h\"><div style=\"padding-bottom:56.25%\"><\/div><img decoding=\"async\" width=\"1024\" height=\"576\" src=\"https:\/\/www.ayes.cz\/wp-content\/uploads\/2024\/12\/shutterstock_1892043970-2-1024x576.jpg\" class=\"attachment-large size-large\" alt=\"\" loading=\"lazy\" \/><\/div><\/div><div class=\"w-separator size_small\"><\/div><h3 class=\"w-text\"><span class=\"w-text-h\"><span class=\"w-text-value\">Firemn\u00e9 dni<\/span><\/span><\/h3><div class=\"wpb_text_column\"><div class=\"wpb_wrapper\"><p>Na firemn\u00fdch d\u0148och m\u00f4\u017eete vyu\u017ei\u0165 virtu\u00e1lnu realitu na vytvorenie z\u00e1bavn\u00fdch a interakt\u00edvnych z\u00e1\u017eitkov, ktor\u00e9 zapoja nielen zamestnancov, ale aj ich rodiny. VR simul\u00e1cie umo\u017enia \u00fa\u010dastn\u00edkom, vr\u00e1tane det\u00ed a partnerov, za\u017ei\u0165 va\u0161u technol\u00f3giu alebo produkty sp\u00f4sobom, ktor\u00fd je z\u00e1bavn\u00fd a vzdel\u00e1vac\u00ed. Tieto z\u00e1\u017eitky poskytn\u00fa n\u00e1v\u0161tevn\u00edkom nezabudnute\u013en\u00e9 chv\u00edle, ktor\u00e9 posilnia v\u00e4zby so zna\u010dkou a vytvoria pr\u00edjemn\u00fa atmosf\u00e9ru pre v\u0161etk\u00fdch \u00fa\u010dastn\u00edkov.<\/p>\n<\/div><\/div><div class=\"w-separator size_small\"><\/div><div class=\"w-btn-wrapper align_center\"><a class=\"w-btn us-btn-style_3\" id=\"Firemn\u00e9 dni\" href=\"#spu-5112\"><span class=\"w-btn-label\">M\u00e1m z\u00e1ujem<\/span><\/a><\/div><div class=\"w-separator size_small\"><\/div><\/div><\/div><\/div><\/div><div class=\"w-separator size_custom\" style=\"height:1rem\"><\/div><\/div><\/div><\/div><\/div><\/div><\/section>\n","protected":false},"excerpt":{"rendered":"Podnikov\u00e9 \u0161kolenia\u0160kolsk\u00e9 vzdel\u00e1vaniePr\u00edprava 3D datObchod a marketingObchod a marketingPodnadpis: Zanechajte pohlcuj\u00faci dojem u va\u0161ich z\u00e1kazn\u00edkov. Virtu\u00e1lna realita v\u00e1m umo\u017en\u00ed prezentova\u0165 va\u0161e produkty a slu\u017eby sp\u00f4sobom, ktor\u00fd nadchne a zaujme ka\u017ed\u00e9ho n\u00e1v\u0161tevn\u00edka. S na\u0161imi VR rie\u0161eniami vytvor\u00edte interakt\u00edvne a pohlcuj\u00face z\u00e1\u017eitky, ktor\u00e9 poskytn\u00fa va\u0161im z\u00e1kazn\u00edkom hlb\u0161ie pochopenie va\u0161ich inov\u00e1ci\u00ed a hodnoty, ktor\u00fa prin\u00e1\u0161ate na trh. VR\/AR...","protected":false},"author":2,"featured_media":0,"parent":0,"menu_order":0,"comment_status":"closed","ping_status":"closed","template":"","meta":{"_acf_changed":false,"footnotes":""},"class_list":["post-36938","page","type-page","status-publish","hentry"],"acf":[],"yoast_head":"<!-- This site is optimized with the Yoast SEO plugin v24.9 - https:\/\/yoast.com\/wordpress\/plugins\/seo\/ -->\n<title>Obchod a marketing | AYES<\/title>\n<meta name=\"description\" content=\"Mo\u017enost, jak digitalizovat v\u00fdrobu se u ka\u017ed\u00e9 spole\u010dnosti li\u0161\u00ed. V AYES jsme si toho v\u011bdomi, a proto z\u00e1kazn\u00edk\u016fm nab\u00edz\u00edme r\u016fzn\u00e9 \u00farovn\u011b slu\u017eeb a podpory.\" \/>\n<meta name=\"robots\" content=\"index, follow, max-snippet:-1, max-image-preview:large, max-video-preview:-1\" \/>\n<link rel=\"canonical\" href=\"https:\/\/www.ayes.cz\/sk\/obchod-a-marketing\/\" \/>\n<meta property=\"og:locale\" content=\"sk_SK\" \/>\n<meta property=\"og:type\" content=\"article\" \/>\n<meta property=\"og:title\" content=\"Obchod a marketing | AYES\" \/>\n<meta property=\"og:description\" content=\"Mo\u017enost, jak digitalizovat v\u00fdrobu se u ka\u017ed\u00e9 spole\u010dnosti li\u0161\u00ed. V AYES jsme si toho v\u011bdomi, a proto z\u00e1kazn\u00edk\u016fm nab\u00edz\u00edme r\u016fzn\u00e9 \u00farovn\u011b slu\u017eeb a podpory.\" \/>\n<meta property=\"og:url\" content=\"https:\/\/www.ayes.cz\/sk\/obchod-a-marketing\/\" \/>\n<meta property=\"og:site_name\" content=\"AYES\" \/>\n<meta property=\"article:publisher\" content=\"https:\/\/www.facebook.com\/AYEStechnology\/\" \/>\n<meta property=\"article:modified_time\" content=\"2024-12-11T13:11:45+00:00\" \/>\n<meta property=\"og:image\" content=\"https:\/\/www.ayes.cz\/wp-content\/uploads\/2023\/08\/nahledovy_obrazek_sk.png\" \/>\n\t<meta property=\"og:image:width\" content=\"1200\" \/>\n\t<meta property=\"og:image:height\" content=\"628\" \/>\n\t<meta property=\"og:image:type\" content=\"image\/png\" \/>\n<meta name=\"twitter:card\" content=\"summary_large_image\" \/>\n<meta name=\"twitter:label1\" content=\"Predpokladan\u00fd \u010das \u010d\u00edtania\" \/>\n\t<meta name=\"twitter:data1\" content=\"2 min\u00faty\" \/>\n<script type=\"application\/ld+json\" class=\"yoast-schema-graph\">{\"@context\":\"https:\/\/schema.org\",\"@graph\":[{\"@type\":\"WebPage\",\"@id\":\"https:\/\/www.ayes.cz\/sk\/obchod-a-marketing\/\",\"url\":\"https:\/\/www.ayes.cz\/sk\/obchod-a-marketing\/\",\"name\":\"Obchod a marketing | AYES\",\"isPartOf\":{\"@id\":\"https:\/\/www.ayes.cz\/sk\/#website\"},\"datePublished\":\"2024-12-11T13:00:44+00:00\",\"dateModified\":\"2024-12-11T13:11:45+00:00\",\"description\":\"Mo\u017enost, jak digitalizovat v\u00fdrobu se u ka\u017ed\u00e9 spole\u010dnosti li\u0161\u00ed. V AYES jsme si toho v\u011bdomi, a proto z\u00e1kazn\u00edk\u016fm nab\u00edz\u00edme r\u016fzn\u00e9 \u00farovn\u011b slu\u017eeb a podpory.\",\"breadcrumb\":{\"@id\":\"https:\/\/www.ayes.cz\/sk\/obchod-a-marketing\/#breadcrumb\"},\"inLanguage\":\"sk-SK\",\"potentialAction\":[{\"@type\":\"ReadAction\",\"target\":[\"https:\/\/www.ayes.cz\/sk\/obchod-a-marketing\/\"]}]},{\"@type\":\"BreadcrumbList\",\"@id\":\"https:\/\/www.ayes.cz\/sk\/obchod-a-marketing\/#breadcrumb\",\"itemListElement\":[{\"@type\":\"ListItem\",\"position\":1,\"name\":\"Home\",\"item\":\"https:\/\/www.ayes.cz\/sk\/\"},{\"@type\":\"ListItem\",\"position\":2,\"name\":\"Obchod a marketing\"}]},{\"@type\":\"WebSite\",\"@id\":\"https:\/\/www.ayes.cz\/sk\/#website\",\"url\":\"https:\/\/www.ayes.cz\/sk\/\",\"name\":\"AYES\",\"description\":\"Dal\u0161\u00ed web pou\u017e\u00edvaj\u00edc\u00ed WordPress\",\"publisher\":{\"@id\":\"https:\/\/www.ayes.cz\/sk\/#organization\"},\"potentialAction\":[{\"@type\":\"SearchAction\",\"target\":{\"@type\":\"EntryPoint\",\"urlTemplate\":\"https:\/\/www.ayes.cz\/sk\/?s={search_term_string}\"},\"query-input\":{\"@type\":\"PropertyValueSpecification\",\"valueRequired\":true,\"valueName\":\"search_term_string\"}}],\"inLanguage\":\"sk-SK\"},{\"@type\":\"Organization\",\"@id\":\"https:\/\/www.ayes.cz\/sk\/#organization\",\"name\":\"AYES s.r.o.\",\"url\":\"https:\/\/www.ayes.cz\/sk\/\",\"logo\":{\"@type\":\"ImageObject\",\"inLanguage\":\"sk-SK\",\"@id\":\"https:\/\/www.ayes.cz\/sk\/#\/schema\/logo\/image\/\",\"url\":\"https:\/\/www.ayes.cz\/wp-content\/uploads\/2022\/10\/ayes_logo_bez_pozadi__1_-1.png\",\"contentUrl\":\"https:\/\/www.ayes.cz\/wp-content\/uploads\/2022\/10\/ayes_logo_bez_pozadi__1_-1.png\",\"width\":1148,\"height\":360,\"caption\":\"AYES s.r.o.\"},\"image\":{\"@id\":\"https:\/\/www.ayes.cz\/sk\/#\/schema\/logo\/image\/\"},\"sameAs\":[\"https:\/\/www.facebook.com\/AYEStechnology\/\",\"https:\/\/www.linkedin.com\/company\/ayes3\/\"]}]}<\/script>\n<!-- \/ Yoast SEO plugin. -->","yoast_head_json":{"title":"Obchod a marketing | AYES","description":"Mo\u017enost, jak digitalizovat v\u00fdrobu se u ka\u017ed\u00e9 spole\u010dnosti li\u0161\u00ed. V AYES jsme si toho v\u011bdomi, a proto z\u00e1kazn\u00edk\u016fm nab\u00edz\u00edme r\u016fzn\u00e9 \u00farovn\u011b slu\u017eeb a podpory.","robots":{"index":"index","follow":"follow","max-snippet":"max-snippet:-1","max-image-preview":"max-image-preview:large","max-video-preview":"max-video-preview:-1"},"canonical":"https:\/\/www.ayes.cz\/sk\/obchod-a-marketing\/","og_locale":"sk_SK","og_type":"article","og_title":"Obchod a marketing | AYES","og_description":"Mo\u017enost, jak digitalizovat v\u00fdrobu se u ka\u017ed\u00e9 spole\u010dnosti li\u0161\u00ed. V AYES jsme si toho v\u011bdomi, a proto z\u00e1kazn\u00edk\u016fm nab\u00edz\u00edme r\u016fzn\u00e9 \u00farovn\u011b slu\u017eeb a podpory.","og_url":"https:\/\/www.ayes.cz\/sk\/obchod-a-marketing\/","og_site_name":"AYES","article_publisher":"https:\/\/www.facebook.com\/AYEStechnology\/","article_modified_time":"2024-12-11T13:11:45+00:00","og_image":[{"width":1200,"height":628,"url":"https:\/\/www.ayes.cz\/wp-content\/uploads\/2023\/08\/nahledovy_obrazek_sk.png","type":"image\/png"}],"twitter_card":"summary_large_image","twitter_misc":{"Predpokladan\u00fd \u010das \u010d\u00edtania":"2 min\u00faty"},"schema":{"@context":"https:\/\/schema.org","@graph":[{"@type":"WebPage","@id":"https:\/\/www.ayes.cz\/sk\/obchod-a-marketing\/","url":"https:\/\/www.ayes.cz\/sk\/obchod-a-marketing\/","name":"Obchod a marketing | AYES","isPartOf":{"@id":"https:\/\/www.ayes.cz\/sk\/#website"},"datePublished":"2024-12-11T13:00:44+00:00","dateModified":"2024-12-11T13:11:45+00:00","description":"Mo\u017enost, jak digitalizovat v\u00fdrobu se u ka\u017ed\u00e9 spole\u010dnosti li\u0161\u00ed. V AYES jsme si toho v\u011bdomi, a proto z\u00e1kazn\u00edk\u016fm nab\u00edz\u00edme r\u016fzn\u00e9 \u00farovn\u011b slu\u017eeb a podpory.","breadcrumb":{"@id":"https:\/\/www.ayes.cz\/sk\/obchod-a-marketing\/#breadcrumb"},"inLanguage":"sk-SK","potentialAction":[{"@type":"ReadAction","target":["https:\/\/www.ayes.cz\/sk\/obchod-a-marketing\/"]}]},{"@type":"BreadcrumbList","@id":"https:\/\/www.ayes.cz\/sk\/obchod-a-marketing\/#breadcrumb","itemListElement":[{"@type":"ListItem","position":1,"name":"Home","item":"https:\/\/www.ayes.cz\/sk\/"},{"@type":"ListItem","position":2,"name":"Obchod a marketing"}]},{"@type":"WebSite","@id":"https:\/\/www.ayes.cz\/sk\/#website","url":"https:\/\/www.ayes.cz\/sk\/","name":"AYES","description":"Dal\u0161\u00ed web pou\u017e\u00edvaj\u00edc\u00ed WordPress","publisher":{"@id":"https:\/\/www.ayes.cz\/sk\/#organization"},"potentialAction":[{"@type":"SearchAction","target":{"@type":"EntryPoint","urlTemplate":"https:\/\/www.ayes.cz\/sk\/?s={search_term_string}"},"query-input":{"@type":"PropertyValueSpecification","valueRequired":true,"valueName":"search_term_string"}}],"inLanguage":"sk-SK"},{"@type":"Organization","@id":"https:\/\/www.ayes.cz\/sk\/#organization","name":"AYES s.r.o.","url":"https:\/\/www.ayes.cz\/sk\/","logo":{"@type":"ImageObject","inLanguage":"sk-SK","@id":"https:\/\/www.ayes.cz\/sk\/#\/schema\/logo\/image\/","url":"https:\/\/www.ayes.cz\/wp-content\/uploads\/2022\/10\/ayes_logo_bez_pozadi__1_-1.png","contentUrl":"https:\/\/www.ayes.cz\/wp-content\/uploads\/2022\/10\/ayes_logo_bez_pozadi__1_-1.png","width":1148,"height":360,"caption":"AYES s.r.o."},"image":{"@id":"https:\/\/www.ayes.cz\/sk\/#\/schema\/logo\/image\/"},"sameAs":["https:\/\/www.facebook.com\/AYEStechnology\/","https:\/\/www.linkedin.com\/company\/ayes3\/"]}]}},"_links":{"self":[{"href":"https:\/\/www.ayes.cz\/sk\/wp-json\/wp\/v2\/pages\/36938","targetHints":{"allow":["GET"]}}],"collection":[{"href":"https:\/\/www.ayes.cz\/sk\/wp-json\/wp\/v2\/pages"}],"about":[{"href":"https:\/\/www.ayes.cz\/sk\/wp-json\/wp\/v2\/types\/page"}],"author":[{"embeddable":true,"href":"https:\/\/www.ayes.cz\/sk\/wp-json\/wp\/v2\/users\/2"}],"replies":[{"embeddable":true,"href":"https:\/\/www.ayes.cz\/sk\/wp-json\/wp\/v2\/comments?post=36938"}],"version-history":[{"count":8,"href":"https:\/\/www.ayes.cz\/sk\/wp-json\/wp\/v2\/pages\/36938\/revisions"}],"predecessor-version":[{"id":37196,"href":"https:\/\/www.ayes.cz\/sk\/wp-json\/wp\/v2\/pages\/36938\/revisions\/37196"}],"wp:attachment":[{"href":"https:\/\/www.ayes.cz\/sk\/wp-json\/wp\/v2\/media?parent=36938"}],"curies":[{"name":"wp","href":"https:\/\/api.w.org\/{rel}","templated":true}]}}