{"id":40497,"date":"2025-01-21T12:35:25","date_gmt":"2025-01-21T11:35:25","guid":{"rendered":"https:\/\/www.ayes.cz\/snimace-proglove\/"},"modified":"2025-01-23T08:57:03","modified_gmt":"2025-01-23T07:57:03","slug":"snimace-proglove","status":"publish","type":"page","link":"https:\/\/www.ayes.cz\/sk\/produkty\/snimace-proglove\/","title":{"rendered":"Sn\u00edma\u010de Proglove"},"content":{"rendered":"<section class=\"l-section wpb_row height_custom\"><div class=\"l-section-h i-cf\"><div class=\"g-cols vc_row via_flex valign_top type_default stacking_default\"><div class=\"vc_col-sm-12 wpb_column vc_column_container\"><div class=\"vc_column-inner\"><div class=\"wpb_wrapper\"><h1 class=\"w-text us_custom_eb849559\"><span class=\"w-text-h\"><span class=\"w-text-value\">Sn\u00edma\u010de Proglove<\/span><\/span><\/h1><div class=\"wpb_text_column\"><div class=\"wpb_wrapper\"><p style=\"text-align: center;\"><span class=\"TextRun SCXW81061502 BCX0\" lang=\"SK-SK\" xml:lang=\"SK-SK\" data-contrast=\"auto\"><strong><span class=\"NormalTextRun SpellingErrorV2Themed SCXW81061502 BCX0\">ProGlove<\/span><\/strong><span class=\"NormalTextRun SCXW81061502 BCX0\"> je l\u00eddrom na trhu s nosite\u013en\u00fdmi skenovac\u00edmi zariadeniami, ktor\u00e9 zvy\u0161uj\u00fa efektivitu a ergon\u00f3miu pracovn\u00fdch procesov. Ich portf\u00f3lio zah\u0155\u0148a inteligentn\u00e9 rukavice a prenosn\u00e9 skenery, ktor\u00e9 u\u013eah\u010duj\u00fa logistiku, v\u00fdrobu a maloobchod. V\u010faka svojmu intuit\u00edvnemu dizajnu a jednoduchej integr\u00e1cii <\/span><span class=\"NormalTextRun SCXW81061502 BCX0\">pom\u00e1ha <\/span><span class=\"NormalTextRun SCXW81061502 BCX0\">t\u00e1to technol\u00f3gia optimalizova\u0165 pracovn\u00e9 postupy a zni\u017eova\u0165 n\u00e1klady. <\/span><span class=\"NormalTextRun SpellingErrorV2Themed SCXW81061502 BCX0\">ProGlove<\/span><span class=\"NormalTextRun SCXW81061502 BCX0\"> sa zameriava na prepojenie technol\u00f3gi\u00ed s u\u017e\u00edvate\u013esk\u00fdm komfortom, \u010do ho stavia do popredia v tomto odvetv\u00ed.<\/span><\/span><span class=\"EOP SCXW81061502 BCX0\" data-ccp-props=\"{}\">\u00a0<\/span><\/p>\n<\/div><\/div><div class=\"w-separator size_small\"><\/div><div class=\"wpb_text_column\"><div class=\"wpb_wrapper\"><p style=\"text-align: center;\"><span class=\"TextRun SCXW139439576 BCX0\" lang=\"SK-SK\" xml:lang=\"SK-SK\" data-contrast=\"auto\"><span class=\"NormalTextRun SCXW139439576 BCX0\">Sme partnerom v oblasti inteligentn\u00fdch zariaden\u00ed a technol\u00f3gi\u00ed. Produkty <\/span><span class=\"NormalTextRun SpellingErrorV2Themed SCXW139439576 BCX0\">ProGlove<\/span><span class=\"NormalTextRun SCXW139439576 BCX0\"> pon\u00fakame samostatne aj ako s\u00fa\u010das\u0165 komplexn\u00fdch rie\u0161en\u00ed \u0161it\u00fdch na mieru potreb\u00e1m z\u00e1kazn\u00edka. Naj\u010dastej\u0161ie tieto technol\u00f3gie implementujeme pre <\/span><\/span><a class=\"Hyperlink SCXW139439576 BCX0\" href=\"https:\/\/www.ayes.cz\/vision-picking-v-logistice\/\" target=\"_blank\" rel=\"noreferrer noopener\"><span class=\"TextRun Underlined SCXW139439576 BCX0\" lang=\"SK-SK\" xml:lang=\"SK-SK\" data-contrast=\"none\"><span class=\"NormalTextRun SCXW139439576 BCX0\" data-ccp-charstyle=\"Hyperlink\">Vision Picking<\/span><\/span><\/a><span class=\"TextRun SCXW139439576 BCX0\" lang=\"SK-SK\" xml:lang=\"SK-SK\" data-contrast=\"auto\"><span class=\"NormalTextRun SCXW139439576 BCX0\"> v spojen\u00ed s inteligentn\u00fdmi okuliarmi. V\u010faka<\/span> <\/span><span class=\"TextRun SCXW139439576 BCX0\" lang=\"SK-SK\" xml:lang=\"SK-SK\" data-contrast=\"auto\"><span class=\"NormalTextRun SCXW139439576 BCX0\">t<\/span><span class=\"NormalTextRun SCXW139439576 BCX0\">e<\/span><span class=\"NormalTextRun SCXW139439576 BCX0\">jto spolupr\u00e1ci dok\u00e1\u017eeme zabezpe\u010di\u0165 najvy\u0161\u0161iu kvalitu, flexibilitu a jednoduch\u00fa integr\u00e1ciu do va\u0161ich existuj\u00facich syst\u00e9mov.<\/span><\/span><span class=\"EOP SCXW139439576 BCX0\" data-ccp-props=\"{}\">\u00a0<\/span><\/p>\n<\/div><\/div><\/div><\/div><\/div><\/div><\/div><\/section><section class=\"l-section wpb_row height_custom\"><div class=\"l-section-h i-cf\"><div class=\"g-cols vc_row via_flex valign_top type_default stacking_default\"><div class=\"vc_col-sm-3 wpb_column vc_column_container\"><div class=\"vc_column-inner us_custom_beb60edd\"><div class=\"wpb_wrapper\"><div class=\"w-separator size_small\"><\/div><div class=\"w-image align_none\"><div class=\"w-image-h\"><img decoding=\"async\" width=\"747\" height=\"467\" src=\"https:\/\/www.ayes.cz\/wp-content\/uploads\/2025\/01\/ProGlove-mark-2-image-2-1.jpg\" class=\"attachment-large size-large\" alt=\"\" loading=\"lazy\" srcset=\"https:\/\/www.ayes.cz\/wp-content\/uploads\/2025\/01\/ProGlove-mark-2-image-2-1.jpg 747w, https:\/\/www.ayes.cz\/wp-content\/uploads\/2025\/01\/ProGlove-mark-2-image-2-1-300x188.jpg 300w, https:\/\/www.ayes.cz\/wp-content\/uploads\/2025\/01\/ProGlove-mark-2-image-2-1-600x375.jpg 600w\" sizes=\"auto, (max-width: 747px) 100vw, 747px\" \/><\/div><\/div><div class=\"w-separator size_small\"><\/div><h3 class=\"w-text\"><span class=\"w-text-h\"><span class=\"w-text-value\">ProGlove Mark 2<\/span><\/span><\/h3><div class=\"wpb_text_column\"><div class=\"wpb_wrapper\"><p><span class=\"NormalTextRun SCXW231317322 BCX0\">ProGlove <\/span><span class=\"NormalTextRun SpellingErrorV2Themed SCXW231317322 BCX0\">Mark<\/span><span class=\"NormalTextRun SCXW231317322 BCX0\"> 2 je \u0161pi\u010dkov\u00fd priemyseln\u00fd sn\u00edma\u010d \u010diarov\u00fdch k\u00f3dov navrhnut\u00fd pre maxim\u00e1lnu efektivitu, ergon\u00f3miu a pohodlie pri pr\u00e1ci. <\/span><\/p>\n<\/div><\/div><div class=\"w-separator size_small\"><\/div><div class=\"w-btn-wrapper align_center\"><a class=\"w-btn us-btn-style_3\" href=\"https:\/\/www.ayes.cz\/sk\/produkty\/snimace-proglove\/proglove-mark-2\/\"><span class=\"w-btn-label\">Detail produktu<\/span><\/a><\/div><div class=\"w-separator size_medium\"><\/div><\/div><\/div><\/div><div class=\"vc_col-sm-3 wpb_column vc_column_container\"><div class=\"vc_column-inner us_custom_beb60edd\"><div class=\"wpb_wrapper\"><div class=\"w-separator size_small\"><\/div><div class=\"w-image align_none\"><div class=\"w-image-h\"><img decoding=\"async\" width=\"1024\" height=\"640\" src=\"https:\/\/www.ayes.cz\/wp-content\/uploads\/2025\/01\/ProGlove-MARK-Display-ProGlove-Insight-Mobile-scaled-2-1024x640.jpg\" class=\"attachment-large size-large\" alt=\"\" loading=\"lazy\" srcset=\"https:\/\/www.ayes.cz\/wp-content\/uploads\/2025\/01\/ProGlove-MARK-Display-ProGlove-Insight-Mobile-scaled-2-1024x640.jpg 1024w, https:\/\/www.ayes.cz\/wp-content\/uploads\/2025\/01\/ProGlove-MARK-Display-ProGlove-Insight-Mobile-scaled-2-300x188.jpg 300w, https:\/\/www.ayes.cz\/wp-content\/uploads\/2025\/01\/ProGlove-MARK-Display-ProGlove-Insight-Mobile-scaled-2-600x375.jpg 600w\" sizes=\"auto, (max-width: 1024px) 100vw, 1024px\" \/><\/div><\/div><div class=\"w-separator size_small\"><\/div><h3 class=\"w-text\"><span class=\"w-text-h\"><span class=\"w-text-value\">ProGlove Mark Display<\/span><\/span><\/h3><div class=\"wpb_text_column\"><div class=\"wpb_wrapper\"><p><span class=\"NormalTextRun SCXW244101627 BCX0\">ProGlove <\/span><span class=\"NormalTextRun SpellingErrorV2Themed SCXW244101627 BCX0\">Mark<\/span><span class=\"NormalTextRun SCXW244101627 BCX0\"> Display je inteligentn\u00fd priemyseln\u00fd sn\u00edma\u010d \u010diarov\u00fdch k\u00f3dov s integrovan\u00fdm displejom, ktor\u00fd poskytuje okam\u017eit\u00fa sp\u00e4tn\u00fa v\u00e4zbu.<\/span><\/p>\n<\/div><\/div><div class=\"w-separator size_small\"><\/div><div class=\"w-btn-wrapper align_center\"><a class=\"w-btn us-btn-style_3\" href=\"https:\/\/www.ayes.cz\/sk\/produkty\/snimace-proglove\/proglove-mark-display\/\"><span class=\"w-btn-label\">Detail produktu<\/span><\/a><\/div><div class=\"w-separator size_medium\"><\/div><\/div><\/div><\/div><div class=\"vc_col-sm-3 wpb_column vc_column_container\"><div class=\"vc_column-inner us_custom_beb60edd\"><div class=\"wpb_wrapper\"><div class=\"w-separator size_small\"><\/div><div class=\"w-image align_none\"><div class=\"w-image-h\"><img decoding=\"async\" width=\"1024\" height=\"640\" src=\"https:\/\/www.ayes.cz\/wp-content\/uploads\/2025\/01\/MARK-Leo-Flyer-scaled-1-2-1024x640.jpg\" class=\"attachment-large size-large\" alt=\"\" loading=\"lazy\" srcset=\"https:\/\/www.ayes.cz\/wp-content\/uploads\/2025\/01\/MARK-Leo-Flyer-scaled-1-2-1024x640.jpg 1024w, https:\/\/www.ayes.cz\/wp-content\/uploads\/2025\/01\/MARK-Leo-Flyer-scaled-1-2-300x187.jpg 300w, https:\/\/www.ayes.cz\/wp-content\/uploads\/2025\/01\/MARK-Leo-Flyer-scaled-1-2-600x375.jpg 600w, https:\/\/www.ayes.cz\/wp-content\/uploads\/2025\/01\/MARK-Leo-Flyer-scaled-1-2.jpg 1327w\" sizes=\"auto, (max-width: 1024px) 100vw, 1024px\" \/><\/div><\/div><div class=\"w-separator size_small\"><\/div><h3 class=\"w-text\"><span class=\"w-text-h\"><span class=\"w-text-value\">ProGlove LEO<\/span><\/span><\/h3><div class=\"wpb_text_column\"><div class=\"wpb_wrapper\"><p><span class=\"TextRun SCXW226729426 BCX0\" lang=\"SK-SK\" xml:lang=\"SK-SK\" data-contrast=\"auto\"><span class=\"NormalTextRun SCXW226729426 BCX0\">ProGlove LEO je inovat\u00edvny priemyseln\u00fd sn\u00edma\u010d \u010diarov\u00fdch k\u00f3dov navrhnut\u00fd pre maxim\u00e1lnu vo\u013enos\u0165 pohybu a efektivitu pri pr\u00e1ci.<\/span><\/span><\/p>\n<\/div><\/div><div class=\"w-separator size_small\"><\/div><div class=\"w-btn-wrapper align_center\"><a class=\"w-btn us-btn-style_3\" href=\"https:\/\/www.ayes.cz\/sk\/produkty\/snimace-proglove\/proglove-leo\/\"><span class=\"w-btn-label\">Detail produktu<\/span><\/a><\/div><div class=\"w-separator size_medium\"><\/div><\/div><\/div><\/div><div class=\"vc_col-sm-3 wpb_column vc_column_container\"><div class=\"vc_column-inner us_custom_beb60edd\"><div class=\"wpb_wrapper\"><div class=\"w-separator size_small\"><\/div><div class=\"w-image align_none\"><div class=\"w-image-h\"><img decoding=\"async\" width=\"990\" height=\"619\" src=\"https:\/\/www.ayes.cz\/wp-content\/uploads\/2025\/01\/ProGlove-Mark-3-2-1.jpg\" class=\"attachment-large size-large\" alt=\"\" loading=\"lazy\" srcset=\"https:\/\/www.ayes.cz\/wp-content\/uploads\/2025\/01\/ProGlove-Mark-3-2-1.jpg 990w, https:\/\/www.ayes.cz\/wp-content\/uploads\/2025\/01\/ProGlove-Mark-3-2-1-300x188.jpg 300w, https:\/\/www.ayes.cz\/wp-content\/uploads\/2025\/01\/ProGlove-Mark-3-2-1-600x375.jpg 600w\" sizes=\"auto, (max-width: 990px) 100vw, 990px\" \/><\/div><\/div><div class=\"w-separator size_small\"><\/div><h3 class=\"w-text\"><span class=\"w-text-h\"><span class=\"w-text-value\">ProGlove Mark 3<\/span><\/span><\/h3><div class=\"wpb_text_column\"><div class=\"wpb_wrapper\"><p><span class=\"NormalTextRun SCXW200737958 BCX0\">ProGlove <\/span><span class=\"NormalTextRun SpellingErrorV2Themed SCXW200737958 BCX0\">Mark<\/span><span class=\"NormalTextRun SCXW200737958 BCX0\"> 3 je najpokro\u010dilej\u0161ia gener\u00e1cia priemyseln\u00e9ho sn\u00edma\u010da \u010diarov\u00fdch k\u00f3dov, navrhnut\u00e1 pre maxim\u00e1lnu \u00fa\u010dinnos\u0165 a spo\u013eahlivos\u0165.<\/span><\/p>\n<\/div><\/div><div class=\"w-separator size_small\"><\/div><div class=\"w-btn-wrapper align_center\"><a class=\"w-btn us-btn-style_3\" href=\"https:\/\/www.ayes.cz\/sk\/produkty\/snimace-proglove\/proglove-mark-3\/\"><span class=\"w-btn-label\">Detail produktu<\/span><\/a><\/div><div class=\"w-separator size_medium\"><\/div><\/div><\/div><\/div><div class=\"vc_col-sm-12 wpb_column vc_column_container\"><div class=\"vc_column-inner\"><div class=\"wpb_wrapper\"><div class=\"w-separator size_medium\"><\/div><\/div><\/div><\/div><\/div><\/div><\/section>\n","protected":false},"excerpt":{"rendered":"Sn\u00edma\u010de ProgloveProGlove je l\u00eddrom na trhu s nosite\u013en\u00fdmi skenovac\u00edmi zariadeniami, ktor\u00e9 zvy\u0161uj\u00fa efektivitu a ergon\u00f3miu pracovn\u00fdch procesov. Ich portf\u00f3lio zah\u0155\u0148a inteligentn\u00e9 rukavice a prenosn\u00e9 skenery, ktor\u00e9 u\u013eah\u010duj\u00fa logistiku, v\u00fdrobu a maloobchod. V\u010faka svojmu intuit\u00edvnemu dizajnu a jednoduchej integr\u00e1cii pom\u00e1ha t\u00e1to technol\u00f3gia optimalizova\u0165 pracovn\u00e9 postupy a zni\u017eova\u0165 n\u00e1klady. ProGlove sa zameriava na prepojenie technol\u00f3gi\u00ed s u\u017e\u00edvate\u013esk\u00fdm...","protected":false},"author":2,"featured_media":0,"parent":5086,"menu_order":0,"comment_status":"closed","ping_status":"closed","template":"","meta":{"_acf_changed":false,"footnotes":""},"class_list":["post-40497","page","type-page","status-publish","hentry"],"acf":[],"yoast_head":"<!-- This site is optimized with the Yoast SEO plugin v24.9 - https:\/\/yoast.com\/wordpress\/plugins\/seo\/ -->\n<title>Sn\u00edma\u010de Proglove | AYES<\/title>\n<meta name=\"robots\" content=\"index, follow, max-snippet:-1, max-image-preview:large, max-video-preview:-1\" \/>\n<link rel=\"canonical\" href=\"https:\/\/www.ayes.cz\/sk\/produkty\/snimace-proglove\/\" \/>\n<meta property=\"og:locale\" content=\"sk_SK\" \/>\n<meta property=\"og:type\" content=\"article\" \/>\n<meta property=\"og:title\" content=\"Sn\u00edma\u010de Proglove | AYES\" \/>\n<meta property=\"og:url\" content=\"https:\/\/www.ayes.cz\/sk\/produkty\/snimace-proglove\/\" \/>\n<meta property=\"og:site_name\" content=\"AYES\" \/>\n<meta property=\"article:publisher\" content=\"https:\/\/www.facebook.com\/AYEStechnology\/\" \/>\n<meta property=\"article:modified_time\" content=\"2025-01-23T07:57:03+00:00\" \/>\n<meta property=\"og:image\" content=\"https:\/\/www.ayes.cz\/wp-content\/uploads\/2023\/08\/nahledovy_obrazek_sk.png\" \/>\n\t<meta property=\"og:image:width\" content=\"1200\" \/>\n\t<meta property=\"og:image:height\" content=\"628\" \/>\n\t<meta property=\"og:image:type\" content=\"image\/png\" \/>\n<meta name=\"twitter:card\" content=\"summary_large_image\" \/>\n<meta name=\"twitter:label1\" content=\"Predpokladan\u00fd \u010das \u010d\u00edtania\" \/>\n\t<meta name=\"twitter:data1\" content=\"2 min\u00faty\" \/>\n<script type=\"application\/ld+json\" class=\"yoast-schema-graph\">{\"@context\":\"https:\/\/schema.org\",\"@graph\":[{\"@type\":\"WebPage\",\"@id\":\"https:\/\/www.ayes.cz\/sk\/produkty\/snimace-proglove\/\",\"url\":\"https:\/\/www.ayes.cz\/sk\/produkty\/snimace-proglove\/\",\"name\":\"Sn\u00edma\u010de Proglove | AYES\",\"isPartOf\":{\"@id\":\"https:\/\/www.ayes.cz\/sk\/#website\"},\"datePublished\":\"2025-01-21T11:35:25+00:00\",\"dateModified\":\"2025-01-23T07:57:03+00:00\",\"breadcrumb\":{\"@id\":\"https:\/\/www.ayes.cz\/sk\/produkty\/snimace-proglove\/#breadcrumb\"},\"inLanguage\":\"sk-SK\",\"potentialAction\":[{\"@type\":\"ReadAction\",\"target\":[\"https:\/\/www.ayes.cz\/sk\/produkty\/snimace-proglove\/\"]}]},{\"@type\":\"BreadcrumbList\",\"@id\":\"https:\/\/www.ayes.cz\/sk\/produkty\/snimace-proglove\/#breadcrumb\",\"itemListElement\":[{\"@type\":\"ListItem\",\"position\":1,\"name\":\"Home\",\"item\":\"https:\/\/www.ayes.cz\/sk\/\"},{\"@type\":\"ListItem\",\"position\":2,\"name\":\"Produkty\",\"item\":\"https:\/\/www.ayes.cz\/sk\/produkty\/\"},{\"@type\":\"ListItem\",\"position\":3,\"name\":\"Sn\u00edma\u010de Proglove\"}]},{\"@type\":\"WebSite\",\"@id\":\"https:\/\/www.ayes.cz\/sk\/#website\",\"url\":\"https:\/\/www.ayes.cz\/sk\/\",\"name\":\"AYES\",\"description\":\"Dal\u0161\u00ed web pou\u017e\u00edvaj\u00edc\u00ed WordPress\",\"publisher\":{\"@id\":\"https:\/\/www.ayes.cz\/sk\/#organization\"},\"potentialAction\":[{\"@type\":\"SearchAction\",\"target\":{\"@type\":\"EntryPoint\",\"urlTemplate\":\"https:\/\/www.ayes.cz\/sk\/?s={search_term_string}\"},\"query-input\":{\"@type\":\"PropertyValueSpecification\",\"valueRequired\":true,\"valueName\":\"search_term_string\"}}],\"inLanguage\":\"sk-SK\"},{\"@type\":\"Organization\",\"@id\":\"https:\/\/www.ayes.cz\/sk\/#organization\",\"name\":\"AYES s.r.o.\",\"url\":\"https:\/\/www.ayes.cz\/sk\/\",\"logo\":{\"@type\":\"ImageObject\",\"inLanguage\":\"sk-SK\",\"@id\":\"https:\/\/www.ayes.cz\/sk\/#\/schema\/logo\/image\/\",\"url\":\"https:\/\/www.ayes.cz\/wp-content\/uploads\/2022\/10\/ayes_logo_bez_pozadi__1_-1.png\",\"contentUrl\":\"https:\/\/www.ayes.cz\/wp-content\/uploads\/2022\/10\/ayes_logo_bez_pozadi__1_-1.png\",\"width\":1148,\"height\":360,\"caption\":\"AYES s.r.o.\"},\"image\":{\"@id\":\"https:\/\/www.ayes.cz\/sk\/#\/schema\/logo\/image\/\"},\"sameAs\":[\"https:\/\/www.facebook.com\/AYEStechnology\/\",\"https:\/\/www.linkedin.com\/company\/ayes3\/\"]}]}<\/script>\n<!-- \/ Yoast SEO plugin. -->","yoast_head_json":{"title":"Sn\u00edma\u010de Proglove | AYES","robots":{"index":"index","follow":"follow","max-snippet":"max-snippet:-1","max-image-preview":"max-image-preview:large","max-video-preview":"max-video-preview:-1"},"canonical":"https:\/\/www.ayes.cz\/sk\/produkty\/snimace-proglove\/","og_locale":"sk_SK","og_type":"article","og_title":"Sn\u00edma\u010de Proglove | AYES","og_url":"https:\/\/www.ayes.cz\/sk\/produkty\/snimace-proglove\/","og_site_name":"AYES","article_publisher":"https:\/\/www.facebook.com\/AYEStechnology\/","article_modified_time":"2025-01-23T07:57:03+00:00","og_image":[{"width":1200,"height":628,"url":"https:\/\/www.ayes.cz\/wp-content\/uploads\/2023\/08\/nahledovy_obrazek_sk.png","type":"image\/png"}],"twitter_card":"summary_large_image","twitter_misc":{"Predpokladan\u00fd \u010das \u010d\u00edtania":"2 min\u00faty"},"schema":{"@context":"https:\/\/schema.org","@graph":[{"@type":"WebPage","@id":"https:\/\/www.ayes.cz\/sk\/produkty\/snimace-proglove\/","url":"https:\/\/www.ayes.cz\/sk\/produkty\/snimace-proglove\/","name":"Sn\u00edma\u010de Proglove | AYES","isPartOf":{"@id":"https:\/\/www.ayes.cz\/sk\/#website"},"datePublished":"2025-01-21T11:35:25+00:00","dateModified":"2025-01-23T07:57:03+00:00","breadcrumb":{"@id":"https:\/\/www.ayes.cz\/sk\/produkty\/snimace-proglove\/#breadcrumb"},"inLanguage":"sk-SK","potentialAction":[{"@type":"ReadAction","target":["https:\/\/www.ayes.cz\/sk\/produkty\/snimace-proglove\/"]}]},{"@type":"BreadcrumbList","@id":"https:\/\/www.ayes.cz\/sk\/produkty\/snimace-proglove\/#breadcrumb","itemListElement":[{"@type":"ListItem","position":1,"name":"Home","item":"https:\/\/www.ayes.cz\/sk\/"},{"@type":"ListItem","position":2,"name":"Produkty","item":"https:\/\/www.ayes.cz\/sk\/produkty\/"},{"@type":"ListItem","position":3,"name":"Sn\u00edma\u010de Proglove"}]},{"@type":"WebSite","@id":"https:\/\/www.ayes.cz\/sk\/#website","url":"https:\/\/www.ayes.cz\/sk\/","name":"AYES","description":"Dal\u0161\u00ed web pou\u017e\u00edvaj\u00edc\u00ed WordPress","publisher":{"@id":"https:\/\/www.ayes.cz\/sk\/#organization"},"potentialAction":[{"@type":"SearchAction","target":{"@type":"EntryPoint","urlTemplate":"https:\/\/www.ayes.cz\/sk\/?s={search_term_string}"},"query-input":{"@type":"PropertyValueSpecification","valueRequired":true,"valueName":"search_term_string"}}],"inLanguage":"sk-SK"},{"@type":"Organization","@id":"https:\/\/www.ayes.cz\/sk\/#organization","name":"AYES s.r.o.","url":"https:\/\/www.ayes.cz\/sk\/","logo":{"@type":"ImageObject","inLanguage":"sk-SK","@id":"https:\/\/www.ayes.cz\/sk\/#\/schema\/logo\/image\/","url":"https:\/\/www.ayes.cz\/wp-content\/uploads\/2022\/10\/ayes_logo_bez_pozadi__1_-1.png","contentUrl":"https:\/\/www.ayes.cz\/wp-content\/uploads\/2022\/10\/ayes_logo_bez_pozadi__1_-1.png","width":1148,"height":360,"caption":"AYES s.r.o."},"image":{"@id":"https:\/\/www.ayes.cz\/sk\/#\/schema\/logo\/image\/"},"sameAs":["https:\/\/www.facebook.com\/AYEStechnology\/","https:\/\/www.linkedin.com\/company\/ayes3\/"]}]}},"_links":{"self":[{"href":"https:\/\/www.ayes.cz\/sk\/wp-json\/wp\/v2\/pages\/40497","targetHints":{"allow":["GET"]}}],"collection":[{"href":"https:\/\/www.ayes.cz\/sk\/wp-json\/wp\/v2\/pages"}],"about":[{"href":"https:\/\/www.ayes.cz\/sk\/wp-json\/wp\/v2\/types\/page"}],"author":[{"embeddable":true,"href":"https:\/\/www.ayes.cz\/sk\/wp-json\/wp\/v2\/users\/2"}],"replies":[{"embeddable":true,"href":"https:\/\/www.ayes.cz\/sk\/wp-json\/wp\/v2\/comments?post=40497"}],"version-history":[{"count":6,"href":"https:\/\/www.ayes.cz\/sk\/wp-json\/wp\/v2\/pages\/40497\/revisions"}],"predecessor-version":[{"id":40592,"href":"https:\/\/www.ayes.cz\/sk\/wp-json\/wp\/v2\/pages\/40497\/revisions\/40592"}],"up":[{"embeddable":true,"href":"https:\/\/www.ayes.cz\/sk\/wp-json\/wp\/v2\/pages\/5086"}],"wp:attachment":[{"href":"https:\/\/www.ayes.cz\/sk\/wp-json\/wp\/v2\/media?parent=40497"}],"curies":[{"name":"wp","href":"https:\/\/api.w.org\/{rel}","templated":true}]}}