{"id":5221,"date":"2023-01-04T14:09:06","date_gmt":"2023-01-04T13:09:06","guid":{"rendered":"https:\/\/www.ayes.cz\/produkty\/bryle-pro-virtualni-realitu\/"},"modified":"2024-10-15T10:55:06","modified_gmt":"2024-10-15T08:55:06","slug":"okuliare-pre-virtualnu-realitu","status":"publish","type":"page","link":"https:\/\/www.ayes.cz\/sk\/produkty\/okuliare-pre-virtualnu-realitu\/","title":{"rendered":"Okuliare pre virtu\u00e1lnu realitu"},"content":{"rendered":"<section class=\"l-section wpb_row height_custom\"><div class=\"l-section-h i-cf\"><div class=\"g-cols vc_row via_flex valign_top type_default stacking_default\"><div class=\"vc_col-sm-12 wpb_column vc_column_container\"><div class=\"vc_column-inner\"><div class=\"wpb_wrapper\"><h1 class=\"w-text us_custom_eb849559\"><span class=\"w-text-h\"><span class=\"w-text-value\">Okuliare pre virtu\u00e1lnu realitu<\/span><\/span><\/h1><div class=\"wpb_text_column\"><div class=\"wpb_wrapper\"><p style=\"text-align: center;\">Pri v\u00fdbere smart okuliarov je d\u00f4le\u017eit\u00e9 pochopi\u0165, na ak\u00fd \u00fa\u010del bude zariadenie sl\u00fa\u017ei\u0165. Preto, aby boli okuliare pou\u017eite\u013en\u00e9 v priemyseln\u00fdch podmienkach, pozrite sa na \u010fal\u0161ie parametre, ako je odolnos\u0165 vo\u010di hluku, prachu alebo teplotn\u00fdm zmen\u00e1m, ako aj pohodlie pri nosen\u00ed po\u010das celej zmeny. Pohodlie pri nosen\u00ed toti\u017e ovplyv\u0148uje prijatie technol\u00f3gie a kone\u010dn\u00fd \u00faspech jej nasadenia.<\/p>\n<\/div><\/div><\/div><\/div><\/div><\/div><\/div><\/section><section class=\"l-section wpb_row us_custom_eeb3f56b height_custom\" id=\"vive-focus-3\"><div class=\"l-section-h i-cf\"><div class=\"g-cols vc_row via_flex valign_top type_default reversed stacking_default\"><div class=\"vc_col-sm-2\/5 wpb_column vc_column_container\"><div class=\"vc_column-inner\"><div class=\"wpb_wrapper\"><div class=\"w-image has_ratio align_none\"><div class=\"w-image-h\"><div style=\"padding-bottom:56.25%\"><\/div><img decoding=\"async\" width=\"632\" height=\"395\" src=\"https:\/\/www.ayes.cz\/wp-content\/uploads\/2024\/10\/Pico-4-Ultra-Enterprise-side-view-1_prev_ui.png\" class=\"attachment-large size-large\" alt=\"\" loading=\"lazy\" \/><\/div><\/div><\/div><\/div><\/div><div class=\"vc_col-sm-3\/5 wpb_column vc_column_container\"><div class=\"vc_column-inner\"><div class=\"wpb_wrapper\"><h2 class=\"w-text\"><span class=\"w-text-h\"><span class=\"w-text-value\">Pico 4 Ultra Enterprise<\/span><\/span><\/h2><div class=\"w-separator size_medium\"><\/div><div class=\"wpb_text_column\"><div class=\"wpb_wrapper\"><p>Pico 4 Ultra Enterprise je dlho o\u010dak\u00e1van\u00fdm n\u00e1stupcom \u00faspe\u0161n\u00e9ho VR headsetu Pico 4 Enterprise, ktor\u00fd u\u017e v oblasti urobil zna\u010dn\u00fd dojem. Tento headset novej gener\u00e1cie disponuje pokro\u010dil\u00fdmi funkciami zmie\u0161anej reality, ktor\u00e9 u\u017e\u00edvate\u013eom umo\u017e\u0148uj\u00fa bezprobl\u00e9movo kombinova\u0165 virtu\u00e1lne z\u00e1\u017eitky s re\u00e1lnym svetom. Navrhnut\u00fd s d\u00f4razom na funk\u010dnos\u0165, Pico 4 Ultra Enterprise si kladie za cie\u013e pozdvihn\u00fa\u0165 u\u017e\u00edvate\u013esk\u00fd z\u00e1\u017eitok, \u010do z neho rob\u00ed ide\u00e1lnu vo\u013ebu pre firmy, ktor\u00e9 chc\u00fa zlep\u0161i\u0165 \u0161kolenie, spolupr\u00e1cu a produktivitu v r\u00f4znych prostrediach.<\/p>\n<\/div><\/div><div class=\"w-separator size_medium\"><\/div><div class=\"w-btn-wrapper align_none\"><a class=\"w-btn us-btn-style_3\" id=\"Vive Focus 3\" href=\"#spu-5112\"><span class=\"w-btn-label\">M\u00e1m z\u00e1ujem<\/span><\/a><\/div><\/div><\/div><\/div><\/div><\/div><\/section><section class=\"l-section wpb_row us_custom_e343dda7 almost-full-width height_custom\" id=\"meta-quest-2\"><div class=\"l-section-h i-cf\"><div class=\"g-cols vc_row via_flex valign_top type_default stacking_default\"><div class=\"vc_col-sm-3\/5 wpb_column vc_column_container\"><div class=\"vc_column-inner\"><div class=\"wpb_wrapper\"><h2 class=\"w-text\"><span class=\"w-text-h\"><span class=\"w-text-value\">Meta Quest 2<\/span><\/span><\/h2><div class=\"wpb_text_column\"><div class=\"wpb_wrapper\"><p>Najroz\u0161\u00edrenej\u0161ie okuliare pre virtu\u00e1lnu realitu Meta Quest 2 pou\u017e\u00edvate\u013ea vtiahnu do in\u00e9ho sveta bez toho, aby opustil ob\u00fdva\u010dku. Headset pre virtu\u00e1lnu realitu pon\u00fakne \u00faplne nov\u00fd a nev\u00eddan\u00fd hern\u00fd z\u00e1\u017eitok. Nasa\u010fte si okuliare, chopte sa ovl\u00e1da\u010dov a pozvite svojich priate\u013eov, aby sa k v\u00e1m pridali. U\u017eijete si n\u00e1dherne ostr\u00fd obraz a kvalitn\u00fd priestorov\u00fd zvuk. Headset je vybaven\u00fd \u0161pi\u010dkov\u00fdm procesorom a 6 gigabajtmi pam\u00e4te RAM. Vylep\u0161en\u00e9 ovl\u00e1da\u010de Oculus Touch dokonale sleduj\u00fa va\u0161u ruku a zaznamen\u00e1vaj\u00fa ka\u017ed\u00fd v\u00e1\u0161 pohyb.<\/p>\n<\/div><\/div><div class=\"w-separator size_medium\"><\/div><div class=\"w-btn-wrapper align_none\"><a class=\"w-btn us-btn-style_3\" id=\"Meta Quest 2\" href=\"#spu-5112\"><span class=\"w-btn-label\">M\u00e1m z\u00e1ujem<\/span><\/a><\/div><\/div><\/div><\/div><div class=\"vc_col-sm-2\/5 wpb_column vc_column_container\"><div class=\"vc_column-inner\"><div class=\"wpb_wrapper\"><div class=\"w-image has_ratio align_none\"><div class=\"w-image-h\"><div style=\"padding-bottom:56.25%\"><\/div><img decoding=\"async\" width=\"550\" height=\"300\" src=\"https:\/\/www.ayes.cz\/wp-content\/uploads\/2022\/12\/Meta-Quest-2-1.png\" class=\"attachment-large size-large\" alt=\"\" loading=\"lazy\" \/><\/div><\/div><\/div><\/div><\/div><\/div><\/div><\/section><section class=\"l-section wpb_row us_custom_eeb3f56b height_custom\" id=\"meta-quest-pro\"><div class=\"l-section-h i-cf\"><div class=\"g-cols vc_row via_flex valign_top type_default reversed stacking_default\"><div class=\"vc_col-sm-6 wpb_column vc_column_container\"><div class=\"vc_column-inner\"><div class=\"wpb_wrapper\"><div class=\"w-image has_ratio align_none\"><div class=\"w-image-h\"><div style=\"padding-bottom:56.25%\"><\/div><img decoding=\"async\" width=\"550\" height=\"300\" src=\"https:\/\/www.ayes.cz\/wp-content\/uploads\/2022\/12\/Meta-Quest-Pro.png\" class=\"attachment-large size-large\" alt=\"\" loading=\"lazy\" \/><\/div><\/div><\/div><\/div><\/div><div class=\"vc_col-sm-6 wpb_column vc_column_container\"><div class=\"vc_column-inner\"><div class=\"wpb_wrapper\"><h2 class=\"w-text\"><span class=\"w-text-h\"><span class=\"w-text-value\">Meta Quest Pro<\/span><\/span><\/h2><div class=\"wpb_text_column\"><div class=\"wpb_wrapper\"><p>Funkcie novej n\u00e1hlavnej s\u00fapravy Meta Quest Pro nazna\u010duj\u00fa, \u017ee ju m\u00f4\u017eete pou\u017e\u00edva\u0165 nielen na hranie hier, ale aj pri pr\u00e1ci alebo v priemysle. Nie je to len zariadenie VR so \u0161pi\u010dkovou technol\u00f3giou, ale aj zariadenie zmie\u0161anej reality, ktor\u00e9 kombinuje virtu\u00e1lne prvky a prostredie re\u00e1lneho sveta. V\u010faka tejto kombin\u00e1cii n\u00e1hlavn\u00e1 s\u00faprava umo\u017e\u0148uje farebn\u00fd priechod, teda farebn\u00e9 zobrazenie, ktor\u00e9 si doteraz na\u0161lo uplatnenie najm\u00e4 v priemyseln\u00fdch alebo videokonferen\u010dn\u00fdch aplik\u00e1ci\u00e1ch.<\/p>\n<\/div><\/div><div class=\"w-separator size_medium\"><\/div><div class=\"w-btn-wrapper align_none\"><a class=\"w-btn us-btn-style_3\" id=\"Meta Quest Pro\" href=\"#spu-5112\"><span class=\"w-btn-label\">M\u00e1m z\u00e1ujem<\/span><\/a><\/div><\/div><\/div><\/div><\/div><\/div><\/section><section class=\"l-section wpb_row us_custom_e343dda7 almost-full-width height_custom\" id=\"varjo-xr-3\"><div class=\"l-section-h i-cf\"><div class=\"g-cols vc_row via_flex valign_top type_default stacking_default\"><div class=\"vc_col-sm-6 wpb_column vc_column_container\"><div class=\"vc_column-inner\"><div class=\"wpb_wrapper\"><h2 class=\"w-text\"><span class=\"w-text-h\"><span class=\"w-text-value\">Varjo XR-3<\/span><\/span><\/h2><div class=\"wpb_text_column\"><div class=\"wpb_wrapper\"><p>Varjo XR-3 prin\u00e1\u0161a pohlcuj\u00faci z\u00e1\u017eitok zmie\u0161anej reality a pon\u00faka fotorealistick\u00fa vizu\u00e1lnu vernos\u0165 v naj\u0161ir\u0161om zornom poli spomedzi v\u0161etk\u00fdch n\u00e1hlavn\u00fdch s\u00faprav XR. S vedom\u00edm h\u013abky sa skuto\u010dn\u00e9 a virtu\u00e1lne prvky prirodzene prel\u00ednaj\u00fa. S presn\u00fdmi a individu\u00e1lne kalibrovan\u00fdmi farbami pre bezkonkuren\u010dn\u00fd realizmus nastavuje Varjo XR-3 nov\u00fd priemyseln\u00fd \u0161tandard pre vizu\u00e1lnu vernos\u0165 v r\u00f4znych realit\u00e1ch.<\/p>\n<\/div><\/div><div class=\"w-separator size_medium\"><\/div><div class=\"w-btn-wrapper align_none\"><a class=\"w-btn us-btn-style_3\" id=\"Varjo XR-3\" href=\"#spu-5112\"><span class=\"w-btn-label\">M\u00e1m z\u00e1ujem<\/span><\/a><\/div><\/div><\/div><\/div><div class=\"vc_col-sm-6 wpb_column vc_column_container\"><div class=\"vc_column-inner\"><div class=\"wpb_wrapper\"><div class=\"w-image has_ratio align_none\"><div class=\"w-image-h\"><div style=\"padding-bottom:56.25%\"><\/div><img decoding=\"async\" width=\"550\" height=\"300\" src=\"https:\/\/www.ayes.cz\/wp-content\/uploads\/2022\/12\/Varjo-XR-3-1.png\" class=\"attachment-large size-large\" alt=\"\" loading=\"lazy\" \/><\/div><\/div><\/div><\/div><\/div><\/div><\/div><\/section><section class=\"l-section wpb_row us_custom_eeb3f56b height_custom\" id=\"lenovo-thinkreality-vrx\"><div class=\"l-section-h i-cf\"><div class=\"g-cols vc_row via_flex valign_top type_default reversed stacking_default\"><div class=\"vc_col-sm-2\/5 wpb_column vc_column_container\"><div class=\"vc_column-inner\"><div class=\"wpb_wrapper\"><div class=\"w-image has_ratio align_none\"><div class=\"w-image-h\"><div style=\"padding-bottom:56.25%\"><\/div><img decoding=\"async\" width=\"550\" height=\"300\" src=\"https:\/\/www.ayes.cz\/wp-content\/uploads\/2023\/01\/Lenovo-ThinkReality-VRX.png\" class=\"attachment-large size-large\" alt=\"\" loading=\"lazy\" \/><\/div><\/div><\/div><\/div><\/div><div class=\"vc_col-sm-3\/5 wpb_column vc_column_container\"><div class=\"vc_column-inner\"><div class=\"wpb_wrapper\"><h2 class=\"w-text\"><span class=\"w-text-h\"><span class=\"w-text-value\">Lenovo ThinkReality VRX<\/span><\/span><\/h2><div class=\"wpb_text_column\"><div class=\"wpb_wrapper\"><p>Za\u017eite evol\u00faciu podnikovej virtu\u00e1lnej reality s n\u00e1hlavnou s\u00fapravou Lenovo ThinkReality VRX. Toto pohlcuj\u00face, \u013eahk\u00e9 a \u0161t\u00edhle zariadenie VR poskytuje plnofarebn\u00e9 zobrazenie s vysok\u00fdm rozl\u00ed\u0161en\u00edm pre aplik\u00e1cie zmie\u0161anej reality. ThinkReality VRX je tie\u017e podporovan\u00fd s\u00faborom komplexn\u00fdch slu\u017eieb, ktor\u00e9 pom\u00e1haj\u00fa organiz\u00e1ci\u00e1m dosiahnu\u0165 \u00faspech a realizova\u0165 r\u00fdchlej\u0161iu n\u00e1vratnos\u0165 invest\u00edci\u00ed.<\/p>\n<\/div><\/div><div class=\"w-separator size_medium\"><\/div><div class=\"w-btn-wrapper align_none\"><a class=\"w-btn us-btn-style_3\" id=\"Lenovo ThinkReality VRX\" href=\"#spu-5112\"><span class=\"w-btn-label\">M\u00e1m z\u00e1ujem<\/span><\/a><\/div><\/div><\/div><\/div><\/div><\/div><\/section><section class=\"l-section wpb_row us_custom_e343dda7 almost-full-width height_custom\" id=\"vive-xr-elite\"><div class=\"l-section-h i-cf\"><div class=\"g-cols vc_row via_flex valign_top type_default stacking_default\"><div class=\"vc_col-sm-6 wpb_column vc_column_container\"><div class=\"vc_column-inner\"><div class=\"wpb_wrapper\"><h2 class=\"w-text\"><span class=\"w-text-h\"><span class=\"w-text-value\">Vive XR Elite<\/span><\/span><\/h2><div class=\"wpb_text_column\"><div class=\"wpb_wrapper\"><p>VIVE XR Elite je v\u00fdkonn\u00fd, konvertibiln\u00fd a \u013eahk\u00fd headset, ktor\u00fd sa v\u00e1m prisp\u00f4sob\u00ed. Vychutnajte si nesp\u00fatan\u00fa slobodu alebo vyu\u017eite silu po\u010d\u00edta\u010dovej VR. Vive XR Elite kombinuje v\u0161etky funkcie, ktor\u00e9 s\u00fa dnes na trhu k dispoz\u00edcii. Podporuje nielen virtu\u00e1lnu realitu, ale kombinuje aj zmie\u0161an\u00fa realitu.<\/p>\n<\/div><\/div><div class=\"w-separator size_medium\"><\/div><div class=\"w-btn-wrapper align_none\"><a class=\"w-btn us-btn-style_3\" id=\"Vive XR Elite\" href=\"#spu-5112\"><span class=\"w-btn-label\">M\u00e1m z\u00e1ujem<\/span><\/a><\/div><\/div><\/div><\/div><div class=\"vc_col-sm-6 wpb_column vc_column_container\"><div class=\"vc_column-inner\"><div class=\"wpb_wrapper\"><div class=\"w-image has_ratio align_none\"><div class=\"w-image-h\"><div style=\"padding-bottom:56.25%\"><\/div><img decoding=\"async\" width=\"550\" height=\"300\" src=\"https:\/\/www.ayes.cz\/wp-content\/uploads\/2023\/01\/vive-xr-elite-1.png\" class=\"attachment-large size-large\" alt=\"\" loading=\"lazy\" \/><\/div><\/div><\/div><\/div><\/div><\/div><\/div><\/section><section class=\"l-section wpb_row us_custom_eeb3f56b height_custom\" id=\"vive-focus-3\"><div class=\"l-section-h i-cf\"><div class=\"g-cols vc_row via_flex valign_top type_default reversed stacking_default\"><div class=\"vc_col-sm-2\/5 wpb_column vc_column_container\"><div class=\"vc_column-inner\"><div class=\"wpb_wrapper\"><div class=\"w-image has_ratio align_none\"><div class=\"w-image-h\"><div style=\"padding-bottom:56.25%\"><\/div><img decoding=\"async\" width=\"550\" height=\"300\" src=\"https:\/\/www.ayes.cz\/wp-content\/uploads\/2022\/12\/Vive-Focus-3.png\" class=\"attachment-large size-large\" alt=\"\" loading=\"lazy\" \/><\/div><\/div><\/div><\/div><\/div><div class=\"vc_col-sm-3\/5 wpb_column vc_column_container\"><div class=\"vc_column-inner\"><div class=\"wpb_wrapper\"><h2 class=\"w-text\"><span class=\"w-text-h\"><span class=\"w-text-value\">Vive Focus 3<\/span><\/span><\/h2><div class=\"wpb_text_column\"><div class=\"wpb_wrapper\"><p>S n\u00e1hlavnou s\u00fapravou Vive Focus 3 m\u00f4\u017eete prekona\u0165 fyzick\u00fa vzdialenos\u0165 v\u010faka bezprobl\u00e9movej spolupr\u00e1ci na dia\u013eku. Z\u00edskajte bezprecedentn\u00fa efektivitu pri u\u010den\u00ed a \u0161kolen\u00ed. Vizualizujte v\u0161etko kreat\u00edvne, od architekt\u00fary a v\u00fdstav po marketingov\u00e9 kampane a \u010fal\u0161ie. Vive Focus 3 prin\u00e1\u0161a najlep\u0161iu grafiku vo svojej triede, ergonomick\u00fd komfort a pokro\u010dil\u00e9 obchodn\u00e9 aplik\u00e1cie, ktor\u00e9 zmenia sp\u00f4sob va\u0161ej pr\u00e1ce.<\/p>\n<\/div><\/div><div class=\"w-separator size_medium\"><\/div><div class=\"w-btn-wrapper align_none\"><a class=\"w-btn us-btn-style_3\" id=\"Vive Focus 3\" href=\"#spu-5112\"><span class=\"w-btn-label\">M\u00e1m z\u00e1ujem<\/span><\/a><\/div><\/div><\/div><\/div><\/div><\/div><\/section>\n","protected":false},"excerpt":{"rendered":"Okuliare pre virtu\u00e1lnu realituPri v\u00fdbere smart okuliarov je d\u00f4le\u017eit\u00e9 pochopi\u0165, na ak\u00fd \u00fa\u010del bude zariadenie sl\u00fa\u017ei\u0165. Preto, aby boli okuliare pou\u017eite\u013en\u00e9 v priemyseln\u00fdch podmienkach, pozrite sa na \u010fal\u0161ie parametre, ako je odolnos\u0165 vo\u010di hluku, prachu alebo teplotn\u00fdm zmen\u00e1m, ako aj pohodlie pri nosen\u00ed po\u010das celej zmeny. Pohodlie pri nosen\u00ed toti\u017e ovplyv\u0148uje prijatie technol\u00f3gie a kone\u010dn\u00fd...","protected":false},"author":2,"featured_media":3156,"parent":5086,"menu_order":0,"comment_status":"closed","ping_status":"closed","template":"","meta":{"_acf_changed":false,"footnotes":""},"class_list":["post-5221","page","type-page","status-publish","has-post-thumbnail","hentry"],"acf":[],"yoast_head":"<!-- This site is optimized with the Yoast SEO plugin v24.9 - https:\/\/yoast.com\/wordpress\/plugins\/seo\/ -->\n<title>Okuliare pre virtu\u00e1lnu realitu | AYES<\/title>\n<meta name=\"description\" content=\"AYES nab\u00edz\u00ed n\u011bkolik typ\u016f chytr\u00fdch br\u00fdl\u00fd s virtu\u00e1ln\u00ed realitou. Prozkoumejte ty nej\u017e\u00e1dan\u011bj\u0161\u00ed modely VR br\u00fdl\u00ed na trhu.\" \/>\n<meta name=\"robots\" content=\"index, follow, max-snippet:-1, max-image-preview:large, max-video-preview:-1\" \/>\n<link rel=\"canonical\" href=\"https:\/\/www.ayes.cz\/sk\/produkty\/okuliare-pre-virtualnu-realitu\/\" \/>\n<meta property=\"og:locale\" content=\"sk_SK\" \/>\n<meta property=\"og:type\" content=\"article\" \/>\n<meta property=\"og:title\" content=\"Okuliare pre virtu\u00e1lnu realitu | AYES\" \/>\n<meta property=\"og:description\" content=\"AYES nab\u00edz\u00ed n\u011bkolik typ\u016f chytr\u00fdch br\u00fdl\u00fd s virtu\u00e1ln\u00ed realitou. Prozkoumejte ty nej\u017e\u00e1dan\u011bj\u0161\u00ed modely VR br\u00fdl\u00ed na trhu.\" \/>\n<meta property=\"og:url\" content=\"https:\/\/www.ayes.cz\/sk\/produkty\/okuliare-pre-virtualnu-realitu\/\" \/>\n<meta property=\"og:site_name\" content=\"AYES\" \/>\n<meta property=\"article:publisher\" content=\"https:\/\/www.facebook.com\/AYEStechnology\/\" \/>\n<meta property=\"article:modified_time\" content=\"2024-10-15T08:55:06+00:00\" \/>\n<meta property=\"og:image\" content=\"https:\/\/www.ayes.cz\/wp-content\/uploads\/2023\/01\/Bryle-pro-vrtualni-realitu-loga-1.png\" \/>\n\t<meta property=\"og:image:width\" content=\"600\" \/>\n\t<meta property=\"og:image:height\" content=\"450\" \/>\n\t<meta property=\"og:image:type\" content=\"image\/png\" \/>\n<meta name=\"twitter:card\" content=\"summary_large_image\" \/>\n<meta name=\"twitter:label1\" content=\"Predpokladan\u00fd \u010das \u010d\u00edtania\" \/>\n\t<meta name=\"twitter:data1\" content=\"4 min\u00faty\" \/>\n<script type=\"application\/ld+json\" class=\"yoast-schema-graph\">{\"@context\":\"https:\/\/schema.org\",\"@graph\":[{\"@type\":\"WebPage\",\"@id\":\"https:\/\/www.ayes.cz\/sk\/produkty\/okuliare-pre-virtualnu-realitu\/\",\"url\":\"https:\/\/www.ayes.cz\/sk\/produkty\/okuliare-pre-virtualnu-realitu\/\",\"name\":\"Okuliare pre virtu\u00e1lnu realitu | AYES\",\"isPartOf\":{\"@id\":\"https:\/\/www.ayes.cz\/sk\/#website\"},\"primaryImageOfPage\":{\"@id\":\"https:\/\/www.ayes.cz\/sk\/produkty\/okuliare-pre-virtualnu-realitu\/#primaryimage\"},\"image\":{\"@id\":\"https:\/\/www.ayes.cz\/sk\/produkty\/okuliare-pre-virtualnu-realitu\/#primaryimage\"},\"thumbnailUrl\":\"https:\/\/www.ayes.cz\/wp-content\/uploads\/2023\/01\/Bryle-pro-vrtualni-realitu-loga-1.png\",\"datePublished\":\"2023-01-04T13:09:06+00:00\",\"dateModified\":\"2024-10-15T08:55:06+00:00\",\"description\":\"AYES nab\u00edz\u00ed n\u011bkolik typ\u016f chytr\u00fdch br\u00fdl\u00fd s virtu\u00e1ln\u00ed realitou. Prozkoumejte ty nej\u017e\u00e1dan\u011bj\u0161\u00ed modely VR br\u00fdl\u00ed na trhu.\",\"breadcrumb\":{\"@id\":\"https:\/\/www.ayes.cz\/sk\/produkty\/okuliare-pre-virtualnu-realitu\/#breadcrumb\"},\"inLanguage\":\"sk-SK\",\"potentialAction\":[{\"@type\":\"ReadAction\",\"target\":[\"https:\/\/www.ayes.cz\/sk\/produkty\/okuliare-pre-virtualnu-realitu\/\"]}]},{\"@type\":\"ImageObject\",\"inLanguage\":\"sk-SK\",\"@id\":\"https:\/\/www.ayes.cz\/sk\/produkty\/okuliare-pre-virtualnu-realitu\/#primaryimage\",\"url\":\"https:\/\/www.ayes.cz\/wp-content\/uploads\/2023\/01\/Bryle-pro-vrtualni-realitu-loga-1.png\",\"contentUrl\":\"https:\/\/www.ayes.cz\/wp-content\/uploads\/2023\/01\/Bryle-pro-vrtualni-realitu-loga-1.png\",\"width\":600,\"height\":450},{\"@type\":\"BreadcrumbList\",\"@id\":\"https:\/\/www.ayes.cz\/sk\/produkty\/okuliare-pre-virtualnu-realitu\/#breadcrumb\",\"itemListElement\":[{\"@type\":\"ListItem\",\"position\":1,\"name\":\"Home\",\"item\":\"https:\/\/www.ayes.cz\/sk\/\"},{\"@type\":\"ListItem\",\"position\":2,\"name\":\"Produkty\",\"item\":\"https:\/\/www.ayes.cz\/sk\/produkty\/\"},{\"@type\":\"ListItem\",\"position\":3,\"name\":\"Okuliare pre virtu\u00e1lnu realitu\"}]},{\"@type\":\"WebSite\",\"@id\":\"https:\/\/www.ayes.cz\/sk\/#website\",\"url\":\"https:\/\/www.ayes.cz\/sk\/\",\"name\":\"AYES\",\"description\":\"Dal\u0161\u00ed web pou\u017e\u00edvaj\u00edc\u00ed WordPress\",\"publisher\":{\"@id\":\"https:\/\/www.ayes.cz\/sk\/#organization\"},\"potentialAction\":[{\"@type\":\"SearchAction\",\"target\":{\"@type\":\"EntryPoint\",\"urlTemplate\":\"https:\/\/www.ayes.cz\/sk\/?s={search_term_string}\"},\"query-input\":{\"@type\":\"PropertyValueSpecification\",\"valueRequired\":true,\"valueName\":\"search_term_string\"}}],\"inLanguage\":\"sk-SK\"},{\"@type\":\"Organization\",\"@id\":\"https:\/\/www.ayes.cz\/sk\/#organization\",\"name\":\"AYES s.r.o.\",\"url\":\"https:\/\/www.ayes.cz\/sk\/\",\"logo\":{\"@type\":\"ImageObject\",\"inLanguage\":\"sk-SK\",\"@id\":\"https:\/\/www.ayes.cz\/sk\/#\/schema\/logo\/image\/\",\"url\":\"https:\/\/www.ayes.cz\/wp-content\/uploads\/2022\/10\/ayes_logo_bez_pozadi__1_-1.png\",\"contentUrl\":\"https:\/\/www.ayes.cz\/wp-content\/uploads\/2022\/10\/ayes_logo_bez_pozadi__1_-1.png\",\"width\":1148,\"height\":360,\"caption\":\"AYES s.r.o.\"},\"image\":{\"@id\":\"https:\/\/www.ayes.cz\/sk\/#\/schema\/logo\/image\/\"},\"sameAs\":[\"https:\/\/www.facebook.com\/AYEStechnology\/\",\"https:\/\/www.linkedin.com\/company\/ayes3\/\"]}]}<\/script>\n<!-- \/ Yoast SEO plugin. -->","yoast_head_json":{"title":"Okuliare pre virtu\u00e1lnu realitu | AYES","description":"AYES nab\u00edz\u00ed n\u011bkolik typ\u016f chytr\u00fdch br\u00fdl\u00fd s virtu\u00e1ln\u00ed realitou. Prozkoumejte ty nej\u017e\u00e1dan\u011bj\u0161\u00ed modely VR br\u00fdl\u00ed na trhu.","robots":{"index":"index","follow":"follow","max-snippet":"max-snippet:-1","max-image-preview":"max-image-preview:large","max-video-preview":"max-video-preview:-1"},"canonical":"https:\/\/www.ayes.cz\/sk\/produkty\/okuliare-pre-virtualnu-realitu\/","og_locale":"sk_SK","og_type":"article","og_title":"Okuliare pre virtu\u00e1lnu realitu | AYES","og_description":"AYES nab\u00edz\u00ed n\u011bkolik typ\u016f chytr\u00fdch br\u00fdl\u00fd s virtu\u00e1ln\u00ed realitou. Prozkoumejte ty nej\u017e\u00e1dan\u011bj\u0161\u00ed modely VR br\u00fdl\u00ed na trhu.","og_url":"https:\/\/www.ayes.cz\/sk\/produkty\/okuliare-pre-virtualnu-realitu\/","og_site_name":"AYES","article_publisher":"https:\/\/www.facebook.com\/AYEStechnology\/","article_modified_time":"2024-10-15T08:55:06+00:00","og_image":[{"width":600,"height":450,"url":"https:\/\/www.ayes.cz\/wp-content\/uploads\/2023\/01\/Bryle-pro-vrtualni-realitu-loga-1.png","type":"image\/png"}],"twitter_card":"summary_large_image","twitter_misc":{"Predpokladan\u00fd \u010das \u010d\u00edtania":"4 min\u00faty"},"schema":{"@context":"https:\/\/schema.org","@graph":[{"@type":"WebPage","@id":"https:\/\/www.ayes.cz\/sk\/produkty\/okuliare-pre-virtualnu-realitu\/","url":"https:\/\/www.ayes.cz\/sk\/produkty\/okuliare-pre-virtualnu-realitu\/","name":"Okuliare pre virtu\u00e1lnu realitu | AYES","isPartOf":{"@id":"https:\/\/www.ayes.cz\/sk\/#website"},"primaryImageOfPage":{"@id":"https:\/\/www.ayes.cz\/sk\/produkty\/okuliare-pre-virtualnu-realitu\/#primaryimage"},"image":{"@id":"https:\/\/www.ayes.cz\/sk\/produkty\/okuliare-pre-virtualnu-realitu\/#primaryimage"},"thumbnailUrl":"https:\/\/www.ayes.cz\/wp-content\/uploads\/2023\/01\/Bryle-pro-vrtualni-realitu-loga-1.png","datePublished":"2023-01-04T13:09:06+00:00","dateModified":"2024-10-15T08:55:06+00:00","description":"AYES nab\u00edz\u00ed n\u011bkolik typ\u016f chytr\u00fdch br\u00fdl\u00fd s virtu\u00e1ln\u00ed realitou. Prozkoumejte ty nej\u017e\u00e1dan\u011bj\u0161\u00ed modely VR br\u00fdl\u00ed na trhu.","breadcrumb":{"@id":"https:\/\/www.ayes.cz\/sk\/produkty\/okuliare-pre-virtualnu-realitu\/#breadcrumb"},"inLanguage":"sk-SK","potentialAction":[{"@type":"ReadAction","target":["https:\/\/www.ayes.cz\/sk\/produkty\/okuliare-pre-virtualnu-realitu\/"]}]},{"@type":"ImageObject","inLanguage":"sk-SK","@id":"https:\/\/www.ayes.cz\/sk\/produkty\/okuliare-pre-virtualnu-realitu\/#primaryimage","url":"https:\/\/www.ayes.cz\/wp-content\/uploads\/2023\/01\/Bryle-pro-vrtualni-realitu-loga-1.png","contentUrl":"https:\/\/www.ayes.cz\/wp-content\/uploads\/2023\/01\/Bryle-pro-vrtualni-realitu-loga-1.png","width":600,"height":450},{"@type":"BreadcrumbList","@id":"https:\/\/www.ayes.cz\/sk\/produkty\/okuliare-pre-virtualnu-realitu\/#breadcrumb","itemListElement":[{"@type":"ListItem","position":1,"name":"Home","item":"https:\/\/www.ayes.cz\/sk\/"},{"@type":"ListItem","position":2,"name":"Produkty","item":"https:\/\/www.ayes.cz\/sk\/produkty\/"},{"@type":"ListItem","position":3,"name":"Okuliare pre virtu\u00e1lnu realitu"}]},{"@type":"WebSite","@id":"https:\/\/www.ayes.cz\/sk\/#website","url":"https:\/\/www.ayes.cz\/sk\/","name":"AYES","description":"Dal\u0161\u00ed web pou\u017e\u00edvaj\u00edc\u00ed WordPress","publisher":{"@id":"https:\/\/www.ayes.cz\/sk\/#organization"},"potentialAction":[{"@type":"SearchAction","target":{"@type":"EntryPoint","urlTemplate":"https:\/\/www.ayes.cz\/sk\/?s={search_term_string}"},"query-input":{"@type":"PropertyValueSpecification","valueRequired":true,"valueName":"search_term_string"}}],"inLanguage":"sk-SK"},{"@type":"Organization","@id":"https:\/\/www.ayes.cz\/sk\/#organization","name":"AYES s.r.o.","url":"https:\/\/www.ayes.cz\/sk\/","logo":{"@type":"ImageObject","inLanguage":"sk-SK","@id":"https:\/\/www.ayes.cz\/sk\/#\/schema\/logo\/image\/","url":"https:\/\/www.ayes.cz\/wp-content\/uploads\/2022\/10\/ayes_logo_bez_pozadi__1_-1.png","contentUrl":"https:\/\/www.ayes.cz\/wp-content\/uploads\/2022\/10\/ayes_logo_bez_pozadi__1_-1.png","width":1148,"height":360,"caption":"AYES s.r.o."},"image":{"@id":"https:\/\/www.ayes.cz\/sk\/#\/schema\/logo\/image\/"},"sameAs":["https:\/\/www.facebook.com\/AYEStechnology\/","https:\/\/www.linkedin.com\/company\/ayes3\/"]}]}},"_links":{"self":[{"href":"https:\/\/www.ayes.cz\/sk\/wp-json\/wp\/v2\/pages\/5221","targetHints":{"allow":["GET"]}}],"collection":[{"href":"https:\/\/www.ayes.cz\/sk\/wp-json\/wp\/v2\/pages"}],"about":[{"href":"https:\/\/www.ayes.cz\/sk\/wp-json\/wp\/v2\/types\/page"}],"author":[{"embeddable":true,"href":"https:\/\/www.ayes.cz\/sk\/wp-json\/wp\/v2\/users\/2"}],"replies":[{"embeddable":true,"href":"https:\/\/www.ayes.cz\/sk\/wp-json\/wp\/v2\/comments?post=5221"}],"version-history":[{"count":6,"href":"https:\/\/www.ayes.cz\/sk\/wp-json\/wp\/v2\/pages\/5221\/revisions"}],"predecessor-version":[{"id":33598,"href":"https:\/\/www.ayes.cz\/sk\/wp-json\/wp\/v2\/pages\/5221\/revisions\/33598"}],"up":[{"embeddable":true,"href":"https:\/\/www.ayes.cz\/sk\/wp-json\/wp\/v2\/pages\/5086"}],"wp:featuredmedia":[{"embeddable":true,"href":"https:\/\/www.ayes.cz\/sk\/wp-json\/wp\/v2\/media\/3156"}],"wp:attachment":[{"href":"https:\/\/www.ayes.cz\/sk\/wp-json\/wp\/v2\/media?parent=5221"}],"curies":[{"name":"wp","href":"https:\/\/api.w.org\/{rel}","templated":true}]}}