{"id":5252,"date":"2023-01-10T11:26:19","date_gmt":"2023-01-10T10:26:19","guid":{"rendered":"https:\/\/www.ayes.cz\/produkty\/software-pro-logistiku\/"},"modified":"2023-03-06T02:27:39","modified_gmt":"2023-03-06T01:27:39","slug":"softver-pre-logistiku","status":"publish","type":"page","link":"https:\/\/www.ayes.cz\/sk\/produkty\/softver-pre-logistiku\/","title":{"rendered":"Softv\u00e9r pre logistiku"},"content":{"rendered":"<section class=\"l-section wpb_row height_custom\"><div class=\"l-section-h i-cf\"><div class=\"g-cols vc_row via_flex valign_top type_default stacking_default\"><div class=\"vc_col-sm-12 wpb_column vc_column_container\"><div class=\"vc_column-inner\"><div class=\"wpb_wrapper\">[vc_custom_heading text=&#8220;Softv\u00e9r pre logistiku&#8220; font_container=&#8220;tag:h1|text_align:center&#8220; use_theme_fonts=&#8220;yes&#8220;]<div class=\"wpb_text_column us_custom_d2703943\"><div class=\"wpb_wrapper\"><p style=\"text-align: center;\">Na trhu u\u017e existuje mno\u017estvo softv\u00e9ru, ktor\u00fd sa pou\u017e\u00edva v logistike. Zabezpe\u010dujeme jednoduch\u00fa integr\u00e1ciu so syst\u00e9mom SAP alebo in\u00fdmi be\u017ene pou\u017e\u00edvan\u00fdmi syst\u00e9mami ERP a WMS.<\/p>\n<\/div><\/div><\/div><\/div><\/div><\/div><\/div><\/section><section class=\"l-section wpb_row us_custom_e343dda7 almost-full-width height_custom\"><div class=\"l-section-h i-cf\"><div class=\"g-cols vc_row via_flex valign_top type_default stacking_default\"><div class=\"vc_col-sm-3\/5 wpb_column vc_column_container\"><div class=\"vc_column-inner\"><div class=\"wpb_wrapper\"><h2 class=\"w-text\"><span class=\"w-text-h\"><span class=\"w-text-value\">SAP<\/span><\/span><\/h2><div class=\"wpb_text_column\"><div class=\"wpb_wrapper\"><p>Spolo\u010dnos\u0165 SAP je l\u00eddrom na trhu s podnikov\u00fdm aplika\u010dn\u00fdm softv\u00e9rom, ktor\u00fd pom\u00e1ha spolo\u010dnostiam v\u0161etk\u00fdch ve\u013ekost\u00ed a vo v\u0161etk\u00fdch odvetviach dosahova\u0165 lep\u0161ie v\u00fdsledky prostredn\u00edctvom novej defin\u00edcie ERP a vytv\u00e1rania inteligentn\u00fdch obchodn\u00fdch siet\u00ed, ktor\u00e9 zabezpe\u010duj\u00fa transparentnos\u0165, odolnos\u0165 a udr\u017eate\u013enos\u0165 v dod\u00e1vate\u013esk\u00fdch re\u0165azcoch.<\/p>\n<p>V spolo\u010dnosti AYES dok\u00e1\u017eeme jednoducho zobrazi\u0165 \u00fadaje a prisp\u00f4sobi\u0165 funkcie a prostredie syst\u00e9mu WMS do okuliarov alebo ak\u00e9hoko\u013evek zariadenia.<\/p>\n<\/div><\/div><div class=\"w-separator size_medium\"><\/div><div class=\"w-btn-wrapper align_none\"><a class=\"w-btn us-btn-style_3 spu-open-5112\" href=\".\/\"><span class=\"w-btn-label\">M\u00e1m z\u00e1ujem<\/span><\/a><\/div><\/div><\/div><\/div><div class=\"vc_col-sm-2\/5 wpb_column vc_column_container\"><div class=\"vc_column-inner\"><div class=\"wpb_wrapper\"><div class=\"w-image align_none\"><div class=\"w-image-h\"><img decoding=\"async\" width=\"1024\" height=\"1024\" src=\"https:\/\/www.ayes.cz\/wp-content\/uploads\/2023\/01\/logoSAP.svg\" class=\"attachment-large size-large\" alt=\"\" loading=\"lazy\" \/><\/div><\/div><\/div><\/div><\/div><\/div><\/div><\/section><section class=\"l-section wpb_row us_custom_bcbe1a9a height_medium\"><div class=\"l-section-h i-cf\"><div class=\"g-cols vc_row via_flex valign_top type_default stacking_default\"><div class=\"vc_col-sm-6 wpb_column vc_column_container\"><div class=\"vc_column-inner us_custom_dcf842da\"><div class=\"wpb_wrapper\"><div class=\"wpb_text_column\"><div class=\"wpb_wrapper\"><h2>Ako to funguje?<\/h2>\n<p>Pracovn\u00edci dost\u00e1vaj\u00fa skladov\u00e9 objedn\u00e1vky priamo do svojich inteligentn\u00fdch okuliarov zo syst\u00e9mu SAP\/WMS a dokon\u010den\u00e9 \u00falohy sa m\u00f4\u017eu synchronizova\u0165 v re\u00e1lnom \u010dase sp\u00e4\u0165 do syst\u00e9mu SAP.<\/p>\n<p>Skladov\u00e9 pr\u00edkazy sa m\u00f4\u017eu dynamicky odosiela\u0165 aj pracovn\u00edkom, aby mohli okam\u017eite reagova\u0165 na zmeny v objedn\u00e1vkach predaja. \u00dadaje sa v re\u00e1lnom \u010dase pren\u00e1\u0161aj\u00fa sp\u00e4\u0165 do syst\u00e9mu SAP, \u010do umo\u017e\u0148uje priebe\u017en\u00e9 overovanie a optimaliz\u00e1ciu procesov.<\/p>\n<p>Okuliare mo\u017eno prepoji\u0165 s \u010fal\u0161\u00edmi zariadeniami, ako s\u00fa napr\u00edklad skenovacie kr\u00fa\u017eky, aby sa ur\u00fdchlil proces a zjednodu\u0161ilo skenovanie jednotliv\u00fdch polo\u017eiek.<\/p>\n<\/div><\/div><\/div><\/div><\/div><div class=\"vc_col-sm-6 wpb_column vc_column_container\"><div class=\"vc_column-inner us_custom_1e133a3a\"><div class=\"wpb_wrapper\"><div class=\"g-cols wpb_row us_custom_fe45003f via_flex valign_top type_default stacking_default\"><div class=\"vc_col-sm-12 wpb_column vc_column_container\"><div class=\"vc_column-inner us_custom_aa92d13c\"><div class=\"wpb_wrapper\"><div class=\"wpb_text_column\"><div class=\"wpb_wrapper\"><h2>Hlavn\u00e9 v\u00fdhody<\/h2>\n<\/div><\/div><div class=\"w-separator size_custom\" style=\"height:1.5rem\"><\/div><div class=\"w-text icon_atleft\"><span class=\"w-text-h\"><i class=\"far fa-chevron-right\"><\/i><span class=\"w-text-value\">Hlasov\u00e9 ovl\u00e1danie zais\u0165uje vo\u013en\u00e9 ruky pri pr\u00e1ci<\/span><\/span><\/div><div class=\"w-separator size_custom\" style=\"height:0.8rem\"><\/div><div class=\"w-text icon_atleft\"><span class=\"w-text-h\"><i class=\"far fa-chevron-right\"><\/i><span class=\"w-text-value\">V\u0161etky inform\u00e1cie vidite\u013en\u00e9 na displeji (umiestnenie v sklade, fotografia v\u00fdrobku, mno\u017estvo, n\u00e1zov v\u00fdrobku, miesto uskladnenia at\u010f.)<\/span><\/span><\/div><div class=\"w-separator size_custom\" style=\"height:0.8rem\"><\/div><div class=\"w-text icon_atleft\"><span class=\"w-text-h\"><i class=\"far fa-chevron-right\"><\/i><span class=\"w-text-value\">U\u013eah\u010denie procesu valid\u00e1cie<\/span><\/span><\/div><div class=\"w-separator size_custom\" style=\"height:0.8rem\"><\/div><div class=\"w-text icon_atleft\"><span class=\"w-text-h\"><i class=\"far fa-chevron-right\"><\/i><span class=\"w-text-value\">Zv\u00fd\u0161enie r\u00fdchlosti procesov a produktivity<\/span><\/span><\/div><div class=\"w-separator size_custom\" style=\"height:0.8rem\"><\/div><div class=\"w-text icon_atleft\"><span class=\"w-text-h\"><i class=\"far fa-chevron-right\"><\/i><span class=\"w-text-value\">Zlep\u0161enie presnosti a kvality \u00fadajov<\/span><\/span><\/div><div class=\"w-separator size_custom\" style=\"height:0.8rem\"><\/div><div class=\"w-text icon_atleft\"><span class=\"w-text-h\"><i class=\"far fa-chevron-right\"><\/i><span class=\"w-text-value\">Zn\u00ed\u017eenie chybovosti<\/span><\/span><\/div><div class=\"w-separator size_custom\" style=\"height:0.8rem\"><\/div><\/div><\/div><\/div><\/div><\/div><\/div><\/div><\/div><\/div><\/section><section class=\"l-section wpb_row us_custom_31adcb79 height_custom\"><div class=\"l-section-h i-cf\"><div class=\"g-cols vc_row via_flex valign_top type_default stacking_default\"><div class=\"vc_col-sm-12 vc_col-xs-12 wpb_column vc_column_container\"><div class=\"vc_column-inner\"><div class=\"wpb_wrapper\"><div class=\"g-cols wpb_row via_flex valign_top type_default stacking_default\"><div class=\"vc_col-sm-12 wpb_column vc_column_container\"><div class=\"vc_column-inner\"><div class=\"wpb_wrapper\">[vc_custom_heading text=&#8220;Pr\u00edklad interface&#8220; font_container=&#8220;tag:h3|text_align:center&#8220; use_theme_fonts=&#8220;yes&#8220; css=&#8220;%7B%22default%22%3A%7B%22text-align%22%3A%22left%22%7D%7D&#8220;]<div class=\"wpb_text_column\"><div class=\"wpb_wrapper\"><p style=\"text-align: left;\">Zobrazenie priamo do syst\u00e9mu SAP<\/p>\n<\/div><\/div><\/div><\/div><\/div><\/div><div class=\"g-cols wpb_row via_flex valign_top type_default stacking_default\"><div class=\"vc_col-sm-3 wpb_column vc_column_container\"><div class=\"vc_column-inner\"><div class=\"wpb_wrapper\"><div class=\"w-separator size_small\"><\/div><div class=\"w-image align_none\"><a ref=\"magnificPopup\" href=\"https:\/\/www.ayes.cz\/wp-content\/uploads\/2023\/01\/SAP.png\" aria-label=\"SAP\" class=\"w-image-h\"><img decoding=\"async\" width=\"632\" height=\"354\" src=\"https:\/\/www.ayes.cz\/wp-content\/uploads\/2023\/01\/SAP.png\" class=\"attachment-large size-large\" alt=\"\" loading=\"lazy\" srcset=\"https:\/\/www.ayes.cz\/wp-content\/uploads\/2023\/01\/SAP.png 632w, https:\/\/www.ayes.cz\/wp-content\/uploads\/2023\/01\/SAP-300x168.png 300w, https:\/\/www.ayes.cz\/wp-content\/uploads\/2023\/01\/SAP-600x336.png 600w\" sizes=\"auto, (max-width: 632px) 100vw, 632px\" \/><\/a><\/div><\/div><\/div><\/div><div class=\"vc_col-sm-3 wpb_column vc_column_container\"><div class=\"vc_column-inner\"><div class=\"wpb_wrapper\"><div class=\"w-separator size_small\"><\/div><div class=\"w-image align_none\"><a ref=\"magnificPopup\" href=\"https:\/\/www.ayes.cz\/wp-content\/uploads\/2023\/01\/SAP2.png\" aria-label=\"SAP2\" class=\"w-image-h\"><img decoding=\"async\" width=\"987\" height=\"554\" src=\"https:\/\/www.ayes.cz\/wp-content\/uploads\/2023\/01\/SAP2.png\" class=\"attachment-large size-large\" alt=\"\" loading=\"lazy\" srcset=\"https:\/\/www.ayes.cz\/wp-content\/uploads\/2023\/01\/SAP2.png 987w, https:\/\/www.ayes.cz\/wp-content\/uploads\/2023\/01\/SAP2-300x168.png 300w, https:\/\/www.ayes.cz\/wp-content\/uploads\/2023\/01\/SAP2-600x337.png 600w\" sizes=\"auto, (max-width: 987px) 100vw, 987px\" \/><\/a><\/div><\/div><\/div><\/div><div class=\"vc_col-sm-3 wpb_column vc_column_container\"><div class=\"vc_column-inner\"><div class=\"wpb_wrapper\"><div class=\"w-separator size_small\"><\/div><div class=\"w-image align_none\"><a ref=\"magnificPopup\" href=\"https:\/\/www.ayes.cz\/wp-content\/uploads\/2023\/01\/Obrazek6.jpg\" aria-label=\"Obr\u00e1zek6\" class=\"w-image-h\"><img decoding=\"async\" width=\"369\" height=\"210\" src=\"https:\/\/www.ayes.cz\/wp-content\/uploads\/2023\/01\/Obrazek6.jpg\" class=\"attachment-large size-large\" alt=\"\" loading=\"lazy\" srcset=\"https:\/\/www.ayes.cz\/wp-content\/uploads\/2023\/01\/Obrazek6.jpg 369w, https:\/\/www.ayes.cz\/wp-content\/uploads\/2023\/01\/Obrazek6-300x171.jpg 300w\" sizes=\"auto, (max-width: 369px) 100vw, 369px\" \/><\/a><\/div><\/div><\/div><\/div><div class=\"vc_col-sm-3 wpb_column vc_column_container\"><div class=\"vc_column-inner\"><div class=\"wpb_wrapper\"><div class=\"w-separator size_small\"><\/div><div class=\"w-image align_none\"><a ref=\"magnificPopup\" href=\"https:\/\/www.ayes.cz\/wp-content\/uploads\/2023\/01\/SAP5.jpg\" aria-label=\"SAP5\" class=\"w-image-h\"><img decoding=\"async\" width=\"369\" height=\"210\" src=\"https:\/\/www.ayes.cz\/wp-content\/uploads\/2023\/01\/SAP5.jpg\" class=\"attachment-large size-large\" alt=\"\" loading=\"lazy\" srcset=\"https:\/\/www.ayes.cz\/wp-content\/uploads\/2023\/01\/SAP5.jpg 369w, https:\/\/www.ayes.cz\/wp-content\/uploads\/2023\/01\/SAP5-300x171.jpg 300w\" sizes=\"auto, (max-width: 369px) 100vw, 369px\" \/><\/a><\/div><\/div><\/div><\/div><\/div><div class=\"w-separator size_medium\"><\/div><\/div><\/div><\/div><\/div><\/div><\/section>\n","protected":false},"excerpt":{"rendered":"[vc_custom_heading text=\"Softv\u00e9r pre logistiku\" font_container=\"tag:h1|text_align:center\" use_theme_fonts=\"yes\"]Na trhu u\u017e existuje mno\u017estvo softv\u00e9ru, ktor\u00fd sa pou\u017e\u00edva v logistike. Zabezpe\u010dujeme jednoduch\u00fa integr\u00e1ciu so syst\u00e9mom SAP alebo in\u00fdmi be\u017ene pou\u017e\u00edvan\u00fdmi syst\u00e9mami ERP a WMS. SAPSpolo\u010dnos\u0165 SAP je l\u00eddrom na trhu s podnikov\u00fdm aplika\u010dn\u00fdm softv\u00e9rom, ktor\u00fd pom\u00e1ha spolo\u010dnostiam v\u0161etk\u00fdch ve\u013ekost\u00ed a vo v\u0161etk\u00fdch odvetviach dosahova\u0165 lep\u0161ie v\u00fdsledky prostredn\u00edctvom novej defin\u00edcie...","protected":false},"author":2,"featured_media":3221,"parent":5086,"menu_order":0,"comment_status":"closed","ping_status":"closed","template":"","meta":{"_acf_changed":false,"footnotes":""},"class_list":["post-5252","page","type-page","status-publish","has-post-thumbnail","hentry"],"acf":[],"yoast_head":"<!-- This site is optimized with the Yoast SEO plugin v24.9 - https:\/\/yoast.com\/wordpress\/plugins\/seo\/ -->\n<title>Softv\u00e9r pre logistiku | AYES<\/title>\n<meta name=\"description\" content=\"Zaji\u0161\u0165ujeme snadnou integraci se syst\u00e9mem SAP nebo dal\u0161\u00edmi b\u011b\u017en\u011b pou\u017e\u00edvan\u00fdmi ERP a WMS syst\u00e9my.\" \/>\n<meta name=\"robots\" content=\"index, follow, max-snippet:-1, max-image-preview:large, max-video-preview:-1\" \/>\n<link rel=\"canonical\" href=\"https:\/\/www.ayes.cz\/sk\/produkty\/softver-pre-logistiku\/\" \/>\n<meta property=\"og:locale\" content=\"sk_SK\" \/>\n<meta property=\"og:type\" content=\"article\" \/>\n<meta property=\"og:title\" content=\"Softv\u00e9r pre logistiku | AYES\" \/>\n<meta property=\"og:description\" content=\"Zaji\u0161\u0165ujeme snadnou integraci se syst\u00e9mem SAP nebo dal\u0161\u00edmi b\u011b\u017en\u011b pou\u017e\u00edvan\u00fdmi ERP a WMS syst\u00e9my.\" \/>\n<meta property=\"og:url\" content=\"https:\/\/www.ayes.cz\/sk\/produkty\/softver-pre-logistiku\/\" \/>\n<meta property=\"og:site_name\" content=\"AYES\" \/>\n<meta property=\"article:publisher\" content=\"https:\/\/www.facebook.com\/AYEStechnology\/\" \/>\n<meta property=\"article:modified_time\" content=\"2023-03-06T01:27:39+00:00\" \/>\n<meta property=\"og:image\" content=\"https:\/\/www.ayes.cz\/wp-content\/uploads\/2023\/01\/SAP-1.png\" \/>\n\t<meta property=\"og:image:width\" content=\"600\" \/>\n\t<meta property=\"og:image:height\" content=\"450\" \/>\n\t<meta property=\"og:image:type\" content=\"image\/png\" \/>\n<meta name=\"twitter:card\" content=\"summary_large_image\" \/>\n<meta name=\"twitter:label1\" content=\"Predpokladan\u00fd \u010das \u010d\u00edtania\" \/>\n\t<meta name=\"twitter:data1\" content=\"2 min\u00faty\" \/>\n<script type=\"application\/ld+json\" class=\"yoast-schema-graph\">{\"@context\":\"https:\/\/schema.org\",\"@graph\":[{\"@type\":\"WebPage\",\"@id\":\"https:\/\/www.ayes.cz\/sk\/produkty\/softver-pre-logistiku\/\",\"url\":\"https:\/\/www.ayes.cz\/sk\/produkty\/softver-pre-logistiku\/\",\"name\":\"Softv\u00e9r pre logistiku | AYES\",\"isPartOf\":{\"@id\":\"https:\/\/www.ayes.cz\/sk\/#website\"},\"primaryImageOfPage\":{\"@id\":\"https:\/\/www.ayes.cz\/sk\/produkty\/softver-pre-logistiku\/#primaryimage\"},\"image\":{\"@id\":\"https:\/\/www.ayes.cz\/sk\/produkty\/softver-pre-logistiku\/#primaryimage\"},\"thumbnailUrl\":\"https:\/\/www.ayes.cz\/wp-content\/uploads\/2023\/01\/SAP-1-e1731574574793.png\",\"datePublished\":\"2023-01-10T10:26:19+00:00\",\"dateModified\":\"2023-03-06T01:27:39+00:00\",\"description\":\"Zaji\u0161\u0165ujeme snadnou integraci se syst\u00e9mem SAP nebo dal\u0161\u00edmi b\u011b\u017en\u011b pou\u017e\u00edvan\u00fdmi ERP a WMS syst\u00e9my.\",\"breadcrumb\":{\"@id\":\"https:\/\/www.ayes.cz\/sk\/produkty\/softver-pre-logistiku\/#breadcrumb\"},\"inLanguage\":\"sk-SK\",\"potentialAction\":[{\"@type\":\"ReadAction\",\"target\":[\"https:\/\/www.ayes.cz\/sk\/produkty\/softver-pre-logistiku\/\"]}]},{\"@type\":\"ImageObject\",\"inLanguage\":\"sk-SK\",\"@id\":\"https:\/\/www.ayes.cz\/sk\/produkty\/softver-pre-logistiku\/#primaryimage\",\"url\":\"https:\/\/www.ayes.cz\/wp-content\/uploads\/2023\/01\/SAP-1-e1731574574793.png\",\"contentUrl\":\"https:\/\/www.ayes.cz\/wp-content\/uploads\/2023\/01\/SAP-1-e1731574574793.png\",\"width\":600,\"height\":450},{\"@type\":\"BreadcrumbList\",\"@id\":\"https:\/\/www.ayes.cz\/sk\/produkty\/softver-pre-logistiku\/#breadcrumb\",\"itemListElement\":[{\"@type\":\"ListItem\",\"position\":1,\"name\":\"Home\",\"item\":\"https:\/\/www.ayes.cz\/sk\/\"},{\"@type\":\"ListItem\",\"position\":2,\"name\":\"Produkty\",\"item\":\"https:\/\/www.ayes.cz\/sk\/produkty\/\"},{\"@type\":\"ListItem\",\"position\":3,\"name\":\"Softv\u00e9r pre logistiku\"}]},{\"@type\":\"WebSite\",\"@id\":\"https:\/\/www.ayes.cz\/sk\/#website\",\"url\":\"https:\/\/www.ayes.cz\/sk\/\",\"name\":\"AYES\",\"description\":\"Dal\u0161\u00ed web pou\u017e\u00edvaj\u00edc\u00ed WordPress\",\"publisher\":{\"@id\":\"https:\/\/www.ayes.cz\/sk\/#organization\"},\"potentialAction\":[{\"@type\":\"SearchAction\",\"target\":{\"@type\":\"EntryPoint\",\"urlTemplate\":\"https:\/\/www.ayes.cz\/sk\/?s={search_term_string}\"},\"query-input\":{\"@type\":\"PropertyValueSpecification\",\"valueRequired\":true,\"valueName\":\"search_term_string\"}}],\"inLanguage\":\"sk-SK\"},{\"@type\":\"Organization\",\"@id\":\"https:\/\/www.ayes.cz\/sk\/#organization\",\"name\":\"AYES s.r.o.\",\"url\":\"https:\/\/www.ayes.cz\/sk\/\",\"logo\":{\"@type\":\"ImageObject\",\"inLanguage\":\"sk-SK\",\"@id\":\"https:\/\/www.ayes.cz\/sk\/#\/schema\/logo\/image\/\",\"url\":\"https:\/\/www.ayes.cz\/wp-content\/uploads\/2022\/10\/ayes_logo_bez_pozadi__1_-1.png\",\"contentUrl\":\"https:\/\/www.ayes.cz\/wp-content\/uploads\/2022\/10\/ayes_logo_bez_pozadi__1_-1.png\",\"width\":1148,\"height\":360,\"caption\":\"AYES s.r.o.\"},\"image\":{\"@id\":\"https:\/\/www.ayes.cz\/sk\/#\/schema\/logo\/image\/\"},\"sameAs\":[\"https:\/\/www.facebook.com\/AYEStechnology\/\",\"https:\/\/www.linkedin.com\/company\/ayes3\/\"]}]}<\/script>\n<!-- \/ Yoast SEO plugin. -->","yoast_head_json":{"title":"Softv\u00e9r pre logistiku | AYES","description":"Zaji\u0161\u0165ujeme snadnou integraci se syst\u00e9mem SAP nebo dal\u0161\u00edmi b\u011b\u017en\u011b pou\u017e\u00edvan\u00fdmi ERP a WMS syst\u00e9my.","robots":{"index":"index","follow":"follow","max-snippet":"max-snippet:-1","max-image-preview":"max-image-preview:large","max-video-preview":"max-video-preview:-1"},"canonical":"https:\/\/www.ayes.cz\/sk\/produkty\/softver-pre-logistiku\/","og_locale":"sk_SK","og_type":"article","og_title":"Softv\u00e9r pre logistiku | AYES","og_description":"Zaji\u0161\u0165ujeme snadnou integraci se syst\u00e9mem SAP nebo dal\u0161\u00edmi b\u011b\u017en\u011b pou\u017e\u00edvan\u00fdmi ERP a WMS syst\u00e9my.","og_url":"https:\/\/www.ayes.cz\/sk\/produkty\/softver-pre-logistiku\/","og_site_name":"AYES","article_publisher":"https:\/\/www.facebook.com\/AYEStechnology\/","article_modified_time":"2023-03-06T01:27:39+00:00","og_image":[{"width":600,"height":450,"url":"https:\/\/www.ayes.cz\/wp-content\/uploads\/2023\/01\/SAP-1.png","type":"image\/png"}],"twitter_card":"summary_large_image","twitter_misc":{"Predpokladan\u00fd \u010das \u010d\u00edtania":"2 min\u00faty"},"schema":{"@context":"https:\/\/schema.org","@graph":[{"@type":"WebPage","@id":"https:\/\/www.ayes.cz\/sk\/produkty\/softver-pre-logistiku\/","url":"https:\/\/www.ayes.cz\/sk\/produkty\/softver-pre-logistiku\/","name":"Softv\u00e9r pre logistiku | AYES","isPartOf":{"@id":"https:\/\/www.ayes.cz\/sk\/#website"},"primaryImageOfPage":{"@id":"https:\/\/www.ayes.cz\/sk\/produkty\/softver-pre-logistiku\/#primaryimage"},"image":{"@id":"https:\/\/www.ayes.cz\/sk\/produkty\/softver-pre-logistiku\/#primaryimage"},"thumbnailUrl":"https:\/\/www.ayes.cz\/wp-content\/uploads\/2023\/01\/SAP-1-e1731574574793.png","datePublished":"2023-01-10T10:26:19+00:00","dateModified":"2023-03-06T01:27:39+00:00","description":"Zaji\u0161\u0165ujeme snadnou integraci se syst\u00e9mem SAP nebo dal\u0161\u00edmi b\u011b\u017en\u011b pou\u017e\u00edvan\u00fdmi ERP a WMS syst\u00e9my.","breadcrumb":{"@id":"https:\/\/www.ayes.cz\/sk\/produkty\/softver-pre-logistiku\/#breadcrumb"},"inLanguage":"sk-SK","potentialAction":[{"@type":"ReadAction","target":["https:\/\/www.ayes.cz\/sk\/produkty\/softver-pre-logistiku\/"]}]},{"@type":"ImageObject","inLanguage":"sk-SK","@id":"https:\/\/www.ayes.cz\/sk\/produkty\/softver-pre-logistiku\/#primaryimage","url":"https:\/\/www.ayes.cz\/wp-content\/uploads\/2023\/01\/SAP-1-e1731574574793.png","contentUrl":"https:\/\/www.ayes.cz\/wp-content\/uploads\/2023\/01\/SAP-1-e1731574574793.png","width":600,"height":450},{"@type":"BreadcrumbList","@id":"https:\/\/www.ayes.cz\/sk\/produkty\/softver-pre-logistiku\/#breadcrumb","itemListElement":[{"@type":"ListItem","position":1,"name":"Home","item":"https:\/\/www.ayes.cz\/sk\/"},{"@type":"ListItem","position":2,"name":"Produkty","item":"https:\/\/www.ayes.cz\/sk\/produkty\/"},{"@type":"ListItem","position":3,"name":"Softv\u00e9r pre logistiku"}]},{"@type":"WebSite","@id":"https:\/\/www.ayes.cz\/sk\/#website","url":"https:\/\/www.ayes.cz\/sk\/","name":"AYES","description":"Dal\u0161\u00ed web pou\u017e\u00edvaj\u00edc\u00ed WordPress","publisher":{"@id":"https:\/\/www.ayes.cz\/sk\/#organization"},"potentialAction":[{"@type":"SearchAction","target":{"@type":"EntryPoint","urlTemplate":"https:\/\/www.ayes.cz\/sk\/?s={search_term_string}"},"query-input":{"@type":"PropertyValueSpecification","valueRequired":true,"valueName":"search_term_string"}}],"inLanguage":"sk-SK"},{"@type":"Organization","@id":"https:\/\/www.ayes.cz\/sk\/#organization","name":"AYES s.r.o.","url":"https:\/\/www.ayes.cz\/sk\/","logo":{"@type":"ImageObject","inLanguage":"sk-SK","@id":"https:\/\/www.ayes.cz\/sk\/#\/schema\/logo\/image\/","url":"https:\/\/www.ayes.cz\/wp-content\/uploads\/2022\/10\/ayes_logo_bez_pozadi__1_-1.png","contentUrl":"https:\/\/www.ayes.cz\/wp-content\/uploads\/2022\/10\/ayes_logo_bez_pozadi__1_-1.png","width":1148,"height":360,"caption":"AYES s.r.o."},"image":{"@id":"https:\/\/www.ayes.cz\/sk\/#\/schema\/logo\/image\/"},"sameAs":["https:\/\/www.facebook.com\/AYEStechnology\/","https:\/\/www.linkedin.com\/company\/ayes3\/"]}]}},"_links":{"self":[{"href":"https:\/\/www.ayes.cz\/sk\/wp-json\/wp\/v2\/pages\/5252","targetHints":{"allow":["GET"]}}],"collection":[{"href":"https:\/\/www.ayes.cz\/sk\/wp-json\/wp\/v2\/pages"}],"about":[{"href":"https:\/\/www.ayes.cz\/sk\/wp-json\/wp\/v2\/types\/page"}],"author":[{"embeddable":true,"href":"https:\/\/www.ayes.cz\/sk\/wp-json\/wp\/v2\/users\/2"}],"replies":[{"embeddable":true,"href":"https:\/\/www.ayes.cz\/sk\/wp-json\/wp\/v2\/comments?post=5252"}],"version-history":[{"count":2,"href":"https:\/\/www.ayes.cz\/sk\/wp-json\/wp\/v2\/pages\/5252\/revisions"}],"predecessor-version":[{"id":5253,"href":"https:\/\/www.ayes.cz\/sk\/wp-json\/wp\/v2\/pages\/5252\/revisions\/5253"}],"up":[{"embeddable":true,"href":"https:\/\/www.ayes.cz\/sk\/wp-json\/wp\/v2\/pages\/5086"}],"wp:featuredmedia":[{"embeddable":true,"href":"https:\/\/www.ayes.cz\/sk\/wp-json\/wp\/v2\/media\/3221"}],"wp:attachment":[{"href":"https:\/\/www.ayes.cz\/sk\/wp-json\/wp\/v2\/media?parent=5252"}],"curies":[{"name":"wp","href":"https:\/\/api.w.org\/{rel}","templated":true}]}}