{"id":5287,"date":"2022-12-21T12:52:37","date_gmt":"2022-12-21T11:52:37","guid":{"rendered":"https:\/\/www.ayes.cz\/produkty\/microsoft-hololens-2-prislusenstvi\/"},"modified":"2024-04-16T10:23:00","modified_gmt":"2024-04-16T08:23:00","slug":"microsoft-hololens-2-prislusenstvo","status":"publish","type":"page","link":"https:\/\/www.ayes.cz\/sk\/produkty\/microsoft-hololens-2-prislusenstvo\/","title":{"rendered":"Microsoft HoloLens 2 pr\u00edslu\u0161enstvo"},"content":{"rendered":"<section class=\"l-section wpb_row height_custom\"><div class=\"l-section-h i-cf\"><div class=\"g-cols vc_row via_flex valign_top type_default stacking_default\"><div class=\"vc_col-sm-12 wpb_column vc_column_container\"><div class=\"vc_column-inner\"><div class=\"wpb_wrapper\"><h1 class=\"w-text us_custom_eb849559\"><span class=\"w-text-h\"><span class=\"w-text-value\">Microsoft HoloLens 2 pr\u00edslu\u0161enstvo<\/span><\/span><\/h1><div class=\"wpb_text_column\"><div class=\"wpb_wrapper\"><p>Vyberte si z ponuky pr\u00edslu\u0161enstva pre smart okuliare Microsoft HoloLens 2, aby ste zv\u00fd\u0161ili bezpe\u010dnos\u0165 \u010di roz\u0161\u00edrili mo\u017enosti pou\u017e\u00edvania zariadenia.<\/p>\n<\/div><\/div><\/div><\/div><\/div><\/div><\/div><\/section><section class=\"l-section wpb_row us_custom_e343dda7 almost-full-width height_custom\" id=\"klipsy-na-helmu\"><div class=\"l-section-h i-cf\"><div class=\"g-cols vc_row via_flex valign_top type_default stacking_default\"><div class=\"vc_col-sm-3\/5 wpb_column vc_column_container\"><div class=\"vc_column-inner\"><div class=\"wpb_wrapper\"><h2 class=\"w-text\"><span class=\"w-text-h\"><span class=\"w-text-value\">Klipy na helmu<\/span><\/span><\/h2><div class=\"wpb_text_column\"><div class=\"wpb_wrapper\"><p>Inovat\u00edvne rie\u0161enie vyvinut\u00e9 na mieru spolo\u010dnos\u0165ou AYES. \u0160peci\u00e1lne klipy na prilby umo\u017e\u0148uj\u00fa bezpe\u010dn\u00e9 pou\u017e\u00edvanie <a href=\"https:\/\/www.ayes.cz\/sk\/produkty\/microsoft-hololens-2\/\">Microsoft HoloLens 2 <\/a> v ter\u00e9ne a v prostred\u00ed, kde sa vy\u017eaduj\u00fa ochrann\u00e9 pom\u00f4cky. Z\u00e1rove\u0148 zni\u017euj\u00fa riziko po\u0161kodenia samotn\u00fdch okuliarov. Viac inform\u00e1ci\u00ed n\u00e1jdete <a href=\"https:\/\/www.ayes.cz\/sk\/novinky-a-akce-sk\/klipy-pro-pripevnenni-bryli-hololens-2-k-prilbe\/\">tu<\/a>.<\/p>\n<\/div><\/div><div class=\"w-separator size_medium\"><\/div><div class=\"w-btn-wrapper align_none\"><a class=\"w-btn us-btn-style_3\" id=\"Klipy na helmu\" href=\"#spu-5112\"><span class=\"w-btn-label\">M\u00e1m z\u00e1ujem<\/span><\/a><\/div><\/div><\/div><\/div><div class=\"vc_col-sm-2\/5 wpb_column vc_column_container\"><div class=\"vc_column-inner\"><div class=\"wpb_wrapper\"><div class=\"w-video align_none ratio_16x9 has_iframe\"><div class=\"w-video-h\"><iframe title=\"Youtube video player\" src=\"\/\/www.youtube.com\/embed\/QmBDDi6dtNQ?autoplay=0&controls=1&origin=https:\/\/www.ayes.cz\/sk\/&loop=0&mute=0\" allowfullscreen=\"1\" loading=\"lazy\"><\/iframe><\/div><div class=\"w-video-icon\" style=\"font-size:1.5rem;background:rgba(0,0,0,0.5);color:#fff\"><\/div><\/div><\/div><\/div><\/div><\/div><\/div><\/section><section class=\"l-section wpb_row us_custom_eeb3f56b height_custom\" id=\"bezpecnostni-pasek\"><div class=\"l-section-h i-cf\"><div class=\"g-cols vc_row via_flex valign_top type_default reversed stacking_default\"><div class=\"vc_col-sm-2\/5 wpb_column vc_column_container\"><div class=\"vc_column-inner\"><div class=\"wpb_wrapper\"><div class=\"w-image has_ratio align_none\"><div class=\"w-image-h\"><div style=\"padding-bottom:56.25%\"><\/div><img decoding=\"async\" width=\"495\" height=\"279\" src=\"https:\/\/www.ayes.cz\/wp-content\/uploads\/2023\/01\/HoloLens_Bezpecnostni-pasek-pod-bradu.png\" class=\"attachment-large size-large\" alt=\"\" loading=\"lazy\" \/><\/div><\/div><\/div><\/div><\/div><div class=\"vc_col-sm-3\/5 wpb_column vc_column_container\"><div class=\"vc_column-inner\"><div class=\"wpb_wrapper\"><h2 class=\"w-text\"><span class=\"w-text-h\"><span class=\"w-text-value\">Bezpe\u010dnostn\u00ed p\u00e1sek pod bradu<\/span><\/span><\/h2><div class=\"wpb_text_column\"><div class=\"wpb_wrapper\"><p>Inovat\u00edvne rie\u0161enie vyvinut\u00e9 na mieru spolo\u010dnos\u0165ou AYES. \u0160peci\u00e1lny remienok pod bradu, ktor\u00fd sa prip\u00e1ja k smart okuliarom <a href=\"https:\/\/www.ayes.cz\/sk\/produkty\/microsoft-hololens-2\/\">Microsoft HoloLens 2 <\/a>. T\u00fdm sa e\u0161te viac zv\u00fd\u0161i komfort nosenia pre oper\u00e1tora a z\u00e1rove\u0148 sa zn\u00ed\u017ei riziko po\u0161kodenia samotn\u00fdch okuliarov.<\/p>\n<\/div><\/div><div class=\"w-separator size_medium\"><\/div><div class=\"w-btn-wrapper align_none\"><a class=\"w-btn us-btn-style_3\" id=\"Bezpe\u010dnostn\u00ed p\u00e1sek pod bradu\" href=\"#spu-5112\"><span class=\"w-btn-label\">M\u00e1m z\u00e1ujem<\/span><\/a><\/div><\/div><\/div><\/div><\/div><\/div><\/section><section class=\"l-section wpb_row us_custom_e343dda7 almost-full-width height_custom\" id=\"ochranne-prepravni-pouzdro\"><div class=\"l-section-h i-cf\"><div class=\"g-cols vc_row via_flex valign_top type_default stacking_default\"><div class=\"vc_col-sm-3\/5 wpb_column vc_column_container\"><div class=\"vc_column-inner\"><div class=\"wpb_wrapper\"><h2 class=\"w-text\"><span class=\"w-text-h\"><span class=\"w-text-value\">Ochrann\u00e9 p\u0159epravn\u00ed pouzdro<\/span><\/span><\/h2><div class=\"wpb_text_column\"><div class=\"wpb_wrapper\"><p>\u013dahk\u00e9 puzdro na ukladanie a prepravu smart okuliarov <a href=\"https:\/\/www.ayes.cz\/sk\/produkty\/microsoft-hololens-2\/\">Microsoft HoloLens 2 <\/a>. Puzdro je polstrovan\u00e9, aby \u010do najlep\u0161ie chr\u00e1nilo samotn\u00e9 zariadenie a vybran\u00e9 pr\u00edslu\u0161enstvo.<\/p>\n<\/div><\/div><div class=\"w-separator size_medium\"><\/div><div class=\"w-btn-wrapper align_none\"><a class=\"w-btn us-btn-style_3\" id=\"Ochrann\u00e9 p\u0159epravn\u00ed pouzdro\" href=\"#spu-5112\"><span class=\"w-btn-label\">M\u00e1m z\u00e1ujem<\/span><\/a><\/div><\/div><\/div><\/div><div class=\"vc_col-sm-2\/5 wpb_column vc_column_container\"><div class=\"vc_column-inner\"><div class=\"wpb_wrapper\"><div class=\"w-image align_none\"><div class=\"w-image-h\"><img decoding=\"async\" width=\"300\" height=\"300\" src=\"https:\/\/www.ayes.cz\/wp-content\/uploads\/2023\/01\/HoloLens_Ochranne-prepravni-pouzdro-300x300.png\" class=\"attachment-medium size-medium\" alt=\"\" loading=\"lazy\" srcset=\"https:\/\/www.ayes.cz\/wp-content\/uploads\/2023\/01\/HoloLens_Ochranne-prepravni-pouzdro-300x300.png 300w, https:\/\/www.ayes.cz\/wp-content\/uploads\/2023\/01\/HoloLens_Ochranne-prepravni-pouzdro-150x150.png 150w, https:\/\/www.ayes.cz\/wp-content\/uploads\/2023\/01\/HoloLens_Ochranne-prepravni-pouzdro-450x450.png 450w, https:\/\/www.ayes.cz\/wp-content\/uploads\/2023\/01\/HoloLens_Ochranne-prepravni-pouzdro.png 500w\" sizes=\"auto, (max-width: 300px) 100vw, 300px\" \/><\/div><\/div><\/div><\/div><\/div><\/div><\/div><\/section><section class=\"l-section wpb_row us_custom_eeb3f56b height_custom\" id=\"popruh-pres-hlavu\"><div class=\"l-section-h i-cf\"><div class=\"g-cols vc_row via_flex valign_top type_default reversed stacking_default\"><div class=\"vc_col-sm-2\/5 wpb_column vc_column_container\"><div class=\"vc_column-inner\"><div class=\"wpb_wrapper\"><div class=\"w-image align_none\"><div class=\"w-image-h\"><img decoding=\"async\" width=\"960\" height=\"541\" src=\"https:\/\/www.ayes.cz\/wp-content\/uploads\/2023\/01\/HoloLens_Popruh-pres-hlavu.png\" class=\"attachment-large size-large\" alt=\"\" loading=\"lazy\" srcset=\"https:\/\/www.ayes.cz\/wp-content\/uploads\/2023\/01\/HoloLens_Popruh-pres-hlavu.png 960w, https:\/\/www.ayes.cz\/wp-content\/uploads\/2023\/01\/HoloLens_Popruh-pres-hlavu-300x169.png 300w, https:\/\/www.ayes.cz\/wp-content\/uploads\/2023\/01\/HoloLens_Popruh-pres-hlavu-600x338.png 600w\" sizes=\"auto, (max-width: 960px) 100vw, 960px\" \/><\/div><\/div><\/div><\/div><\/div><div class=\"vc_col-sm-3\/5 wpb_column vc_column_container\"><div class=\"vc_column-inner\"><div class=\"wpb_wrapper\"><h2 class=\"w-text\"><span class=\"w-text-h\"><span class=\"w-text-value\">Popruh p\u0159es hlavu<\/span><\/span><\/h2><div class=\"wpb_text_column\"><div class=\"wpb_wrapper\"><p>V\u010faka praktick\u00e9mu popruhu na hlavu je nosenie smart okuliarov <a href=\"https:\/\/www.ayes.cz\/sk\/produkty\/microsoft-hololens-2\/\">Microsoft HoloLens 2 <\/a> e\u0161te pohodlnej\u0161ie. V\u010faka popruhu pred\u013a\u017eite \u010das, po\u010das ktor\u00e9ho m\u00f4\u017ee pou\u017e\u00edvate\u013e nosi\u0165 okuliare nepretr\u017eite na hlave.<\/p>\n<\/div><\/div><div class=\"w-separator size_medium\"><\/div><div class=\"w-btn-wrapper align_none\"><a class=\"w-btn us-btn-style_3\" id=\"Popruh p\u0159es hlavu\" href=\"#spu-5112\"><span class=\"w-btn-label\">M\u00e1m z\u00e1ujem<\/span><\/a><\/div><\/div><\/div><\/div><\/div><\/div><\/section><section class=\"l-section wpb_row us_custom_e343dda7 almost-full-width height_custom\" id=\"operka-na-celo\"><div class=\"l-section-h i-cf\"><div class=\"g-cols vc_row via_flex valign_top type_default stacking_default\"><div class=\"vc_col-sm-3\/5 wpb_column vc_column_container\"><div class=\"vc_column-inner\"><div class=\"wpb_wrapper\"><h2 class=\"w-text\"><span class=\"w-text-h\"><span class=\"w-text-value\">Op\u011brka na \u010delo<\/span><\/span><\/h2><div class=\"wpb_text_column\"><div class=\"wpb_wrapper\"><p>Opierka sa k zariadeniu pripev\u0148uje magneticky. Ak ju chcete odpoji\u0165, jednoducho ju jemne odtiahnite. Balenie obsahuje 10 kusov.<\/p>\n<\/div><\/div><div class=\"w-separator size_medium\"><\/div><div class=\"w-btn-wrapper align_none\"><a class=\"w-btn us-btn-style_3\" id=\"Op\u011brka na \u010delo\" href=\"#spu-5112\"><span class=\"w-btn-label\">M\u00e1m z\u00e1ujem<\/span><\/a><\/div><\/div><\/div><\/div><div class=\"vc_col-sm-2\/5 wpb_column vc_column_container\"><div class=\"vc_column-inner\"><div class=\"wpb_wrapper\"><div class=\"w-image has_ratio align_none\"><div class=\"w-image-h\"><div style=\"padding-bottom:56.25%\"><\/div><img decoding=\"async\" width=\"960\" height=\"541\" src=\"https:\/\/www.ayes.cz\/wp-content\/uploads\/2023\/01\/HoloLens_Operka-na-celo.png\" class=\"attachment-large size-large\" alt=\"\" loading=\"lazy\" \/><\/div><\/div><\/div><\/div><\/div><\/div><\/div><\/section><section class=\"l-section wpb_row us_custom_eeb3f56b height_custom\" id=\"nabijecka-kabel-usb-c\"><div class=\"l-section-h i-cf\"><div class=\"g-cols vc_row via_flex valign_top type_default reversed stacking_default\"><div class=\"vc_col-sm-2\/5 wpb_column vc_column_container\"><div class=\"vc_column-inner\"><div class=\"wpb_wrapper\"><div class=\"w-image has_ratio align_none\"><div class=\"w-image-h\"><div style=\"padding-bottom:56.25%\"><\/div><img decoding=\"async\" width=\"495\" height=\"279\" src=\"https:\/\/www.ayes.cz\/wp-content\/uploads\/2023\/01\/HoloLens_Nabijecka-a-kabel-USB-C.png\" class=\"attachment-large size-large\" alt=\"\" loading=\"lazy\" \/><\/div><\/div><\/div><\/div><\/div><div class=\"vc_col-sm-3\/5 wpb_column vc_column_container\"><div class=\"vc_column-inner\"><div class=\"wpb_wrapper\"><h2 class=\"w-text\"><span class=\"w-text-h\"><span class=\"w-text-value\">Nab\u00edje\u010dka a kabel USB-C<\/span><\/span><\/h2><div class=\"wpb_text_column\"><div class=\"wpb_wrapper\"><p>Ofici\u00e1lna nab\u00edja\u010dka spolo\u010dnosti Microsoft. Pripojte k\u00e1bel USB-C k okuliarom a nap\u00e1jaciemu adapt\u00e9ru a nab\u00edjajte. Mo\u017eno ho pou\u017ei\u0165 aj na prenos \u00fadajov z po\u010d\u00edta\u010da.<\/p>\n<\/div><\/div><div class=\"w-separator size_medium\"><\/div><div class=\"w-btn-wrapper align_none\"><a class=\"w-btn us-btn-style_3\" id=\"Nab\u00edje\u010dka a kabel USB-C\" href=\"#spu-5112\"><span class=\"w-btn-label\">M\u00e1m z\u00e1ujem<\/span><\/a><\/div><\/div><\/div><\/div><\/div><\/div><\/section>\n","protected":false},"excerpt":{"rendered":"Microsoft HoloLens 2 pr\u00edslu\u0161enstvoVyberte si z ponuky pr\u00edslu\u0161enstva pre smart okuliare Microsoft HoloLens 2, aby ste zv\u00fd\u0161ili bezpe\u010dnos\u0165 \u010di roz\u0161\u00edrili mo\u017enosti pou\u017e\u00edvania zariadenia. Klipy na helmuInovat\u00edvne rie\u0161enie vyvinut\u00e9 na mieru spolo\u010dnos\u0165ou AYES. \u0160peci\u00e1lne klipy na prilby umo\u017e\u0148uj\u00fa bezpe\u010dn\u00e9 pou\u017e\u00edvanie Microsoft HoloLens 2 v ter\u00e9ne a v prostred\u00ed, kde sa vy\u017eaduj\u00fa ochrann\u00e9 pom\u00f4cky. Z\u00e1rove\u0148 zni\u017euj\u00fa riziko...","protected":false},"author":2,"featured_media":2686,"parent":5086,"menu_order":0,"comment_status":"closed","ping_status":"closed","template":"","meta":{"_acf_changed":false,"footnotes":""},"class_list":["post-5287","page","type-page","status-publish","has-post-thumbnail","hentry"],"acf":[],"yoast_head":"<!-- This site is optimized with the Yoast SEO plugin v24.9 - https:\/\/yoast.com\/wordpress\/plugins\/seo\/ -->\n<title>Microsoft HoloLens 2 pr\u00edslu\u0161enstvo | AYES<\/title>\n<meta name=\"description\" content=\"Vyberte si z nab\u00eddky p\u0159\u00edslu\u0161enstv\u00ed pro chytr\u00e9 br\u00fdle Microsoft HoloLens 2 a zvy\u0161te tak zabezpe\u010den\u00ed nebo roz\u0161i\u0159te vyu\u017eit\u00ed va\u0161eho za\u0159\u00edzen\u00ed.\" \/>\n<meta name=\"robots\" content=\"index, follow, max-snippet:-1, max-image-preview:large, max-video-preview:-1\" \/>\n<link rel=\"canonical\" href=\"https:\/\/www.ayes.cz\/sk\/produkty\/microsoft-hololens-2-prislusenstvo\/\" \/>\n<meta property=\"og:locale\" content=\"sk_SK\" \/>\n<meta property=\"og:type\" content=\"article\" \/>\n<meta property=\"og:title\" content=\"Microsoft HoloLens 2 pr\u00edslu\u0161enstvo | AYES\" \/>\n<meta property=\"og:description\" content=\"Vyberte si z nab\u00eddky p\u0159\u00edslu\u0161enstv\u00ed pro chytr\u00e9 br\u00fdle Microsoft HoloLens 2 a zvy\u0161te tak zabezpe\u010den\u00ed nebo roz\u0161i\u0159te vyu\u017eit\u00ed va\u0161eho za\u0159\u00edzen\u00ed.\" \/>\n<meta property=\"og:url\" content=\"https:\/\/www.ayes.cz\/sk\/produkty\/microsoft-hololens-2-prislusenstvo\/\" \/>\n<meta property=\"og:site_name\" content=\"AYES\" \/>\n<meta property=\"article:publisher\" content=\"https:\/\/www.facebook.com\/AYEStechnology\/\" \/>\n<meta property=\"article:modified_time\" content=\"2024-04-16T08:23:00+00:00\" \/>\n<meta property=\"og:image\" content=\"https:\/\/www.ayes.cz\/wp-content\/uploads\/2023\/01\/Microsoft_Hololens_logo-1.png\" \/>\n\t<meta property=\"og:image:width\" content=\"496\" \/>\n\t<meta property=\"og:image:height\" content=\"280\" \/>\n\t<meta property=\"og:image:type\" content=\"image\/png\" \/>\n<meta name=\"twitter:card\" content=\"summary_large_image\" \/>\n<meta name=\"twitter:label1\" content=\"Predpokladan\u00fd \u010das \u010d\u00edtania\" \/>\n\t<meta name=\"twitter:data1\" content=\"2 min\u00faty\" \/>\n<script type=\"application\/ld+json\" class=\"yoast-schema-graph\">{\"@context\":\"https:\/\/schema.org\",\"@graph\":[{\"@type\":\"WebPage\",\"@id\":\"https:\/\/www.ayes.cz\/sk\/produkty\/microsoft-hololens-2-prislusenstvo\/\",\"url\":\"https:\/\/www.ayes.cz\/sk\/produkty\/microsoft-hololens-2-prislusenstvo\/\",\"name\":\"Microsoft HoloLens 2 pr\u00edslu\u0161enstvo | AYES\",\"isPartOf\":{\"@id\":\"https:\/\/www.ayes.cz\/sk\/#website\"},\"primaryImageOfPage\":{\"@id\":\"https:\/\/www.ayes.cz\/sk\/produkty\/microsoft-hololens-2-prislusenstvo\/#primaryimage\"},\"image\":{\"@id\":\"https:\/\/www.ayes.cz\/sk\/produkty\/microsoft-hololens-2-prislusenstvo\/#primaryimage\"},\"thumbnailUrl\":\"https:\/\/www.ayes.cz\/wp-content\/uploads\/2023\/01\/Microsoft_Hololens_logo-1.png\",\"datePublished\":\"2022-12-21T11:52:37+00:00\",\"dateModified\":\"2024-04-16T08:23:00+00:00\",\"description\":\"Vyberte si z nab\u00eddky p\u0159\u00edslu\u0161enstv\u00ed pro chytr\u00e9 br\u00fdle Microsoft HoloLens 2 a zvy\u0161te tak zabezpe\u010den\u00ed nebo roz\u0161i\u0159te vyu\u017eit\u00ed va\u0161eho za\u0159\u00edzen\u00ed.\",\"breadcrumb\":{\"@id\":\"https:\/\/www.ayes.cz\/sk\/produkty\/microsoft-hololens-2-prislusenstvo\/#breadcrumb\"},\"inLanguage\":\"sk-SK\",\"potentialAction\":[{\"@type\":\"ReadAction\",\"target\":[\"https:\/\/www.ayes.cz\/sk\/produkty\/microsoft-hololens-2-prislusenstvo\/\"]}]},{\"@type\":\"ImageObject\",\"inLanguage\":\"sk-SK\",\"@id\":\"https:\/\/www.ayes.cz\/sk\/produkty\/microsoft-hololens-2-prislusenstvo\/#primaryimage\",\"url\":\"https:\/\/www.ayes.cz\/wp-content\/uploads\/2023\/01\/Microsoft_Hololens_logo-1.png\",\"contentUrl\":\"https:\/\/www.ayes.cz\/wp-content\/uploads\/2023\/01\/Microsoft_Hololens_logo-1.png\",\"width\":496,\"height\":280},{\"@type\":\"BreadcrumbList\",\"@id\":\"https:\/\/www.ayes.cz\/sk\/produkty\/microsoft-hololens-2-prislusenstvo\/#breadcrumb\",\"itemListElement\":[{\"@type\":\"ListItem\",\"position\":1,\"name\":\"Home\",\"item\":\"https:\/\/www.ayes.cz\/sk\/\"},{\"@type\":\"ListItem\",\"position\":2,\"name\":\"Produkty\",\"item\":\"https:\/\/www.ayes.cz\/sk\/produkty\/\"},{\"@type\":\"ListItem\",\"position\":3,\"name\":\"Microsoft HoloLens 2 pr\u00edslu\u0161enstvo\"}]},{\"@type\":\"WebSite\",\"@id\":\"https:\/\/www.ayes.cz\/sk\/#website\",\"url\":\"https:\/\/www.ayes.cz\/sk\/\",\"name\":\"AYES\",\"description\":\"Dal\u0161\u00ed web pou\u017e\u00edvaj\u00edc\u00ed WordPress\",\"publisher\":{\"@id\":\"https:\/\/www.ayes.cz\/sk\/#organization\"},\"potentialAction\":[{\"@type\":\"SearchAction\",\"target\":{\"@type\":\"EntryPoint\",\"urlTemplate\":\"https:\/\/www.ayes.cz\/sk\/?s={search_term_string}\"},\"query-input\":{\"@type\":\"PropertyValueSpecification\",\"valueRequired\":true,\"valueName\":\"search_term_string\"}}],\"inLanguage\":\"sk-SK\"},{\"@type\":\"Organization\",\"@id\":\"https:\/\/www.ayes.cz\/sk\/#organization\",\"name\":\"AYES s.r.o.\",\"url\":\"https:\/\/www.ayes.cz\/sk\/\",\"logo\":{\"@type\":\"ImageObject\",\"inLanguage\":\"sk-SK\",\"@id\":\"https:\/\/www.ayes.cz\/sk\/#\/schema\/logo\/image\/\",\"url\":\"https:\/\/www.ayes.cz\/wp-content\/uploads\/2022\/10\/ayes_logo_bez_pozadi__1_-1.png\",\"contentUrl\":\"https:\/\/www.ayes.cz\/wp-content\/uploads\/2022\/10\/ayes_logo_bez_pozadi__1_-1.png\",\"width\":1148,\"height\":360,\"caption\":\"AYES s.r.o.\"},\"image\":{\"@id\":\"https:\/\/www.ayes.cz\/sk\/#\/schema\/logo\/image\/\"},\"sameAs\":[\"https:\/\/www.facebook.com\/AYEStechnology\/\",\"https:\/\/www.linkedin.com\/company\/ayes3\/\"]}]}<\/script>\n<!-- \/ Yoast SEO plugin. -->","yoast_head_json":{"title":"Microsoft HoloLens 2 pr\u00edslu\u0161enstvo | AYES","description":"Vyberte si z nab\u00eddky p\u0159\u00edslu\u0161enstv\u00ed pro chytr\u00e9 br\u00fdle Microsoft HoloLens 2 a zvy\u0161te tak zabezpe\u010den\u00ed nebo roz\u0161i\u0159te vyu\u017eit\u00ed va\u0161eho za\u0159\u00edzen\u00ed.","robots":{"index":"index","follow":"follow","max-snippet":"max-snippet:-1","max-image-preview":"max-image-preview:large","max-video-preview":"max-video-preview:-1"},"canonical":"https:\/\/www.ayes.cz\/sk\/produkty\/microsoft-hololens-2-prislusenstvo\/","og_locale":"sk_SK","og_type":"article","og_title":"Microsoft HoloLens 2 pr\u00edslu\u0161enstvo | AYES","og_description":"Vyberte si z nab\u00eddky p\u0159\u00edslu\u0161enstv\u00ed pro chytr\u00e9 br\u00fdle Microsoft HoloLens 2 a zvy\u0161te tak zabezpe\u010den\u00ed nebo roz\u0161i\u0159te vyu\u017eit\u00ed va\u0161eho za\u0159\u00edzen\u00ed.","og_url":"https:\/\/www.ayes.cz\/sk\/produkty\/microsoft-hololens-2-prislusenstvo\/","og_site_name":"AYES","article_publisher":"https:\/\/www.facebook.com\/AYEStechnology\/","article_modified_time":"2024-04-16T08:23:00+00:00","og_image":[{"width":496,"height":280,"url":"https:\/\/www.ayes.cz\/wp-content\/uploads\/2023\/01\/Microsoft_Hololens_logo-1.png","type":"image\/png"}],"twitter_card":"summary_large_image","twitter_misc":{"Predpokladan\u00fd \u010das \u010d\u00edtania":"2 min\u00faty"},"schema":{"@context":"https:\/\/schema.org","@graph":[{"@type":"WebPage","@id":"https:\/\/www.ayes.cz\/sk\/produkty\/microsoft-hololens-2-prislusenstvo\/","url":"https:\/\/www.ayes.cz\/sk\/produkty\/microsoft-hololens-2-prislusenstvo\/","name":"Microsoft HoloLens 2 pr\u00edslu\u0161enstvo | AYES","isPartOf":{"@id":"https:\/\/www.ayes.cz\/sk\/#website"},"primaryImageOfPage":{"@id":"https:\/\/www.ayes.cz\/sk\/produkty\/microsoft-hololens-2-prislusenstvo\/#primaryimage"},"image":{"@id":"https:\/\/www.ayes.cz\/sk\/produkty\/microsoft-hololens-2-prislusenstvo\/#primaryimage"},"thumbnailUrl":"https:\/\/www.ayes.cz\/wp-content\/uploads\/2023\/01\/Microsoft_Hololens_logo-1.png","datePublished":"2022-12-21T11:52:37+00:00","dateModified":"2024-04-16T08:23:00+00:00","description":"Vyberte si z nab\u00eddky p\u0159\u00edslu\u0161enstv\u00ed pro chytr\u00e9 br\u00fdle Microsoft HoloLens 2 a zvy\u0161te tak zabezpe\u010den\u00ed nebo roz\u0161i\u0159te vyu\u017eit\u00ed va\u0161eho za\u0159\u00edzen\u00ed.","breadcrumb":{"@id":"https:\/\/www.ayes.cz\/sk\/produkty\/microsoft-hololens-2-prislusenstvo\/#breadcrumb"},"inLanguage":"sk-SK","potentialAction":[{"@type":"ReadAction","target":["https:\/\/www.ayes.cz\/sk\/produkty\/microsoft-hololens-2-prislusenstvo\/"]}]},{"@type":"ImageObject","inLanguage":"sk-SK","@id":"https:\/\/www.ayes.cz\/sk\/produkty\/microsoft-hololens-2-prislusenstvo\/#primaryimage","url":"https:\/\/www.ayes.cz\/wp-content\/uploads\/2023\/01\/Microsoft_Hololens_logo-1.png","contentUrl":"https:\/\/www.ayes.cz\/wp-content\/uploads\/2023\/01\/Microsoft_Hololens_logo-1.png","width":496,"height":280},{"@type":"BreadcrumbList","@id":"https:\/\/www.ayes.cz\/sk\/produkty\/microsoft-hololens-2-prislusenstvo\/#breadcrumb","itemListElement":[{"@type":"ListItem","position":1,"name":"Home","item":"https:\/\/www.ayes.cz\/sk\/"},{"@type":"ListItem","position":2,"name":"Produkty","item":"https:\/\/www.ayes.cz\/sk\/produkty\/"},{"@type":"ListItem","position":3,"name":"Microsoft HoloLens 2 pr\u00edslu\u0161enstvo"}]},{"@type":"WebSite","@id":"https:\/\/www.ayes.cz\/sk\/#website","url":"https:\/\/www.ayes.cz\/sk\/","name":"AYES","description":"Dal\u0161\u00ed web pou\u017e\u00edvaj\u00edc\u00ed WordPress","publisher":{"@id":"https:\/\/www.ayes.cz\/sk\/#organization"},"potentialAction":[{"@type":"SearchAction","target":{"@type":"EntryPoint","urlTemplate":"https:\/\/www.ayes.cz\/sk\/?s={search_term_string}"},"query-input":{"@type":"PropertyValueSpecification","valueRequired":true,"valueName":"search_term_string"}}],"inLanguage":"sk-SK"},{"@type":"Organization","@id":"https:\/\/www.ayes.cz\/sk\/#organization","name":"AYES s.r.o.","url":"https:\/\/www.ayes.cz\/sk\/","logo":{"@type":"ImageObject","inLanguage":"sk-SK","@id":"https:\/\/www.ayes.cz\/sk\/#\/schema\/logo\/image\/","url":"https:\/\/www.ayes.cz\/wp-content\/uploads\/2022\/10\/ayes_logo_bez_pozadi__1_-1.png","contentUrl":"https:\/\/www.ayes.cz\/wp-content\/uploads\/2022\/10\/ayes_logo_bez_pozadi__1_-1.png","width":1148,"height":360,"caption":"AYES s.r.o."},"image":{"@id":"https:\/\/www.ayes.cz\/sk\/#\/schema\/logo\/image\/"},"sameAs":["https:\/\/www.facebook.com\/AYEStechnology\/","https:\/\/www.linkedin.com\/company\/ayes3\/"]}]}},"_links":{"self":[{"href":"https:\/\/www.ayes.cz\/sk\/wp-json\/wp\/v2\/pages\/5287","targetHints":{"allow":["GET"]}}],"collection":[{"href":"https:\/\/www.ayes.cz\/sk\/wp-json\/wp\/v2\/pages"}],"about":[{"href":"https:\/\/www.ayes.cz\/sk\/wp-json\/wp\/v2\/types\/page"}],"author":[{"embeddable":true,"href":"https:\/\/www.ayes.cz\/sk\/wp-json\/wp\/v2\/users\/2"}],"replies":[{"embeddable":true,"href":"https:\/\/www.ayes.cz\/sk\/wp-json\/wp\/v2\/comments?post=5287"}],"version-history":[{"count":4,"href":"https:\/\/www.ayes.cz\/sk\/wp-json\/wp\/v2\/pages\/5287\/revisions"}],"predecessor-version":[{"id":24992,"href":"https:\/\/www.ayes.cz\/sk\/wp-json\/wp\/v2\/pages\/5287\/revisions\/24992"}],"up":[{"embeddable":true,"href":"https:\/\/www.ayes.cz\/sk\/wp-json\/wp\/v2\/pages\/5086"}],"wp:featuredmedia":[{"embeddable":true,"href":"https:\/\/www.ayes.cz\/sk\/wp-json\/wp\/v2\/media\/2686"}],"wp:attachment":[{"href":"https:\/\/www.ayes.cz\/sk\/wp-json\/wp\/v2\/media?parent=5287"}],"curies":[{"name":"wp","href":"https:\/\/api.w.org\/{rel}","templated":true}]}}