{"id":5293,"date":"2022-12-21T13:07:18","date_gmt":"2022-12-21T12:07:18","guid":{"rendered":"https:\/\/www.ayes.cz\/produkty\/moziware-cimo-prislusenstvi\/"},"modified":"2024-04-16T10:27:36","modified_gmt":"2024-04-16T08:27:36","slug":"moziware-cimo-prislusenstvi","status":"publish","type":"page","link":"https:\/\/www.ayes.cz\/sk\/produkty\/moziware-cimo-prislusenstvi\/","title":{"rendered":"m\u014dziware c\u0131m\u014d pr\u00edslu\u0161enstvo"},"content":{"rendered":"<section class=\"l-section wpb_row height_custom\"><div class=\"l-section-h i-cf\"><div class=\"g-cols vc_row via_flex valign_top type_default stacking_default\"><div class=\"vc_col-sm-12 wpb_column vc_column_container\"><div class=\"vc_column-inner\"><div class=\"wpb_wrapper\"><h1 class=\"w-text us_custom_eb849559\"><span class=\"w-text-h\"><span class=\"w-text-value\">m\u014dziware c\u0131m\u014d p\u0159\u00edslu\u0161enstv\u00ed<\/span><\/span><\/h1><div class=\"wpb_text_column\"><div class=\"wpb_wrapper\"><p style=\"text-align: center;\">Vyberte si z ponuky pr\u00edslu\u0161enstva pre smart okuliare m\u014dziware c\u0131m\u014d, aby ste zv\u00fd\u0161ili bezpe\u010dnos\u0165 a roz\u0161\u00edrili mo\u017enosti pou\u017e\u00edvania zariadenia.<\/p>\n<\/div><\/div><\/div><\/div><\/div><\/div><\/div><\/section><section class=\"l-section wpb_row us_custom_e343dda7 almost-full-width height_custom\" id=\"powerbanka\"><div class=\"l-section-h i-cf\"><div class=\"g-cols vc_row via_flex valign_top type_default stacking_default\"><div class=\"vc_col-sm-3\/5 wpb_column vc_column_container\"><div class=\"vc_column-inner\"><div class=\"wpb_wrapper\"><h2 class=\"w-text\"><span class=\"w-text-h\"><span class=\"w-text-value\">Powerbanka (5000 mAh)<\/span><\/span><\/h2><div class=\"wpb_text_column\"><div class=\"wpb_wrapper\"><p>Extern\u00e1 powerbanka sa pou\u017e\u00edva na nab\u00edjanie modelu <a href=\"https:\/\/www.ayes.cz\/sk\/produkty\/moziware-cimo\/\">c\u0131m\u014d<\/a>. Podstatne predl\u017euje \u010das jeho pou\u017e\u00edvania. Je ur\u010den\u00e1 na pripevnenie na prilbu alebo \u010delenku a k zariadeniu sa prip\u00e1ja pomocou k\u00e1bla USB-C.<\/p>\n<\/div><\/div><div class=\"w-separator size_medium\"><\/div><div class=\"w-btn-wrapper align_none\"><a class=\"w-btn us-btn-style_3\" id=\"#spu-5112\" href=\"#spu-5112\"><span class=\"w-btn-label\">M\u00e1m z\u00e1jem<\/span><\/a><\/div><\/div><\/div><\/div><div class=\"vc_col-sm-2\/5 wpb_column vc_column_container\"><div class=\"vc_column-inner\"><div class=\"wpb_wrapper\"><div class=\"w-image has_ratio align_none\"><div class=\"w-image-h\"><div style=\"padding-bottom:56.25%\"><\/div><img decoding=\"async\" width=\"960\" height=\"541\" src=\"https:\/\/www.ayes.cz\/wp-content\/uploads\/2023\/01\/moziware-cimo_Powerbanka.png\" class=\"attachment-large size-large\" alt=\"\" loading=\"lazy\" \/><\/div><\/div><\/div><\/div><\/div><\/div><\/div><\/section><section class=\"l-section wpb_row us_custom_eeb3f56b height_custom\" id=\"celenka\"><div class=\"l-section-h i-cf\"><div class=\"g-cols vc_row via_flex valign_top type_default reversed stacking_default\"><div class=\"vc_col-sm-2\/5 wpb_column vc_column_container\"><div class=\"vc_column-inner\"><div class=\"wpb_wrapper\"><div class=\"w-image has_ratio align_none\"><div class=\"w-image-h\"><div style=\"padding-bottom:56.25%\"><\/div><img decoding=\"async\" width=\"960\" height=\"541\" src=\"https:\/\/www.ayes.cz\/wp-content\/uploads\/2023\/01\/moziware-cimo_Celenka.png\" class=\"attachment-large size-large\" alt=\"\" loading=\"lazy\" \/><\/div><\/div><\/div><\/div><\/div><div class=\"vc_col-sm-3\/5 wpb_column vc_column_container\"><div class=\"vc_column-inner\"><div class=\"wpb_wrapper\"><h2 class=\"w-text\"><span class=\"w-text-h\"><span class=\"w-text-value\">\u010celenka<\/span><\/span><\/h2><div class=\"wpb_text_column\"><div class=\"wpb_wrapper\"><p>Nastavite\u013en\u00e1 \u010delenka je \u0161peci\u00e1lne navrhnut\u00e1 na pohodln\u00e9 celodenn\u00e9 pou\u017e\u00edvanie modelu <a href=\"https:\/\/www.ayes.cz\/sk\/produkty\/moziware-cimo\/\">c\u0131m\u014d<\/a>. Poskytuje bezpe\u010dn\u00e9 uchytenie a pohodln\u00e9 nosenie po\u010das celej zmeny bez potreby nasadenia pevnej pokr\u00fdvky hlavy.<\/p>\n<\/div><\/div><div class=\"w-separator size_medium\"><\/div><div class=\"w-btn-wrapper align_none\"><a class=\"w-btn us-btn-style_3\" id=\"\u010celenka\" href=\"#spu-5112\"><span class=\"w-btn-label\">M\u00e1m z\u00e1jem<\/span><\/a><\/div><\/div><\/div><\/div><\/div><\/div><\/section><section class=\"l-section wpb_row us_custom_e343dda7 almost-full-width height_custom\" id=\"drzak-pridavneho-prislusenstvi\"><div class=\"l-section-h i-cf\"><div class=\"g-cols vc_row via_flex valign_top type_default stacking_default\"><div class=\"vc_col-sm-3\/5 wpb_column vc_column_container\"><div class=\"vc_column-inner\"><div class=\"wpb_wrapper\"><h2 class=\"w-text\"><span class=\"w-text-h\"><span class=\"w-text-value\">Dr\u017e\u00e1k p\u0159\u00eddavn\u00e9ho p\u0159\u00edslu\u0161enstv\u00ed<\/span><\/span><\/h2><div class=\"wpb_text_column\"><div class=\"wpb_wrapper\"><p>Dr\u017eiak sa jednoducho pripevn\u00ed na \u010delenku a sl\u00fa\u017ei na pripevnenie \u010fal\u0161ieho pr\u00edslu\u0161enstva (napr. powerbanky, modemu LTE at\u010f.).<\/p>\n<\/div><\/div><div class=\"w-separator size_medium\"><\/div><div class=\"w-btn-wrapper align_none\"><a class=\"w-btn us-btn-style_3\" id=\"Dr\u017e\u00e1k p\u0159\u00eddavn\u00e9ho p\u0159\u00edslu\u0161enstv\u00ed\" href=\"#spu-5112\"><span class=\"w-btn-label\">M\u00e1m z\u00e1jem<\/span><\/a><\/div><\/div><\/div><\/div><div class=\"vc_col-sm-2\/5 wpb_column vc_column_container\"><div class=\"vc_column-inner\"><div class=\"wpb_wrapper\"><div class=\"w-image has_ratio align_none\"><div class=\"w-image-h\"><div style=\"padding-bottom:56.25%\"><\/div><img decoding=\"async\" width=\"960\" height=\"541\" src=\"https:\/\/www.ayes.cz\/wp-content\/uploads\/2023\/01\/moziware-cimo_Drzak-pridavneho-prislusenstvi.png\" class=\"attachment-large size-large\" alt=\"\" loading=\"lazy\" \/><\/div><\/div><\/div><\/div><\/div><\/div><\/div><\/section><section class=\"l-section wpb_row us_custom_eeb3f56b height_custom\" id=\"klipy-na-helmu-uchyceni-moziware\"><div class=\"l-section-h i-cf\"><div class=\"g-cols vc_row via_flex valign_top type_default reversed stacking_default\"><div class=\"vc_col-sm-2\/5 wpb_column vc_column_container\"><div class=\"vc_column-inner\"><div class=\"wpb_wrapper\"><div class=\"w-image has_ratio align_none\"><div class=\"w-image-h\"><div style=\"padding-bottom:56.25%\"><\/div><img decoding=\"async\" width=\"960\" height=\"541\" src=\"https:\/\/www.ayes.cz\/wp-content\/uploads\/2023\/01\/moziware-cimo_Klipy-na-helmu-uchyceni-moziware-cimo.png\" class=\"attachment-large size-large\" alt=\"\" loading=\"lazy\" \/><\/div><\/div><\/div><\/div><\/div><div class=\"vc_col-sm-3\/5 wpb_column vc_column_container\"><div class=\"vc_column-inner\"><div class=\"wpb_wrapper\"><h2 class=\"w-text\"><span class=\"w-text-h\"><span class=\"w-text-value\">Klipy na helmu (uchycen\u00ed m\u014dziware c\u0131m\u014d)<\/span><\/span><\/h2><div class=\"wpb_text_column\"><div class=\"wpb_wrapper\"><p>Sl\u00fa\u017ei na pripevnenie modelu c\u0131m\u014d k bezpe\u010dnostnej prilbe MSA V-Gard. S\u00fa\u010das\u0165ou balenia s\u00fa dva klipy (\u013eav\u00e9 alebo prav\u00e9 upevnenie).<\/p>\n<\/div><\/div><div class=\"w-separator size_medium\"><\/div><div class=\"w-btn-wrapper align_none\"><a class=\"w-btn us-btn-style_3\" id=\"Klipy na helmu (uchycen\u00ed m\u014dziware c\u0131m\u014d)\" href=\"#spu-5112\"><span class=\"w-btn-label\">M\u00e1m z\u00e1jem<\/span><\/a><\/div><\/div><\/div><\/div><\/div><\/div><\/section><section class=\"l-section wpb_row us_custom_e343dda7 almost-full-width height_custom\" id=\"klipy-na-helmu-uchyceni-prislusenstvi\"><div class=\"l-section-h i-cf\"><div class=\"g-cols vc_row via_flex valign_top type_default stacking_default\"><div class=\"vc_col-sm-3\/5 wpb_column vc_column_container\"><div class=\"vc_column-inner\"><div class=\"wpb_wrapper\"><h2 class=\"w-text\"><span class=\"w-text-h\"><span class=\"w-text-value\">Klipy na helmu (uchycen\u00ed p\u0159\u00edslu\u0161enstv\u00ed)<\/span><\/span><\/h2><div class=\"wpb_text_column\"><div class=\"wpb_wrapper\"><p>Sl\u00fa\u017ei na pripojenie dodato\u010dn\u00e9ho pr\u00edslu\u0161enstva k bezpe\u010dnostnej prilbe MSA V-Gard (napr. power banka, LTE modem at\u010f.). Klip je univerz\u00e1lny pre \u013eav\u00fa aj prav\u00fa stranu.<\/p>\n<\/div><\/div><div class=\"w-separator size_medium\"><\/div><div class=\"w-btn-wrapper align_none\"><a class=\"w-btn us-btn-style_3\" id=\"Klipy na helmu (uchycen\u00ed p\u0159\u00edslu\u0161enstv\u00ed)\" href=\"#spu-5112\"><span class=\"w-btn-label\">M\u00e1m z\u00e1jem<\/span><\/a><\/div><\/div><\/div><\/div><div class=\"vc_col-sm-2\/5 wpb_column vc_column_container\"><div class=\"vc_column-inner\"><div class=\"wpb_wrapper\"><div class=\"w-image has_ratio align_none\"><div class=\"w-image-h\"><div style=\"padding-bottom:56.25%\"><\/div><img decoding=\"async\" width=\"960\" height=\"541\" src=\"https:\/\/www.ayes.cz\/wp-content\/uploads\/2023\/01\/moziware-cimo_Klipy-na-helmu-pridavne-prislusenstvi.png\" class=\"attachment-large size-large\" alt=\"\" loading=\"lazy\" \/><\/div><\/div><\/div><\/div><\/div><\/div><\/div><\/section><section class=\"l-section wpb_row us_custom_eeb3f56b height_custom\" id=\"multifunkcni-opasek-na-prislusenstvi\"><div class=\"l-section-h i-cf\"><div class=\"g-cols vc_row via_flex valign_top type_default reversed stacking_default\"><div class=\"vc_col-sm-2\/5 wpb_column vc_column_container\"><div class=\"vc_column-inner\"><div class=\"wpb_wrapper\"><div class=\"w-image has_ratio align_none\"><div class=\"w-image-h\"><div style=\"padding-bottom:56.25%\"><\/div><img decoding=\"async\" width=\"960\" height=\"541\" src=\"https:\/\/www.ayes.cz\/wp-content\/uploads\/2023\/01\/moziware-cimo_Multifunkcni-opasek-na-prislusenstvi.png\" class=\"attachment-large size-large\" alt=\"\" loading=\"lazy\" \/><\/div><\/div><\/div><\/div><\/div><div class=\"vc_col-sm-3\/5 wpb_column vc_column_container\"><div class=\"vc_column-inner\"><div class=\"wpb_wrapper\"><h2 class=\"w-text\" id=\"multifunkcni-opasek\"><span class=\"w-text-h\"><span class=\"w-text-value\">Multifunk\u010dn\u00ed opasek na p\u0159\u00edslu\u0161enstv\u00ed<\/span><\/span><\/h2><div class=\"wpb_text_column\"><div class=\"wpb_wrapper\"><p>Ur\u010den\u00fd na nosenie ako be\u017en\u00fd pracovn\u00fd opasok. Sl\u00fa\u017ei na ulo\u017eenie pr\u00edslu\u0161enstva, ako je powerbanka, LTE modem, USB k\u00e1bel at\u010f.<\/p>\n<\/div><\/div><div class=\"w-separator size_medium\"><\/div><div class=\"w-btn-wrapper align_none\"><a class=\"w-btn us-btn-style_3\" id=\"Multifunk\u010dn\u00ed opasek na p\u0159\u00edslu\u0161enstv\u00ed\" href=\"#spu-5112\"><span class=\"w-btn-label\">M\u00e1m z\u00e1jem<\/span><\/a><\/div><\/div><\/div><\/div><\/div><\/div><\/section><section class=\"l-section wpb_row us_custom_e343dda7 almost-full-width height_custom\" id=\"usb-rychlonabijecka\"><div class=\"l-section-h i-cf\"><div class=\"g-cols vc_row via_flex valign_top type_default stacking_default\"><div class=\"vc_col-sm-3\/5 wpb_column vc_column_container\"><div class=\"vc_column-inner\"><div class=\"wpb_wrapper\"><h2 class=\"w-text\"><span class=\"w-text-h\"><span class=\"w-text-value\">USB rychlonab\u00edje\u010dka<\/span><\/span><\/h2><div class=\"wpb_text_column\"><div class=\"wpb_wrapper\"><p>Pou\u017e\u00edva sa na nab\u00edjanie modelu <a href=\"https:\/\/www.ayes.cz\/sk\/produkty\/moziware-cimo\/\">c\u0131m\u014d<\/a>. Nab\u00edjac\u00ed k\u00e1bel nie je s\u00fa\u010das\u0165ou balenia.<\/p>\n<\/div><\/div><div class=\"w-separator size_medium\"><\/div><div class=\"w-btn-wrapper align_none\"><a class=\"w-btn us-btn-style_3\" id=\"USB rychlonab\u00edje\u010dka\" href=\"#spu-5112\"><span class=\"w-btn-label\">M\u00e1m z\u00e1jem<\/span><\/a><\/div><\/div><\/div><\/div><div class=\"vc_col-sm-2\/5 wpb_column vc_column_container\"><div class=\"vc_column-inner\"><div class=\"wpb_wrapper\"><div class=\"w-image has_ratio align_left\"><div class=\"w-image-h\"><div style=\"padding-bottom:56.25%\"><\/div><img decoding=\"async\" width=\"960\" height=\"541\" src=\"https:\/\/www.ayes.cz\/wp-content\/uploads\/2023\/01\/moziware-cimo_USB-rychlonabijecka.png\" class=\"attachment-large size-large\" alt=\"\" loading=\"lazy\" \/><\/div><\/div><\/div><\/div><\/div><\/div><\/div><\/section><section class=\"l-section wpb_row us_custom_eeb3f56b height_custom\" id=\"ochranne-prepravni-pouzdro\"><div class=\"l-section-h i-cf\"><div class=\"g-cols vc_row via_flex valign_top type_default reversed stacking_default\"><div class=\"vc_col-sm-2\/5 wpb_column vc_column_container\"><div class=\"vc_column-inner\"><div class=\"wpb_wrapper\"><div class=\"w-image has_ratio align_none\"><div class=\"w-image-h\"><div style=\"padding-bottom:56.25%\"><\/div><img decoding=\"async\" width=\"960\" height=\"541\" src=\"https:\/\/www.ayes.cz\/wp-content\/uploads\/2023\/01\/moziware-cimo_Ochranne-prepravni-pouzdro.png\" class=\"attachment-large size-large\" alt=\"\" loading=\"lazy\" \/><\/div><\/div><\/div><\/div><\/div><div class=\"vc_col-sm-3\/5 wpb_column vc_column_container\"><div class=\"vc_column-inner\"><div class=\"wpb_wrapper\"><h2 class=\"w-text\"><span class=\"w-text-h\"><span class=\"w-text-value\">Ochrann\u00e9 p\u0159epravn\u00ed pouzdro<\/span><\/span><\/h2><div class=\"wpb_text_column\"><div class=\"wpb_wrapper\"><p>Kufr\u00edk sa pou\u017e\u00edva na prepravu m\u014dziware <a href=\"https:\/\/www.ayes.cz\/sk\/produkty\/moziware-cimo\/\">m\u014dziware c\u0131m\u014d<\/a> a jeho pr\u00edslu\u0161enstva. Je vyroben\u00fd z kvalitn\u00e9ho vodeodoln\u00e9ho materi\u00e1lu so zap\u00ednan\u00edm na zips.<\/p>\n<\/div><\/div><div class=\"w-separator size_medium\"><\/div><div class=\"w-btn-wrapper align_none\"><a class=\"w-btn us-btn-style_3\" id=\"Ochrann\u00e9 p\u0159epravn\u00ed pouzdro\" href=\"#spu-5112\"><span class=\"w-btn-label\">M\u00e1m z\u00e1jem<\/span><\/a><\/div><\/div><\/div><\/div><\/div><\/div><\/section>\n","protected":false},"excerpt":{"rendered":"m\u014dziware c\u0131m\u014d p\u0159\u00edslu\u0161enstv\u00edVyberte si z ponuky pr\u00edslu\u0161enstva pre smart okuliare m\u014dziware c\u0131m\u014d, aby ste zv\u00fd\u0161ili bezpe\u010dnos\u0165 a roz\u0161\u00edrili mo\u017enosti pou\u017e\u00edvania zariadenia. Powerbanka (5000 mAh)Extern\u00e1 powerbanka sa pou\u017e\u00edva na nab\u00edjanie modelu c\u0131m\u014d. Podstatne predl\u017euje \u010das jeho pou\u017e\u00edvania. Je ur\u010den\u00e1 na pripevnenie na prilbu alebo \u010delenku a k zariadeniu sa prip\u00e1ja pomocou k\u00e1bla USB-C. M\u00e1m z\u00e1jem\u010celenkaNastavite\u013en\u00e1 \u010delenka...","protected":false},"author":2,"featured_media":2679,"parent":5086,"menu_order":0,"comment_status":"closed","ping_status":"closed","template":"","meta":{"_acf_changed":false,"footnotes":""},"class_list":["post-5293","page","type-page","status-publish","has-post-thumbnail","hentry"],"acf":[],"yoast_head":"<!-- This site is optimized with the Yoast SEO plugin v24.9 - https:\/\/yoast.com\/wordpress\/plugins\/seo\/ -->\n<title>m\u014dziware c\u0131m\u014d pr\u00edslu\u0161enstvo | AYES<\/title>\n<meta name=\"description\" content=\"Vyberte si z nab\u00eddky p\u0159\u00edslu\u0161enstv\u00ed pro chytr\u00e9 br\u00fdle m\u014dziware c\u0131m\u014d a zvy\u0161te tak zabezpe\u010den\u00ed nebo roz\u0161i\u0159te vyu\u017eit\u00ed va\u0161eho za\u0159\u00edzen\u00ed.\" \/>\n<meta name=\"robots\" content=\"index, follow, max-snippet:-1, max-image-preview:large, max-video-preview:-1\" \/>\n<link rel=\"canonical\" href=\"https:\/\/www.ayes.cz\/sk\/produkty\/moziware-cimo-prislusenstvi\/\" \/>\n<meta property=\"og:locale\" content=\"sk_SK\" \/>\n<meta property=\"og:type\" content=\"article\" \/>\n<meta property=\"og:title\" content=\"m\u014dziware c\u0131m\u014d pr\u00edslu\u0161enstvo | AYES\" \/>\n<meta property=\"og:description\" content=\"Vyberte si z nab\u00eddky p\u0159\u00edslu\u0161enstv\u00ed pro chytr\u00e9 br\u00fdle m\u014dziware c\u0131m\u014d a zvy\u0161te tak zabezpe\u010den\u00ed nebo roz\u0161i\u0159te vyu\u017eit\u00ed va\u0161eho za\u0159\u00edzen\u00ed.\" \/>\n<meta property=\"og:url\" content=\"https:\/\/www.ayes.cz\/sk\/produkty\/moziware-cimo-prislusenstvi\/\" \/>\n<meta property=\"og:site_name\" content=\"AYES\" \/>\n<meta property=\"article:publisher\" content=\"https:\/\/www.facebook.com\/AYEStechnology\/\" \/>\n<meta property=\"article:modified_time\" content=\"2024-04-16T08:27:36+00:00\" \/>\n<meta property=\"og:image\" content=\"https:\/\/www.ayes.cz\/wp-content\/uploads\/2023\/01\/moziware_logo.png\" \/>\n\t<meta property=\"og:image:width\" content=\"628\" \/>\n\t<meta property=\"og:image:height\" content=\"628\" \/>\n\t<meta property=\"og:image:type\" content=\"image\/png\" \/>\n<meta name=\"twitter:card\" content=\"summary_large_image\" \/>\n<meta name=\"twitter:label1\" content=\"Predpokladan\u00fd \u010das \u010d\u00edtania\" \/>\n\t<meta name=\"twitter:data1\" content=\"2 min\u00faty\" \/>\n<script type=\"application\/ld+json\" class=\"yoast-schema-graph\">{\"@context\":\"https:\/\/schema.org\",\"@graph\":[{\"@type\":\"WebPage\",\"@id\":\"https:\/\/www.ayes.cz\/sk\/produkty\/moziware-cimo-prislusenstvi\/\",\"url\":\"https:\/\/www.ayes.cz\/sk\/produkty\/moziware-cimo-prislusenstvi\/\",\"name\":\"m\u014dziware c\u0131m\u014d pr\u00edslu\u0161enstvo | AYES\",\"isPartOf\":{\"@id\":\"https:\/\/www.ayes.cz\/sk\/#website\"},\"primaryImageOfPage\":{\"@id\":\"https:\/\/www.ayes.cz\/sk\/produkty\/moziware-cimo-prislusenstvi\/#primaryimage\"},\"image\":{\"@id\":\"https:\/\/www.ayes.cz\/sk\/produkty\/moziware-cimo-prislusenstvi\/#primaryimage\"},\"thumbnailUrl\":\"https:\/\/www.ayes.cz\/wp-content\/uploads\/2023\/01\/moziware_logo.png\",\"datePublished\":\"2022-12-21T12:07:18+00:00\",\"dateModified\":\"2024-04-16T08:27:36+00:00\",\"description\":\"Vyberte si z nab\u00eddky p\u0159\u00edslu\u0161enstv\u00ed pro chytr\u00e9 br\u00fdle m\u014dziware c\u0131m\u014d a zvy\u0161te tak zabezpe\u010den\u00ed nebo roz\u0161i\u0159te vyu\u017eit\u00ed va\u0161eho za\u0159\u00edzen\u00ed.\",\"breadcrumb\":{\"@id\":\"https:\/\/www.ayes.cz\/sk\/produkty\/moziware-cimo-prislusenstvi\/#breadcrumb\"},\"inLanguage\":\"sk-SK\",\"potentialAction\":[{\"@type\":\"ReadAction\",\"target\":[\"https:\/\/www.ayes.cz\/sk\/produkty\/moziware-cimo-prislusenstvi\/\"]}]},{\"@type\":\"ImageObject\",\"inLanguage\":\"sk-SK\",\"@id\":\"https:\/\/www.ayes.cz\/sk\/produkty\/moziware-cimo-prislusenstvi\/#primaryimage\",\"url\":\"https:\/\/www.ayes.cz\/wp-content\/uploads\/2023\/01\/moziware_logo.png\",\"contentUrl\":\"https:\/\/www.ayes.cz\/wp-content\/uploads\/2023\/01\/moziware_logo.png\",\"width\":628,\"height\":628},{\"@type\":\"BreadcrumbList\",\"@id\":\"https:\/\/www.ayes.cz\/sk\/produkty\/moziware-cimo-prislusenstvi\/#breadcrumb\",\"itemListElement\":[{\"@type\":\"ListItem\",\"position\":1,\"name\":\"Home\",\"item\":\"https:\/\/www.ayes.cz\/sk\/\"},{\"@type\":\"ListItem\",\"position\":2,\"name\":\"Produkty\",\"item\":\"https:\/\/www.ayes.cz\/sk\/produkty\/\"},{\"@type\":\"ListItem\",\"position\":3,\"name\":\"m\u014dziware c\u0131m\u014d pr\u00edslu\u0161enstvo\"}]},{\"@type\":\"WebSite\",\"@id\":\"https:\/\/www.ayes.cz\/sk\/#website\",\"url\":\"https:\/\/www.ayes.cz\/sk\/\",\"name\":\"AYES\",\"description\":\"Dal\u0161\u00ed web pou\u017e\u00edvaj\u00edc\u00ed WordPress\",\"publisher\":{\"@id\":\"https:\/\/www.ayes.cz\/sk\/#organization\"},\"potentialAction\":[{\"@type\":\"SearchAction\",\"target\":{\"@type\":\"EntryPoint\",\"urlTemplate\":\"https:\/\/www.ayes.cz\/sk\/?s={search_term_string}\"},\"query-input\":{\"@type\":\"PropertyValueSpecification\",\"valueRequired\":true,\"valueName\":\"search_term_string\"}}],\"inLanguage\":\"sk-SK\"},{\"@type\":\"Organization\",\"@id\":\"https:\/\/www.ayes.cz\/sk\/#organization\",\"name\":\"AYES s.r.o.\",\"url\":\"https:\/\/www.ayes.cz\/sk\/\",\"logo\":{\"@type\":\"ImageObject\",\"inLanguage\":\"sk-SK\",\"@id\":\"https:\/\/www.ayes.cz\/sk\/#\/schema\/logo\/image\/\",\"url\":\"https:\/\/www.ayes.cz\/wp-content\/uploads\/2022\/10\/ayes_logo_bez_pozadi__1_-1.png\",\"contentUrl\":\"https:\/\/www.ayes.cz\/wp-content\/uploads\/2022\/10\/ayes_logo_bez_pozadi__1_-1.png\",\"width\":1148,\"height\":360,\"caption\":\"AYES s.r.o.\"},\"image\":{\"@id\":\"https:\/\/www.ayes.cz\/sk\/#\/schema\/logo\/image\/\"},\"sameAs\":[\"https:\/\/www.facebook.com\/AYEStechnology\/\",\"https:\/\/www.linkedin.com\/company\/ayes3\/\"]}]}<\/script>\n<!-- \/ Yoast SEO plugin. -->","yoast_head_json":{"title":"m\u014dziware c\u0131m\u014d pr\u00edslu\u0161enstvo | AYES","description":"Vyberte si z nab\u00eddky p\u0159\u00edslu\u0161enstv\u00ed pro chytr\u00e9 br\u00fdle m\u014dziware c\u0131m\u014d a zvy\u0161te tak zabezpe\u010den\u00ed nebo roz\u0161i\u0159te vyu\u017eit\u00ed va\u0161eho za\u0159\u00edzen\u00ed.","robots":{"index":"index","follow":"follow","max-snippet":"max-snippet:-1","max-image-preview":"max-image-preview:large","max-video-preview":"max-video-preview:-1"},"canonical":"https:\/\/www.ayes.cz\/sk\/produkty\/moziware-cimo-prislusenstvi\/","og_locale":"sk_SK","og_type":"article","og_title":"m\u014dziware c\u0131m\u014d pr\u00edslu\u0161enstvo | AYES","og_description":"Vyberte si z nab\u00eddky p\u0159\u00edslu\u0161enstv\u00ed pro chytr\u00e9 br\u00fdle m\u014dziware c\u0131m\u014d a zvy\u0161te tak zabezpe\u010den\u00ed nebo roz\u0161i\u0159te vyu\u017eit\u00ed va\u0161eho za\u0159\u00edzen\u00ed.","og_url":"https:\/\/www.ayes.cz\/sk\/produkty\/moziware-cimo-prislusenstvi\/","og_site_name":"AYES","article_publisher":"https:\/\/www.facebook.com\/AYEStechnology\/","article_modified_time":"2024-04-16T08:27:36+00:00","og_image":[{"width":628,"height":628,"url":"https:\/\/www.ayes.cz\/wp-content\/uploads\/2023\/01\/moziware_logo.png","type":"image\/png"}],"twitter_card":"summary_large_image","twitter_misc":{"Predpokladan\u00fd \u010das \u010d\u00edtania":"2 min\u00faty"},"schema":{"@context":"https:\/\/schema.org","@graph":[{"@type":"WebPage","@id":"https:\/\/www.ayes.cz\/sk\/produkty\/moziware-cimo-prislusenstvi\/","url":"https:\/\/www.ayes.cz\/sk\/produkty\/moziware-cimo-prislusenstvi\/","name":"m\u014dziware c\u0131m\u014d pr\u00edslu\u0161enstvo | AYES","isPartOf":{"@id":"https:\/\/www.ayes.cz\/sk\/#website"},"primaryImageOfPage":{"@id":"https:\/\/www.ayes.cz\/sk\/produkty\/moziware-cimo-prislusenstvi\/#primaryimage"},"image":{"@id":"https:\/\/www.ayes.cz\/sk\/produkty\/moziware-cimo-prislusenstvi\/#primaryimage"},"thumbnailUrl":"https:\/\/www.ayes.cz\/wp-content\/uploads\/2023\/01\/moziware_logo.png","datePublished":"2022-12-21T12:07:18+00:00","dateModified":"2024-04-16T08:27:36+00:00","description":"Vyberte si z nab\u00eddky p\u0159\u00edslu\u0161enstv\u00ed pro chytr\u00e9 br\u00fdle m\u014dziware c\u0131m\u014d a zvy\u0161te tak zabezpe\u010den\u00ed nebo roz\u0161i\u0159te vyu\u017eit\u00ed va\u0161eho za\u0159\u00edzen\u00ed.","breadcrumb":{"@id":"https:\/\/www.ayes.cz\/sk\/produkty\/moziware-cimo-prislusenstvi\/#breadcrumb"},"inLanguage":"sk-SK","potentialAction":[{"@type":"ReadAction","target":["https:\/\/www.ayes.cz\/sk\/produkty\/moziware-cimo-prislusenstvi\/"]}]},{"@type":"ImageObject","inLanguage":"sk-SK","@id":"https:\/\/www.ayes.cz\/sk\/produkty\/moziware-cimo-prislusenstvi\/#primaryimage","url":"https:\/\/www.ayes.cz\/wp-content\/uploads\/2023\/01\/moziware_logo.png","contentUrl":"https:\/\/www.ayes.cz\/wp-content\/uploads\/2023\/01\/moziware_logo.png","width":628,"height":628},{"@type":"BreadcrumbList","@id":"https:\/\/www.ayes.cz\/sk\/produkty\/moziware-cimo-prislusenstvi\/#breadcrumb","itemListElement":[{"@type":"ListItem","position":1,"name":"Home","item":"https:\/\/www.ayes.cz\/sk\/"},{"@type":"ListItem","position":2,"name":"Produkty","item":"https:\/\/www.ayes.cz\/sk\/produkty\/"},{"@type":"ListItem","position":3,"name":"m\u014dziware c\u0131m\u014d pr\u00edslu\u0161enstvo"}]},{"@type":"WebSite","@id":"https:\/\/www.ayes.cz\/sk\/#website","url":"https:\/\/www.ayes.cz\/sk\/","name":"AYES","description":"Dal\u0161\u00ed web pou\u017e\u00edvaj\u00edc\u00ed WordPress","publisher":{"@id":"https:\/\/www.ayes.cz\/sk\/#organization"},"potentialAction":[{"@type":"SearchAction","target":{"@type":"EntryPoint","urlTemplate":"https:\/\/www.ayes.cz\/sk\/?s={search_term_string}"},"query-input":{"@type":"PropertyValueSpecification","valueRequired":true,"valueName":"search_term_string"}}],"inLanguage":"sk-SK"},{"@type":"Organization","@id":"https:\/\/www.ayes.cz\/sk\/#organization","name":"AYES s.r.o.","url":"https:\/\/www.ayes.cz\/sk\/","logo":{"@type":"ImageObject","inLanguage":"sk-SK","@id":"https:\/\/www.ayes.cz\/sk\/#\/schema\/logo\/image\/","url":"https:\/\/www.ayes.cz\/wp-content\/uploads\/2022\/10\/ayes_logo_bez_pozadi__1_-1.png","contentUrl":"https:\/\/www.ayes.cz\/wp-content\/uploads\/2022\/10\/ayes_logo_bez_pozadi__1_-1.png","width":1148,"height":360,"caption":"AYES s.r.o."},"image":{"@id":"https:\/\/www.ayes.cz\/sk\/#\/schema\/logo\/image\/"},"sameAs":["https:\/\/www.facebook.com\/AYEStechnology\/","https:\/\/www.linkedin.com\/company\/ayes3\/"]}]}},"_links":{"self":[{"href":"https:\/\/www.ayes.cz\/sk\/wp-json\/wp\/v2\/pages\/5293","targetHints":{"allow":["GET"]}}],"collection":[{"href":"https:\/\/www.ayes.cz\/sk\/wp-json\/wp\/v2\/pages"}],"about":[{"href":"https:\/\/www.ayes.cz\/sk\/wp-json\/wp\/v2\/types\/page"}],"author":[{"embeddable":true,"href":"https:\/\/www.ayes.cz\/sk\/wp-json\/wp\/v2\/users\/2"}],"replies":[{"embeddable":true,"href":"https:\/\/www.ayes.cz\/sk\/wp-json\/wp\/v2\/comments?post=5293"}],"version-history":[{"count":2,"href":"https:\/\/www.ayes.cz\/sk\/wp-json\/wp\/v2\/pages\/5293\/revisions"}],"predecessor-version":[{"id":24993,"href":"https:\/\/www.ayes.cz\/sk\/wp-json\/wp\/v2\/pages\/5293\/revisions\/24993"}],"up":[{"embeddable":true,"href":"https:\/\/www.ayes.cz\/sk\/wp-json\/wp\/v2\/pages\/5086"}],"wp:featuredmedia":[{"embeddable":true,"href":"https:\/\/www.ayes.cz\/sk\/wp-json\/wp\/v2\/media\/2679"}],"wp:attachment":[{"href":"https:\/\/www.ayes.cz\/sk\/wp-json\/wp\/v2\/media?parent=5293"}],"curies":[{"name":"wp","href":"https:\/\/api.w.org\/{rel}","templated":true}]}}