{"id":5294,"date":"2022-12-21T13:10:55","date_gmt":"2022-12-21T12:10:55","guid":{"rendered":"https:\/\/www.ayes.cz\/produkty\/vuzix-prislusenstvi\/"},"modified":"2024-04-16T10:34:02","modified_gmt":"2024-04-16T08:34:02","slug":"vuzix-prislusenstvo","status":"publish","type":"page","link":"https:\/\/www.ayes.cz\/sk\/produkty\/vuzix-prislusenstvo\/","title":{"rendered":"Vuzix pr\u00edslu\u0161enstvo"},"content":{"rendered":"<section class=\"l-section wpb_row height_custom\"><div class=\"l-section-h i-cf\"><div class=\"g-cols vc_row via_flex valign_top type_default stacking_default\"><div class=\"vc_col-sm-12 wpb_column vc_column_container\"><div class=\"vc_column-inner\"><div class=\"wpb_wrapper\"><h1 class=\"w-text us_custom_eb849559\"><span class=\"w-text-h\"><span class=\"w-text-value\">Vuzix pr\u00edslu\u0161enstvo<\/span><\/span><\/h1><div class=\"wpb_text_column\"><div class=\"wpb_wrapper\"><p style=\"text-align: center;\">Vyberte si z ponuky pr\u00edslu\u0161enstva ku smart okuliarom Vuzix, ktor\u00e9 zvy\u0161uje bezpe\u010dnos\u0165 a roz\u0161iruje mo\u017enosti vyu\u017eitia v\u00e1\u0161ho zariadenia.<\/p>\n<\/div><\/div><\/div><\/div><\/div><\/div><\/div><\/section><section class=\"l-section wpb_row us_custom_e343dda7 almost-full-width height_custom\" id=\"ochranne-prepravni-pouzdro\"><div class=\"l-section-h i-cf\"><div class=\"g-cols vc_row via_flex valign_top type_default stacking_default\"><div class=\"vc_col-sm-3\/5 wpb_column vc_column_container\"><div class=\"vc_column-inner\"><div class=\"wpb_wrapper\"><h2 class=\"w-text\"><span class=\"w-text-h\"><span class=\"w-text-value\">Ochrann\u00e9 prepravn\u00e9 puzdro<\/span><\/span><\/h2><div class=\"wpb_text_column\"><div class=\"wpb_wrapper\"><p>Puzdro na zips s vlastnou penovou vlo\u017ekou na bezpe\u010dn\u00e9 ulo\u017eenie smart okuliarov M-Series, bat\u00e9rie M-Series On-Frame a 1 p\u00e1ru r\u00e1mov. Mno\u017estvo vreciek na zips na usporiadanie k\u00e1blov, adapt\u00e9rov a \u010fal\u0161ieho pr\u00edslu\u0161enstva. (Puzdro je s\u00fa\u010das\u0165ou origin\u00e1lnej s\u00fapravy smart okuliarov M-Series).<\/p>\n<\/div><\/div><div class=\"w-separator size_medium\"><\/div><div class=\"w-btn-wrapper align_none\"><a class=\"w-btn us-btn-style_3\" id=\"Ochrann\u00e9 prepravn\u00e9 puzdro\" href=\"#spu-5112\"><span class=\"w-btn-label\">M\u00e1m z\u00e1ujem<\/span><\/a><\/div><\/div><\/div><\/div><div class=\"vc_col-sm-2\/5 wpb_column vc_column_container\"><div class=\"vc_column-inner\"><div class=\"wpb_wrapper\"><div class=\"w-image has_ratio align_none\"><div class=\"w-image-h\"><div style=\"padding-bottom:56.25%\"><\/div><img decoding=\"async\" width=\"960\" height=\"541\" src=\"https:\/\/www.ayes.cz\/wp-content\/uploads\/2023\/01\/Vuzix_Ochranne-prepravni-pouzdro.png\" class=\"attachment-large size-large\" alt=\"\" loading=\"lazy\" \/><\/div><\/div><\/div><\/div><\/div><\/div><\/div><\/section><section class=\"l-section wpb_row us_custom_eeb3f56b height_custom\" id=\"celenka\"><div class=\"l-section-h i-cf\"><div class=\"g-cols vc_row via_flex valign_top type_default reversed stacking_default\"><div class=\"vc_col-sm-2\/5 wpb_column vc_column_container\"><div class=\"vc_column-inner\"><div class=\"wpb_wrapper\"><div class=\"w-image has_ratio align_none\"><div class=\"w-image-h\"><div style=\"padding-bottom:56.25%\"><\/div><img decoding=\"async\" width=\"606\" height=\"340\" src=\"https:\/\/www.ayes.cz\/wp-content\/uploads\/2023\/01\/Vuzix_Celenka-1.png\" class=\"attachment-large size-large\" alt=\"\" loading=\"lazy\" \/><\/div><\/div><\/div><\/div><\/div><div class=\"vc_col-sm-3\/5 wpb_column vc_column_container\"><div class=\"vc_column-inner\"><div class=\"wpb_wrapper\"><h2 class=\"w-text\"><span class=\"w-text-h\"><span class=\"w-text-value\">\u010celenka<\/span><\/span><\/h2><div class=\"wpb_text_column\"><div class=\"wpb_wrapper\"><p>Nastavite\u013en\u00e1 \u010delenka je pohodlne lemovan\u00e1, prisp\u00f4sob\u00ed sa ka\u017edej ve\u013ekosti hlavy a z\u00e1rove\u0148 poskytuje stabiln\u00e9 uchytenie smart okuliarov s\u00e9rie M. Dr\u017eiaky s\u00fa vymenite\u013en\u00e9, tak\u017ee si m\u00f4\u017eete vybra\u0165, \u010di chcete displej umiestni\u0165 na prav\u00e9 alebo \u013eav\u00e9 oko.<\/p>\n<\/div><\/div><div class=\"w-separator size_medium\"><\/div><div class=\"w-btn-wrapper align_none\"><a class=\"w-btn us-btn-style_3\" id=\"\u010celenka\" href=\"#spu-5112\"><span class=\"w-btn-label\">M\u00e1m z\u00e1ujem<\/span><\/a><\/div><\/div><\/div><\/div><\/div><\/div><\/section><section class=\"l-section wpb_row us_custom_e343dda7 almost-full-width height_custom\" id=\"externi-baterie\"><div class=\"l-section-h i-cf\"><div class=\"g-cols vc_row via_flex valign_top type_default stacking_default\"><div class=\"vc_col-sm-3\/5 wpb_column vc_column_container\"><div class=\"vc_column-inner\"><div class=\"wpb_wrapper\"><h2 class=\"w-text\"><span class=\"w-text-h\"><span class=\"w-text-value\">Extern\u00e1 bat\u00e9ria<\/span><\/span><\/h2><div class=\"wpb_text_column\"><div class=\"wpb_wrapper\"><p>Odoln\u00e1 extern\u00e1 bat\u00e9ria s kapacitou 10 050 mAh je navrhnut\u00e1 na 8-10 hod\u00edn pou\u017e\u00edvania na jedno nabitie. M\u00e1 dvojit\u00fd v\u00fdstup USB a 4 LED di\u00f3dy na indik\u00e1ciu stavu nab\u00edjania. S\u00fa\u010das\u0165ou balenia je aj dlh\u00fd k\u00e1bel micro-USB a spona na pripevnenie na opasok alebo remienok.<\/p>\n<\/div><\/div><div class=\"w-separator size_medium\"><\/div><div class=\"w-btn-wrapper align_none\"><a class=\"w-btn us-btn-style_3\" id=\"Extern\u00e1 bat\u00e9ria\" href=\"#spu-5112\"><span class=\"w-btn-label\">M\u00e1m z\u00e1ujem<\/span><\/a><\/div><\/div><\/div><\/div><div class=\"vc_col-sm-2\/5 wpb_column vc_column_container\"><div class=\"vc_column-inner\"><div class=\"wpb_wrapper\"><div class=\"w-image has_ratio align_none\"><div class=\"w-image-h\"><div style=\"padding-bottom:56.25%\"><\/div><img decoding=\"async\" width=\"606\" height=\"340\" src=\"https:\/\/www.ayes.cz\/wp-content\/uploads\/2023\/01\/Vuzix_Externi-baterie-1.png\" class=\"attachment-large size-large\" alt=\"\" loading=\"lazy\" \/><\/div><\/div><\/div><\/div><\/div><\/div><\/div><\/section><section class=\"l-section wpb_row us_custom_eeb3f56b height_custom\" id=\"powerbanka-m400\"><div class=\"l-section-h i-cf\"><div class=\"g-cols vc_row via_flex valign_top type_default reversed stacking_default\"><div class=\"vc_col-sm-2\/5 wpb_column vc_column_container\"><div class=\"vc_column-inner\"><div class=\"wpb_wrapper\"><div class=\"w-image has_ratio align_none\"><div class=\"w-image-h\"><div style=\"padding-bottom:56.25%\"><\/div><img decoding=\"async\" width=\"960\" height=\"541\" src=\"https:\/\/www.ayes.cz\/wp-content\/uploads\/2023\/01\/Vuzix_Powerbanka-M400.png\" class=\"attachment-large size-large\" alt=\"\" loading=\"lazy\" \/><\/div><\/div><\/div><\/div><\/div><div class=\"vc_col-sm-3\/5 wpb_column vc_column_container\"><div class=\"vc_column-inner\"><div class=\"wpb_wrapper\"><h2 class=\"w-text\"><span class=\"w-text-h\"><span class=\"w-text-value\">Powerbanka M400<\/span><\/span><\/h2><div class=\"wpb_text_column\"><div class=\"wpb_wrapper\"><p>Powerbanka M400 je navrhnut\u00e1 \u0161peci\u00e1lne na pou\u017eitie s na\u0161imi smart okuliarmi M400. Jedine\u010dn\u00e1 kon\u0161trukcia Vuzix umo\u017e\u0148uje pou\u017e\u00edvate\u013eom meni\u0165 powerbanku za chodu, \u010do znamen\u00e1, \u017ee pri v\u00fdmene bat\u00e9rie nie je potrebn\u00e9 preru\u0161i\u0165 pr\u00e1cu. S kapacitou 1000 mAh (2-5 hod\u00edn prev\u00e1dzky) a kryt\u00edm IP67 mo\u017eno t\u00fato n\u00e1hradn\u00fa bat\u00e9riu nosi\u0165 so v\u0161etk\u00fdmi variantmi dr\u017eiakov na hlavu radu M.<\/p>\n<\/div><\/div><div class=\"w-separator size_medium\"><\/div><div class=\"w-btn-wrapper align_none\"><a class=\"w-btn us-btn-style_3\" id=\"Powerbanka M400\" href=\"#spu-5112\"><span class=\"w-btn-label\">M\u00e1m z\u00e1ujem<\/span><\/a><\/div><\/div><\/div><\/div><\/div><\/div><\/section><section class=\"l-section wpb_row us_custom_e343dda7 almost-full-width height_custom\" id=\"usb-nabijeci-kabel\"><div class=\"l-section-h i-cf\"><div class=\"g-cols vc_row via_flex valign_top type_default stacking_default\"><div class=\"vc_col-sm-3\/5 wpb_column vc_column_container\"><div class=\"vc_column-inner\"><div class=\"wpb_wrapper\"><h2 class=\"w-text\"><span class=\"w-text-h\"><span class=\"w-text-value\">Nab\u00edjac\u00ed k\u00e1bel USB<\/span><\/span><\/h2><div class=\"wpb_text_column\"><div class=\"wpb_wrapper\"><p>Nab\u00edjac\u00ed k\u00e1bel USB mo\u017eno pripoji\u0165 priamo k bat\u00e9rii bez oh\u013eadu na to, na ktor\u00fa stranu hlavy ho pou\u017e\u00edvate\u013e polo\u017e\u00ed. Tento n\u00e1hradn\u00fd k\u00e1bel sa pou\u017e\u00edva na nab\u00edjanie bat\u00e9rie s\u00e9rie M On-Frame pripojen\u00edm k\u00e1bla USB k po\u010d\u00edta\u010du alebo k be\u017enej sie\u0165ovej nab\u00edja\u010dke (nab\u00edja\u010dka nie je s\u00fa\u010das\u0165ou dod\u00e1vky).<\/p>\n<\/div><\/div><div class=\"w-separator size_medium\"><\/div><div class=\"w-btn-wrapper align_none\"><a class=\"w-btn us-btn-style_3\" id=\"Nab\u00edjac\u00ed k\u00e1bel USB\" href=\"#spu-5112\"><span class=\"w-btn-label\">M\u00e1m z\u00e1ujem<\/span><\/a><\/div><\/div><\/div><\/div><div class=\"vc_col-sm-2\/5 wpb_column vc_column_container\"><div class=\"vc_column-inner\"><div class=\"wpb_wrapper\"><div class=\"w-image has_ratio align_none\"><div class=\"w-image-h\"><div style=\"padding-bottom:56.25%\"><\/div><img decoding=\"async\" width=\"606\" height=\"340\" src=\"https:\/\/www.ayes.cz\/wp-content\/uploads\/2023\/01\/Vuzix_USB-nabijeci-kabel-2.png\" class=\"attachment-full size-full\" alt=\"\" loading=\"lazy\" \/><\/div><\/div><\/div><\/div><\/div><\/div><\/div><\/section><section class=\"l-section wpb_row us_custom_eeb3f56b height_custom\" id=\"klipy-m-series\"><div class=\"l-section-h i-cf\"><div class=\"g-cols vc_row via_flex valign_top type_default reversed stacking_default\"><div class=\"vc_col-sm-2\/5 wpb_column vc_column_container\"><div class=\"vc_column-inner\"><div class=\"wpb_wrapper\"><div class=\"w-image has_ratio align_none\"><div class=\"w-image-h\"><div style=\"padding-bottom:56.25%\"><\/div><img decoding=\"async\" width=\"606\" height=\"340\" src=\"https:\/\/www.ayes.cz\/wp-content\/uploads\/2023\/01\/Vuzix_Klipy-M-Series-na-helmu-nebo-ksiltovku-1.png\" class=\"attachment-large size-large\" alt=\"\" loading=\"lazy\" \/><\/div><\/div><\/div><\/div><\/div><div class=\"vc_col-sm-3\/5 wpb_column vc_column_container\"><div class=\"vc_column-inner\"><div class=\"wpb_wrapper\"><h2 class=\"w-text\"><span class=\"w-text-h\"><span class=\"w-text-value\">Klipy M-Series na helmu alebo \u0161iltovku<\/span><\/span><\/h2><div class=\"wpb_text_column\"><div class=\"wpb_wrapper\"><p>Klipy s\u00fa \u0161peci\u00e1lne navrhnut\u00e9 na pripevnenie smart okuliarov s\u00e9rie M na ochrann\u00fa prilbu alebo v\u00e4\u010d\u0161inu typov bejzbalov\u00fdch \u010diapok. Poskytuj\u00fa stabiln\u00e9 pripevnenie inteligentn\u00fdch okuliarov s\u00e9rie M. Na jednej strane maj\u00fa dr\u017eiak bat\u00e9rie M-Series On-Frame a na druhej strane dr\u017eiak okuliarov Vuzix. Dr\u017eiaky s\u00fa vymenite\u013en\u00e9, \u010do v\u00e1m umo\u017e\u0148uje vybra\u0165 si umiestnenie displeja na pravom alebo \u013eavom oku.<\/p>\n<\/div><\/div><div class=\"w-separator size_medium\"><\/div><div class=\"w-btn-wrapper align_none\"><a class=\"w-btn us-btn-style_3\" id=\"Klipy M-Series na helmu alebo \u0161iltovku\" href=\"#spu-5112\"><span class=\"w-btn-label\">M\u00e1m z\u00e1ujem<\/span><\/a><\/div><\/div><\/div><\/div><\/div><\/div><\/section><section class=\"l-section wpb_row us_custom_e343dda7 almost-full-width height_custom\" id=\"m-series-baterie\"><div class=\"l-section-h i-cf\"><div class=\"g-cols vc_row via_flex valign_top type_default stacking_default\"><div class=\"vc_col-sm-3\/5 wpb_column vc_column_container\"><div class=\"vc_column-inner\"><div class=\"wpb_wrapper\"><h2 class=\"w-text\"><span class=\"w-text-h\"><span class=\"w-text-value\">M-Series On-Frame bat\u00e9ria<\/span><\/span><\/h2><div class=\"wpb_text_column\"><div class=\"wpb_wrapper\"><p>\u0160peci\u00e1lne navrhnut\u00e1 bat\u00e9ria s kapacitou 860 mAh (2-5 hod\u00edn prev\u00e1dzky) sa d\u00e1 pou\u017e\u00edva\u0165 v kombin\u00e1cii so smart okuliarmi s\u00e9rie M. Obsahuje nab\u00edjac\u00ed port micro-USB, tla\u010didlo nap\u00e1jania, tri kontrolky LED indikuj\u00face stav nabitia a vstup USB pre pr\u00edpad potreby pripojenia extern\u00e9ho zariadenia Wi-Fi. Bat\u00e9ria je vymenite\u013en\u00e1 po\u010das plnej prev\u00e1dzky.<\/p>\n<\/div><\/div><div class=\"w-separator size_medium\"><\/div><div class=\"w-btn-wrapper align_none\"><a class=\"w-btn us-btn-style_3\" id=\"M-Series On-Frame bat\u00e9ria\" href=\"#spu-5112\"><span class=\"w-btn-label\">M\u00e1m z\u00e1ujem<\/span><\/a><\/div><\/div><\/div><\/div><div class=\"vc_col-sm-2\/5 wpb_column vc_column_container\"><div class=\"vc_column-inner\"><div class=\"wpb_wrapper\"><div class=\"w-image has_ratio align_none\"><div class=\"w-image-h\"><div style=\"padding-bottom:56.25%\"><\/div><img decoding=\"async\" width=\"960\" height=\"541\" src=\"https:\/\/www.ayes.cz\/wp-content\/uploads\/2023\/01\/Vuzix_M-Series-On-Frame-baterie.png\" class=\"attachment-large size-large\" alt=\"\" loading=\"lazy\" \/><\/div><\/div><\/div><\/div><\/div><\/div><\/div><\/section>\n","protected":false},"excerpt":{"rendered":"Vuzix pr\u00edslu\u0161enstvoVyberte si z ponuky pr\u00edslu\u0161enstva ku smart okuliarom Vuzix, ktor\u00e9 zvy\u0161uje bezpe\u010dnos\u0165 a roz\u0161iruje mo\u017enosti vyu\u017eitia v\u00e1\u0161ho zariadenia. Ochrann\u00e9 prepravn\u00e9 puzdroPuzdro na zips s vlastnou penovou vlo\u017ekou na bezpe\u010dn\u00e9 ulo\u017eenie smart okuliarov M-Series, bat\u00e9rie M-Series On-Frame a 1 p\u00e1ru r\u00e1mov. Mno\u017estvo vreciek na zips na usporiadanie k\u00e1blov, adapt\u00e9rov a \u010fal\u0161ieho pr\u00edslu\u0161enstva. (Puzdro je s\u00fa\u010das\u0165ou...","protected":false},"author":2,"featured_media":2689,"parent":5086,"menu_order":0,"comment_status":"closed","ping_status":"closed","template":"","meta":{"_acf_changed":false,"footnotes":""},"class_list":["post-5294","page","type-page","status-publish","has-post-thumbnail","hentry"],"acf":[],"yoast_head":"<!-- This site is optimized with the Yoast SEO plugin v24.9 - https:\/\/yoast.com\/wordpress\/plugins\/seo\/ -->\n<title>Vuzix pr\u00edslu\u0161enstvo | AYES<\/title>\n<meta name=\"description\" content=\"Vyberte si z nab\u00eddky p\u0159\u00edslu\u0161enstv\u00ed pro chytr\u00e9 br\u00fdle\u00a0Vuzix\u00a0a zvy\u0161te tak zabezpe\u010den\u00ed nebo roz\u0161i\u0159te vyu\u017eit\u00ed va\u0161eho za\u0159\u00edzen\u00ed.\u00a0\" \/>\n<meta name=\"robots\" content=\"index, follow, max-snippet:-1, max-image-preview:large, max-video-preview:-1\" \/>\n<link rel=\"canonical\" href=\"https:\/\/www.ayes.cz\/sk\/produkty\/vuzix-prislusenstvo\/\" \/>\n<meta property=\"og:locale\" content=\"sk_SK\" \/>\n<meta property=\"og:type\" content=\"article\" \/>\n<meta property=\"og:title\" content=\"Vuzix pr\u00edslu\u0161enstvo | AYES\" \/>\n<meta property=\"og:description\" content=\"Vyberte si z nab\u00eddky p\u0159\u00edslu\u0161enstv\u00ed pro chytr\u00e9 br\u00fdle\u00a0Vuzix\u00a0a zvy\u0161te tak zabezpe\u010den\u00ed nebo roz\u0161i\u0159te vyu\u017eit\u00ed va\u0161eho za\u0159\u00edzen\u00ed.\u00a0\" \/>\n<meta property=\"og:url\" content=\"https:\/\/www.ayes.cz\/sk\/produkty\/vuzix-prislusenstvo\/\" \/>\n<meta property=\"og:site_name\" content=\"AYES\" \/>\n<meta property=\"article:publisher\" content=\"https:\/\/www.facebook.com\/AYEStechnology\/\" \/>\n<meta property=\"article:modified_time\" content=\"2024-04-16T08:34:02+00:00\" \/>\n<meta property=\"og:image\" content=\"https:\/\/www.ayes.cz\/wp-content\/uploads\/2023\/01\/vuzix_logo.png\" \/>\n\t<meta property=\"og:image:width\" content=\"496\" \/>\n\t<meta property=\"og:image:height\" content=\"280\" \/>\n\t<meta property=\"og:image:type\" content=\"image\/png\" \/>\n<meta name=\"twitter:card\" content=\"summary_large_image\" \/>\n<meta name=\"twitter:label1\" content=\"Predpokladan\u00fd \u010das \u010d\u00edtania\" \/>\n\t<meta name=\"twitter:data1\" content=\"3 min\u00faty\" \/>\n<script type=\"application\/ld+json\" class=\"yoast-schema-graph\">{\"@context\":\"https:\/\/schema.org\",\"@graph\":[{\"@type\":\"WebPage\",\"@id\":\"https:\/\/www.ayes.cz\/sk\/produkty\/vuzix-prislusenstvo\/\",\"url\":\"https:\/\/www.ayes.cz\/sk\/produkty\/vuzix-prislusenstvo\/\",\"name\":\"Vuzix pr\u00edslu\u0161enstvo | AYES\",\"isPartOf\":{\"@id\":\"https:\/\/www.ayes.cz\/sk\/#website\"},\"primaryImageOfPage\":{\"@id\":\"https:\/\/www.ayes.cz\/sk\/produkty\/vuzix-prislusenstvo\/#primaryimage\"},\"image\":{\"@id\":\"https:\/\/www.ayes.cz\/sk\/produkty\/vuzix-prislusenstvo\/#primaryimage\"},\"thumbnailUrl\":\"https:\/\/www.ayes.cz\/wp-content\/uploads\/2023\/01\/vuzix_logo.png\",\"datePublished\":\"2022-12-21T12:10:55+00:00\",\"dateModified\":\"2024-04-16T08:34:02+00:00\",\"description\":\"Vyberte si z nab\u00eddky p\u0159\u00edslu\u0161enstv\u00ed pro chytr\u00e9 br\u00fdle\u00a0Vuzix\u00a0a zvy\u0161te tak zabezpe\u010den\u00ed nebo roz\u0161i\u0159te vyu\u017eit\u00ed va\u0161eho za\u0159\u00edzen\u00ed.\u00a0\",\"breadcrumb\":{\"@id\":\"https:\/\/www.ayes.cz\/sk\/produkty\/vuzix-prislusenstvo\/#breadcrumb\"},\"inLanguage\":\"sk-SK\",\"potentialAction\":[{\"@type\":\"ReadAction\",\"target\":[\"https:\/\/www.ayes.cz\/sk\/produkty\/vuzix-prislusenstvo\/\"]}]},{\"@type\":\"ImageObject\",\"inLanguage\":\"sk-SK\",\"@id\":\"https:\/\/www.ayes.cz\/sk\/produkty\/vuzix-prislusenstvo\/#primaryimage\",\"url\":\"https:\/\/www.ayes.cz\/wp-content\/uploads\/2023\/01\/vuzix_logo.png\",\"contentUrl\":\"https:\/\/www.ayes.cz\/wp-content\/uploads\/2023\/01\/vuzix_logo.png\",\"width\":496,\"height\":280},{\"@type\":\"BreadcrumbList\",\"@id\":\"https:\/\/www.ayes.cz\/sk\/produkty\/vuzix-prislusenstvo\/#breadcrumb\",\"itemListElement\":[{\"@type\":\"ListItem\",\"position\":1,\"name\":\"Home\",\"item\":\"https:\/\/www.ayes.cz\/sk\/\"},{\"@type\":\"ListItem\",\"position\":2,\"name\":\"Produkty\",\"item\":\"https:\/\/www.ayes.cz\/sk\/produkty\/\"},{\"@type\":\"ListItem\",\"position\":3,\"name\":\"Vuzix pr\u00edslu\u0161enstvo\"}]},{\"@type\":\"WebSite\",\"@id\":\"https:\/\/www.ayes.cz\/sk\/#website\",\"url\":\"https:\/\/www.ayes.cz\/sk\/\",\"name\":\"AYES\",\"description\":\"Dal\u0161\u00ed web pou\u017e\u00edvaj\u00edc\u00ed WordPress\",\"publisher\":{\"@id\":\"https:\/\/www.ayes.cz\/sk\/#organization\"},\"potentialAction\":[{\"@type\":\"SearchAction\",\"target\":{\"@type\":\"EntryPoint\",\"urlTemplate\":\"https:\/\/www.ayes.cz\/sk\/?s={search_term_string}\"},\"query-input\":{\"@type\":\"PropertyValueSpecification\",\"valueRequired\":true,\"valueName\":\"search_term_string\"}}],\"inLanguage\":\"sk-SK\"},{\"@type\":\"Organization\",\"@id\":\"https:\/\/www.ayes.cz\/sk\/#organization\",\"name\":\"AYES s.r.o.\",\"url\":\"https:\/\/www.ayes.cz\/sk\/\",\"logo\":{\"@type\":\"ImageObject\",\"inLanguage\":\"sk-SK\",\"@id\":\"https:\/\/www.ayes.cz\/sk\/#\/schema\/logo\/image\/\",\"url\":\"https:\/\/www.ayes.cz\/wp-content\/uploads\/2022\/10\/ayes_logo_bez_pozadi__1_-1.png\",\"contentUrl\":\"https:\/\/www.ayes.cz\/wp-content\/uploads\/2022\/10\/ayes_logo_bez_pozadi__1_-1.png\",\"width\":1148,\"height\":360,\"caption\":\"AYES s.r.o.\"},\"image\":{\"@id\":\"https:\/\/www.ayes.cz\/sk\/#\/schema\/logo\/image\/\"},\"sameAs\":[\"https:\/\/www.facebook.com\/AYEStechnology\/\",\"https:\/\/www.linkedin.com\/company\/ayes3\/\"]}]}<\/script>\n<!-- \/ Yoast SEO plugin. -->","yoast_head_json":{"title":"Vuzix pr\u00edslu\u0161enstvo | AYES","description":"Vyberte si z nab\u00eddky p\u0159\u00edslu\u0161enstv\u00ed pro chytr\u00e9 br\u00fdle\u00a0Vuzix\u00a0a zvy\u0161te tak zabezpe\u010den\u00ed nebo roz\u0161i\u0159te vyu\u017eit\u00ed va\u0161eho za\u0159\u00edzen\u00ed.\u00a0","robots":{"index":"index","follow":"follow","max-snippet":"max-snippet:-1","max-image-preview":"max-image-preview:large","max-video-preview":"max-video-preview:-1"},"canonical":"https:\/\/www.ayes.cz\/sk\/produkty\/vuzix-prislusenstvo\/","og_locale":"sk_SK","og_type":"article","og_title":"Vuzix pr\u00edslu\u0161enstvo | AYES","og_description":"Vyberte si z nab\u00eddky p\u0159\u00edslu\u0161enstv\u00ed pro chytr\u00e9 br\u00fdle\u00a0Vuzix\u00a0a zvy\u0161te tak zabezpe\u010den\u00ed nebo roz\u0161i\u0159te vyu\u017eit\u00ed va\u0161eho za\u0159\u00edzen\u00ed.\u00a0","og_url":"https:\/\/www.ayes.cz\/sk\/produkty\/vuzix-prislusenstvo\/","og_site_name":"AYES","article_publisher":"https:\/\/www.facebook.com\/AYEStechnology\/","article_modified_time":"2024-04-16T08:34:02+00:00","og_image":[{"width":496,"height":280,"url":"https:\/\/www.ayes.cz\/wp-content\/uploads\/2023\/01\/vuzix_logo.png","type":"image\/png"}],"twitter_card":"summary_large_image","twitter_misc":{"Predpokladan\u00fd \u010das \u010d\u00edtania":"3 min\u00faty"},"schema":{"@context":"https:\/\/schema.org","@graph":[{"@type":"WebPage","@id":"https:\/\/www.ayes.cz\/sk\/produkty\/vuzix-prislusenstvo\/","url":"https:\/\/www.ayes.cz\/sk\/produkty\/vuzix-prislusenstvo\/","name":"Vuzix pr\u00edslu\u0161enstvo | AYES","isPartOf":{"@id":"https:\/\/www.ayes.cz\/sk\/#website"},"primaryImageOfPage":{"@id":"https:\/\/www.ayes.cz\/sk\/produkty\/vuzix-prislusenstvo\/#primaryimage"},"image":{"@id":"https:\/\/www.ayes.cz\/sk\/produkty\/vuzix-prislusenstvo\/#primaryimage"},"thumbnailUrl":"https:\/\/www.ayes.cz\/wp-content\/uploads\/2023\/01\/vuzix_logo.png","datePublished":"2022-12-21T12:10:55+00:00","dateModified":"2024-04-16T08:34:02+00:00","description":"Vyberte si z nab\u00eddky p\u0159\u00edslu\u0161enstv\u00ed pro chytr\u00e9 br\u00fdle\u00a0Vuzix\u00a0a zvy\u0161te tak zabezpe\u010den\u00ed nebo roz\u0161i\u0159te vyu\u017eit\u00ed va\u0161eho za\u0159\u00edzen\u00ed.\u00a0","breadcrumb":{"@id":"https:\/\/www.ayes.cz\/sk\/produkty\/vuzix-prislusenstvo\/#breadcrumb"},"inLanguage":"sk-SK","potentialAction":[{"@type":"ReadAction","target":["https:\/\/www.ayes.cz\/sk\/produkty\/vuzix-prislusenstvo\/"]}]},{"@type":"ImageObject","inLanguage":"sk-SK","@id":"https:\/\/www.ayes.cz\/sk\/produkty\/vuzix-prislusenstvo\/#primaryimage","url":"https:\/\/www.ayes.cz\/wp-content\/uploads\/2023\/01\/vuzix_logo.png","contentUrl":"https:\/\/www.ayes.cz\/wp-content\/uploads\/2023\/01\/vuzix_logo.png","width":496,"height":280},{"@type":"BreadcrumbList","@id":"https:\/\/www.ayes.cz\/sk\/produkty\/vuzix-prislusenstvo\/#breadcrumb","itemListElement":[{"@type":"ListItem","position":1,"name":"Home","item":"https:\/\/www.ayes.cz\/sk\/"},{"@type":"ListItem","position":2,"name":"Produkty","item":"https:\/\/www.ayes.cz\/sk\/produkty\/"},{"@type":"ListItem","position":3,"name":"Vuzix pr\u00edslu\u0161enstvo"}]},{"@type":"WebSite","@id":"https:\/\/www.ayes.cz\/sk\/#website","url":"https:\/\/www.ayes.cz\/sk\/","name":"AYES","description":"Dal\u0161\u00ed web pou\u017e\u00edvaj\u00edc\u00ed WordPress","publisher":{"@id":"https:\/\/www.ayes.cz\/sk\/#organization"},"potentialAction":[{"@type":"SearchAction","target":{"@type":"EntryPoint","urlTemplate":"https:\/\/www.ayes.cz\/sk\/?s={search_term_string}"},"query-input":{"@type":"PropertyValueSpecification","valueRequired":true,"valueName":"search_term_string"}}],"inLanguage":"sk-SK"},{"@type":"Organization","@id":"https:\/\/www.ayes.cz\/sk\/#organization","name":"AYES s.r.o.","url":"https:\/\/www.ayes.cz\/sk\/","logo":{"@type":"ImageObject","inLanguage":"sk-SK","@id":"https:\/\/www.ayes.cz\/sk\/#\/schema\/logo\/image\/","url":"https:\/\/www.ayes.cz\/wp-content\/uploads\/2022\/10\/ayes_logo_bez_pozadi__1_-1.png","contentUrl":"https:\/\/www.ayes.cz\/wp-content\/uploads\/2022\/10\/ayes_logo_bez_pozadi__1_-1.png","width":1148,"height":360,"caption":"AYES s.r.o."},"image":{"@id":"https:\/\/www.ayes.cz\/sk\/#\/schema\/logo\/image\/"},"sameAs":["https:\/\/www.facebook.com\/AYEStechnology\/","https:\/\/www.linkedin.com\/company\/ayes3\/"]}]}},"_links":{"self":[{"href":"https:\/\/www.ayes.cz\/sk\/wp-json\/wp\/v2\/pages\/5294","targetHints":{"allow":["GET"]}}],"collection":[{"href":"https:\/\/www.ayes.cz\/sk\/wp-json\/wp\/v2\/pages"}],"about":[{"href":"https:\/\/www.ayes.cz\/sk\/wp-json\/wp\/v2\/types\/page"}],"author":[{"embeddable":true,"href":"https:\/\/www.ayes.cz\/sk\/wp-json\/wp\/v2\/users\/2"}],"replies":[{"embeddable":true,"href":"https:\/\/www.ayes.cz\/sk\/wp-json\/wp\/v2\/comments?post=5294"}],"version-history":[{"count":5,"href":"https:\/\/www.ayes.cz\/sk\/wp-json\/wp\/v2\/pages\/5294\/revisions"}],"predecessor-version":[{"id":24994,"href":"https:\/\/www.ayes.cz\/sk\/wp-json\/wp\/v2\/pages\/5294\/revisions\/24994"}],"up":[{"embeddable":true,"href":"https:\/\/www.ayes.cz\/sk\/wp-json\/wp\/v2\/pages\/5086"}],"wp:featuredmedia":[{"embeddable":true,"href":"https:\/\/www.ayes.cz\/sk\/wp-json\/wp\/v2\/media\/2689"}],"wp:attachment":[{"href":"https:\/\/www.ayes.cz\/sk\/wp-json\/wp\/v2\/media?parent=5294"}],"curies":[{"name":"wp","href":"https:\/\/api.w.org\/{rel}","templated":true}]}}